{"id":1456,"date":"2016-03-22T01:04:35","date_gmt":"2016-03-22T00:04:35","guid":{"rendered":"\/lyc-luminasophie\/?page_id=1456"},"modified":"2016-03-23T00:07:49","modified_gmt":"2016-03-22T23:07:49","slug":"utiliser-les-dossiers-reseaux","status":"publish","type":"page","link":"https:\/\/site.ac-martinique.fr\/lyc-luminasophie\/?page_id=1456","title":{"rendered":"Utiliser les Dossiers R\u00e9seaux"},"content":{"rendered":"<p>Bonjour,<\/p>\n<p>Cet article a pour but de vous expliquer pas \u00e0 pas les \u00e9tapes afin de pouvoir utiliser Dossiers R\u00e9seaux.<\/p>\n<p><span style=\"color: #ff0000\">Cet article s&rsquo;adresse <strong>UNIQUEMENT<\/strong> au personnel p\u00e9dagogique et administratif du lyc\u00e9e LUMINA SOPHIE.<\/span><\/p>\n<p><em>Malgr\u00e9 la restriction ci dessus , cet article est d&rsquo;ordre g\u00e9n\u00e9ral et s&rsquo;adresse \u00e0 ceux qui utilisent le syst\u00e8me Scribe2.2 sous windows xp ou 7<\/em><\/p>\n<p><!--more--><\/p>\n<p><strong>LES RESSOURCES A VOTRE DISPOSITION<\/strong><\/p>\n<div id=\"attachment_1464\" style=\"width: 557px\" class=\"wp-caption aligncenter\"><a href=\"\/lyc-luminasophie\/wp-content\/uploads\/sites\/42\/2016\/03\/Scribe_tuto_01.png\"><img loading=\"lazy\" decoding=\"async\" aria-describedby=\"caption-attachment-1464\" class=\"size-full wp-image-1464\" src=\"\/lyc-luminasophie\/wp-content\/uploads\/sites\/42\/2016\/03\/Scribe_tuto_01.png\" alt=\"Le Poste de Travail Vu d'un compte professeur\" width=\"547\" height=\"364\" srcset=\"https:\/\/site.ac-martinique.fr\/lyc-luminasophie\/wp-content\/uploads\/sites\/42\/2016\/03\/Scribe_tuto_01.png 547w, https:\/\/site.ac-martinique.fr\/lyc-luminasophie\/wp-content\/uploads\/sites\/42\/2016\/03\/Scribe_tuto_01-300x200.png 300w\" sizes=\"auto, (max-width: 547px) 100vw, 547px\" \/><\/a><p id=\"caption-attachment-1464\" class=\"wp-caption-text\">Le Poste de Travail Vu d&rsquo;un compte professeur<\/p><\/div>\n<p>A votre disposition vous avez plusieurs ressources pour des utilisations bien diff\u00e9rentes:<\/p>\n<ul>\n<li style=\"text-align: justify\"><strong>Disque C :<\/strong> Les professeurs et <span style=\"text-decoration: underline\">uniquement les professeurs<\/span> ont un acc\u00e8s un disque dur principal.Cet acc\u00e8s est limit\u00e9 et non prot\u00e9g\u00e9 , donc il est d\u00e9conseill\u00e9 d&rsquo;utiliser ce lecteur sauf si votre responsable r\u00e9seau vous le demande.<\/li>\n<li style=\"text-align: justify\"><strong>Disque Professeurs P : <\/strong>Dans ce lecteur sont partag\u00e9es des informations uniquement destin\u00e9es aux professeurs. <span style=\"text-decoration: underline\">Seuls les professeurs y ont acc\u00e8s<\/span>, ce qui vous permet de partager facilement des donn\u00e9es entre coll\u00e8gues.<\/li>\n<li style=\"text-align: justify\"><strong>Disque Ic\u00f4nes R :<\/strong> Ce lecteur est visible mais vous ne devez pas et vous ne pouvez pas mettre de donn\u00e9es \u00e0 l\u2019int\u00e9rieur.<\/li>\n<li style=\"text-align: justify\"><strong>Disque Groupe S :<\/strong> Dans un soucis p\u00e9dagogique , les \u00e9l\u00e8ves et les professeurs peuvent appartenir \u00e0 des groupes de travail sur un sujet donn\u00e9. Les groupes peuvent fonctionner par classe , par mati\u00e8re , par sujet. Si vous faites partie d&rsquo;un groupe, vous pouvez acc\u00e9der aux donn\u00e9es gr\u00e2ce \u00e0 ce lecteur qui affichera automatiquement les groupes auquel vous avez acc\u00e8s.<\/li>\n<li style=\"text-align: justify\"><strong>Disque Commun T : <\/strong>Ce lecteur est une zone commune ou vous pouvez partager des informations<\/li>\n<li style=\"text-align: justify\"><strong>Disque Personnel U :<\/strong> Ce lecteur est un espace personnel ,<span style=\"text-decoration: underline;color: #ff0000\"> UNIQUE \u00e0 chaque personne<\/span> dans lequel pour pouvez stocker vos fichiers<\/li>\n<\/ul>\n<p><em>D&rsquo;autres disques peuvent apparaitre selon les postes informatiques , il s&rsquo;agit de disques suppl\u00e9mentaires ou d&rsquo;\u00e9ventuelles cl\u00e9es USB branch\u00e9es au postes informatique. Dans notre exemple , le disque K correspond \u00e0 cette situation.<\/em><\/p>\n<div id=\"attachment_1469\" style=\"width: 533px\" class=\"wp-caption aligncenter\"><a href=\"\/lyc-luminasophie\/wp-content\/uploads\/sites\/42\/2016\/03\/Scribe_tuto_04.png\"><img loading=\"lazy\" decoding=\"async\" aria-describedby=\"caption-attachment-1469\" class=\"size-full wp-image-1469\" src=\"\/lyc-luminasophie\/wp-content\/uploads\/sites\/42\/2016\/03\/Scribe_tuto_04.png\" alt=\"Le m\u00eame poste de travail vu d'un compte eL7VE\" width=\"523\" height=\"292\" srcset=\"https:\/\/site.ac-martinique.fr\/lyc-luminasophie\/wp-content\/uploads\/sites\/42\/2016\/03\/Scribe_tuto_04.png 523w, https:\/\/site.ac-martinique.fr\/lyc-luminasophie\/wp-content\/uploads\/sites\/42\/2016\/03\/Scribe_tuto_04-300x167.png 300w\" sizes=\"auto, (max-width: 523px) 100vw, 523px\" \/><\/a><p id=\"caption-attachment-1469\" class=\"wp-caption-text\">Le m\u00eame poste de travail vu d&rsquo;un compte \u00c9l\u00e8ve<\/p><\/div>\n<p>&nbsp;<\/p>\n<p><strong>COMMENT PARTAGER DES INFORMATIONS<\/strong><\/p>\n<p>Les Professeurs et les \u00c9l\u00e8ves sont grandement encourag\u00e9s \u00e0 utiliser le disque personnel pour stocker leurs informations. L&rsquo;avantage est que vous pouvez stocker des informations dans ce disque et l&rsquo;utiliser sur n&rsquo;importe quel poste \u00e0 travers le lyc\u00e9e.<\/p>\n<p>Le partage d&rsquo;informations se fait normalement gr\u00e2ce au \u00ab\u00a0disque commun\u00a0\u00bb. Les professeurs peuvent mettre des documents dans le disque commun et supprimer des fichiers , mais les \u00e9l\u00e8ves ne peuvent que r\u00e9cup\u00e9rer les fichiers. Ceci permet aux professeurs de d\u00e9poser des fichiers dans la \u00ab\u00a0zone commune\u00a0\u00bb qui peuvent \u00eatre r\u00e9cup\u00e9r\u00e9s par un nombre illimit\u00e9 d&rsquo;\u00e9l\u00e8ves.<\/p>\n<div id=\"attachment_1460\" style=\"width: 787px\" class=\"wp-caption aligncenter\"><a href=\"\/lyc-luminasophie\/wp-content\/uploads\/sites\/42\/2016\/03\/Scribe_tuto_02.png\"><img loading=\"lazy\" decoding=\"async\" aria-describedby=\"caption-attachment-1460\" class=\"wp-image-1460 size-full\" src=\"\/lyc-luminasophie\/wp-content\/uploads\/sites\/42\/2016\/03\/Scribe_tuto_02.png\" alt=\"Scribe_tuto_02\" width=\"777\" height=\"245\" srcset=\"https:\/\/site.ac-martinique.fr\/lyc-luminasophie\/wp-content\/uploads\/sites\/42\/2016\/03\/Scribe_tuto_02.png 777w, https:\/\/site.ac-martinique.fr\/lyc-luminasophie\/wp-content\/uploads\/sites\/42\/2016\/03\/Scribe_tuto_02-300x95.png 300w, https:\/\/site.ac-martinique.fr\/lyc-luminasophie\/wp-content\/uploads\/sites\/42\/2016\/03\/Scribe_tuto_02-730x230.png 730w\" sizes=\"auto, (max-width: 777px) 100vw, 777px\" \/><\/a><p id=\"caption-attachment-1460\" class=\"wp-caption-text\">Le disque Commun vu par tous<\/p><\/div>\n<p>Dans le disque commun , vous retrouvez 3 dossiers : Il est recommand\u00e9 pour les professeurs et les \u00e9l\u00e8ves de travailler dans le dossier \u00ab\u00a0travail\u00a0\u00bb apr\u00e8s avoir pr\u00e9alablement cr\u00e9e un dossier sp\u00e9cifique au travail \u00e0 faire.<\/p>\n<p><strong>R\u00c8GLES G\u00c9N\u00c9RALES DE TRAVAIL<\/strong><\/p>\n<p>Il n&rsquo;est pas possible de travailler sur le bureaux sur les ordinateurs de la zone P\u00e9dagogique, les documents de travail doivent \u00eatre enregistr\u00e9s dans le dossier personnel ou dans \u00ab\u00a0Mes documents\u00a0\u00bb.<\/p>\n<p>Il est donc n\u00e9cessaire que les \u00e9l\u00e8ves ou professeurs fassent une copie du ou des fichiers sur lesquels ils veulent travailler dans leur espace personnel de travail.<\/p>\n<p>Afin de pouvoir d\u00e9placer des fichiers , les \u00e9l\u00e8ves ont acc\u00e8s au menu d&rsquo;organisation:<\/p>\n<div id=\"attachment_1461\" style=\"width: 666px\" class=\"wp-caption aligncenter\"><a href=\"\/lyc-luminasophie\/wp-content\/uploads\/sites\/42\/2016\/03\/Scribe_tuto_03.png\"><img loading=\"lazy\" decoding=\"async\" aria-describedby=\"caption-attachment-1461\" class=\"size-full wp-image-1461\" src=\"\/lyc-luminasophie\/wp-content\/uploads\/sites\/42\/2016\/03\/Scribe_tuto_03.png\" alt=\"Menu d'organisation disponible sur windows 7\" width=\"656\" height=\"387\" srcset=\"https:\/\/site.ac-martinique.fr\/lyc-luminasophie\/wp-content\/uploads\/sites\/42\/2016\/03\/Scribe_tuto_03.png 656w, https:\/\/site.ac-martinique.fr\/lyc-luminasophie\/wp-content\/uploads\/sites\/42\/2016\/03\/Scribe_tuto_03-300x177.png 300w\" sizes=\"auto, (max-width: 656px) 100vw, 656px\" \/><\/a><p id=\"caption-attachment-1461\" class=\"wp-caption-text\">Menu d&rsquo;organisation disponible sur windows 7<\/p><\/div>\n<p>Le menu d&rsquo;organisation donne acc\u00e8s \u00e0 toutes les fonctions d&rsquo;un clic droit pour pouvoir manipuler des fichiers. Un fichier peut donc \u00eatre copi\u00e9 sur une cl\u00e9 USB gr\u00e2ce \u00e0 ce menu.<\/p>\n","protected":false},"excerpt":{"rendered":"<p>Bonjour, Cet article a pour but de vous expliquer pas \u00e0 pas les \u00e9tapes afin de pouvoir utiliser Dossiers R\u00e9seaux. Cet article s&rsquo;adresse UNIQUEMENT au personnel p\u00e9dagogique et administratif du lyc\u00e9e LUMINA SOPHIE. Malgr\u00e9 la restriction ci dessus , cet &hellip; <a href=\"https:\/\/site.ac-martinique.fr\/lyc-luminasophie\/?page_id=1456\">Continuer la lecture <span class=\"meta-nav\">&rarr;<\/span><\/a><\/p>\n","protected":false},"author":220,"featured_media":0,"parent":1319,"menu_order":0,"comment_status":"closed","ping_status":"closed","template":"","meta":{"footnotes":""},"class_list":["post-1456","page","type-page","status-publish","hentry"],"_links":{"self":[{"href":"https:\/\/site.ac-martinique.fr\/lyc-luminasophie\/index.php?rest_route=\/wp\/v2\/pages\/1456","targetHints":{"allow":["GET"]}}],"collection":[{"href":"https:\/\/site.ac-martinique.fr\/lyc-luminasophie\/index.php?rest_route=\/wp\/v2\/pages"}],"about":[{"href":"https:\/\/site.ac-martinique.fr\/lyc-luminasophie\/index.php?rest_route=\/wp\/v2\/types\/page"}],"author":[{"embeddable":true,"href":"https:\/\/site.ac-martinique.fr\/lyc-luminasophie\/index.php?rest_route=\/wp\/v2\/users\/220"}],"replies":[{"embeddable":true,"href":"https:\/\/site.ac-martinique.fr\/lyc-luminasophie\/index.php?rest_route=%2Fwp%2Fv2%2Fcomments&post=1456"}],"version-history":[{"count":10,"href":"https:\/\/site.ac-martinique.fr\/lyc-luminasophie\/index.php?rest_route=\/wp\/v2\/pages\/1456\/revisions"}],"predecessor-version":[{"id":1482,"href":"https:\/\/site.ac-martinique.fr\/lyc-luminasophie\/index.php?rest_route=\/wp\/v2\/pages\/1456\/revisions\/1482"}],"up":[{"embeddable":true,"href":"https:\/\/site.ac-martinique.fr\/lyc-luminasophie\/index.php?rest_route=\/wp\/v2\/pages\/1319"}],"wp:attachment":[{"href":"https:\/\/site.ac-martinique.fr\/lyc-luminasophie\/index.php?rest_route=%2Fwp%2Fv2%2Fmedia&parent=1456"}],"curies":[{"name":"wp","href":"https:\/\/api.w.org\/{rel}","templated":true}]}}