{"id":1479,"date":"2016-03-22T23:59:15","date_gmt":"2016-03-22T22:59:15","guid":{"rendered":"\/lyc-luminasophie\/?page_id=1479"},"modified":"2016-03-23T00:45:57","modified_gmt":"2016-03-22T23:45:57","slug":"renseigner-le-document-dedie-de-mi-semestre-sur-pronote","status":"publish","type":"page","link":"https:\/\/site.ac-martinique.fr\/lyc-luminasophie\/?page_id=1479","title":{"rendered":"Renseigner le document d\u00e9di\u00e9 de mi-semestre sur Pronote"},"content":{"rendered":"<p>Bonjour,<\/p>\n<p>Cet article a pour but de vous expliquer pas \u00e0 pas les \u00e9tapes afin de pouvoir utiliser Pronote 2015 pour saisir le document de bilan mi &#8211; semestre.<\/p>\n<p><span style=\"color: #ff0000\">Cet article s&rsquo;adresse <strong>UNIQUEMENT<\/strong> au personnel p\u00e9dagogique et administratif du lyc\u00e9e LUMINA SOPHIE.<\/span><\/p>\n<p><!--more--><\/p>\n<p>Voici la proc\u00e9dure \u00e0 suivre pour saisir les \u00e9l\u00e9ments d&rsquo;appr\u00e9ciation du travail fourni par un \u00e9l\u00e8ve \u00e0 un stade de l&rsquo;ann\u00e9e.<\/p>\n<p>Il est n\u00e9cessaire de se connecter \u00e0 PRONOTE en mode professeur , pour plus d&rsquo;informations sur la m\u00e9thode pour se connecter \u00e0 PRONOTE , <a href=\"\/lyc-luminasophie\/?page_id=1277\">vous pouvez consulter ce tutorial<\/a><\/p>\n<p>Une fois sur pronote , il convient de se diriger vers l&rsquo;onglet <strong>\u00ab\u00a0Notes\u00a0\u00bb<\/strong> puis dans la section <strong>\u00ab\u00a0Relev\u00e9 de notes\u00a0\u00bb.<\/strong><\/p>\n<p>Une fois dans cette section, il faut choisir <strong>\u00ab\u00a0Consultation et Saisie des appr\u00e9ciations\u00a0\u00bb<\/strong>.<\/p>\n<div id=\"attachment_1483\" style=\"width: 1025px\" class=\"wp-caption aligncenter\"><a href=\"\/lyc-luminasophie\/wp-content\/uploads\/sites\/42\/2016\/03\/Doc-pronote.png\"><img loading=\"lazy\" decoding=\"async\" aria-describedby=\"caption-attachment-1483\" class=\"size-full wp-image-1483\" src=\"\/lyc-luminasophie\/wp-content\/uploads\/sites\/42\/2016\/03\/Doc-pronote.png\" alt=\"Notes \/ Relev\u00e9 de notes\/ Consultation et Saisie des appr\u00e9ciations\" width=\"1015\" height=\"435\" srcset=\"https:\/\/site.ac-martinique.fr\/lyc-luminasophie\/wp-content\/uploads\/sites\/42\/2016\/03\/Doc-pronote.png 1015w, https:\/\/site.ac-martinique.fr\/lyc-luminasophie\/wp-content\/uploads\/sites\/42\/2016\/03\/Doc-pronote-300x129.png 300w, https:\/\/site.ac-martinique.fr\/lyc-luminasophie\/wp-content\/uploads\/sites\/42\/2016\/03\/Doc-pronote-730x313.png 730w\" sizes=\"auto, (max-width: 1015px) 100vw, 1015px\" \/><\/a><p id=\"caption-attachment-1483\" class=\"wp-caption-text\">Notes \/ Relev\u00e9 de notes\/ Consultation et Saisie des appr\u00e9ciations<\/p><\/div>\n<p>Une fois que la classe soit choisie dans le menu de gauche , vous pouvez choisir un des \u00e9l\u00e8ves pour afficher la liste des informations \u00e0 renseigner.<\/p>\n","protected":false},"excerpt":{"rendered":"<p>Bonjour, Cet article a pour but de vous expliquer pas \u00e0 pas les \u00e9tapes afin de pouvoir utiliser Pronote 2015 pour saisir le document de bilan mi &#8211; semestre. Cet article s&rsquo;adresse UNIQUEMENT au personnel p\u00e9dagogique et administratif du lyc\u00e9e &hellip; <a href=\"https:\/\/site.ac-martinique.fr\/lyc-luminasophie\/?page_id=1479\">Continuer la lecture <span class=\"meta-nav\">&rarr;<\/span><\/a><\/p>\n","protected":false},"author":220,"featured_media":0,"parent":1319,"menu_order":0,"comment_status":"closed","ping_status":"closed","template":"","meta":{"footnotes":""},"class_list":["post-1479","page","type-page","status-publish","hentry"],"_links":{"self":[{"href":"https:\/\/site.ac-martinique.fr\/lyc-luminasophie\/index.php?rest_route=\/wp\/v2\/pages\/1479","targetHints":{"allow":["GET"]}}],"collection":[{"href":"https:\/\/site.ac-martinique.fr\/lyc-luminasophie\/index.php?rest_route=\/wp\/v2\/pages"}],"about":[{"href":"https:\/\/site.ac-martinique.fr\/lyc-luminasophie\/index.php?rest_route=\/wp\/v2\/types\/page"}],"author":[{"embeddable":true,"href":"https:\/\/site.ac-martinique.fr\/lyc-luminasophie\/index.php?rest_route=\/wp\/v2\/users\/220"}],"replies":[{"embeddable":true,"href":"https:\/\/site.ac-martinique.fr\/lyc-luminasophie\/index.php?rest_route=%2Fwp%2Fv2%2Fcomments&post=1479"}],"version-history":[{"count":4,"href":"https:\/\/site.ac-martinique.fr\/lyc-luminasophie\/index.php?rest_route=\/wp\/v2\/pages\/1479\/revisions"}],"predecessor-version":[{"id":1485,"href":"https:\/\/site.ac-martinique.fr\/lyc-luminasophie\/index.php?rest_route=\/wp\/v2\/pages\/1479\/revisions\/1485"}],"up":[{"embeddable":true,"href":"https:\/\/site.ac-martinique.fr\/lyc-luminasophie\/index.php?rest_route=\/wp\/v2\/pages\/1319"}],"wp:attachment":[{"href":"https:\/\/site.ac-martinique.fr\/lyc-luminasophie\/index.php?rest_route=%2Fwp%2Fv2%2Fmedia&parent=1479"}],"curies":[{"name":"wp","href":"https:\/\/api.w.org\/{rel}","templated":true}]}}