{"id":1734,"date":"2016-11-09T14:49:47","date_gmt":"2016-11-09T13:49:47","guid":{"rendered":"\/lyc-luminasophie\/?page_id=1734"},"modified":"2017-03-23T16:44:46","modified_gmt":"2017-03-23T15:44:46","slug":"informations-enseignement","status":"publish","type":"page","link":"https:\/\/site.ac-martinique.fr\/lyc-luminasophie\/?page_id=1734","title":{"rendered":"Informations ERASMUS : Enseignement"},"content":{"rendered":"<p><a href=\"\/lyc-luminasophie\/wp-content\/uploads\/sites\/42\/2016\/11\/ECTS-bts.png\"><img loading=\"lazy\" decoding=\"async\" class=\"aligncenter size-full wp-image-1741\" src=\"\/lyc-luminasophie\/wp-content\/uploads\/sites\/42\/2016\/11\/ECTS-bts.png\" alt=\"ects-bts\" width=\"868\" height=\"626\" srcset=\"https:\/\/site.ac-martinique.fr\/lyc-luminasophie\/wp-content\/uploads\/sites\/42\/2016\/11\/ECTS-bts.png 868w, https:\/\/site.ac-martinique.fr\/lyc-luminasophie\/wp-content\/uploads\/sites\/42\/2016\/11\/ECTS-bts-300x216.png 300w, https:\/\/site.ac-martinique.fr\/lyc-luminasophie\/wp-content\/uploads\/sites\/42\/2016\/11\/ECTS-bts-730x526.png 730w\" sizes=\"auto, (max-width: 868px) 100vw, 868px\" \/><\/a><\/p>\n<p>Remarque:<\/p>\n<table>\n<tbody>\n<tr>\n<td style=\"text-align: center\">Le participant en situation de handicap peut b\u00e9n\u00e9ficier d&rsquo;une bourse Erasmus sp\u00e9cifique compl\u00e9mentaire<\/td>\n<\/tr>\n<\/tbody>\n<\/table>\n<p>&nbsp;<\/p>\n<p>Contacter les correspondants Erasmus:<\/p>\n<p>No\u00eblle MARIE-ANNE :<\/p>\n<p>-Mail : Noelle.Marie-Anne@ac-martinique.fr<\/p>\n<p>-Tel : 0696 06 55 68<\/p>\n<p>Joel NUBUL :<\/p>\n<p>&#8211; Mail : Joel.Nubul@ac-martinique.fr<\/p>\n","protected":false},"excerpt":{"rendered":"<p>Remarque: Le participant en situation de handicap peut b\u00e9n\u00e9ficier d&rsquo;une bourse Erasmus sp\u00e9cifique compl\u00e9mentaire &nbsp; Contacter les correspondants Erasmus: No\u00eblle MARIE-ANNE : -Mail : Noelle.Marie-Anne@ac-martinique.fr -Tel : 0696 06 55 68 Joel NUBUL : &#8211; Mail : Joel.Nubul@ac-martinique.fr<\/p>\n","protected":false},"author":220,"featured_media":0,"parent":1371,"menu_order":0,"comment_status":"closed","ping_status":"closed","template":"","meta":{"footnotes":""},"class_list":["post-1734","page","type-page","status-publish","hentry"],"_links":{"self":[{"href":"https:\/\/site.ac-martinique.fr\/lyc-luminasophie\/index.php?rest_route=\/wp\/v2\/pages\/1734","targetHints":{"allow":["GET"]}}],"collection":[{"href":"https:\/\/site.ac-martinique.fr\/lyc-luminasophie\/index.php?rest_route=\/wp\/v2\/pages"}],"about":[{"href":"https:\/\/site.ac-martinique.fr\/lyc-luminasophie\/index.php?rest_route=\/wp\/v2\/types\/page"}],"author":[{"embeddable":true,"href":"https:\/\/site.ac-martinique.fr\/lyc-luminasophie\/index.php?rest_route=\/wp\/v2\/users\/220"}],"replies":[{"embeddable":true,"href":"https:\/\/site.ac-martinique.fr\/lyc-luminasophie\/index.php?rest_route=%2Fwp%2Fv2%2Fcomments&post=1734"}],"version-history":[{"count":7,"href":"https:\/\/site.ac-martinique.fr\/lyc-luminasophie\/index.php?rest_route=\/wp\/v2\/pages\/1734\/revisions"}],"predecessor-version":[{"id":1739,"href":"https:\/\/site.ac-martinique.fr\/lyc-luminasophie\/index.php?rest_route=\/wp\/v2\/pages\/1734\/revisions\/1739"}],"up":[{"embeddable":true,"href":"https:\/\/site.ac-martinique.fr\/lyc-luminasophie\/index.php?rest_route=\/wp\/v2\/pages\/1371"}],"wp:attachment":[{"href":"https:\/\/site.ac-martinique.fr\/lyc-luminasophie\/index.php?rest_route=%2Fwp%2Fv2%2Fmedia&parent=1734"}],"curies":[{"name":"wp","href":"https:\/\/api.w.org\/{rel}","templated":true}]}}