{"id":1882,"date":"2017-09-14T16:33:13","date_gmt":"2017-09-14T15:33:13","guid":{"rendered":"\/lyc-luminasophie\/?page_id=1882"},"modified":"2020-09-17T20:23:13","modified_gmt":"2020-09-17T19:23:13","slug":"pronote-mobile","status":"publish","type":"page","link":"https:\/\/site.ac-martinique.fr\/lyc-luminasophie\/?page_id=1882","title":{"rendered":"Pronote Mobile"},"content":{"rendered":"<p>Pronote Mobile est une application officielle INDEX EDUCATION qui permet aux professeurs, aux parents et aux \u00e9l\u00e8ves d&rsquo;acc\u00e9der \u00e0 leurs information PRONOTE du lyc\u00e9e sur leur smartphone.<\/p>\n<p>L&rsquo;application PRONOTE Mobile permet \u00e9galement de recevoir les notifications de la vie scolaire directement et facilement.<\/p>\n<p><!--more--><\/p>\n<h2><\/h2>\n<h2>Vous connecter \u00e0 PRONOTE MOBILE<\/h2>\n<p>Une fois l&rsquo;application lanc\u00e9e sur votre smartphone, vous devrez rajouter un profil de connexion<\/p>\n<p>Choisissez l&rsquo;option \u00ab\u00a0Flasher un code\u00a0\u00bb puis dirigez la camera de votre smartphone vers les images suivant votre statut:<\/p>\n<h3><\/h3>\n<p>Votre smartphone va reconna\u00eetre l&rsquo;adresse automatiquement et vous connecter \u00e0 la page d\u2019authentification.<\/p>\n<p>Vous devez ensuite saisir vos identifiants PRONOTE ( Identifiant et Mot de passe ) afin de terminer l&rsquo;enregistrement. Ces identifiant vous ont \u00e9t\u00e9 fournis par l\u2019\u00e9tablissement en d\u00e9but d&rsquo;ann\u00e9e scolaire.<\/p>\n","protected":false},"excerpt":{"rendered":"<p>Pronote Mobile est une application officielle INDEX EDUCATION qui permet aux professeurs, aux parents et aux \u00e9l\u00e8ves d&rsquo;acc\u00e9der \u00e0 leurs information PRONOTE du lyc\u00e9e sur leur smartphone. L&rsquo;application PRONOTE Mobile permet \u00e9galement de recevoir les notifications de la vie scolaire &hellip; <a href=\"https:\/\/site.ac-martinique.fr\/lyc-luminasophie\/?page_id=1882\">Continuer la lecture <span class=\"meta-nav\">&rarr;<\/span><\/a><\/p>\n","protected":false},"author":220,"featured_media":0,"parent":1319,"menu_order":0,"comment_status":"closed","ping_status":"closed","template":"","meta":{"footnotes":""},"class_list":["post-1882","page","type-page","status-publish","hentry"],"_links":{"self":[{"href":"https:\/\/site.ac-martinique.fr\/lyc-luminasophie\/index.php?rest_route=\/wp\/v2\/pages\/1882","targetHints":{"allow":["GET"]}}],"collection":[{"href":"https:\/\/site.ac-martinique.fr\/lyc-luminasophie\/index.php?rest_route=\/wp\/v2\/pages"}],"about":[{"href":"https:\/\/site.ac-martinique.fr\/lyc-luminasophie\/index.php?rest_route=\/wp\/v2\/types\/page"}],"author":[{"embeddable":true,"href":"https:\/\/site.ac-martinique.fr\/lyc-luminasophie\/index.php?rest_route=\/wp\/v2\/users\/220"}],"replies":[{"embeddable":true,"href":"https:\/\/site.ac-martinique.fr\/lyc-luminasophie\/index.php?rest_route=%2Fwp%2Fv2%2Fcomments&post=1882"}],"version-history":[{"count":8,"href":"https:\/\/site.ac-martinique.fr\/lyc-luminasophie\/index.php?rest_route=\/wp\/v2\/pages\/1882\/revisions"}],"predecessor-version":[{"id":2500,"href":"https:\/\/site.ac-martinique.fr\/lyc-luminasophie\/index.php?rest_route=\/wp\/v2\/pages\/1882\/revisions\/2500"}],"up":[{"embeddable":true,"href":"https:\/\/site.ac-martinique.fr\/lyc-luminasophie\/index.php?rest_route=\/wp\/v2\/pages\/1319"}],"wp:attachment":[{"href":"https:\/\/site.ac-martinique.fr\/lyc-luminasophie\/index.php?rest_route=%2Fwp%2Fv2%2Fmedia&parent=1882"}],"curies":[{"name":"wp","href":"https:\/\/api.w.org\/{rel}","templated":true}]}}