{"id":2273,"date":"2021-03-15T10:00:46","date_gmt":"2021-03-15T09:00:46","guid":{"rendered":"\/lyc-luminasophie\/?page_id=2273"},"modified":"2023-03-29T17:36:38","modified_gmt":"2023-03-29T16:36:38","slug":"dossier-social-etudiant","status":"publish","type":"page","link":"https:\/\/site.ac-martinique.fr\/lyc-luminasophie\/?page_id=2273","title":{"rendered":"DOSSIER SOCIAL \u00c9TUDIANT"},"content":{"rendered":"\n<div class=\"wp-block-group\"><div class=\"wp-block-group__inner-container is-layout-flow wp-block-group-is-layout-flow\">\n<h1 class=\"has-text-color has-x-large-font-size wp-block-heading\" style=\"color:#c01717\"><span style=\"color: #ff0000;\"><strong>NOTE \u00e0 l\u2019attention des \u00c9l\u00e8ves de Terminale et des \u00c9tudiants de BTS 2023-2024<\/strong><\/span><\/h1>\n\n\n\n<p class=\"has-text-align-center\">&nbsp;<\/p>\n\n\n\n<p class=\"has-text-align-left has-text-color\" style=\"color:#095db0\"><strong>DOSSIER SOCIAL \u00c9TUDIANT&nbsp; (D.S.E) \u2013Proc\u00e9dure en ligne &nbsp;&nbsp;&nbsp;&nbsp;&nbsp;&nbsp;&nbsp;<\/strong><\/p>\n\n\n\n<p class=\"has-text-align-left\"><strong>&nbsp;&nbsp;&nbsp;&nbsp;&nbsp;<\/strong><\/p>\n\n\n\n<p class=\"has-text-color\" style=\"color:#510303\"><strong>1 &#8211; COMMENT FAIRE SA DEMANDE DE BOURSE ET\/OU LOGEMENT :<\/strong><\/p>\n\n\n\n<p><strong>La demande de bourse bas\u00e9e sur les crit\u00e8res sociaux se fait \u00e0 travers une <\/strong><strong>proc\u00e9dure unique appel\u00e9e <\/strong><strong>Dossier Social \u00c9tudiant \u00ab\u00a0(D.S.E.)\u00a0. <\/strong><strong>Elle constitue une aide financi\u00e8re compl\u00e9mentaire \u00e0 celle de la famille. L\u2019\u00e9tudiant peut aussi demander un logement en R\u00e9sidence Universitaire . Cette demande d\u2019inscription se fait<\/strong> <strong>par internet<\/strong> ( N\u2019oubliez pas cr\u00e9ation d\u2019un num\u00e9ro de code \u00e0 8 caract\u00e8res (Majuscule-minuscule-chiffre et caract\u00e8res sp\u00e9ciaux (exemple : +, &#8211; , \/\/ \u2026).<\/p>\n\n\n\n<p class=\"has-text-color\" style=\"color:#510303\"><strong>2 &#8211; POUR FAIRE SA DEMANDE DE BOURSE ET\/OU LOGEMENT: connectez-vous sur<\/strong><\/p>\n\n\n\n<ul class=\"wp-block-list\">\n<li><strong><a rel=\"noopener\" href=\"http:\/\/messervices.etudiant.gouv.fr\" target=\"_blank\">messervices.etudiant.gouv.fr<\/a> \u2013-<\/strong><strong> voir Rubrique \u00ab\u00a0Demande de DSE.\u00a0\u00bb. Il est imp\u00e9ratif de s\u2019inscrire pendant la campagne de bourse, afin d\u2019obtenir une r\u00e9ponse du CROUS dans les meilleurs d\u00e9lais. La campagne de bourse est ouverte du 23 Mars au 15 Mai 2023 (<\/strong>\u00e0 minuit heure de Paris<strong>).<\/strong><\/li>\n\n\n\n<li><strong><a rel=\"noopener\" href=\"http:\/\/trouverunlogement.lescrous.fr\" target=\"_blank\">trouverunlogement.lescrous.fr<\/a>&#8211; <\/strong> <strong>En Cochant la case \u00ab\u00a0J&rsquo;ai l&rsquo;intention de demander un logement\u00a0\u00bb, lors de la saisie, les demandeurs seront destinataires d&rsquo;un courriel les informant de l&rsquo;ouverture de la Centrale logement.<\/strong><\/li>\n<\/ul>\n\n\n\n<p class=\"has-text-color\" style=\"color:#510303\"><strong>3 &#8211; LA PROC\u00c9DURE <\/strong><\/p>\n\n\n\n<p class=\"has-text-color\" style=\"color:#053f9b\"><strong>Avant la<u> saisie compl\u00e8te de votre dossier<\/u>, il faut d\u00e9j\u00e0 scanner les pi\u00e8ces suivantes : l\u2019avis fiscal COMPLET ( Les 2 feuilles ), Votre RIB, CAF Attestation de Paiement, Certificats de scolarit\u00e9 des fr\u00e8res et s\u0153urs .<\/strong><\/p>\n\n\n\n<p>\u2192&nbsp; <strong>inscrire 4 v\u0153ux (\u00e9tablissement)<\/strong><\/p>\n\n\n\n<p><strong>\u2192 <\/strong><strong>\u00e0 la ligne revenu<\/strong> : <strong>Le montant des revenus 2021 figurant sur l\u2019avis fiscal 2022 des 2 parents.<\/strong><\/p>\n\n\n\n<p class=\"has-text-color\" style=\"color:#a60202\">\u2192 <strong>votre RIB personnel, pas celui des parents<\/strong>, <strong>pas de RIB du compte livret A, ni sur NICKEL, car probl\u00e8me de virement, \u00e9viter le changement de RIB \u2026)&nbsp; &nbsp;&nbsp;&nbsp;&nbsp;<\/strong><\/p>\n\n\n\n<p>\u2192 <strong>Pr\u00e9ciser et joindre l&rsquo;attestation de paiement de la CAF, les certificats de scolarit\u00e9 si vos fr\u00e8res et s\u0153urs sont en terminale ou en enseignement sup\u00e9rieur durant l\u2019ann\u00e9e scolaire 2022-2023.<\/strong><\/p>\n\n\n\n<p>\u2192 Ces documents doivent \u00eatre envoy\u00e9s sur le site en pi\u00e8ces jointes<\/p>\n\n\n\n<p>\u2192 v\u00e9rifiez les informations saisies par vos soins (ou les modifier)<\/p>\n\n\n\n<p>\u2192 validez les informations + paiement des frais de <strong>6<\/strong> euros par carte bancaire puis au<strong> dernier \u00e9cran validez &nbsp;votre dossier DSE .<\/strong><\/p>\n\n\n\n<p class=\"has-text-color\" style=\"color:#9c0404\">\u2192 <strong>Apr\u00e8s la saisie, il faut imp\u00e9rativement imprimer votre r\u00e9capitulatif d\u2019inscription ou l\u2019enregistrer sur une cl\u00e9 ou UC &nbsp;.<\/strong><\/p>\n\n\n\n<p class=\"has-text-color\" style=\"color:#510303\"><strong>&nbsp;<\/strong><strong><u>R\u00c9PONSE DU CROUS pour chacun des v\u0153ux demand\u00e9s , la demande de DSE peut \u00eatre accept\u00e9e ou refus\u00e9e <\/u><\/strong><strong><u>: <\/u><\/strong><\/p>\n\n\n\n<ul class=\"wp-block-list\">\n<li><strong><u>Pour la bourse&nbsp;: <\/u><\/strong><\/li>\n<\/ul>\n\n\n\n<p><strong>Le CROUS envoie PAR E-MAIL la NOTIFICATION, qui indique le montant global de la bourse pour l\u2019ann\u00e9e scolaire 2023-2024,<\/strong> cette notification doit \u00eatre imprim\u00e9e et remise au service de la scolarit\u00e9 de l&rsquo;Etablissement (afin d\u2019\u00eatre enregistr\u00e9 pour le paiement de la bourse)\u2013 ou de l\u2019Universit\u00e9 (voir le service administratif + afin d&rsquo;\u00eatre exon\u00e9r\u00e9 des droits universitaires) \u00a0\u2013<\/p>\n\n\n\n<p><strong>Le versement de la bourse est effectu\u00e9 le 5 de chaque mois et n\u2019est pas r\u00e9troactif pour tout dossier d\u00e9pos\u00e9 apr\u00e8s le 31 octobre de l\u2019ann\u00e9e en cours<\/strong><\/p>\n\n\n\n<p><strong>Si un changement FAMILIAL au cours de sa scolarit\u00e9, le futur \u00e9tudiant peut demander une r\u00e9vision du montant de la bourse.<\/strong><\/p>\n\n\n\n<ul class=\"wp-block-list\">\n<li><strong><u>Pour le logement&nbsp;: <\/u><\/strong><\/li>\n<\/ul>\n\n\n\n<p>Proposition de logement (<strong>R\u00e9servation du logement sous 48 heures<\/strong> \u2013 si vous refusez, il faut refaire une nouvelle demande )\u00a0 + Pr\u00e9voir un Garant et Droit de Caution \u00e0 payer (<strong>voir la garantie VISALE.fr<\/strong>)-Aide de la CAF + Assistante Sociale : as972@crous-antillesguyane.fr <\/p>\n\n\n\n<p><strong><u>ATTENTION\u00a0<\/u><\/strong><strong>: ASSIDUITE AUX COURS OBLIGATOIRE SINON \u00a0ARRET DES VERSEMENTS DE LA BOURSE.<\/strong><strong>\u00a0\u00a0\u00a0\u00a0\u00a0\u00a0\u00a0\u00a0\u00a0\u00a0\u00a0 Toute demande de bourse doit \u00eatre saisie pendant la Campagne de BOURSE 2023<\/strong><\/p>\n\n\n\n<p><strong><u>Rappel : S\u00c9CURITE SOCIALE : \u00c9tudiant doit avoir son propre num\u00e9ro de S\u00e9curit\u00e9 Sociale&nbsp; \/CARTE VITALE A SON NOM &#8211; INSCRIPTION sur AMELI<\/u><\/strong><\/p>\n\n\n\n<p class=\"has-text-align-left\"><strong>&nbsp;&nbsp;&nbsp;&nbsp;&nbsp;&nbsp;&nbsp;&nbsp;&nbsp;&nbsp;&nbsp;&nbsp;&nbsp;&nbsp;&nbsp;&nbsp;&nbsp;&nbsp;&nbsp;&nbsp;&nbsp;&nbsp;&nbsp;&nbsp;&nbsp;&nbsp;&nbsp;&nbsp;&nbsp;&nbsp;&nbsp;&nbsp;&nbsp;&nbsp;&nbsp;&nbsp;&nbsp;&nbsp;&nbsp;&nbsp;&nbsp; Pour toute information s&rsquo;adresser \u00e0 l&rsquo;intendance<\/strong><\/p>\n<\/div><\/div>\n","protected":false},"excerpt":{"rendered":"<p>NOTE \u00e0 l\u2019attention des \u00c9l\u00e8ves de Terminale et des \u00c9tudiants de BTS 2023-2024 &nbsp; DOSSIER SOCIAL \u00c9TUDIANT&nbsp; (D.S.E) \u2013Proc\u00e9dure en ligne &nbsp;&nbsp;&nbsp;&nbsp;&nbsp;&nbsp;&nbsp; &nbsp;&nbsp;&nbsp;&nbsp;&nbsp; 1 &#8211; COMMENT FAIRE SA DEMANDE DE BOURSE ET\/OU LOGEMENT : La demande de bourse bas\u00e9e sur &hellip; <a href=\"https:\/\/site.ac-martinique.fr\/lyc-luminasophie\/?page_id=2273\">Continuer la lecture <span class=\"meta-nav\">&rarr;<\/span><\/a><\/p>\n","protected":false},"author":200,"featured_media":0,"parent":0,"menu_order":0,"comment_status":"closed","ping_status":"closed","template":"","meta":{"footnotes":""},"class_list":["post-2273","page","type-page","status-publish","hentry"],"_links":{"self":[{"href":"https:\/\/site.ac-martinique.fr\/lyc-luminasophie\/index.php?rest_route=\/wp\/v2\/pages\/2273","targetHints":{"allow":["GET"]}}],"collection":[{"href":"https:\/\/site.ac-martinique.fr\/lyc-luminasophie\/index.php?rest_route=\/wp\/v2\/pages"}],"about":[{"href":"https:\/\/site.ac-martinique.fr\/lyc-luminasophie\/index.php?rest_route=\/wp\/v2\/types\/page"}],"author":[{"embeddable":true,"href":"https:\/\/site.ac-martinique.fr\/lyc-luminasophie\/index.php?rest_route=\/wp\/v2\/users\/200"}],"replies":[{"embeddable":true,"href":"https:\/\/site.ac-martinique.fr\/lyc-luminasophie\/index.php?rest_route=%2Fwp%2Fv2%2Fcomments&post=2273"}],"version-history":[{"count":21,"href":"https:\/\/site.ac-martinique.fr\/lyc-luminasophie\/index.php?rest_route=\/wp\/v2\/pages\/2273\/revisions"}],"predecessor-version":[{"id":3435,"href":"https:\/\/site.ac-martinique.fr\/lyc-luminasophie\/index.php?rest_route=\/wp\/v2\/pages\/2273\/revisions\/3435"}],"wp:attachment":[{"href":"https:\/\/site.ac-martinique.fr\/lyc-luminasophie\/index.php?rest_route=%2Fwp%2Fv2%2Fmedia&parent=2273"}],"curies":[{"name":"wp","href":"https:\/\/api.w.org\/{rel}","templated":true}]}}