{"id":3352,"date":"2022-12-19T04:10:32","date_gmt":"2022-12-19T03:10:32","guid":{"rendered":"https:\/\/site.ac-martinique.fr\/lyc-luminasophie\/?page_id=3352"},"modified":"2022-12-19T16:44:44","modified_gmt":"2022-12-19T15:44:44","slug":"recuperer-les-manuels-numeriques","status":"publish","type":"page","link":"https:\/\/site.ac-martinique.fr\/lyc-luminasophie\/?page_id=3352","title":{"rendered":"R\u00e9cup\u00e9rer les manuels Num\u00e9riques"},"content":{"rendered":"\n<p>Bonjour,<\/p>\n\n\n\n<p>Cet article a pour but de vous expliquer pas \u00e0 pas les \u00e9tapes afin de pouvoir r\u00e9cup\u00e9rer et acc\u00e9der aux ressources num\u00e9riques tels que les manuels num\u00e9riques qui sont parfois allou\u00e9es aux membres de l&rsquo;\u00e9tablissement tels que les professeurs ou \u00e9l\u00e8ves.<\/p>\n\n\n\n<p class=\"has-text-color\" style=\"color:#ae0a0a\">ATTENTION : Vous devez avoir \u00e0 votre disposition vos identifiants \u00ab\u00a0Educonnect\u00a0\u00bb afin d\u2019acc\u00e9der \u00e0 vos ressources personnelles<\/p>\n\n\n\n<h2 class=\"has-text-align-left has-large-font-size wp-block-heading\">ETAPE 1 : Se connecter \u00e0 l&rsquo;espace Colibri.<\/h2>\n\n\n\n<figure class=\"wp-block-image size-full is-style-tw-rounded-corners\"><a href=\"https:\/\/site.ac-martinique.fr\/lyc-luminasophie\/wp-content\/uploads\/sites\/42\/2022\/12\/001.png\"><img loading=\"lazy\" decoding=\"async\" width=\"554\" height=\"732\" src=\"https:\/\/site.ac-martinique.fr\/lyc-luminasophie\/wp-content\/uploads\/sites\/42\/2022\/12\/001.png\" alt=\"Espace Colibri sur le Site\" class=\"wp-image-3346\" srcset=\"https:\/\/site.ac-martinique.fr\/lyc-luminasophie\/wp-content\/uploads\/sites\/42\/2022\/12\/001.png 554w, https:\/\/site.ac-martinique.fr\/lyc-luminasophie\/wp-content\/uploads\/sites\/42\/2022\/12\/001-227x300.png 227w\" sizes=\"auto, (max-width: 554px) 100vw, 554px\" \/><\/a><figcaption class=\"wp-element-caption\"><strong>Entr\u00e9e de l&rsquo;espace COLIBRI<\/strong><\/figcaption><\/figure>\n\n\n\n<p>L&rsquo;entr\u00e9e de l&rsquo;espace Colibri se trouve sur chaque page du site , sur la colonne de droite , si vous \u00eates connect\u00e9 sur une tablette ou via un smartphone , il se peux que vous deviez scroller la page vers le BAS pour que le logo colibri apparaisse.<\/p>\n\n\n\n<p>Sur la page suivante , vous devez vous connecter via EDUCONNECT : <\/p>\n\n\n\n<figure class=\"wp-block-image size-full\"><a href=\"https:\/\/site.ac-martinique.fr\/lyc-luminasophie\/wp-content\/uploads\/sites\/42\/2022\/12\/002.png\"><img loading=\"lazy\" decoding=\"async\" width=\"1024\" height=\"688\" src=\"https:\/\/site.ac-martinique.fr\/lyc-luminasophie\/wp-content\/uploads\/sites\/42\/2022\/12\/002.png\" alt=\"\" class=\"wp-image-3348\" srcset=\"https:\/\/site.ac-martinique.fr\/lyc-luminasophie\/wp-content\/uploads\/sites\/42\/2022\/12\/002.png 1024w, https:\/\/site.ac-martinique.fr\/lyc-luminasophie\/wp-content\/uploads\/sites\/42\/2022\/12\/002-300x202.png 300w, https:\/\/site.ac-martinique.fr\/lyc-luminasophie\/wp-content\/uploads\/sites\/42\/2022\/12\/002-768x516.png 768w\" sizes=\"auto, (max-width: 1024px) 100vw, 1024px\" \/><\/a><\/figure>\n\n\n\n<p>Sur la page suivante , suivez la proc\u00e9dure EDUCONNECT et saisissez vos identifiants pour vous connecter <\/p>\n\n\n\n<h2 class=\"has-large-font-size wp-block-heading\">ETAPE 2 : Joindre le M\u00e9dia centre.<\/h2>\n\n\n\n<figure class=\"wp-block-image size-large\"><a href=\"https:\/\/site.ac-martinique.fr\/lyc-luminasophie\/wp-content\/uploads\/sites\/42\/2022\/12\/003.png\"><img loading=\"lazy\" decoding=\"async\" width=\"1024\" height=\"365\" src=\"https:\/\/site.ac-martinique.fr\/lyc-luminasophie\/wp-content\/uploads\/sites\/42\/2022\/12\/003-1024x365.png\" alt=\"\" class=\"wp-image-3349\" srcset=\"https:\/\/site.ac-martinique.fr\/lyc-luminasophie\/wp-content\/uploads\/sites\/42\/2022\/12\/003-1024x365.png 1024w, https:\/\/site.ac-martinique.fr\/lyc-luminasophie\/wp-content\/uploads\/sites\/42\/2022\/12\/003-300x107.png 300w, https:\/\/site.ac-martinique.fr\/lyc-luminasophie\/wp-content\/uploads\/sites\/42\/2022\/12\/003-768x274.png 768w, https:\/\/site.ac-martinique.fr\/lyc-luminasophie\/wp-content\/uploads\/sites\/42\/2022\/12\/003-1536x547.png 1536w, https:\/\/site.ac-martinique.fr\/lyc-luminasophie\/wp-content\/uploads\/sites\/42\/2022\/12\/003.png 1788w\" sizes=\"auto, (max-width: 1024px) 100vw, 1024px\" \/><\/a><figcaption class=\"wp-element-caption\">Cliquez d&rsquo;abord sur les 9 cubes en haut de la page (1)<br>Puis choisissez \u00ab\u00a0Plus\u00a0\u00bb pour afficher l&rsquo;ensemble de vos applications. (2)<\/figcaption><\/figure>\n\n\n\n<p>Dans le menu du haut , \u00e0 cot\u00e9 de l\u2019ic\u00f4ne de messagerie se trouve une ic\u00f4ne repr\u00e9sentant 9 cubes , vous pouvez soit double cliquer sur cette ic\u00f4ne (1) ou faire un clic simple et choisir \u00ab\u00a0Plus\u00a0\u00bb pour afficher l&rsquo;ensemble de vos applications (2)<\/p>\n\n\n\n<figure class=\"wp-block-image size-large\"><a href=\"https:\/\/site.ac-martinique.fr\/lyc-luminasophie\/wp-content\/uploads\/sites\/42\/2022\/12\/004.png\"><img loading=\"lazy\" decoding=\"async\" width=\"1024\" height=\"414\" src=\"https:\/\/site.ac-martinique.fr\/lyc-luminasophie\/wp-content\/uploads\/sites\/42\/2022\/12\/004-1024x414.png\" alt=\"\" class=\"wp-image-3350\" srcset=\"https:\/\/site.ac-martinique.fr\/lyc-luminasophie\/wp-content\/uploads\/sites\/42\/2022\/12\/004-1024x414.png 1024w, https:\/\/site.ac-martinique.fr\/lyc-luminasophie\/wp-content\/uploads\/sites\/42\/2022\/12\/004-300x121.png 300w, https:\/\/site.ac-martinique.fr\/lyc-luminasophie\/wp-content\/uploads\/sites\/42\/2022\/12\/004-768x310.png 768w, https:\/\/site.ac-martinique.fr\/lyc-luminasophie\/wp-content\/uploads\/sites\/42\/2022\/12\/004-1536x621.png 1536w, https:\/\/site.ac-martinique.fr\/lyc-luminasophie\/wp-content\/uploads\/sites\/42\/2022\/12\/004.png 1687w\" sizes=\"auto, (max-width: 1024px) 100vw, 1024px\" \/><\/a><figcaption class=\"wp-element-caption\">Vos ressources sont dans la M\u00e9diacentre GAR<\/figcaption><\/figure>\n\n\n\n<p>Dans la liste de vos applications , vos manuels num\u00e9riques et toutes vos ressources p\u00e9dagogiques num\u00e9riques se trouvent dans la M\u00e9diacentre GAR<\/p>\n\n\n\n<p>Il suffit ensuite de choisir un manuel pour \u00eatre redirig\u00e9 automatiquement vers le site de l&rsquo;\u00e9diteur du manuel . Une fois le manuel charg\u00e9 sur votre Tablette ou votre PC dans votre navigateur internet , vous avez la possibilit\u00e9 de t\u00e9l\u00e9charger le manuel directement ou rendre le manuel hors ligne selon les \u00e9diteurs.<br><\/p>\n\n\n\n<figure class=\"wp-block-image size-large\"><a href=\"https:\/\/site.ac-martinique.fr\/lyc-luminasophie\/wp-content\/uploads\/sites\/42\/2022\/12\/005.png\"><img loading=\"lazy\" decoding=\"async\" width=\"1024\" height=\"63\" src=\"https:\/\/site.ac-martinique.fr\/lyc-luminasophie\/wp-content\/uploads\/sites\/42\/2022\/12\/005-1024x63.png\" alt=\"\" class=\"wp-image-3351\" srcset=\"https:\/\/site.ac-martinique.fr\/lyc-luminasophie\/wp-content\/uploads\/sites\/42\/2022\/12\/005-1024x63.png 1024w, https:\/\/site.ac-martinique.fr\/lyc-luminasophie\/wp-content\/uploads\/sites\/42\/2022\/12\/005-300x18.png 300w, https:\/\/site.ac-martinique.fr\/lyc-luminasophie\/wp-content\/uploads\/sites\/42\/2022\/12\/005-768x47.png 768w, https:\/\/site.ac-martinique.fr\/lyc-luminasophie\/wp-content\/uploads\/sites\/42\/2022\/12\/005-1536x94.png 1536w, https:\/\/site.ac-martinique.fr\/lyc-luminasophie\/wp-content\/uploads\/sites\/42\/2022\/12\/005.png 1555w\" sizes=\"auto, (max-width: 1024px) 100vw, 1024px\" \/><\/a><\/figure>\n\n\n\n<p>Si vous n&rsquo;arrivez pas \u00e0 trouver un manuel sp\u00e9cifique dans votre liste , n&rsquo;oubliez pas que vous pouvez saisir le nom du manuel dans la barre de recherche situ\u00e9e en haut de la page <\/p>\n","protected":false},"excerpt":{"rendered":"<p>Bonjour, Cet article a pour but de vous expliquer pas \u00e0 pas les \u00e9tapes afin de pouvoir r\u00e9cup\u00e9rer et acc\u00e9der aux ressources num\u00e9riques tels que les manuels num\u00e9riques qui sont parfois allou\u00e9es aux membres de l&rsquo;\u00e9tablissement tels que les professeurs &hellip; <a href=\"https:\/\/site.ac-martinique.fr\/lyc-luminasophie\/?page_id=3352\">Continuer la lecture <span class=\"meta-nav\">&rarr;<\/span><\/a><\/p>\n","protected":false},"author":220,"featured_media":0,"parent":0,"menu_order":0,"comment_status":"closed","ping_status":"closed","template":"","meta":{"footnotes":""},"class_list":["post-3352","page","type-page","status-publish","hentry"],"_links":{"self":[{"href":"https:\/\/site.ac-martinique.fr\/lyc-luminasophie\/index.php?rest_route=\/wp\/v2\/pages\/3352","targetHints":{"allow":["GET"]}}],"collection":[{"href":"https:\/\/site.ac-martinique.fr\/lyc-luminasophie\/index.php?rest_route=\/wp\/v2\/pages"}],"about":[{"href":"https:\/\/site.ac-martinique.fr\/lyc-luminasophie\/index.php?rest_route=\/wp\/v2\/types\/page"}],"author":[{"embeddable":true,"href":"https:\/\/site.ac-martinique.fr\/lyc-luminasophie\/index.php?rest_route=\/wp\/v2\/users\/220"}],"replies":[{"embeddable":true,"href":"https:\/\/site.ac-martinique.fr\/lyc-luminasophie\/index.php?rest_route=%2Fwp%2Fv2%2Fcomments&post=3352"}],"version-history":[{"count":8,"href":"https:\/\/site.ac-martinique.fr\/lyc-luminasophie\/index.php?rest_route=\/wp\/v2\/pages\/3352\/revisions"}],"predecessor-version":[{"id":3362,"href":"https:\/\/site.ac-martinique.fr\/lyc-luminasophie\/index.php?rest_route=\/wp\/v2\/pages\/3352\/revisions\/3362"}],"wp:attachment":[{"href":"https:\/\/site.ac-martinique.fr\/lyc-luminasophie\/index.php?rest_route=%2Fwp%2Fv2%2Fmedia&parent=3352"}],"curies":[{"name":"wp","href":"https:\/\/api.w.org\/{rel}","templated":true}]}}