{"id":3578,"date":"2024-05-06T11:21:03","date_gmt":"2024-05-06T10:21:03","guid":{"rendered":"https:\/\/site.ac-martinique.fr\/lyc-luminasophie\/?page_id=3578"},"modified":"2024-05-06T11:21:03","modified_gmt":"2024-05-06T10:21:03","slug":"referents-lumina-sophie","status":"publish","type":"page","link":"https:\/\/site.ac-martinique.fr\/lyc-luminasophie\/?page_id=3578","title":{"rendered":"Referents Lumina Sophie"},"content":{"rendered":"\n<figure class=\"wp-block-image size-full is-resized\"><a href=\"https:\/\/site.ac-martinique.fr\/lyc-luminasophie\/wp-content\/uploads\/sites\/42\/2013\/12\/lls-logo.png\"><img loading=\"lazy\" decoding=\"async\" width=\"390\" height=\"407\" src=\"https:\/\/site.ac-martinique.fr\/lyc-luminasophie\/wp-content\/uploads\/sites\/42\/2013\/12\/lls-logo.png\" alt=\"\" class=\"wp-image-30\" style=\"width:100px;height:auto\" srcset=\"https:\/\/site.ac-martinique.fr\/lyc-luminasophie\/wp-content\/uploads\/sites\/42\/2013\/12\/lls-logo.png 390w, https:\/\/site.ac-martinique.fr\/lyc-luminasophie\/wp-content\/uploads\/sites\/42\/2013\/12\/lls-logo-287x300.png 287w\" sizes=\"auto, (max-width: 390px) 100vw, 390px\" \/><\/a><\/figure>\n\n\n\n<p class=\"has-text-align-center\"><strong>Ann\u00e9e Scolaire 2023-2024<\/strong><\/p>\n\n\n\n<figure class=\"wp-block-table is-style-stripes\"><table><tbody><tr><td class=\"has-text-align-left\" data-align=\"left\"><strong>R\u00e9f\u00e9rent<\/strong><\/td><td class=\"has-text-align-center\" data-align=\"center\"><strong>Nom Pr\u00e9nom<\/strong><\/td><\/tr><tr><td class=\"has-text-align-left\" data-align=\"left\">R\u00e9f\u00e9rent s\u00e9curit\u00e9 routi\u00e8re<\/td><td class=\"has-text-align-center\" data-align=\"center\">BACOUL Carine<\/td><\/tr><tr><td class=\"has-text-align-left\" data-align=\"left\">R\u00e9f\u00e9rent harc\u00e8lement<\/td><td class=\"has-text-align-center\" data-align=\"center\">BACOUL Carine<\/td><\/tr><tr><td class=\"has-text-align-left\" data-align=\"left\">R\u00e9f\u00e9rent parcours de sant\u00e9<\/td><td class=\"has-text-align-center\" data-align=\"center\">LAVRIL Vanessa<\/td><\/tr><tr><td class=\"has-text-align-left\" data-align=\"left\">R\u00e9f\u00e9rent valeurs de la R\u00e9publique<\/td><td class=\"has-text-align-center\" data-align=\"center\">&#8212;&#8212;-<\/td><\/tr><tr><td class=\"has-text-align-left\" data-align=\"left\">R\u00e9f\u00e9rent \u00e9galit\u00e9 filles-gar\u00e7ons<\/td><td class=\"has-text-align-center\" data-align=\"center\">DISY Arlette<\/td><\/tr><tr><td class=\"has-text-align-left\" data-align=\"left\">R\u00e9f\u00e9rent parcours citoyen<\/td><td class=\"has-text-align-center\" data-align=\"center\">&#8212;&#8212;&#8211;<\/td><\/tr><tr><td class=\"has-text-align-left\" data-align=\"left\">Correspondant risques majeurs<\/td><td class=\"has-text-align-center\" data-align=\"center\">FAUVE-SABLON Ga\u00eblle<\/td><\/tr><tr><td class=\"has-text-align-left\" data-align=\"left\">Assistant de pr\u00e9vention<\/td><td class=\"has-text-align-center\" data-align=\"center\">FAUVE-SABLON Ga\u00eblle<\/td><\/tr><tr><td class=\"has-text-align-left\" data-align=\"left\">R\u00e9f\u00e9rent Expression Orale Libre (EOL)<\/td><td class=\"has-text-align-center\" data-align=\"center\">FAUVE-SABLON Ga\u00eblle<\/td><\/tr><tr><td class=\"has-text-align-left\" data-align=\"left\">R\u00e9f\u00e9rent d\u00e9crochage scolaire<\/td><td class=\"has-text-align-center\" data-align=\"center\">EUDORCAIT Ga\u00eblle<\/td><\/tr><tr><td class=\"has-text-align-left\" data-align=\"left\">R\u00e9f\u00e9rent vie lyc\u00e9enne<\/td><td class=\"has-text-align-center\" data-align=\"center\">EUDORCAIT Ga\u00eblle<\/td><\/tr><tr><td class=\"has-text-align-left\" data-align=\"left\">R\u00e9f\u00e9rent parentalit\u00e9<\/td><td class=\"has-text-align-center\" data-align=\"center\">EUDORCAIT Ga\u00eblle<\/td><\/tr><tr><td class=\"has-text-align-left\" data-align=\"left\">R\u00e9f\u00e9rent culture<\/td><td class=\"has-text-align-center\" data-align=\"center\">BRAFINE Patricia<\/td><\/tr><tr><td class=\"has-text-align-left\" data-align=\"left\">R\u00e9f\u00e9rent parcours d&rsquo;\u00e9ducation artistique et culturelle<\/td><td class=\"has-text-align-center\" data-align=\"center\">BRAFINE Patricia<\/td><\/tr><tr><td class=\"has-text-align-left\" data-align=\"left\">RRUPN &#8211; R\u00e9f\u00e9rent num\u00e9rique<\/td><td class=\"has-text-align-center\" data-align=\"center\">PLACIDE Richard<\/td><\/tr><tr><td class=\"has-text-align-left\" data-align=\"left\">R\u00e9f\u00e9rent \u00e9cole-entreprise<\/td><td class=\"has-text-align-center\" data-align=\"center\">HIERSO Nadine<\/td><\/tr><tr><td class=\"has-text-align-left\" data-align=\"left\">R\u00e9f\u00e9rent pour l&rsquo;action europ\u00e9enne et internationale<\/td><td class=\"has-text-align-center\" data-align=\"center\">VERGE-DEPRE Florence<br>CAYOL Emilie<\/td><\/tr><tr><td class=\"has-text-align-left\" data-align=\"left\">R\u00e9f\u00e9rent parcours avenir<\/td><td class=\"has-text-align-center\" data-align=\"center\">&#8212;&#8212;&#8211;<\/td><\/tr><tr><td class=\"has-text-align-left\" data-align=\"left\">R\u00e9f\u00e9rent Fond innovation p\u00e9dagogique<\/td><td class=\"has-text-align-center\" data-align=\"center\">LASIMANT Andy<\/td><\/tr><tr><td class=\"has-text-align-left\" data-align=\"left\">R\u00e9f\u00e9rent EDD<\/td><td class=\"has-text-align-center\" data-align=\"center\">NADEAU Maud<br>MARC Tania<br>BOURGADE Karine<\/td><\/tr><\/tbody><\/table><figcaption class=\"wp-element-caption\">Tableau R\u00e9ferents LP LUMINA SOPHIE 2023-2024<\/figcaption><\/figure>\n","protected":false},"excerpt":{"rendered":"<p>Ann\u00e9e Scolaire 2023-2024 R\u00e9f\u00e9rent Nom Pr\u00e9nom R\u00e9f\u00e9rent s\u00e9curit\u00e9 routi\u00e8re BACOUL Carine R\u00e9f\u00e9rent harc\u00e8lement BACOUL Carine R\u00e9f\u00e9rent parcours de sant\u00e9 LAVRIL Vanessa R\u00e9f\u00e9rent valeurs de la R\u00e9publique &#8212;&#8212;- R\u00e9f\u00e9rent \u00e9galit\u00e9 filles-gar\u00e7ons DISY Arlette R\u00e9f\u00e9rent parcours citoyen &#8212;&#8212;&#8211; Correspondant risques majeurs FAUVE-SABLON &hellip; <a href=\"https:\/\/site.ac-martinique.fr\/lyc-luminasophie\/?page_id=3578\">Continuer la lecture <span class=\"meta-nav\">&rarr;<\/span><\/a><\/p>\n","protected":false},"author":220,"featured_media":0,"parent":0,"menu_order":0,"comment_status":"closed","ping_status":"closed","template":"","meta":{"footnotes":""},"class_list":["post-3578","page","type-page","status-publish","hentry"],"_links":{"self":[{"href":"https:\/\/site.ac-martinique.fr\/lyc-luminasophie\/index.php?rest_route=\/wp\/v2\/pages\/3578","targetHints":{"allow":["GET"]}}],"collection":[{"href":"https:\/\/site.ac-martinique.fr\/lyc-luminasophie\/index.php?rest_route=\/wp\/v2\/pages"}],"about":[{"href":"https:\/\/site.ac-martinique.fr\/lyc-luminasophie\/index.php?rest_route=\/wp\/v2\/types\/page"}],"author":[{"embeddable":true,"href":"https:\/\/site.ac-martinique.fr\/lyc-luminasophie\/index.php?rest_route=\/wp\/v2\/users\/220"}],"replies":[{"embeddable":true,"href":"https:\/\/site.ac-martinique.fr\/lyc-luminasophie\/index.php?rest_route=%2Fwp%2Fv2%2Fcomments&post=3578"}],"version-history":[{"count":1,"href":"https:\/\/site.ac-martinique.fr\/lyc-luminasophie\/index.php?rest_route=\/wp\/v2\/pages\/3578\/revisions"}],"predecessor-version":[{"id":3579,"href":"https:\/\/site.ac-martinique.fr\/lyc-luminasophie\/index.php?rest_route=\/wp\/v2\/pages\/3578\/revisions\/3579"}],"wp:attachment":[{"href":"https:\/\/site.ac-martinique.fr\/lyc-luminasophie\/index.php?rest_route=%2Fwp%2Fv2%2Fmedia&parent=3578"}],"curies":[{"name":"wp","href":"https:\/\/api.w.org\/{rel}","templated":true}]}}