{"id":3684,"date":"2024-06-10T17:25:51","date_gmt":"2024-06-10T16:25:51","guid":{"rendered":"https:\/\/site.ac-martinique.fr\/lyc-luminasophie\/?page_id=3684"},"modified":"2024-06-10T17:25:51","modified_gmt":"2024-06-10T16:25:51","slug":"retrospective-2023-2024","status":"publish","type":"page","link":"https:\/\/site.ac-martinique.fr\/lyc-luminasophie\/?page_id=3684","title":{"rendered":"R\u00e9trospective 2023-2024"},"content":{"rendered":"\n<p id=\"block-680419cc-9500-40d5-84c3-b5723145dcb3\">Les \u00e9quipes p\u00e9dagogiques du LP Lumina Sophie ont r\u00e9alis\u00e9 de nombreux \u00e9v\u00e8nements durant cette ann\u00e9e 2023-2024. Nous vous invitons \u00e0 la d\u00e9couvrir via cette s\u00e9rie d&rsquo;articles \u00ab\u00a0R\u00e9trospective 2023-2024\u00a0\u00bb disponible durant le moi de mai et juin 2024.<\/p>\n\n\n\n<p>SEPTEMBRE<\/p>\n\n\n\n<p class=\"has-text-align-center\"><a href=\"https:\/\/site.ac-martinique.fr\/lyc-luminasophie\/?p=3612\">Journ\u00e9e de coh\u00e9sion &#8211; Partie 1<\/a><\/p>\n\n\n\n<p class=\"has-text-align-center\"><a href=\"https:\/\/site.ac-martinique.fr\/lyc-luminasophie\/?p=3620\">Journ\u00e9e de coh\u00e9sion &#8211; Partie 2<\/a><\/p>\n\n\n\n<p class=\"has-text-align-center\"><a href=\"https:\/\/site.ac-martinique.fr\/lyc-luminasophie\/?p=3627\">Journ\u00e9e de coh\u00e9sion &#8211; Partie 3<\/a><\/p>\n\n\n\n<p>OCTOBRE<\/p>\n\n\n\n<p class=\"has-text-align-center\"><a href=\"https:\/\/site.ac-martinique.fr\/lyc-luminasophie\/?p=3587\" data-type=\"link\" data-id=\"https:\/\/site.ac-martinique.fr\/lyc-luminasophie\/?p=3587\">Op\u00e9ration Pays-Propre<\/a><\/p>\n\n\n\n<p>NOVEMBRE<\/p>\n\n\n\n<p class=\"has-text-align-center\"><a href=\"https:\/\/site.ac-martinique.fr\/lyc-luminasophie\/?p=3594\">Journ\u00e9e de l&rsquo;audiovisuel<\/a><\/p>\n\n\n\n<p>DECEMBRE<\/p>\n\n\n\n<p class=\"has-text-align-center\"><a href=\"https:\/\/site.ac-martinique.fr\/lyc-luminasophie\/?p=3550\" data-type=\"link\" data-id=\"https:\/\/site.ac-martinique.fr\/lyc-luminasophie\/?p=3550\">Chef d&rsquo;oeuvre TMCVA<\/a><\/p>\n\n\n\n<p>JANVIER<\/p>\n\n\n\n<p class=\"has-text-align-center\"><a href=\"https:\/\/site.ac-martinique.fr\/lyc-luminasophie\/?p=3556\">S\u00e9minaire DIGITALISATION <strong>BTS MCO<\/strong> <\/a><\/p>\n\n\n\n<p>FEVRIER<\/p>\n\n\n\n<p class=\"has-text-align-center\"><a href=\"https:\/\/site.ac-martinique.fr\/lyc-luminasophie\/?p=3652\">Animation de l&rsquo;\u00e9picerie Sociale<\/a><\/p>\n\n\n\n<p>MARS<\/p>\n\n\n\n<p class=\"has-text-align-center\"><a href=\"https:\/\/site.ac-martinique.fr\/lyc-luminasophie\/?p=3568\">Journ\u00e9es UNSS Athl\u00e9tisme<\/a><\/p>\n\n\n\n<p class=\"has-text-align-center\"><a href=\"https:\/\/site.ac-martinique.fr\/lyc-luminasophie\/?p=3636\">Op\u00e9ration Pays-Propre<\/a><\/p>\n\n\n\n<p>AVRIL<\/p>\n\n\n\n<p class=\"has-text-align-center\"><a href=\"https:\/\/site.ac-martinique.fr\/lyc-luminasophie\/?p=3610\">Challenge National Lyc\u00e9es Jeunes Officiels UNSS\/MAIF<\/a><\/p>\n\n\n\n<p>MAI<\/p>\n\n\n\n<p><\/p>\n","protected":false},"excerpt":{"rendered":"<p>Les \u00e9quipes p\u00e9dagogiques du LP Lumina Sophie ont r\u00e9alis\u00e9 de nombreux \u00e9v\u00e8nements durant cette ann\u00e9e 2023-2024. Nous vous invitons \u00e0 la d\u00e9couvrir via cette s\u00e9rie d&rsquo;articles \u00ab\u00a0R\u00e9trospective 2023-2024\u00a0\u00bb disponible durant le moi de mai et juin 2024. SEPTEMBRE Journ\u00e9e de &hellip; <a href=\"https:\/\/site.ac-martinique.fr\/lyc-luminasophie\/?page_id=3684\">Continuer la lecture <span class=\"meta-nav\">&rarr;<\/span><\/a><\/p>\n","protected":false},"author":220,"featured_media":0,"parent":0,"menu_order":0,"comment_status":"closed","ping_status":"closed","template":"","meta":{"footnotes":""},"class_list":["post-3684","page","type-page","status-publish","hentry"],"_links":{"self":[{"href":"https:\/\/site.ac-martinique.fr\/lyc-luminasophie\/index.php?rest_route=\/wp\/v2\/pages\/3684","targetHints":{"allow":["GET"]}}],"collection":[{"href":"https:\/\/site.ac-martinique.fr\/lyc-luminasophie\/index.php?rest_route=\/wp\/v2\/pages"}],"about":[{"href":"https:\/\/site.ac-martinique.fr\/lyc-luminasophie\/index.php?rest_route=\/wp\/v2\/types\/page"}],"author":[{"embeddable":true,"href":"https:\/\/site.ac-martinique.fr\/lyc-luminasophie\/index.php?rest_route=\/wp\/v2\/users\/220"}],"replies":[{"embeddable":true,"href":"https:\/\/site.ac-martinique.fr\/lyc-luminasophie\/index.php?rest_route=%2Fwp%2Fv2%2Fcomments&post=3684"}],"version-history":[{"count":1,"href":"https:\/\/site.ac-martinique.fr\/lyc-luminasophie\/index.php?rest_route=\/wp\/v2\/pages\/3684\/revisions"}],"predecessor-version":[{"id":3685,"href":"https:\/\/site.ac-martinique.fr\/lyc-luminasophie\/index.php?rest_route=\/wp\/v2\/pages\/3684\/revisions\/3685"}],"wp:attachment":[{"href":"https:\/\/site.ac-martinique.fr\/lyc-luminasophie\/index.php?rest_route=%2Fwp%2Fv2%2Fmedia&parent=3684"}],"curies":[{"name":"wp","href":"https:\/\/api.w.org\/{rel}","templated":true}]}}