{"id":3867,"date":"2025-07-08T20:12:19","date_gmt":"2025-07-08T19:12:19","guid":{"rendered":"https:\/\/site.ac-martinique.fr\/lyc-luminasophie\/?page_id=3867"},"modified":"2025-07-08T20:13:04","modified_gmt":"2025-07-08T19:13:04","slug":"retrospective-2024-2025","status":"publish","type":"page","link":"https:\/\/site.ac-martinique.fr\/lyc-luminasophie\/?page_id=3867","title":{"rendered":"R\u00e9trospective 2024-2025"},"content":{"rendered":"\n<p>Les \u00e9quipes p\u00e9dagogiques du LP Lumina Sophie ont r\u00e9alis\u00e9 de nombreux \u00e9v\u00e8nements durant cette ann\u00e9e 2024-2025.<\/p>\n\n\n\n<p>SEPTEMBRE<\/p>\n\n\n\n<p class=\"has-text-align-center\"><a href=\"https:\/\/www.instagram.com\/p\/DAJIe3lxi5y\/?hl=fr\">Journ\u00e9e de cohesion 2024<\/a><\/p>\n\n\n\n<p class=\"has-text-align-center\"><a href=\"https:\/\/www.instagram.com\/p\/DBJpQqaxwYC\/?hl=fr&amp;img_index=1\">S\u00e9minaire de rentr\u00e9e des BTS<\/a><\/p>\n\n\n\n<p>OCTOBRE<\/p>\n\n\n\n<p class=\"has-text-align-center\"><a href=\"https:\/\/www.instagram.com\/p\/DBJiLGfx2Na\/?hl=fr&amp;img_index=1\">Semaine du d\u00e9velloppement durable avec la 2 CAP<\/a><\/p>\n\n\n\n<p class=\"has-text-align-center\"><a href=\"https:\/\/www.instagram.com\/p\/DCHzmI7RiRb\/?hl=fr\">Octobre Rose 2024<\/a><\/p>\n\n\n\n<p>NOVEMBRE<\/p>\n\n\n\n<p class=\"has-text-align-center\"><a href=\"https:\/\/www.instagram.com\/p\/DCUaGy5RoeO\/?hl=fr&amp;img_index=1\">S&rsquo;ouvrir \u00e0 la culture : Intervention du c\u00e9l\u00e8bre Franck MUHEL, Danseur Chor\u00e9graphe r\u00e9sidant \u00e0 New-York<\/a><\/p>\n\n\n\n<p class=\"has-text-align-center\"><a href=\"https:\/\/www.instagram.com\/p\/DChrkzayb0J\/?hl=fr&amp;img_index=1\">Nos \u00e9l\u00e8ves de terminales participant \u00e0 la 26\u00e8me edition de \u00ab\u00a0PAYS PROPRE\u00a0\u00bb<\/a><\/p>\n\n\n\n<p>DECEMBRE<\/p>\n\n\n\n<p class=\"has-text-align-center\"><a href=\"https:\/\/www.instagram.com\/p\/DDs3D6po4tq\/?hl=fr\">Lumina Sur Son 31<\/a><\/p>\n\n\n\n<p>JANVIER<\/p>\n\n\n\n<p class=\"has-text-align-center\"><a href=\"https:\/\/www.instagram.com\/p\/DFJckB6s8yN\/?hl=fr\">Journ\u00e9e internationnale des \u00ab\u00a0calins\u00a0\u00bb<\/a><\/p>\n\n\n\n<p class=\"has-text-align-center\"><a href=\"https:\/\/site.ac-martinique.fr\/lyc-luminasophie\/?p=3830\">Journ\u00e9e Portes ouvertes 2025<\/a><\/p>\n\n\n\n<p class=\"has-text-align-center\"><a href=\"https:\/\/www.instagram.com\/p\/DFNfSZZxZId\/?hl=fr&amp;img_index=1\">Reception de Madame Jocelyne B\u00c9ROARD ave les \u00e9l\u00e8ves de Terminale<\/a><\/p>\n\n\n\n<p>FEVRIER<\/p>\n\n\n\n<p class=\"has-text-align-center\"><a href=\"https:\/\/www.instagram.com\/p\/DFsWUhPR2RO\/?hl=fr&amp;img_index=1\">Exposition-d\u00e9bat \u00ab\u00a0In\u00e9galit\u00e9s Hommes-Femmes et Grandes figures du f\u00e9minisme dans le monde\u00a0\u00bb<\/a><\/p>\n\n\n\n<p class=\"has-text-align-center\"><a href=\"https:\/\/www.instagram.com\/p\/DHcNEE_s4Zj\/?hl=fr\">ATELIER LANMOU avec la terminale MCVB<\/a><\/p>\n\n\n\n<p class=\"has-text-align-center\"><a href=\"https:\/\/www.instagram.com\/p\/DH_Eda-RBBd\/?hl=fr&amp;img_index=1\">Collecte pour les \u00e9tudiants : Produits alimentaires et d&rsquo;hygi\u00e8ne<\/a><\/p>\n\n\n\n<p>MARS <\/p>\n\n\n\n<p class=\"has-text-align-center\"><a href=\"https:\/\/site.ac-martinique.fr\/lyc-luminasophie\/?p=3840\">Les lumina de la mode &#8211; Partie 1<\/a><\/p>\n\n\n\n<p class=\"has-text-align-center\"><a href=\"https:\/\/www.instagram.com\/p\/DHdzRUiMFRW\/?hl=fr\">Les lumina de la mode &#8211; Partie 2<\/a><\/p>\n\n\n\n<p class=\"has-text-align-center\"><a href=\"https:\/\/site.ac-martinique.fr\/lyc-luminasophie\/?p=3843\">Les lumina de la mode &#8211; Partie 3<\/a><\/p>\n\n\n\n<p class=\"has-text-align-center\"><a href=\"https:\/\/www.instagram.com\/p\/DHqZB9KxRW9\/?hl=fr&amp;img_index=1\">Nos \u00e9l\u00e8ves de BTS NDRC1 participant \u00e0 la 27\u00e8me edition de \u00ab\u00a0PAYS PROPRE\u00a0\u00bb<\/a><\/p>\n\n\n\n<p class=\"has-text-align-center\"><a href=\"https:\/\/www.instagram.com\/p\/DH8srAHRn_w\/?hl=fr&amp;img_index=1\">La Semaine de la Presse et des M\u00e9dias \u00e0 l&rsquo;\u00e9cole<\/a><\/p>\n\n\n\n<p class=\"has-text-align-center\"><a href=\"https:\/\/www.instagram.com\/p\/DIOgYtMRvbR\/?hl=fr&amp;img_index=1\">Les \u00e9l\u00e8ves du BAC PRO MA organisent un \u00ab\u00a0Forum du Tourisme\u00a0\u00bb<\/a><\/p>\n\n\n\n<p>AVRIL<\/p>\n\n\n\n<p class=\"has-text-align-center\"><a href=\"https:\/\/www.instagram.com\/p\/DH_YKmIxWjI\/?hl=fr&amp;img_index=1\">Les \u00e9tudiants du BTS NDRC ont re\u00e7u Monsieur Tony PLUMAS du groupe Cr\u00e9o<\/a><\/p>\n","protected":false},"excerpt":{"rendered":"<p>Les \u00e9quipes p\u00e9dagogiques du LP Lumina Sophie ont r\u00e9alis\u00e9 de nombreux \u00e9v\u00e8nements durant cette ann\u00e9e 2024-2025. SEPTEMBRE Journ\u00e9e de cohesion 2024 S\u00e9minaire de rentr\u00e9e des BTS OCTOBRE Semaine du d\u00e9velloppement durable avec la 2 CAP Octobre Rose 2024 NOVEMBRE S&rsquo;ouvrir &hellip; <a href=\"https:\/\/site.ac-martinique.fr\/lyc-luminasophie\/?page_id=3867\">Continuer la lecture <span class=\"meta-nav\">&rarr;<\/span><\/a><\/p>\n","protected":false},"author":220,"featured_media":0,"parent":0,"menu_order":0,"comment_status":"closed","ping_status":"closed","template":"","meta":{"footnotes":""},"class_list":["post-3867","page","type-page","status-publish","hentry"],"_links":{"self":[{"href":"https:\/\/site.ac-martinique.fr\/lyc-luminasophie\/index.php?rest_route=\/wp\/v2\/pages\/3867","targetHints":{"allow":["GET"]}}],"collection":[{"href":"https:\/\/site.ac-martinique.fr\/lyc-luminasophie\/index.php?rest_route=\/wp\/v2\/pages"}],"about":[{"href":"https:\/\/site.ac-martinique.fr\/lyc-luminasophie\/index.php?rest_route=\/wp\/v2\/types\/page"}],"author":[{"embeddable":true,"href":"https:\/\/site.ac-martinique.fr\/lyc-luminasophie\/index.php?rest_route=\/wp\/v2\/users\/220"}],"replies":[{"embeddable":true,"href":"https:\/\/site.ac-martinique.fr\/lyc-luminasophie\/index.php?rest_route=%2Fwp%2Fv2%2Fcomments&post=3867"}],"version-history":[{"count":2,"href":"https:\/\/site.ac-martinique.fr\/lyc-luminasophie\/index.php?rest_route=\/wp\/v2\/pages\/3867\/revisions"}],"predecessor-version":[{"id":3869,"href":"https:\/\/site.ac-martinique.fr\/lyc-luminasophie\/index.php?rest_route=\/wp\/v2\/pages\/3867\/revisions\/3869"}],"wp:attachment":[{"href":"https:\/\/site.ac-martinique.fr\/lyc-luminasophie\/index.php?rest_route=%2Fwp%2Fv2%2Fmedia&parent=3867"}],"curies":[{"name":"wp","href":"https:\/\/api.w.org\/{rel}","templated":true}]}}