{"id":3870,"date":"2025-07-08T20:17:56","date_gmt":"2025-07-08T19:17:56","guid":{"rendered":"https:\/\/site.ac-martinique.fr\/lyc-luminasophie\/?page_id=3870"},"modified":"2025-07-08T20:18:21","modified_gmt":"2025-07-08T19:18:21","slug":"retrospectives","status":"publish","type":"page","link":"https:\/\/site.ac-martinique.fr\/lyc-luminasophie\/?page_id=3870","title":{"rendered":"R\u00e9trospectives"},"content":{"rendered":"\n<p>Les \u00e9quipes p\u00e9dagogiques du LP Lumina Sophie r\u00e9alisent de nombreux \u00e9v\u00e8nements ave la communaut\u00e9e scolaires. <\/p>\n\n\n\n<p class=\"has-text-align-center\"><a href=\"https:\/\/site.ac-martinique.fr\/lyc-luminasophie\/?page_id=3684\" data-type=\"page\" data-id=\"3684\"><strong>Ann\u00e9e 2023-2024<\/strong><\/a><\/p>\n\n\n\n<p class=\"has-text-align-center\"><a href=\"https:\/\/site.ac-martinique.fr\/lyc-luminasophie\/?page_id=3867\" data-type=\"page\" data-id=\"3867\"><strong>Ann\u00e9e 2024-2025<\/strong><\/a><\/p>\n\n\n\n<p><\/p>\n","protected":false},"excerpt":{"rendered":"<p>Les \u00e9quipes p\u00e9dagogiques du LP Lumina Sophie r\u00e9alisent de nombreux \u00e9v\u00e8nements ave la communaut\u00e9e scolaires. Ann\u00e9e 2023-2024 Ann\u00e9e 2024-2025<\/p>\n","protected":false},"author":220,"featured_media":0,"parent":0,"menu_order":0,"comment_status":"closed","ping_status":"closed","template":"","meta":{"footnotes":""},"class_list":["post-3870","page","type-page","status-publish","hentry"],"_links":{"self":[{"href":"https:\/\/site.ac-martinique.fr\/lyc-luminasophie\/index.php?rest_route=\/wp\/v2\/pages\/3870","targetHints":{"allow":["GET"]}}],"collection":[{"href":"https:\/\/site.ac-martinique.fr\/lyc-luminasophie\/index.php?rest_route=\/wp\/v2\/pages"}],"about":[{"href":"https:\/\/site.ac-martinique.fr\/lyc-luminasophie\/index.php?rest_route=\/wp\/v2\/types\/page"}],"author":[{"embeddable":true,"href":"https:\/\/site.ac-martinique.fr\/lyc-luminasophie\/index.php?rest_route=\/wp\/v2\/users\/220"}],"replies":[{"embeddable":true,"href":"https:\/\/site.ac-martinique.fr\/lyc-luminasophie\/index.php?rest_route=%2Fwp%2Fv2%2Fcomments&post=3870"}],"version-history":[{"count":2,"href":"https:\/\/site.ac-martinique.fr\/lyc-luminasophie\/index.php?rest_route=\/wp\/v2\/pages\/3870\/revisions"}],"predecessor-version":[{"id":3872,"href":"https:\/\/site.ac-martinique.fr\/lyc-luminasophie\/index.php?rest_route=\/wp\/v2\/pages\/3870\/revisions\/3872"}],"wp:attachment":[{"href":"https:\/\/site.ac-martinique.fr\/lyc-luminasophie\/index.php?rest_route=%2Fwp%2Fv2%2Fmedia&parent=3870"}],"curies":[{"name":"wp","href":"https:\/\/api.w.org\/{rel}","templated":true}]}}