{"id":26,"date":"2021-04-15T19:29:44","date_gmt":"2021-04-15T17:29:44","guid":{"rendered":"https:\/\/site.ac-martinique.fr\/lyc-montgerald\/?page_id=26"},"modified":"2023-09-25T11:43:24","modified_gmt":"2023-09-25T15:43:24","slug":"contacts","status":"publish","type":"page","link":"https:\/\/site.ac-martinique.fr\/lyc-montgerald\/?page_id=26","title":{"rendered":"Contacts"},"content":{"rendered":"\n<p><strong>Secr\u00e9tariat du lyc\u00e9e:<\/strong><\/p>\n\n\n\n<p>T\u00e9l\u00e9phone: 0596 74 94 00<\/p>\n\n\n\n<p>Mel: ce.9720727h@ac-martinique.fr<\/p>\n\n\n\n<p><strong>Directeur de publication:<\/strong> Mme Marie-Christine SAINTE-ROSE, proviseur.<\/p>\n\n\n\n<p><strong>Webmestre: <\/strong>aedtice.mtg@gmail.com<\/p>\n","protected":false},"excerpt":{"rendered":"<p>Secr\u00e9tariat du lyc\u00e9e: T\u00e9l\u00e9phone: 0596 74 94 00 Mel: ce.9720727h@ac-martinique.fr Directeur de publication: Mme Marie-Christine SAINTE-ROSE, proviseur. Webmestre: aedtice.mtg@gmail.com<\/p>\n","protected":false},"author":230,"featured_media":0,"parent":0,"menu_order":0,"comment_status":"closed","ping_status":"closed","template":"","meta":{"footnotes":""},"class_list":["post-26","page","type-page","status-publish","hentry"],"_links":{"self":[{"href":"https:\/\/site.ac-martinique.fr\/lyc-montgerald\/index.php?rest_route=\/wp\/v2\/pages\/26","targetHints":{"allow":["GET"]}}],"collection":[{"href":"https:\/\/site.ac-martinique.fr\/lyc-montgerald\/index.php?rest_route=\/wp\/v2\/pages"}],"about":[{"href":"https:\/\/site.ac-martinique.fr\/lyc-montgerald\/index.php?rest_route=\/wp\/v2\/types\/page"}],"author":[{"embeddable":true,"href":"https:\/\/site.ac-martinique.fr\/lyc-montgerald\/index.php?rest_route=\/wp\/v2\/users\/230"}],"replies":[{"embeddable":true,"href":"https:\/\/site.ac-martinique.fr\/lyc-montgerald\/index.php?rest_route=%2Fwp%2Fv2%2Fcomments&post=26"}],"version-history":[{"count":5,"href":"https:\/\/site.ac-martinique.fr\/lyc-montgerald\/index.php?rest_route=\/wp\/v2\/pages\/26\/revisions"}],"predecessor-version":[{"id":1091,"href":"https:\/\/site.ac-martinique.fr\/lyc-montgerald\/index.php?rest_route=\/wp\/v2\/pages\/26\/revisions\/1091"}],"wp:attachment":[{"href":"https:\/\/site.ac-martinique.fr\/lyc-montgerald\/index.php?rest_route=%2Fwp%2Fv2%2Fmedia&parent=26"}],"curies":[{"name":"wp","href":"https:\/\/api.w.org\/{rel}","templated":true}]}}