{"id":1140,"date":"2018-05-08T06:36:36","date_gmt":"2018-05-08T12:06:36","guid":{"rendered":"\/lyc-paulettenardal\/?page_id=1140"},"modified":"2019-07-28T19:34:51","modified_gmt":"2019-07-28T23:34:51","slug":"vie-scolaire","status":"publish","type":"page","link":"https:\/\/site.ac-martinique.fr\/lyc-paulettenardal\/?page_id=1140","title":{"rendered":"Vie scolaire"},"content":{"rendered":"<p>La Vie Scolaire recouvre ce qui se passe en dehors des cours avec tous les moments o\u00f9 l\u2019\u00e9l\u00e8ve n\u2019est pas en classe avec un professeur\u00a0: entr\u00e9es et sorties, d\u00e9placements dans le lyc\u00e9e, inter-cours, demi-pension&#8230;<\/p>\n<p>Elle se situe dans des lieux diversifi\u00e9s\u00a0:<\/p>\n<p>\u2022 lieux de circulation (abords du lyc\u00e9e, acc\u00e8s au lyc\u00e9e, couloirs&#8230;)<br class=\"autobr\" \/><br \/>\n \u2022 lieux de d\u00e9tente ou lieux de vie (foyer, restaurant scolaire&#8230;)<br class=\"autobr\" \/><br \/>\n \u2022 lieux d\u2019accueil (bureau du C.P.E., bureau des surveillants, &#8230;.)<\/p>\n<p>Le service Vie scolaire a pour mission\u00a0:<br class=\"autobr\" \/><br \/>\n \u2022 la s\u00e9curit\u00e9 et le respect des r\u00e8gles collectives\u00a0;<br class=\"autobr\" \/><br \/>\n \u2022 la gestion et le suivi des absences, les \u00e9changes avec les familles qui en d\u00e9coulent\u00a0;<br class=\"autobr\" \/><br \/>\n \u2022 le suivi des \u00e9l\u00e8ves en liaison avec les pr\u00e9fets et les enseignants\u00a0;<br class=\"autobr\" \/><br \/>\n \u2022 l\u2019aide personnelle\u00a0: prise en compte des probl\u00e8mes individuels en liaison avec l\u2019assistante sociale, la Conseill\u00e8re d\u2019Orientation Psychologue, l\u2019infirmi\u00e8re et le m\u00e9decin scolaire, la famille&#8230;\u00a0;<br class=\"autobr\" \/><br \/>\n \u2022 la prise en compte et la gestion des probl\u00e8mes collectifs, des conflits&#8230;<\/p>\n<h3 class=\"spip\"><i>R\u00f4le et responsabilit\u00e9s du Conseiller Principal d\u2019Education<\/i><\/h3>\n<p>Le Conseiller Principal d\u2019Education est un membre du personnel enseignant et d\u2019\u00e9ducation qui n\u2019a pas son \u00e9quivalent dans les autres syst\u00e8mes \u00e9ducatifs.<br class=\"autobr\" \/><br \/>\n Les CPE exercent leurs responsabilit\u00e9s sous l\u2019autorit\u00e9 du Chef d\u2019Etablissement qui les associe aux r\u00e9unions de concertation de la direction\u00a0: information, \u00e9tudes des probl\u00e8mes de la vie scolaire, prise de d\u00e9cision pour tout ce qui concerne celles-ci.<\/p>\n<p>L\u2019ensemble des responsabilit\u00e9s exerc\u00e9es par les CPE se situe dans le cadre g\u00e9n\u00e9ral de la \u00ab\u00a0Vie Scolaire\u00a0\u00bb, qui peut se d\u00e9finir ainsi\u00a0: placer les adolescents dans les meilleures conditions de vie individuelle, collective et d\u2019\u00e9panouissement personnel.<\/p>\n<p>Ces responsabilit\u00e9s se r\u00e9partissent en trois domaines\u00a0:<\/p>\n<p><img decoding=\"async\" class=\"puce\" src=\"http:\/\/www.lycee-international.ac-versailles.fr\/local\/cache-vignettes\/L8xH11\/puce-32883.gif?1551977972\" alt=\"-\" width=\"8\" height=\"11\" \/>\u00a0le fonctionnement de l\u2019\u00e9tablissement\u00a0: contr\u00f4le des effectifs, de l\u2019exactitude et de l\u2019assiduit\u00e9 des \u00e9l\u00e8ves\u00a0; s\u00e9curit\u00e9 des \u00e9l\u00e8ves\u00a0; organisation du service des personnels de surveillance.<\/p>\n<p><img decoding=\"async\" class=\"puce\" src=\"http:\/\/www.lycee-international.ac-versailles.fr\/local\/cache-vignettes\/L8xH11\/puce-32883.gif?1551977972\" alt=\"-\" width=\"8\" height=\"11\" \/>\u00a0la collaboration avec le personnel enseignant\u00a0: \u00e9changes d\u2019informations concernant le suivi individuel et collectif des \u00e9l\u00e8ves, recherche de l\u2019origine des difficult\u00e9s et des interventions n\u00e9cessaires pour permettre \u00e0 l\u2019\u00e9l\u00e8ve de les surmonter, participation au conseil de classe, collaboration dans la mise en \u0153uvre de projets.<\/p>\n<p><img decoding=\"async\" class=\"puce\" src=\"http:\/\/www.lycee-international.ac-versailles.fr\/local\/cache-vignettes\/L8xH11\/puce-32883.gif?1551977972\" alt=\"-\" width=\"8\" height=\"11\" \/>\u00a0l\u2019animation \u00e9ducative\u00a0: relations et contacts directs avec les \u00e9l\u00e8ves, organisation de la vie collective hors du temps de classe, formations et r\u00e9unions des d\u00e9l\u00e9gu\u00e9s.<\/p>\n<p>Dans ces trois domaines, l\u2019action \u00e9ducative du CPE implique le dialogue avec les parents et les diff\u00e9rents personnels de l\u2019\u00e9tablissement (professeurs, service m\u00e9dical, Conseill\u00e8re d\u2019Orientation, professeurs-documentalistes&#8230;).<\/p>\n<p>L\u2019objectif des CPE est d\u2019\u00eatre des \u00ab\u00a0personnes-ressources\u00a0\u00bb, des relais, auxquels s\u2019adressent \u00e0 titre individuel ou collectif les diff\u00e9rents partenaires de la communaut\u00e9 \u00e9ducative.<\/p>\n<p>&nbsp;<\/p>\n","protected":false},"excerpt":{"rendered":"<p>La Vie Scolaire recouvre ce qui se passe en dehors des cours avec tous les moments o\u00f9 l\u2019\u00e9l\u00e8ve n\u2019est pas &hellip; <\/p>\n<p class=\"link-more\"><a href=\"https:\/\/site.ac-martinique.fr\/lyc-paulettenardal\/?page_id=1140\" class=\"more-link\">Lire la suite&#8230;<span class=\"screen-reader-text\"> \u00ab\u00a0Vie scolaire\u00a0\u00bb<\/span><\/a><\/p>\n","protected":false},"author":187,"featured_media":0,"parent":0,"menu_order":0,"comment_status":"closed","ping_status":"closed","template":"","meta":{"footnotes":""},"class_list":["post-1140","page","type-page","status-publish","hentry"],"_links":{"self":[{"href":"https:\/\/site.ac-martinique.fr\/lyc-paulettenardal\/index.php?rest_route=\/wp\/v2\/pages\/1140","targetHints":{"allow":["GET"]}}],"collection":[{"href":"https:\/\/site.ac-martinique.fr\/lyc-paulettenardal\/index.php?rest_route=\/wp\/v2\/pages"}],"about":[{"href":"https:\/\/site.ac-martinique.fr\/lyc-paulettenardal\/index.php?rest_route=\/wp\/v2\/types\/page"}],"author":[{"embeddable":true,"href":"https:\/\/site.ac-martinique.fr\/lyc-paulettenardal\/index.php?rest_route=\/wp\/v2\/users\/187"}],"replies":[{"embeddable":true,"href":"https:\/\/site.ac-martinique.fr\/lyc-paulettenardal\/index.php?rest_route=%2Fwp%2Fv2%2Fcomments&post=1140"}],"version-history":[{"count":5,"href":"https:\/\/site.ac-martinique.fr\/lyc-paulettenardal\/index.php?rest_route=\/wp\/v2\/pages\/1140\/revisions"}],"predecessor-version":[{"id":2327,"href":"https:\/\/site.ac-martinique.fr\/lyc-paulettenardal\/index.php?rest_route=\/wp\/v2\/pages\/1140\/revisions\/2327"}],"wp:attachment":[{"href":"https:\/\/site.ac-martinique.fr\/lyc-paulettenardal\/index.php?rest_route=%2Fwp%2Fv2%2Fmedia&parent=1140"}],"curies":[{"name":"wp","href":"https:\/\/api.w.org\/{rel}","templated":true}]}}