{"id":1143,"date":"2018-05-08T06:38:54","date_gmt":"2018-05-08T12:08:54","guid":{"rendered":"\/lyc-paulettenardal\/?page_id=1143"},"modified":"2021-03-24T15:37:49","modified_gmt":"2021-03-24T19:37:49","slug":"sante-prevention","status":"publish","type":"page","link":"https:\/\/site.ac-martinique.fr\/lyc-paulettenardal\/?page_id=1143","title":{"rendered":"Sant\u00e9 &#8211; pr\u00e9vention"},"content":{"rendered":"<p>Dans le cadre du parcours \u00e9ducatif de sant\u00e9 pour tous les \u00e9l\u00e8ves, l\u2019infirmier(e) est le conseiller obligatoire de sant\u00e9 du chef d\u2019\u00e9tablissement (\u00e9ducation, pr\u00e9vention, protection). Il ou elle assure une mission d\u2019expertise aupr\u00e8s des enseignants et du chef d\u2019\u00e9tablissement.<\/p>\n<p>La mission de l\u2019infirmier(e) de l\u2019\u00e9ducation nationale s\u2019inscrit dans la politique g\u00e9n\u00e9rale de l\u2019\u00e9ducation nationale qui est de promouvoir la r\u00e9ussite scolaire des \u00e9l\u00e8ves et des \u00e9tudiants. Dans ce cadre, elle\u00a0:<br \/>\n \u00a0 \u00a0&#8211; contribue au bien-\u00eatre et \u00e0 la r\u00e9ussite scolaire de tous les \u00e9l\u00e8ves\u00a0;<br \/>\n \u00a0 \u00a0&#8211; contribue \u00e0 l\u2019int\u00e9gration scolaire des enfants et des adolescents atteints de handicap\u00a0;<br \/>\n \u00a0 \u00a0&#8211; effectue ou dispense les actes infirmiers qui rel\u00e8vent de sa comp\u00e9tence et de sa responsabilit\u00e9\u00a0;<br \/>\n \u00a0 \u00a0&#8211; identifie, dans le cadre de son r\u00f4le propre, les besoins, pose un diagnostic infirmier, met en \u0153uvre les actions appropri\u00e9es et les \u00e9value\u00a0;<br \/>\n \u00a0 \u00a0&#8211; d\u00e9veloppe une dynamique d\u2019\u00e9ducation \u00e0 la sant\u00e9 et contribue \u00e0 \u00e9valuer les actions de promotion et d\u2019\u00e9ducation de la sant\u00e9\u00a0;<br \/>\n \u00a0 \u00a0&#8211; organise le recueil et l\u2019exploitation des donn\u00e9es statistiques.<\/p>\n<p>L\u2019infirmier(e) dans le cadre de son r\u00f4le relationnel, technique et \u00e9ducatif accueille tout \u00e9l\u00e8ve qui la sollicite pour quelque motif que ce soit, y compris d\u2019ordre relationnel ou psychologique, d\u00e8s lors qu\u2019il y a une incidence sur sa sant\u00e9 ou sa scolarit\u00e9.<\/p>\n<p>Dans cet objectif, l\u2019infirmier(e) :<br \/>\n \u00a0 \u00a0 \u00a0 &#8211; \u00e9coute et accompagne les \u00e9l\u00e8ves\u00a0;<br \/>\n \u00a0 \u00a0 \u00a0 &#8211; \u00a0organise les urgences et les soins et assure un suivi infirmier de l\u2019\u00e9tat de sant\u00e9 des \u00e9l\u00e8ves\u00a0;<br \/>\n \u00a0 \u00a0 \u00a0 &#8211; organise et r\u00e9alise le suivi infirmier de la sant\u00e9 des \u00e9l\u00e8ves\u00a0;<br \/>\n \u00a0 \u00a0 \u00a0 &#8211; d\u00e9veloppe, en fonction des besoins rep\u00e9r\u00e9s, une dynamique d\u2019\u00e9ducation \u00e0 la sant\u00e9 dans le cadre du projet d\u2019\u00e9tablissement\u00a0:<br \/>\n \u00a0 \u00a0 \u00a0 \u00a0 pr\u00e9vention sexualit\u00e9, secourisme, hygi\u00e8ne, addictions, sant\u00e9 mentale, nutrition, \u2026<br \/>\n \u00a0 \u00a0 \u00a0 &#8211; favorise la scolarisation des enfants et des adolescents atteints de troubles de la sant\u00e9 \u00e9voluant sur une longue p\u00e9riode.<br \/>\n Sa mission s\u2019effectue en synergie avec les membres de la communaut\u00e9 \u00e9ducative, dans le respect des comp\u00e9tences de chacun et requiert \u00a0 \u00a0d\u2019organiser efficacement le partenariat.<\/p>\n<p>L\u2019infirmier(e)est soumis(e) au secret professionnel.<\/p>\n<p>L\u2019infirmier(e) participe aux diff\u00e9rentes instances et commissions de l\u2019\u00e9tablissement soit \u00e0 titre de droit, soit par \u00e9lection : CA, CESC, CHS, conseil de classe, etc., et \u00e9tablit les liens n\u00e9cessaires avec les professionnels du r\u00e9seau de soins.<\/p>\n<h3 class=\"h3-like format_h3\">PAI, PPS et PAP<\/h3>\n<p>PAI\u00a0: Il est fortement conseill\u00e9 aux familles, d\u00e8s l\u2019inscription dans l\u2019\u00e9tablissement ou en d\u00e9but d\u2019ann\u00e9e scolaire, de prendre RDV avec l\u2019infirmier(e) en cas de probl\u00e8me de sant\u00e9 important d\u2019un jeune afin d\u2019\u00e9tablir un Projet d\u2019Accueil Individualis\u00e9 ou de le renouveler. Le PAI reprend les signes de la maladie et la conduite \u00e0 tenir en cas de soucis pour une meilleure prise en charge de l\u2019\u00e9l\u00e8ve.<\/p>\n<p>Se renseigner rapidement aupr\u00e8s de l&rsquo;infirmier(e).<\/p>\n<p>PPS : Pour les \u00e9l\u00e8ves n\u00e9cessitant un am\u00e9nagement scolaire particulier au regard de certaines difficult\u00e9s li\u00e9es \u00e0 la sant\u00e9 et au handicap, il est n\u00e9cessaire d\u2019\u00e9tablir un Projet Personnalis\u00e9 de Scolarit\u00e9 (ce, d\u00e8s la seconde) afin de les aider au mieux tout au long de l\u2019ann\u00e9e et de leur scolarit\u00e9. Ils pourront \u00e9ventuellement b\u00e9n\u00e9ficier d\u2019un am\u00e9nagement aux examens.<\/p>\n<p>Se renseigner aupr\u00e8s de l\u2019infirmier(e).<\/p>\n<p>PAP\u00a0: Des am\u00e9nagements p\u00e9dagogiques, via un Projet d\u2019accueil personnalis\u00e9 (PAP), peuvent \u00eatre mis en place pour accompagner les troubles de l\u2019apprentissage importants (dyslexie, dysorthographie, dyscalculie, etc\u2026). Ceux-ci sont mis en place en concertation entre l\u2019\u00e9quipe enseignante, la famille et l\u2019\u00e9l\u00e8ve, une fois les comptes rendus m\u00e9dicaux confidentiels fournis \u00e0 l\u2019infirmier(e).<\/p>\n<p>Se renseigner aupr\u00e8s du professeur principal.<\/p>\n<h3 class=\"h3-like format_h3\">Ann\u00e9e du Baccalaur\u00e9at<\/h3>\n<p>Des formulaires particuliers pour les \u00e9l\u00e8ves ayant une inaptitude sportive totale ou partielle \u00e0 l\u2019ann\u00e9e sont remis \u00e0 la demande des int\u00e9ress\u00e9s par le professeur d\u2019EPS ou l\u2019infirmier(e) en d\u00e9but et\/ou en cours d\u2019ann\u00e9e scolaire.<\/p>\n<p>Des am\u00e9nagements des conditions d&rsquo;examens peuvent \u00eatre demand\u00e9s pour des probl\u00e8mes de sant\u00e9 ou des troubles de l&rsquo;apprentissage relevant du handicap \u00e0 la rentr\u00e9e (attention au calendrier des d\u00e9p\u00f4ts, au plus tard fin octobre le plus souvent). Contacter le professeur principal ou l&rsquo;infirmier(e) si votre enfant est concern\u00e9.<\/p>\n<h3 class=\"h3-like format_h3\">Rappel<\/h3>\n<p>Le lyc\u00e9e n\u2019est pas un \u00e9tablissement de soins et les parents restent responsables de leurs enfants, ce qui implique\u00a0:<br \/>\n En cas de maladie ou d\u2019accident b\u00e9nins, les parents devront venir chercher leurs enfants si n\u00e9cessaire.<br \/>\n Le personnel du lyc\u00e9e ne peut ni les accompagner aux urgences, ni les r\u00e9cup\u00e9rer (responsabilit\u00e9 parentale).<\/p>\n<p>Pour les \u00e9l\u00e8ves mineurs, en cas d\u2019appel au SAMU (urgence m\u00e9dicale ou accident important) n\u00e9cessitant une hospitalisation, seuls les parents sont habilit\u00e9s \u00e0 faire sortir leur enfant de l\u2019h\u00f4pital.<\/p>\n<p>&nbsp;<\/p>\n","protected":false},"excerpt":{"rendered":"<p>Dans le cadre du parcours \u00e9ducatif de sant\u00e9 pour tous les \u00e9l\u00e8ves, l\u2019infirmier(e) est le conseiller obligatoire de sant\u00e9 du &hellip; <\/p>\n<p class=\"link-more\"><a href=\"https:\/\/site.ac-martinique.fr\/lyc-paulettenardal\/?page_id=1143\" class=\"more-link\">Lire la suite&#8230;<span class=\"screen-reader-text\"> \u00ab\u00a0Sant\u00e9 &#8211; pr\u00e9vention\u00a0\u00bb<\/span><\/a><\/p>\n","protected":false},"author":187,"featured_media":0,"parent":0,"menu_order":0,"comment_status":"closed","ping_status":"closed","template":"","meta":{"footnotes":""},"class_list":["post-1143","page","type-page","status-publish","hentry"],"_links":{"self":[{"href":"https:\/\/site.ac-martinique.fr\/lyc-paulettenardal\/index.php?rest_route=\/wp\/v2\/pages\/1143","targetHints":{"allow":["GET"]}}],"collection":[{"href":"https:\/\/site.ac-martinique.fr\/lyc-paulettenardal\/index.php?rest_route=\/wp\/v2\/pages"}],"about":[{"href":"https:\/\/site.ac-martinique.fr\/lyc-paulettenardal\/index.php?rest_route=\/wp\/v2\/types\/page"}],"author":[{"embeddable":true,"href":"https:\/\/site.ac-martinique.fr\/lyc-paulettenardal\/index.php?rest_route=\/wp\/v2\/users\/187"}],"replies":[{"embeddable":true,"href":"https:\/\/site.ac-martinique.fr\/lyc-paulettenardal\/index.php?rest_route=%2Fwp%2Fv2%2Fcomments&post=1143"}],"version-history":[{"count":4,"href":"https:\/\/site.ac-martinique.fr\/lyc-paulettenardal\/index.php?rest_route=\/wp\/v2\/pages\/1143\/revisions"}],"predecessor-version":[{"id":3231,"href":"https:\/\/site.ac-martinique.fr\/lyc-paulettenardal\/index.php?rest_route=\/wp\/v2\/pages\/1143\/revisions\/3231"}],"wp:attachment":[{"href":"https:\/\/site.ac-martinique.fr\/lyc-paulettenardal\/index.php?rest_route=%2Fwp%2Fv2%2Fmedia&parent=1143"}],"curies":[{"name":"wp","href":"https:\/\/api.w.org\/{rel}","templated":true}]}}