{"id":1184,"date":"2018-05-15T14:06:38","date_gmt":"2018-05-15T19:36:38","guid":{"rendered":"\/lyc-paulettenardal\/?page_id=1184"},"modified":"2021-05-11T19:26:00","modified_gmt":"2021-05-11T23:26:00","slug":"bts-comptabilite-et-gestion","status":"publish","type":"page","link":"https:\/\/site.ac-martinique.fr\/lyc-paulettenardal\/?page_id=1184","title":{"rendered":"BTS Comptabilit\u00e9 et gestion"},"content":{"rendered":"<p>Le Brevet de technicien sup\u00e9rieur\u00a0de Comptabilit\u00e9 et gestion (BTS CG) se pr\u00e9pare via un cursus de deux ann\u00e9es.<\/p>\n<p>Actualit\u00e9s :<em> <span id=\"messageContent\">P<\/span><\/em><span id=\"messageContent\"><em>our\u00a0 la discipline \u00ab\u00a0Culture g\u00e9n\u00e9rale et expression\u00a0\u00bb : les th\u00e8mes concernant cet enseignement en deuxi\u00e8me ann\u00e9e sont pr\u00e9cis\u00e9s chaque ann\u00e9e au Bulletin officiel de l&rsquo;\u00c9ducation nationale. Il est indispensable de s&rsquo;informer sur le sujet. Pour la session 2021, les pr\u00e9cisions (vocabulaire, bibliographies, etc. ) concernant le th\u00e8me 1 \u00ab\u00a0\u00c0 toute vitesse !\u00a0\u00bb et le th\u00e8me 2 \u00ab\u00a0De la musique avant toute chose ? \u00a0\u00bb sont accessibles sous ce lien\u00a0 <\/em><\/span><span id=\"messageContent\"><a href=\"https:\/\/www.education.gouv.fr\/bo\/20\/Hebdo11\/ESRS2003433N.htm\">Bulletin officiel de mars 2020<\/a><\/span><\/p>\n<p>Le BTS Comptabilit\u00e9 et gestion (Brevet de technicien sup\u00e9rieur en Comptabilit\u00e9 et gestion) est un dipl\u00f4me d\u2019\u00e9tat de niveau III (bac +2) qui vous permet d\u2019acqu\u00e9rir des comp\u00e9tences professionnelles en gestion (comptable, fiscale, sociale, pr\u00e9visionnelle et financi\u00e8re) ; vous pourrez \u00e9galement acqu\u00e9rir des comp\u00e9tences via l&rsquo;enseignement de la\u00a0\u00a0 culture \u00e9conomique, juridique et manag\u00e9riale (CEJM) et des autres disciplines.<\/p>\n<p align=\"justify\">Acc\u00e9dez sous le lien au r\u00e9f\u00e9rentiel (programme officiel) du BTS <a href=\"https:\/\/www.sup.adc.education.fr\/btslst\/referentiel\/BTS_ComptabiliteGestion.pdf\" target=\"_blank\" rel=\"noopener\">Comptabilit\u00e9 et gestion.<br \/>\n<\/a>Retrouvez en un clic la <a href=\"\/lyc-paulettenardal\/wp-content\/uploads\/sites\/38\/2018\/06\/Manuels-BTS-2018-2019.pdf\" target=\"_blank\" rel=\"noopener\">liste des manuels<\/a> du BTS CG.<\/p>\n<p align=\"justify\">Pour en savoir plus sur la <strong>formation<\/strong>, le <strong>recrutement<\/strong>, les <strong>d\u00e9bouch\u00e9s<\/strong>, la <strong>poursuite d&rsquo;\u00e9tudes<\/strong> &#8230;<\/p>\n<p align=\"justify\"><span style=\"text-decoration: underline\"><span style=\"color: #3394cc\"><span style=\"font-family: Calibri, sans-serif\"><span style=\"font-size: medium\">Objectifs de la formation<\/span><\/span><\/span><\/span><\/p>\n<p><span style=\"font-family: Calibri, sans-serif\"><span style=\"font-size: medium\"><span style=\"color: #202e3b\">Le BTS CG\u00a0 vous permettra d\u2019\u00eatre capable :<br \/>\n<\/span><\/span><\/span><\/p>\n<ul>\n<li><span style=\"font-family: Calibri, sans-serif\"><span style=\"font-size: medium\"><span style=\"color: #202e3b\">D\u2019\u00e9tablir, d&rsquo;enregistrer, de contr\u00f4ler, d&rsquo;archiver les documents commerciaux,<\/span><\/span><\/span><\/li>\n<li><span style=\"font-family: Calibri, sans-serif\"><span style=\"font-size: medium\"><span style=\"color: #202e3b\">De participer \u00e0 la gestion du personnel et de <\/span><\/span><\/span><span style=\"font-family: Calibri, sans-serif\"><span style=\"font-size: medium\"><span style=\"color: #202e3b\">g\u00e9rer les relations avec les organismes sociaux,<\/span><\/span><\/span><\/li>\n<li><span style=\"font-family: Calibri, sans-serif\"><span style=\"font-size: medium\"><span style=\"color: #202e3b\">De r\u00e9aliser et contr\u00f4ler les travaux fiscaux et leur \u00e9ch\u00e9ancier,<\/span><\/span><\/span><\/li>\n<li><span style=\"font-family: Calibri, sans-serif\"><span style=\"font-size: medium\"><span style=\"color: #202e3b\">De contribuer aux pr\u00e9visions d\u2019activit\u00e9s et de participer \u00e0 la prise de d\u00e9cisions de gestion,<\/span><\/span><\/span><\/li>\n<li><span style=\"font-family: Calibri, sans-serif\"><span style=\"font-size: medium\"><span style=\"color: #202e3b\">De ma\u00eetriser les logiciels de comptabilit\u00e9 (devis, facturation, &#8230;) et paie.<\/span><\/span><\/span><\/li>\n<\/ul>\n<p><span style=\"text-decoration: underline\"><span style=\"color: #3394cc\"><span style=\"font-family: Calibri, sans-serif\"><span style=\"font-size: medium\">Recrutement<\/span><\/span><\/span><\/span><\/p>\n<p align=\"justify\"><span style=\"font-family: Calibri, sans-serif\"><span style=\"font-size: medium\"><span style=\"color: #313131\">Le BTS comptabilit\u00e9 et gestion est accessible aux titulaires d&rsquo;un baccalaur\u00e9at STMG (sp\u00e9cialit\u00e9 gestion et finances), d&rsquo;un baccalaur\u00e9at professionnel Gestion et administration, de baccalaur\u00e9ats de fili\u00e8res g\u00e9n\u00e9rales.\u00a0 L&rsquo;acc\u00e8s se fait sur dossier, depuis Parcoursup.<br \/>\n<\/span><\/span><\/span><span style=\"font-family: Calibri, sans-serif\"><span style=\"font-size: medium\"><span style=\"color: #313131\">Cette formation n\u00e9cessite aussi de\u00a0:<\/span><\/span><\/span><\/p>\n<ul>\n<li><span style=\"font-family: Calibri, sans-serif\"><span style=\"font-size: medium\"><span style=\"color: #000000\">S&rsquo;int\u00e9resser au management et \u00e0 la gestion des entreprises et \u00e0 leur environnement \u00e9conomique et juridique,<\/span><\/span><\/span><\/li>\n<li><span style=\"font-family: Calibri, sans-serif\"><span style=\"font-size: medium\"><span style=\"color: #000000\">Renforcer ses comp\u00e9tences pour travailler en \u00e9quipe,<\/span><\/span><\/span><\/li>\n<li><span style=\"font-family: Calibri, sans-serif\"><span style=\"font-size: medium\"><span style=\"color: #000000\">Conforter ses capacit\u00e9s d&rsquo;organisation et d&rsquo;autonomie,<\/span><\/span><\/span><\/li>\n<li><span style=\"font-family: Calibri, sans-serif\"><span style=\"font-size: medium\"><span style=\"color: #000000\">D\u00e9velopper ses comp\u00e9tences en mati\u00e8re de communication \u00e9crite et orale,<\/span><\/span><\/span><\/li>\n<li><span style=\"font-family: Calibri, sans-serif\"><span style=\"font-size: medium\"><span style=\"color: #000000\">Affirmer ses comp\u00e9tences techniques et relationnelles propres aux m\u00e9tiers de la comptabilit\u00e9 et de la gestion,<\/span><\/span><\/span><\/li>\n<li><span style=\"font-family: Calibri, sans-serif\"><span style=\"font-size: medium\"><span style=\"color: #000000\">Avoir des comp\u00e9tences techniques et calculatoires pour traiter des donn\u00e9es de gestion,<\/span><\/span><\/span><\/li>\n<li><span style=\"font-family: Calibri, sans-serif\"><span style=\"font-size: medium\"><span style=\"color: #000000\">\u00catre en capacit\u00e9 d&rsquo;\u00e9voluer dans des environnements num\u00e9riques.<\/span><\/span><\/span><\/li>\n<\/ul>\n<p><span style=\"text-decoration: underline\"><span style=\"color: #1b75bc\"><span style=\"font-family: Calibri, sans-serif\"><span style=\"font-size: medium\">Contenu de la formation<\/span><\/span><\/span><\/span><\/p>\n<p align=\"justify\"><span style=\"font-family: Calibri, sans-serif\"><span style=\"font-size: medium\"><span style=\"color: #202e3b\">En plus de la<strong> formation th\u00e9orique et pratique de deux ann\u00e9es<\/strong> effectu\u00e9e au lyc\u00e9e Centre Sud dont le contenu <\/span><span style=\"color: #202e3b\"><b>figure dans <a href=\"https:\/\/www.sup.adc.education.fr\/btslst\/referentiel\/BTS_ComptabiliteGestion.pdf\" target=\"_blank\" rel=\"noopener\">le r\u00e9f\u00e9rentiel<\/a><\/b><\/span><span style=\"color: #202e3b\">, un<strong> stage en milieu professionnel<\/strong> d\u2019une dur\u00e9e de 10 semaines r\u00e9parties sur deux ann\u00e9es (dont 5 \u00e0 6 semaines \u00e0 r\u00e9aliser en fin de premi\u00e8re ann\u00e9e) est obligatoire.<br \/>\n<\/span><\/span><\/span><span style=\"font-family: Calibri, sans-serif\"><span style=\"font-size: medium\"><span style=\"color: #202e3b\">Il fait l\u2019objet d\u2019une \u00e9valuation \u00e0 l\u2019examen et a pour objectif de permettre \u00e0 l\u2019\u00e9tudiant(e)\u00a0:<\/span><\/span><\/span><\/p>\n<ul>\n<li><span style=\"font-family: Calibri, sans-serif\"><span style=\"font-size: medium\"><span style=\"color: #202e3b\">de mener des missions et des analyses \u00e0 caract\u00e8re professionnel,<\/span><\/span><\/span><\/li>\n<li><span style=\"font-family: Calibri, sans-serif\"><span style=\"font-size: medium\"><span style=\"color: #202e3b\">de d\u00e9velopper le sens des responsabilit\u00e9s par l\u2019adaptation aux exigences de l\u2019emploi,<\/span><\/span><\/span><\/li>\n<li><span style=\"font-family: Calibri, sans-serif\"><span style=\"font-size: medium\"><span style=\"color: #202e3b\">de faire le point sur son parcours de professionnalisation.<\/span><\/span><\/span><\/li>\n<\/ul>\n<p><span style=\"text-decoration: underline\"><span style=\"color: #1b75bc\"><span style=\"font-family: Calibri, sans-serif\"><span style=\"font-size: medium\">D\u00e9bouch\u00e9s professionnels<\/span><\/span><\/span><\/span><\/p>\n<p><span style=\"font-family: Calibri, sans-serif\"><span style=\"font-size: medium\"><span style=\"color: #202e3b\">Le\u00a0<\/span><span style=\"color: #202e3b\"><b>BTS Comptabilit\u00e9 et gestion<\/b><\/span><span style=\"color: #202e3b\">\u00a0est un dipl\u00f4me tr\u00e8s appr\u00e9ci\u00e9 des entreprises. Vous participerez directement \u00e0 la gestion de l\u2019entreprise et jouerez un r\u00f4le important aupr\u00e8s des d\u00e9cisionnaires.<\/span><\/span><\/span><\/p>\n<p><span style=\"font-family: Calibri, sans-serif\"><span style=\"font-size: medium\"><span style=\"color: #202e3b\">Le(la) titulaire de ce dipl\u00f4me exercera son activit\u00e9 principalement comme comptable unique dans les petites structures, ou comme comptable sp\u00e9cialis\u00e9(e), int\u00e9gr\u00e9(e) \u00e0 une \u00e9quipe, dans les entreprises de plus grande dimension :<\/span><\/span><\/span><\/p>\n<ul>\n<li><span style=\"font-family: Calibri, sans-serif\"><span style=\"font-size: medium\"><span style=\"color: #202e3b\">Dans les entreprises ou organismes prestataires de services comptables et de gestion, en tant qu\u2019assistant(e) ou collaborateur(trice) dans les cabinets d\u2019expertise-comptable, les centres de gestion agr\u00e9\u00e9s, ou en tant que charg\u00e9(e) de client\u00e8le ou conseiller(\u00e8re) dans les cabinets d\u2019audit et de conseil\u00a0;<br \/>\n<\/span><\/span><\/span><\/li>\n<li><span style=\"font-family: Calibri, sans-serif\"><span style=\"font-size: medium\"><span style=\"color: #202e3b\">Dans le secteur associatif, pour des emplois similaires, mais dans un contexte r\u00e9glementaire sp\u00e9cifique\u00a0;<br \/>\n<\/span><\/span><\/span><\/li>\n<li><span style=\"font-family: Calibri, sans-serif\"><span style=\"font-size: medium\"><span style=\"color: #202e3b\">Dans les services comptables et financiers du secteur public.<\/span><\/span><\/span><\/li>\n<\/ul>\n<p><span style=\"text-decoration: underline\"><span style=\"color: #1b75bc\"><span style=\"font-family: Calibri, sans-serif\"><span style=\"font-size: medium\">Poursuite d\u2019\u00e9tudes<\/span><\/span><\/span><\/span><\/p>\n<p align=\"justify\"><span style=\"font-family: Calibri, sans-serif\"><span style=\"font-size: medium\"><span style=\"color: #313131\">Le BTS a pour objectif\u00a0l&rsquo;insertion professionnelle mais une poursuite d&rsquo;\u00e9tudes est envisageable\u00a0en licence professionnelle dans les secteurs de la finance-comptabilit\u00e9, des ressources humaines ou de la gestion d&rsquo;entreprise, en licence (L3 \u00e9conomie-gestion,\u00a0gestion\u00a0ou AES), en \u00e9cole sup\u00e9rieure de commerce et de gestion\u00a0ou en \u00e9cole sp\u00e9cialis\u00e9e par le biais des admissions parall\u00e8les.<\/span><span style=\"color: #202e3b\"><br \/>\n<\/span><\/span><\/span><span style=\"font-family: Calibri, sans-serif\"><span style=\"font-size: medium\"><span style=\"color: #202e3b\">Vous pourrez, si vous le souhaitez, vous diriger vers l\u2019expertise-comptable et entrer directement en deuxi\u00e8me ann\u00e9e de DCG (Dipl\u00f4me de Comptabilit\u00e9 et de Gestion). En outre<\/span><\/span><\/span><span style=\"font-family: Calibri, sans-serif\"><span style=\"font-size: medium\"><span style=\"color: #202e3b\">, l&rsquo;obtention du <\/span><span style=\"color: #202e3b\">BTS CG<\/span><span style=\"color: #202e3b\"> vous dispense de plusieurs des 13 unit\u00e9s d\u2019enseignement du DCG (consulter les d\u00e9crets publi\u00e9s chaque ann\u00e9e au Bulletin officiel de l&rsquo;enseignement sup\u00e9rieur)<\/span><span style=\"color: #111111\">.<\/span><\/span><\/span><\/p>\n<p><a href=\"\/lyc-paulettenardal\/wp-content\/uploads\/sites\/38\/2018\/07\/NuageMots_BTS_H210.jpg\"><img fetchpriority=\"high\" decoding=\"async\" class=\"size-full wp-image-1777 aligncenter\" src=\"\/lyc-paulettenardal\/wp-content\/uploads\/sites\/38\/2018\/07\/NuageMots_BTS_H210.jpg\" alt=\"\" width=\"417\" height=\"210\" srcset=\"https:\/\/site.ac-martinique.fr\/lyc-paulettenardal\/wp-content\/uploads\/sites\/38\/2018\/07\/NuageMots_BTS_H210.jpg 417w, https:\/\/site.ac-martinique.fr\/lyc-paulettenardal\/wp-content\/uploads\/sites\/38\/2018\/07\/NuageMots_BTS_H210-300x151.jpg 300w\" sizes=\"(max-width: 417px) 100vw, 417px\" \/><\/a><\/p>\n<\/p>\n<\/p><\/p>\n","protected":false},"excerpt":{"rendered":"<p>Le Brevet de technicien sup\u00e9rieur\u00a0de Comptabilit\u00e9 et gestion (BTS CG) se pr\u00e9pare via un cursus de deux ann\u00e9es. Actualit\u00e9s : &hellip; <\/p>\n<p class=\"link-more\"><a href=\"https:\/\/site.ac-martinique.fr\/lyc-paulettenardal\/?page_id=1184\" class=\"more-link\">Lire la suite&#8230;<span class=\"screen-reader-text\"> \u00ab\u00a0BTS Comptabilit\u00e9 et gestion\u00a0\u00bb<\/span><\/a><\/p>\n","protected":false},"author":187,"featured_media":0,"parent":0,"menu_order":0,"comment_status":"closed","ping_status":"closed","template":"","meta":{"footnotes":""},"class_list":["post-1184","page","type-page","status-publish","hentry"],"_links":{"self":[{"href":"https:\/\/site.ac-martinique.fr\/lyc-paulettenardal\/index.php?rest_route=\/wp\/v2\/pages\/1184","targetHints":{"allow":["GET"]}}],"collection":[{"href":"https:\/\/site.ac-martinique.fr\/lyc-paulettenardal\/index.php?rest_route=\/wp\/v2\/pages"}],"about":[{"href":"https:\/\/site.ac-martinique.fr\/lyc-paulettenardal\/index.php?rest_route=\/wp\/v2\/types\/page"}],"author":[{"embeddable":true,"href":"https:\/\/site.ac-martinique.fr\/lyc-paulettenardal\/index.php?rest_route=\/wp\/v2\/users\/187"}],"replies":[{"embeddable":true,"href":"https:\/\/site.ac-martinique.fr\/lyc-paulettenardal\/index.php?rest_route=%2Fwp%2Fv2%2Fcomments&post=1184"}],"version-history":[{"count":19,"href":"https:\/\/site.ac-martinique.fr\/lyc-paulettenardal\/index.php?rest_route=\/wp\/v2\/pages\/1184\/revisions"}],"predecessor-version":[{"id":3549,"href":"https:\/\/site.ac-martinique.fr\/lyc-paulettenardal\/index.php?rest_route=\/wp\/v2\/pages\/1184\/revisions\/3549"}],"wp:attachment":[{"href":"https:\/\/site.ac-martinique.fr\/lyc-paulettenardal\/index.php?rest_route=%2Fwp%2Fv2%2Fmedia&parent=1184"}],"curies":[{"name":"wp","href":"https:\/\/api.w.org\/{rel}","templated":true}]}}