{"id":1213,"date":"2018-05-15T13:49:05","date_gmt":"2018-05-15T19:19:05","guid":{"rendered":"\/lyc-paulettenardal\/?page_id=1213"},"modified":"2021-07-01T10:57:44","modified_gmt":"2021-07-01T14:57:44","slug":"formations-post-bac","status":"publish","type":"page","link":"https:\/\/site.ac-martinique.fr\/lyc-paulettenardal\/?page_id=1213","title":{"rendered":"Formations post-Bac"},"content":{"rendered":"<p>Apr\u00e8s le baccalaur\u00e9at, le lyc\u00e9e Paulette NARDAL propose les formations suivantes :<\/p>\n<ul>\n<li data-tadv-p=\"keep\"><a href=\"https:\/\/site.ac-martinique.fr\/lyc-paulettenardal\/?page_id=1184\" target=\"_blank\" rel=\"noopener\">BTS Comptabilit\u00e9 et gestion<\/a> (CG)<\/li>\n<li data-tadv-p=\"keep\"><a href=\"https:\/\/site.ac-martinique.fr\/lyc-paulettenardal\/?page_id=1225\" target=\"_blank\" rel=\"noopener\">Pr\u00e9pa Biologie, Physique, Chimie &amp; Sciences de la Terre<\/a> (BPCST)<\/li>\n<\/ul>\n\n","protected":false},"excerpt":{"rendered":"<p>Apr\u00e8s le baccalaur\u00e9at, le lyc\u00e9e Paulette NARDAL propose les formations suivantes : BTS Comptabilit\u00e9 et gestion (CG) Pr\u00e9pa Biologie, Physique, &hellip; <\/p>\n<p class=\"link-more\"><a href=\"https:\/\/site.ac-martinique.fr\/lyc-paulettenardal\/?page_id=1213\" class=\"more-link\">Lire la suite&#8230;<span class=\"screen-reader-text\"> \u00ab\u00a0Formations post-Bac\u00a0\u00bb<\/span><\/a><\/p>\n","protected":false},"author":187,"featured_media":0,"parent":0,"menu_order":0,"comment_status":"closed","ping_status":"closed","template":"","meta":{"footnotes":""},"class_list":["post-1213","page","type-page","status-publish","hentry"],"_links":{"self":[{"href":"https:\/\/site.ac-martinique.fr\/lyc-paulettenardal\/index.php?rest_route=\/wp\/v2\/pages\/1213","targetHints":{"allow":["GET"]}}],"collection":[{"href":"https:\/\/site.ac-martinique.fr\/lyc-paulettenardal\/index.php?rest_route=\/wp\/v2\/pages"}],"about":[{"href":"https:\/\/site.ac-martinique.fr\/lyc-paulettenardal\/index.php?rest_route=\/wp\/v2\/types\/page"}],"author":[{"embeddable":true,"href":"https:\/\/site.ac-martinique.fr\/lyc-paulettenardal\/index.php?rest_route=\/wp\/v2\/users\/187"}],"replies":[{"embeddable":true,"href":"https:\/\/site.ac-martinique.fr\/lyc-paulettenardal\/index.php?rest_route=%2Fwp%2Fv2%2Fcomments&post=1213"}],"version-history":[{"count":4,"href":"https:\/\/site.ac-martinique.fr\/lyc-paulettenardal\/index.php?rest_route=\/wp\/v2\/pages\/1213\/revisions"}],"predecessor-version":[{"id":3887,"href":"https:\/\/site.ac-martinique.fr\/lyc-paulettenardal\/index.php?rest_route=\/wp\/v2\/pages\/1213\/revisions\/3887"}],"wp:attachment":[{"href":"https:\/\/site.ac-martinique.fr\/lyc-paulettenardal\/index.php?rest_route=%2Fwp%2Fv2%2Fmedia&parent=1213"}],"curies":[{"name":"wp","href":"https:\/\/api.w.org\/{rel}","templated":true}]}}