{"id":1244,"date":"2018-05-15T15:01:38","date_gmt":"2018-05-15T20:31:38","guid":{"rendered":"\/lyc-paulettenardal\/?page_id=1244"},"modified":"2021-03-24T15:37:49","modified_gmt":"2021-03-24T19:37:49","slug":"vie-lyceenne","status":"publish","type":"page","link":"https:\/\/site.ac-martinique.fr\/lyc-paulettenardal\/?page_id=1244","title":{"rendered":"Vie lyc\u00e9enne"},"content":{"rendered":"<header class=\"cartouche\">\n<p><span style=\"font-size: 12pt\">Consulter la page du <a href=\"\/lyc-paulettenardal\/?page_id=2291\" target=\"_blank\" rel=\"noopener\">Conseil de la Vie Lyc\u00e9enne<\/a><strong>.<\/strong><\/span><\/p>\n<p>D\u00e9couvrir la musique au lyc\u00e9e, les actions des \u00e9l\u00e8ves, les projets internationaux, les voyages scolaires via les pages \u00ab\u00a0<a href=\"\/lyc-paulettenardal\/?page_id=1137\" target=\"_blank\" rel=\"noopener\">Nos atouts<\/a>\u00a0\u00bb sans oublier les <a href=\"\/lyc-paulettenardal\/?page_id=2349\" target=\"_blank\" rel=\"noopener\">activit\u00e9s sportives<\/a>.<\/p>\n<\/header>\n<div class=\"main\">\n<p>&nbsp;<\/p>\n<\/div>\n","protected":false},"excerpt":{"rendered":"<p>Consulter la page du Conseil de la Vie Lyc\u00e9enne. D\u00e9couvrir la musique au lyc\u00e9e, les actions des \u00e9l\u00e8ves, les projets &hellip; <\/p>\n<p class=\"link-more\"><a href=\"https:\/\/site.ac-martinique.fr\/lyc-paulettenardal\/?page_id=1244\" class=\"more-link\">Lire la suite&#8230;<span class=\"screen-reader-text\"> \u00ab\u00a0Vie lyc\u00e9enne\u00a0\u00bb<\/span><\/a><\/p>\n","protected":false},"author":187,"featured_media":0,"parent":0,"menu_order":0,"comment_status":"closed","ping_status":"closed","template":"","meta":{"footnotes":""},"class_list":["post-1244","page","type-page","status-publish","hentry"],"_links":{"self":[{"href":"https:\/\/site.ac-martinique.fr\/lyc-paulettenardal\/index.php?rest_route=\/wp\/v2\/pages\/1244","targetHints":{"allow":["GET"]}}],"collection":[{"href":"https:\/\/site.ac-martinique.fr\/lyc-paulettenardal\/index.php?rest_route=\/wp\/v2\/pages"}],"about":[{"href":"https:\/\/site.ac-martinique.fr\/lyc-paulettenardal\/index.php?rest_route=\/wp\/v2\/types\/page"}],"author":[{"embeddable":true,"href":"https:\/\/site.ac-martinique.fr\/lyc-paulettenardal\/index.php?rest_route=\/wp\/v2\/users\/187"}],"replies":[{"embeddable":true,"href":"https:\/\/site.ac-martinique.fr\/lyc-paulettenardal\/index.php?rest_route=%2Fwp%2Fv2%2Fcomments&post=1244"}],"version-history":[{"count":3,"href":"https:\/\/site.ac-martinique.fr\/lyc-paulettenardal\/index.php?rest_route=\/wp\/v2\/pages\/1244\/revisions"}],"predecessor-version":[{"id":3235,"href":"https:\/\/site.ac-martinique.fr\/lyc-paulettenardal\/index.php?rest_route=\/wp\/v2\/pages\/1244\/revisions\/3235"}],"wp:attachment":[{"href":"https:\/\/site.ac-martinique.fr\/lyc-paulettenardal\/index.php?rest_route=%2Fwp%2Fv2%2Fmedia&parent=1244"}],"curies":[{"name":"wp","href":"https:\/\/api.w.org\/{rel}","templated":true}]}}