{"id":1380,"date":"2018-05-20T09:06:02","date_gmt":"2018-05-20T13:06:02","guid":{"rendered":"\/lyc-paulettenardal\/?page_id=1380"},"modified":"2021-06-06T20:34:29","modified_gmt":"2021-06-07T00:34:29","slug":"notre-actualite","status":"publish","type":"page","link":"https:\/\/site.ac-martinique.fr\/lyc-paulettenardal\/?page_id=1380","title":{"rendered":"INTERNAT : MODALIT\u00c9S ET TARIFS"},"content":{"rendered":"\n<p><strong>MISE EN APPLICATION DU FORFAIT ANNUEL D\u2019INTERNAT<\/strong> &#8211; <strong>ANN\u00c9E SCOLAIRE 2021 \u2013 2022<\/strong><\/p>\n\n\n\n<p>Vu les modalit\u00e9s de pr\u00e9sence \u00e0 l\u2019internat des \u00e9tudiants de 1<sup>\u00e8re<\/sup> ann\u00e9e et de 2<sup>\u00e8me<\/sup> ann\u00e9e durant le troisi\u00e8me trimestre, le \u00ab\u00a0forfait annuel \u00bb est factur\u00e9 aux familles comme suit :<\/p>\n<p>1. <span style=\"text-decoration: underline\">Concernant les \u00e9tudiants de 1<sup>\u00e8re<\/sup> ann\u00e9e :<\/span><\/p>\n\n\n\n<p class=\"has-text-align-center\"><strong>BCPST 1<\/strong><\/p>\n\n\n\n<figure class=\"wp-block-table is-style-regular\"><table><tbody><tr><td class=\"has-text-align-center\" data-align=\"center\">1<sup>\u00e8re<\/sup> p\u00e9riode<br>Sept-D\u00e9cembre<\/td><td class=\"has-text-align-center\" data-align=\"center\">2<sup>\u00e8me<\/sup> p\u00e9riode<br>Janv-Mars<\/td><td class=\"has-text-align-center\" data-align=\"center\">3\u00e8me p\u00e9riode<br>Avril-Juin<\/td><td class=\"has-text-align-center\" data-align=\"center\"><strong>CO\u00dbT TOTAL<br>ANN\u00c9E<\/strong><\/td><\/tr><tr><td class=\"has-text-align-center\" data-align=\"center\">775,00 euros<\/td><td class=\"has-text-align-center\" data-align=\"center\">625,00 euros<\/td><td class=\"has-text-align-center\" data-align=\"center\">400,00 euros<\/td><td class=\"has-text-align-center\" data-align=\"center\"><strong>1 800,00<\/strong> <strong>euros<\/strong><\/td><\/tr><\/tbody><\/table><\/figure>\n\n\n\n<p><br \/>2. <span style=\"text-decoration: underline\">Concernant les \u00e9tudiants de 2<sup>\u00e8me<\/sup> ann\u00e9e :<\/span><\/p>\n<p style=\"text-align: center\"><strong>BCPST 2<\/strong><\/p>\n\n\n\n<figure class=\"wp-block-table is-style-regular\"><table><tbody><tr><td class=\"has-text-align-center\" data-align=\"center\">1<sup>\u00e8re<\/sup> p\u00e9riode<br>Sept-D\u00e9cembre<\/td><td class=\"has-text-align-center\" data-align=\"center\">2<sup>\u00e8me<\/sup> p\u00e9riode<br>Janv-Mars<\/td><td class=\"has-text-align-center\" data-align=\"center\">3\u00e8me p\u00e9riode<br>Avril-Juin<\/td><td class=\"has-text-align-center\" data-align=\"center\"><strong>CO\u00dbT TOTAL<br>ANN\u00c9E<\/strong><\/td><\/tr><tr><td class=\"has-text-align-center\" data-align=\"center\">775,00 euros<\/td><td class=\"has-text-align-center\" data-align=\"center\">625,00 euros<\/td><td class=\"has-text-align-center\" data-align=\"center\">150,00 euros<\/td><td class=\"has-text-align-center\" data-align=\"center\"><strong>1 550,00<\/strong> <strong>euros<\/strong><\/td><\/tr><\/tbody><\/table><\/figure>\n\n\n\n\n\n<p><br \/>3. <u>Respect rigoureux des dates de r\u00e8glement de l\u2019INTERNAT<\/u><\/p>\n<ul>\n<li>Pour le premier trimestre (septembre \u00e0 d\u00e9cembre), la date limite de r\u00e8glement est fix\u00e9e au <strong>1<sup>e<\/sup><sup>r<\/sup> d\u00e9cembre 2021 ;<\/strong><\/li>\n<\/ul>\n<ul>\n<li>Pour le second trimestre (janvier \u00e0 mars), la date limite de r\u00e8glement est au fix\u00e9e au <strong>1<sup>er<\/sup> mars 2022 ;<br \/><\/strong><\/li>\n<\/ul>\n<ul>\n<li>Pour le troisi\u00e8me trimestre (avril \u00e0 juin), la date limite de r\u00e8glement est fix\u00e9e au <strong>3 mai 2022<\/strong>.<\/li>\n<\/ul>\n<p>Nous vous rappelons que<strong> ces dates de r\u00e8glement devront \u00eatre scrupuleusement respect\u00e9es.<\/strong><\/p>\n<p style=\"text-align: left\">Pour toute information compl\u00e9mentaire, merci de vous rapprocher de\u00a0 Madame CECILIA-JOSEPH Aim\u00e9e, au Service INTENDANCE.<\/p>\n<p>\u00a0<\/p>\n<p style=\"text-align: right\">Le Proviseur,<br \/>Richard Campos<\/p>\n","protected":false},"excerpt":{"rendered":"<p>MISE EN APPLICATION DU FORFAIT ANNUEL D\u2019INTERNAT &#8211; ANN\u00c9E SCOLAIRE 2021 \u2013 2022 BCPST 1 1\u00e8re p\u00e9riodeSept-D\u00e9cembre 2\u00e8me p\u00e9riodeJanv-Mars 3\u00e8me &hellip; <\/p>\n<p class=\"link-more\"><a href=\"https:\/\/site.ac-martinique.fr\/lyc-paulettenardal\/?page_id=1380\" class=\"more-link\">Lire la suite&#8230;<span class=\"screen-reader-text\"> \u00ab\u00a0INTERNAT : MODALIT\u00c9S ET TARIFS\u00a0\u00bb<\/span><\/a><\/p>\n","protected":false},"author":187,"featured_media":0,"parent":0,"menu_order":0,"comment_status":"closed","ping_status":"closed","template":"","meta":{"footnotes":""},"class_list":["post-1380","page","type-page","status-publish","hentry"],"_links":{"self":[{"href":"https:\/\/site.ac-martinique.fr\/lyc-paulettenardal\/index.php?rest_route=\/wp\/v2\/pages\/1380","targetHints":{"allow":["GET"]}}],"collection":[{"href":"https:\/\/site.ac-martinique.fr\/lyc-paulettenardal\/index.php?rest_route=\/wp\/v2\/pages"}],"about":[{"href":"https:\/\/site.ac-martinique.fr\/lyc-paulettenardal\/index.php?rest_route=\/wp\/v2\/types\/page"}],"author":[{"embeddable":true,"href":"https:\/\/site.ac-martinique.fr\/lyc-paulettenardal\/index.php?rest_route=\/wp\/v2\/users\/187"}],"replies":[{"embeddable":true,"href":"https:\/\/site.ac-martinique.fr\/lyc-paulettenardal\/index.php?rest_route=%2Fwp%2Fv2%2Fcomments&post=1380"}],"version-history":[{"count":16,"href":"https:\/\/site.ac-martinique.fr\/lyc-paulettenardal\/index.php?rest_route=\/wp\/v2\/pages\/1380\/revisions"}],"predecessor-version":[{"id":3707,"href":"https:\/\/site.ac-martinique.fr\/lyc-paulettenardal\/index.php?rest_route=\/wp\/v2\/pages\/1380\/revisions\/3707"}],"wp:attachment":[{"href":"https:\/\/site.ac-martinique.fr\/lyc-paulettenardal\/index.php?rest_route=%2Fwp%2Fv2%2Fmedia&parent=1380"}],"curies":[{"name":"wp","href":"https:\/\/api.w.org\/{rel}","templated":true}]}}