{"id":1432,"date":"2018-05-24T11:24:26","date_gmt":"2018-05-24T15:24:26","guid":{"rendered":"\/lyc-paulettenardal\/?page_id=1432"},"modified":"2021-05-11T19:07:04","modified_gmt":"2021-05-11T23:07:04","slug":"seconde","status":"publish","type":"page","link":"https:\/\/site.ac-martinique.fr\/lyc-paulettenardal\/?page_id=1432","title":{"rendered":"Seconde"},"content":{"rendered":"<p>L&rsquo;acc\u00e8s \u00e0 la classe de Seconde g\u00e9n\u00e9rale et technologique (2nde GT) pr\u00e9pare l&rsquo;acc\u00e8s \u00e0 un cursus g\u00e9n\u00e9ral ou technologique. En fin d&rsquo;ann\u00e9e les \u00e9l\u00e8ves qui le souhaitent peuvent entrer dans la voie professionnelle.<\/p>\n<p>La 2nde GT est organis\u00e9e avec\u00a0<strong>un tronc commun\u00a0<\/strong>et\u00a0<strong>des enseignements facultatifs<\/strong>\u00a0de diff\u00e9rentes natures qui permettent aux \u00e9l\u00e8ves d&rsquo;approfondir l&rsquo;\u00e9laboration de leur choix d&rsquo;orientation ou de conforter des acquisitions dans des domaines aussi divers que les langues \u00e9trang\u00e8res ou une activit\u00e9 sportive.<\/p>\n<p><u><strong>Le tronc commun<\/strong><\/u><\/p>\n<p>A noter deux \u00e9l\u00e9ments de nouveaut\u00e9 li\u00e9s \u00e0 la r\u00e9forme du lyc\u00e9e :<\/p>\n<p><img fetchpriority=\"high\" decoding=\"async\" class=\"align-right alignright\" src=\"https:\/\/www.lycee-monge.fr\/sites\/default\/files\/inline-images\/tronc%20commun%202gt_0.png\" alt=\"horaires du tronc commun 2GT\" width=\"405\" height=\"450\" \/><\/p>\n<ul>\n<li>un nouvel enseignement Sciences num\u00e9riques et technologie (SNT) entre dans les mati\u00e8res obligatoires : il vise \u00e0 cr\u00e9er une culture commune num\u00e9rique. Cependant le programme comprend quelques rares points plus techniques comme la pr\u00e9sentation de certains protocoles de l&rsquo;internet. Cet enseignement n&rsquo;est pas le point d&rsquo;entr\u00e9e vers la sp\u00e9cialit\u00e9 Num\u00e9rique et sciences informatiques (NSI) en 1\u00e8re.<\/li>\n<li>les Sciences \u00e9conomiques et sociales (SES) sont \u00e9tudi\u00e9es par tous les \u00e9l\u00e8ves de 2nde.<\/li>\n<\/ul>\n<p>Les cours se d\u00e9roulent en classe enti\u00e8re ou en groupes : la grille horaire indique le nombre d&rsquo;heures que les \u00e9l\u00e8ves suivront, quelle que soit la modalit\u00e9 d&rsquo;organisation (cours, TP, TD&#8230;).<br \/>\nLes horaires hebdomadaires sont r\u00e9capitul\u00e9s dans le tableau.<\/p>\n<p><strong>Des temps d&rsquo;accompagnement<\/strong>\u00a0sont pr\u00e9vus :<br \/>\n&#8211; l&rsquo;accompagnement personnalis\u00e9 se centre sur les contenus et les m\u00e9thodologies n\u00e9cessaires \u00e0 la r\u00e9ussite au lyc\u00e9e ;<br \/>\n&#8211; l&rsquo;accompagnement au choix d&rsquo;orientation et l&rsquo;heure de vie de classe se r\u00e9partissent dans l&rsquo;ann\u00e9e scolaire selon une organisation modulable, ce qui explique qu&rsquo;ils sont d\u00e9finis par un volume horaire annuel.<\/p>\n<\/p>\n<h4><u>Les enseignements compl\u00e9mentaires<\/u><\/h4>\n<p>\u00a0 &#8211;\u00a0<strong>Les options\u00a0<\/strong>sont r\u00e9parties en deux cat\u00e9gories :<\/p>\n<p>\u00a0\u00a0\u00a0\u00a0\u00a0\u00a0 \u00a4 les options dites g\u00e9n\u00e9rales : le lyc\u00e9e disposera de l&rsquo;option EPS<\/p>\n<p>\u00a0\u00a0\u00a0\u00a0\u00a0\u00a0 \u00a4 et celles dites technologiques : l&rsquo;option Management et gestion est ouverte au lyc\u00e9e.<\/p>\n<p>\u00a0\u00a0\u00a0\u00a0 Les \u00e9l\u00e8ves pourront choisir une option g\u00e9n\u00e9rale et\/ou une option technologique. Elles permettent d&rsquo;\u00e9largir les perspectives de formation du jeune lyc\u00e9en.<\/p>\n<\/p>\n<h2><span style=\"color: #808000;font-size: 14pt\">8 enseignements obligatoires communs \u00e0 tous les \u00e9l\u00e8ves<\/span><\/h2>\n<h4>Fran\u00e7ais (4h)<\/h4>\n<p style=\"text-align: justify\">4 grands genres litt\u00e9raires (roman, th\u00e9\u00e2tre, po\u00e9sie, \u00e9crits d&rsquo;argumentation) sont \u00e9tudi\u00e9s \u00e0 diff\u00e9rents moments de l&rsquo;histoire litt\u00e9raire (entre les XVIIe et XXe si\u00e8cles) \u00e0 travers des groupements de textes et des \u0153uvres compl\u00e8tes. En vue des \u00e9preuves du bac, la pratique du commentaire de texte (\u00e9crit et oral) et de l&rsquo;\u00e9criture d&rsquo;invention est approfondie, et la dissertation litt\u00e9raire est abord\u00e9e.<\/p>\n<h4>Histoire-g\u00e9ographie (3h)<\/h4>\n<p style=\"text-align: justify\">L&rsquo;histoire des Europ\u00e9ens est \u00e9tudi\u00e9e \u00e0 travers celle du monde, de l&rsquo;antiquit\u00e9 au milieu du XIXe si\u00e8cle. En g\u00e9ographie, le programme qui comporte 4 th\u00e8mes est centr\u00e9 sur les questions de d\u00e9veloppement durable.<\/p>\n<h4>Langues vivantes \u00e9trang\u00e8res Anglais et Espagnol (5h30)<\/h4>\n<p style=\"text-align: justify\">L\u2019objectif est de d\u00e9velopper des comp\u00e9tences de communication : compr\u00e9hension de la langue \u00e0 partir de supports vari\u00e9s, expression orale, expression \u00e9crite et d\u00e9couverte de la culture des soci\u00e9t\u00e9s dont on \u00e9tudie la langue.<\/p>\n<h4>Math\u00e9matiques (4h)<\/h4>\n<p style=\"text-align: justify\">Au programme 3 domaines : les statistiques et probabilit\u00e9s ; les fonctions ; la g\u00e9om\u00e9trie. Diversification des activit\u00e9s math\u00e9matiques : chercher et exp\u00e9rimenter gr\u00e2ce \u00e0 l&rsquo;aide d&rsquo;outils logiciels ; appliquer des techniques et mettre en \u0153uvre des algorithmes ; raisonner, d\u00e9montrer ; expliquer oralement une d\u00e9marche, communiquer un r\u00e9sultat, \u00e0 l&rsquo;oral ou par \u00e9crit.<\/p>\n<h4>Physique-chimie (3h)<\/h4>\n<p style=\"text-align: justify\">Trois th\u00e8mes centraux (la sant\u00e9 ; la pratique du sport ; l\u2019Univers) permettent d\u2019aborder de grandes questions de soci\u00e9t\u00e9, tout en dispensant des connaissances scientifiques. Une place importante est donn\u00e9e \u00e0 la d\u00e9marche scientifique et \u00e0 l\u2019approche exp\u00e9rimentale.<\/p>\n<h4>Sciences de la vie et de la Terre &#8211; SVT (1h30)<\/h4>\n<p style=\"text-align: justify\">Les 3 th\u00e9matiques (la Terre dans l&rsquo;Univers, la vie et l&rsquo;\u00e9volution du vivant ; les enjeux plan\u00e9taires contemporains ; le corps humain et la sant\u00e9) traitent des grands probl\u00e8mes auxquels l&rsquo;humanit\u00e9 se trouve aujourd&rsquo;hui confront\u00e9e. Une occasion de travailler les m\u00e9thodes d&rsquo;argumentation des sciences.<\/p>\n<h4>\u00c9ducation physique et sportive &#8211; EPS (2h)<\/h4>\n<p style=\"text-align: justify\">L&rsquo;EPS offre une pratique adapt\u00e9e et diversifi\u00e9e d&rsquo;activit\u00e9s physiques, sportives et artistiques (course, natation, gymnastiques, sports collectifs, danse&#8230;). L&rsquo;objectif est de d\u00e9velopper sa motricit\u00e9 et d&rsquo;entretenir sa sant\u00e9.<\/p>\n<h4>Enseignement moral et civique &#8211; EMC (0h30)<\/h4>\n<p style=\"text-align: justify\">\u00c0 partir d&rsquo;\u00e9tudes de cas autour des th\u00e8mes de \u00ab\u00a0La personne et l\u2019\u00c9tat de droit\u00a0\u00bb et \u00ab\u00a0\u00c9galit\u00e9 et discrimination\u00a0\u00bb, les \u00e9l\u00e8ves sont amen\u00e9s \u00e0 identifier et \u00e0 expliciter les valeurs \u00e9thiques et les principes civiques, \u00e0 d\u00e9velopper leur expression personnelle, leur argumentation et leur sens critique, tout en s&rsquo;impliquant dans le travail d&rsquo;\u00e9quipe.<\/p>\n<\/p>\n<h2><span style=\"color: #808000;font-size: 14pt\">Enseignement facultatif<\/span><\/h2>\n<p style=\"text-align: justify\">En fonction de leur capacit\u00e9 de travail et de leurs centres d&rsquo;int\u00e9r\u00eat, les \u00e9l\u00e8ves peuvent choisir un enseignement facultatif au choix parmi :<\/p>\n<ul class=\"oni_list\">\n<li style=\"list-style-type: none\">\n<ul class=\"oni_list\">\n<li style=\"text-align: justify\">Langues et cultures de l&rsquo;Antiquit\u00e9 : latin ;<\/li>\n<li>Sciences et laboratoire ;<\/li>\n<li style=\"text-align: justify\">Arts plastiques ;<\/li>\n<li style=\"text-align: justify\">EPS (Badminton) ;<\/li>\n<li style=\"text-align: justify\">Musique.<\/li>\n<\/ul>\n<\/li>\n<\/ul>\n<table class=\"greytable\" border=\"0\" summary=\"sss\" width=\"100%\" cellspacing=\"0\" cellpadding=\"2\">\n<tbody>\n<tr>\n<td valign=\"top\">\n<p style=\"text-align: justify\"><b>\u00c0 noter<\/b> : un m\u00eame enseignement ne peut \u00eatre choisi au titre des enseignements d&rsquo;exploration et de l&rsquo;enseignement facultatif.<\/p>\n<\/td>\n<\/tr>\n<\/tbody>\n<\/table>\n<h2><span style=\"color: #808000;font-size: 14pt\">1 accompagnement personnalis\u00e9 pour tous les \u00e9l\u00e8ves (2 h par semaine)<\/span><\/h2>\n<p style=\"text-align: justify\">Il est destin\u00e9 \u00e0 r\u00e9pondre plus \u00e9troitement aux besoins des \u00e9l\u00e8ves. Il peut comprendre des activit\u00e9s vari\u00e9es, en particulier :<\/p>\n<ul class=\"rond\">\n<li style=\"text-align: justify\">du travail et du soutien sur les m\u00e9thodes, pour aider les \u00e9l\u00e8ves \u00e0 s&rsquo;adapter aux exigences du lyc\u00e9e ;<\/li>\n<li style=\"text-align: justify\">de l&rsquo;approfondissement, pour aborder certaines mati\u00e8res de mani\u00e8re diff\u00e9rentes ou certains domaines ;<\/li>\n<li style=\"text-align: justify\">de l&rsquo;aide \u00e0 l&rsquo;orientation, pour aider les \u00e9l\u00e8ves \u00e0 construire leur projet de formation.<\/li>\n<\/ul>\n","protected":false},"excerpt":{"rendered":"<p>L&rsquo;acc\u00e8s \u00e0 la classe de Seconde g\u00e9n\u00e9rale et technologique (2nde GT) pr\u00e9pare l&rsquo;acc\u00e8s \u00e0 un cursus g\u00e9n\u00e9ral ou technologique. En &hellip; <\/p>\n<p class=\"link-more\"><a href=\"https:\/\/site.ac-martinique.fr\/lyc-paulettenardal\/?page_id=1432\" class=\"more-link\">Lire la suite&#8230;<span class=\"screen-reader-text\"> \u00ab\u00a0Seconde\u00a0\u00bb<\/span><\/a><\/p>\n","protected":false},"author":187,"featured_media":0,"parent":1431,"menu_order":0,"comment_status":"closed","ping_status":"closed","template":"","meta":{"footnotes":""},"class_list":["post-1432","page","type-page","status-publish","hentry"],"_links":{"self":[{"href":"https:\/\/site.ac-martinique.fr\/lyc-paulettenardal\/index.php?rest_route=\/wp\/v2\/pages\/1432","targetHints":{"allow":["GET"]}}],"collection":[{"href":"https:\/\/site.ac-martinique.fr\/lyc-paulettenardal\/index.php?rest_route=\/wp\/v2\/pages"}],"about":[{"href":"https:\/\/site.ac-martinique.fr\/lyc-paulettenardal\/index.php?rest_route=\/wp\/v2\/types\/page"}],"author":[{"embeddable":true,"href":"https:\/\/site.ac-martinique.fr\/lyc-paulettenardal\/index.php?rest_route=\/wp\/v2\/users\/187"}],"replies":[{"embeddable":true,"href":"https:\/\/site.ac-martinique.fr\/lyc-paulettenardal\/index.php?rest_route=%2Fwp%2Fv2%2Fcomments&post=1432"}],"version-history":[{"count":21,"href":"https:\/\/site.ac-martinique.fr\/lyc-paulettenardal\/index.php?rest_route=\/wp\/v2\/pages\/1432\/revisions"}],"predecessor-version":[{"id":3546,"href":"https:\/\/site.ac-martinique.fr\/lyc-paulettenardal\/index.php?rest_route=\/wp\/v2\/pages\/1432\/revisions\/3546"}],"up":[{"embeddable":true,"href":"https:\/\/site.ac-martinique.fr\/lyc-paulettenardal\/index.php?rest_route=\/wp\/v2\/pages\/1431"}],"wp:attachment":[{"href":"https:\/\/site.ac-martinique.fr\/lyc-paulettenardal\/index.php?rest_route=%2Fwp%2Fv2%2Fmedia&parent=1432"}],"curies":[{"name":"wp","href":"https:\/\/api.w.org\/{rel}","templated":true}]}}