{"id":1433,"date":"2018-05-24T11:24:27","date_gmt":"2018-05-24T15:24:27","guid":{"rendered":"\/lyc-paulettenardal\/?page_id=1433"},"modified":"2021-07-06T10:13:45","modified_gmt":"2021-07-06T14:13:45","slug":"premiere-terminale","status":"publish","type":"page","link":"https:\/\/site.ac-martinique.fr\/lyc-paulettenardal\/?page_id=1433","title":{"rendered":"Premi\u00e8re-Terminale"},"content":{"rendered":"\n<p>Le cycle Terminal au lyc\u00e9e : <br \/>&#8211; vers le <a href=\"https:\/\/site.ac-martinique.fr\/lyc-paulettenardal\/?page_id=1723\" target=\"_blank\" rel=\"noopener\">baccalaur\u00e9at g\u00e9n\u00e9ral<\/a> <br \/>&#8211; vers le <a href=\"https:\/\/site.ac-martinique.fr\/lyc-paulettenardal\/?page_id=1722\" target=\"_blank\" rel=\"noopener\">baccalaur\u00e9at technologique<\/a><\/p>\n","protected":false},"excerpt":{"rendered":"","protected":false},"author":187,"featured_media":0,"parent":0,"menu_order":0,"comment_status":"closed","ping_status":"closed","template":"","meta":{"footnotes":""},"class_list":["post-1433","page","type-page","status-publish","hentry"],"_links":{"self":[{"href":"https:\/\/site.ac-martinique.fr\/lyc-paulettenardal\/index.php?rest_route=\/wp\/v2\/pages\/1433","targetHints":{"allow":["GET"]}}],"collection":[{"href":"https:\/\/site.ac-martinique.fr\/lyc-paulettenardal\/index.php?rest_route=\/wp\/v2\/pages"}],"about":[{"href":"https:\/\/site.ac-martinique.fr\/lyc-paulettenardal\/index.php?rest_route=\/wp\/v2\/types\/page"}],"author":[{"embeddable":true,"href":"https:\/\/site.ac-martinique.fr\/lyc-paulettenardal\/index.php?rest_route=\/wp\/v2\/users\/187"}],"replies":[{"embeddable":true,"href":"https:\/\/site.ac-martinique.fr\/lyc-paulettenardal\/index.php?rest_route=%2Fwp%2Fv2%2Fcomments&post=1433"}],"version-history":[{"count":5,"href":"https:\/\/site.ac-martinique.fr\/lyc-paulettenardal\/index.php?rest_route=\/wp\/v2\/pages\/1433\/revisions"}],"predecessor-version":[{"id":3913,"href":"https:\/\/site.ac-martinique.fr\/lyc-paulettenardal\/index.php?rest_route=\/wp\/v2\/pages\/1433\/revisions\/3913"}],"wp:attachment":[{"href":"https:\/\/site.ac-martinique.fr\/lyc-paulettenardal\/index.php?rest_route=%2Fwp%2Fv2%2Fmedia&parent=1433"}],"curies":[{"name":"wp","href":"https:\/\/api.w.org\/{rel}","templated":true}]}}