{"id":1714,"date":"2018-07-01T14:25:25","date_gmt":"2018-07-01T18:25:25","guid":{"rendered":"\/lyc-paulettenardal\/?page_id=1714"},"modified":"2021-03-24T15:37:49","modified_gmt":"2021-03-24T19:37:49","slug":"arts-visuels","status":"publish","type":"page","link":"https:\/\/site.ac-martinique.fr\/lyc-paulettenardal\/?page_id=1714","title":{"rendered":"Arts Plastiques 2de"},"content":{"rendered":"<p>L\u2019enseignement en Arts plastiques offre aux \u00e9l\u00e8ves une initiation pratique et culturelle dans les domaines de l\u2019art et de l\u2019image. Il est \u00e9galement une mise en contact avec les diff\u00e9rents m\u00e9tiers qui s\u2019y r\u00e9f\u00e8rent.<\/p>\n<h3 class=\"spip\">Le d\u00e9roulement\u00a0:<\/h3>\n<p>\u00a0&#8211; Mise en pratique des \u00e9l\u00e8ves sur diff\u00e9rents supports et diff\u00e9rentes techniques (photographie, peinture, dessin, sculpture, vid\u00e9o, infographie..) ;<br \/>\n \u00a0 &#8211; Approche culturelle et artistique autour des \u0153uvres (exposition, rencontre avec des artistes\u2026) ;<br \/>\n \u00a0 &#8211; Regard crois\u00e9 sur les \u00e9tudes artistiques sup\u00e9rieures et les m\u00e9tiers artistiques.<\/p>\n<h3 class=\"spip\">Les vis\u00e9es\u00a0:<\/h3>\n<p>\u00a0&#8211; Faire d\u00e9couvrir diverses pratiques artistiques (cin\u00e9ma, les m\u00e9dias, la photographie, etc.) ;<br \/>\n \u00a0&#8211; Informer sur les cursus possibles dans le domaine des arts visuels en classe de premi\u00e8re et de terminale L arts et dans le sup\u00e9rieur (BTS Arts appliqu\u00e9s, Classes pr\u00e9paratoires aux \u00e9coles d\u2019arts, universit\u00e9) ;<br \/>\n \u00a0&#8211; Identifier les activit\u00e9s professionnelles dans le domaine des Arts plastiques auxquelles ces cursus peuvent conduire.<\/p>\n<p><strong>En savoir plus sur<\/strong> : <br \/>\n \u00a0&#8211; L&rsquo;organisation des <a href=\"\/lyc-paulettenardal\/wp-content\/uploads\/sites\/38\/2021\/03\/Information_ArtsPla_Entree_En_Seconde_2021.pdf\" target=\"_blank\" rel=\"noopener\">enseignements artistiques au lyc\u00e9e Paulette Nardal<\/a>\u00a0 <br \/>\n \u00a0&#8211; Les <a href=\"https:\/\/eduscol.education.fr\/arts-plastiques\/sinformer\/textes-officiels\/programmes\/lycee.html\" target=\"_blank\" rel=\"noopener\">programmes sur Eduscol<\/a> : sp\u00e9cialit\u00e9 et option<br \/>\n \u00a0&#8211; Une <a href=\"https:\/\/tube-outremer.beta.education.fr\/videos\/watch\/9ff5dbed-9aac-409a-9439-7ed4bbeb9a63\" target=\"_blank\" rel=\"noopener\">vid\u00e9o de pr\u00e9sentation\u00a0 de cet enseignement de sp\u00e9cialit\u00e9 <\/a><a href=\"https:\/\/tube-outremer.beta.education.fr\/videos\/watch\/9ff5dbed-9aac-409a-9439-7ed4bbeb9a63\" target=\"_blank\" rel=\"noopener\">dans l&rsquo;Acad\u00e9mie de Martinique<\/a>\u00a0<\/p>\n<p><a href=\"https:\/\/tube-outremer.beta.education.fr\/videos\/watch\/9ff5dbed-9aac-409a-9439-7ed4bbeb9a63\" target=\"_blank\" rel=\"noopener\"><img decoding=\"async\" class=\"aligncenter\" src=\"\/lyc-paulettenardal\/wp-content\/uploads\/sites\/38\/2021\/03\/Spe_ArtsPlastiques_972.jpg\" alt=\"\" width=\"263\" height=\"180\" \/><\/a><\/p>\n","protected":false},"excerpt":{"rendered":"<p>L\u2019enseignement en Arts plastiques offre aux \u00e9l\u00e8ves une initiation pratique et culturelle dans les domaines de l\u2019art et de l\u2019image. &hellip; <\/p>\n<p class=\"link-more\"><a href=\"https:\/\/site.ac-martinique.fr\/lyc-paulettenardal\/?page_id=1714\" class=\"more-link\">Lire la suite&#8230;<span class=\"screen-reader-text\"> \u00ab\u00a0Arts Plastiques 2de\u00a0\u00bb<\/span><\/a><\/p>\n","protected":false},"author":187,"featured_media":0,"parent":0,"menu_order":0,"comment_status":"closed","ping_status":"closed","template":"","meta":{"footnotes":""},"class_list":["post-1714","page","type-page","status-publish","hentry"],"_links":{"self":[{"href":"https:\/\/site.ac-martinique.fr\/lyc-paulettenardal\/index.php?rest_route=\/wp\/v2\/pages\/1714","targetHints":{"allow":["GET"]}}],"collection":[{"href":"https:\/\/site.ac-martinique.fr\/lyc-paulettenardal\/index.php?rest_route=\/wp\/v2\/pages"}],"about":[{"href":"https:\/\/site.ac-martinique.fr\/lyc-paulettenardal\/index.php?rest_route=\/wp\/v2\/types\/page"}],"author":[{"embeddable":true,"href":"https:\/\/site.ac-martinique.fr\/lyc-paulettenardal\/index.php?rest_route=\/wp\/v2\/users\/187"}],"replies":[{"embeddable":true,"href":"https:\/\/site.ac-martinique.fr\/lyc-paulettenardal\/index.php?rest_route=%2Fwp%2Fv2%2Fcomments&post=1714"}],"version-history":[{"count":3,"href":"https:\/\/site.ac-martinique.fr\/lyc-paulettenardal\/index.php?rest_route=\/wp\/v2\/pages\/1714\/revisions"}],"predecessor-version":[{"id":3238,"href":"https:\/\/site.ac-martinique.fr\/lyc-paulettenardal\/index.php?rest_route=\/wp\/v2\/pages\/1714\/revisions\/3238"}],"wp:attachment":[{"href":"https:\/\/site.ac-martinique.fr\/lyc-paulettenardal\/index.php?rest_route=%2Fwp%2Fv2%2Fmedia&parent=1714"}],"curies":[{"name":"wp","href":"https:\/\/api.w.org\/{rel}","templated":true}]}}