{"id":1722,"date":"2018-07-01T14:25:27","date_gmt":"2018-07-01T18:25:27","guid":{"rendered":"\/lyc-paulettenardal\/?page_id=1722"},"modified":"2021-07-06T10:09:57","modified_gmt":"2021-07-06T14:09:57","slug":"filiere-technologique-stmg","status":"publish","type":"page","link":"https:\/\/site.ac-martinique.fr\/lyc-paulettenardal\/?page_id=1722","title":{"rendered":"Fili\u00e8re technologique"},"content":{"rendered":"\n<h3><strong>La s\u00e9rie Sciences et technologie du management et de la gestion &#8211; STMG<\/strong><\/h3>\n\n\n\n<p>Le lyc\u00e9e Paulette Nardal propose aux \u00e9l\u00e8ves, apr\u00e8s la seconde, les enseignements de la fili\u00e8re technologique de la s\u00e9rie STMG. Avec la r\u00e9forme du baccalaur\u00e9at, cette s\u00e9rie propose d\u00e9sormais une classe de premi\u00e8re unique.<br \/>L&rsquo;introduction d&rsquo;un <strong>enseignement commun de Sciences de gestion en classe de premi\u00e8re<\/strong> constitue une innovation qui permet d&rsquo;\u00e9clairer tous les \u00e9l\u00e8ves sur leur choix professionnel futur, et ainsi d&rsquo;identifier la sp\u00e9cialit\u00e9 de classe terminale et les \u00e9tudes sup\u00e9rieures qu&rsquo;ils pourront choisir.<\/p>\n<p>C&rsquo;est en effet au cours de la classe de Premi\u00e8re que se fera <strong> le choix d&rsquo;orientation <\/strong>pour la<strong> Terminale, parmi les quatre sp\u00e9cialit\u00e9s<\/strong> qui correspondent aux principaux champs des sciences de gestion\u00a0:<\/p>\n<ul>\n<li>ressources humaines et communication,<\/li>\n<li>mercatique<\/li>\n<li>gestion et finance<\/li>\n<li>syst\u00e8mes d&rsquo;information de gestion.<\/li>\n<\/ul>\n<p>Le Lyc\u00e9e Paulette Nardal assure en Terminale les trois premi\u00e8res sp\u00e9cialit\u00e9s de la s\u00e9rie.<\/p>\n<p>\u00a0 <strong>Regarder la <\/strong><a href=\"https:\/\/tube-outremer.beta.education.fr\/videos\/watch\/b8fd6688-12a4-4351-a792-df93a258cd7c\" target=\"_blank\" rel=\"noreferrer noopener\" data-type=\"URL\" data-id=\"https:\/\/tube-outremer.beta.education.fr\/videos\/watch\/b8fd6688-12a4-4351-a792-df93a258cd7c\"><strong>vid\u00e9o de PR\u00c9SENTATION DE LA FILI\u00c8RE STMG<\/strong><\/a><\/p>\n<p><strong>Une s\u00e9rie technologique tourn\u00e9e vers l&rsquo;enseignement sup\u00e9rieur<\/strong><\/p>\n<p>Les programmes ont \u00e9t\u00e9 concentr\u00e9s sur les notions fondamentales et les m\u00e9thodes propres aux sciences de gestion afin de favoriser des poursuites d&rsquo;\u00e9tudes r\u00e9ussies dans l&rsquo;enseignement sup\u00e9rieur\u00a0: BTS, DUT, CPGE, DCG et universit\u00e9s. La s\u00e9rie STMG demeure parfaitement ancr\u00e9e dans la voie technologique par <strong>ses objets d&rsquo;\u00e9tudes concrets, ses r\u00e9f\u00e9rences scientifiques et technologiques ainsi que ses d\u00e9marches p\u00e9dagogiques.<\/strong><\/p>\n<h5><strong>Une offre de formation \u00e9quilibr\u00e9e<\/strong><\/h5>\n<p>Un choix ouvert et \u00e9quilibr\u00e9 entre les diff\u00e9rentes sp\u00e9cialit\u00e9s de STMG sera propos\u00e9 sur l&rsquo;ensemble du territoire en d\u00e9veloppant les sp\u00e9cialit\u00e9s \u00ab\u00a0gestion et finance\u00a0\u00bb et \u00ab\u00a0syst\u00e8mes d&rsquo;information de gestion\u00a0\u00bb qui conduisent \u00e0 des \u00e9tudes sup\u00e9rieures diversifi\u00e9es dans un secteur particuli\u00e8rement porteur sur le march\u00e9 de l&#8217;emploi. <br \/><br \/><a class=\"chevron\" title=\"Nouvelle fen\u00eatre vers le site \u00c9duscol, horaires de la s\u00e9rie STMG\" href=\"https:\/\/eduscol.education.fr\/646\/serie-sciences-et-technologies-du-management-et-de-la-gestion-stmg\" target=\"_blank\" rel=\"noopener\">Horaires d\u00e9taill\u00e9s de la s\u00e9rie STMG, sur le site \u00c9duscol<\/a><\/p>\n<p style=\"text-align: right\"><em>D&rsquo;apr\u00e8s le <a href=\"https:\/\/www.education.gouv.fr\/la-voie-technologique-au-lycee-7574\" target=\"_blank\" rel=\"noopener\">site du minist\u00e8re de l&rsquo;\u00e9ducation<\/a><\/em><\/p>\n","protected":false},"excerpt":{"rendered":"","protected":false},"author":187,"featured_media":0,"parent":0,"menu_order":0,"comment_status":"closed","ping_status":"closed","template":"","meta":{"footnotes":""},"class_list":["post-1722","page","type-page","status-publish","hentry"],"_links":{"self":[{"href":"https:\/\/site.ac-martinique.fr\/lyc-paulettenardal\/index.php?rest_route=\/wp\/v2\/pages\/1722","targetHints":{"allow":["GET"]}}],"collection":[{"href":"https:\/\/site.ac-martinique.fr\/lyc-paulettenardal\/index.php?rest_route=\/wp\/v2\/pages"}],"about":[{"href":"https:\/\/site.ac-martinique.fr\/lyc-paulettenardal\/index.php?rest_route=\/wp\/v2\/types\/page"}],"author":[{"embeddable":true,"href":"https:\/\/site.ac-martinique.fr\/lyc-paulettenardal\/index.php?rest_route=\/wp\/v2\/users\/187"}],"replies":[{"embeddable":true,"href":"https:\/\/site.ac-martinique.fr\/lyc-paulettenardal\/index.php?rest_route=%2Fwp%2Fv2%2Fcomments&post=1722"}],"version-history":[{"count":6,"href":"https:\/\/site.ac-martinique.fr\/lyc-paulettenardal\/index.php?rest_route=\/wp\/v2\/pages\/1722\/revisions"}],"predecessor-version":[{"id":3911,"href":"https:\/\/site.ac-martinique.fr\/lyc-paulettenardal\/index.php?rest_route=\/wp\/v2\/pages\/1722\/revisions\/3911"}],"wp:attachment":[{"href":"https:\/\/site.ac-martinique.fr\/lyc-paulettenardal\/index.php?rest_route=%2Fwp%2Fv2%2Fmedia&parent=1722"}],"curies":[{"name":"wp","href":"https:\/\/api.w.org\/{rel}","templated":true}]}}