{"id":1849,"date":"2018-09-18T20:53:02","date_gmt":"2018-09-19T00:53:02","guid":{"rendered":"\/lyc-paulettenardal\/?page_id=1849"},"modified":"2019-07-27T23:39:16","modified_gmt":"2019-07-28T03:39:16","slug":"bac-2021","status":"publish","type":"page","link":"https:\/\/site.ac-martinique.fr\/lyc-paulettenardal\/?page_id=1849","title":{"rendered":"Baccalaur\u00e9at 2021"},"content":{"rendered":"<p>&nbsp;<\/p>\n<p style=\"text-align: justify\"><span style=\"font-family: georgia, palatino, serif;font-size: 14pt\">Le baccalaur\u00e9at 2021 redonne au baccalaur\u00e9at son sens et son utilit\u00e9 avec un examen remuscl\u00e9 et un lyc\u00e9e plus simple, plus \u00e0 l&rsquo;\u00e9coute des aspirations des lyc\u00e9ens, pour leur donner les moyens de se projeter vers la r\u00e9ussite dans l&rsquo;enseignement sup\u00e9rieur. <br \/>\n <\/span><\/p>\n<article class=\"entry clearfix\">\n<div class=\"entry-body\">\n<p><img decoding=\"async\" src=\"http:\/\/www.lycee-renan.fr\/ADI\/files\/Documents%20administratifs\/2018%20Octobre%20-%20Bac%202021\/BAC%202021-1.png\" alt=\"\" \/><\/p>\n<p><img decoding=\"async\" src=\"http:\/\/www.lycee-renan.fr\/ADI\/files\/Documents%20administratifs\/2018%20Octobre%20-%20Bac%202021\/Bac%202021-2.png\" alt=\"\" \/><\/p>\n<p><img decoding=\"async\" src=\"http:\/\/www.lycee-renan.fr\/ADI\/files\/Documents%20administratifs\/2018%20Octobre%20-%20Bac%202021\/Bac%202021-3.png\" alt=\"\" \/><\/p>\n<p><img decoding=\"async\" src=\"http:\/\/www.lycee-renan.fr\/ADI\/files\/Documents%20administratifs\/2018%20Octobre%20-%20Bac%202021\/Bac%202021-4.png\" alt=\"\" \/><\/p>\n<p><img decoding=\"async\" src=\"http:\/\/www.lycee-renan.fr\/ADI\/files\/Documents%20administratifs\/2018%20Octobre%20-%20Bac%202021\/Bac%202021-5.png\" alt=\"\" \/><\/p>\n<p><img decoding=\"async\" src=\"http:\/\/www.lycee-renan.fr\/ADI\/files\/Documents%20administratifs\/2018%20Octobre%20-%20Bac%202021\/Bac%202021-6.png\" alt=\"\" \/><\/p>\n<p>&nbsp;<\/p>\n<\/div>\n<\/article>\n<div class=\"wp-pagenavi clearfix\"><a class=\"page-numbers\" href=\"http:\/\/www.lycee-renan.fr\/index.php?id_menu=99&amp;page=1\">\u00ab<\/a><\/p>\n<div class=\"pagination\">\u00a0<\/div>\n<\/div>\n<p style=\"text-align: justify\">\u00a0<\/p>\n<p style=\"text-align: justify\"><em><span style=\"font-size: 14pt;font-family: georgia, palatino, serif\"><span style=\"text-decoration: underline\">\u00e9duscol :<\/span> <\/span><\/em><span style=\"font-size: 14pt;font-family: georgia, palatino, serif\">\u00a0 <a title=\"Eduscol, Bac 2021\" href=\"http:\/\/eduscol.education.fr\/cid126665\/vers-le-bac-2021.html\" target=\"_blank\" rel=\"noopener\">Vers le Bac 2021<\/a><\/span><\/p>\n<p style=\"text-align: justify\"><span style=\"font-family: georgia, palatino, serif\"><em><span style=\"text-decoration: underline\"><span style=\"font-size: 14pt\">Minist\u00e8re \u00c9ducation Nationale :<\/span><\/span> <\/em><a title=\"Pr\u00e9sentation de la r\u00e9forme du baccalaur\u00e9at\" href=\"http:\/\/www.education.gouv.fr\/cid126438\/baccalaureat-2021-tremplin-pour-reussite.html\" target=\"_blank\" rel=\"noopener\"><span style=\"font-size: 14pt\">Pr\u00e9sentation de la r\u00e9forme du baccalaur\u00e9at<\/span><\/a><\/span><\/p>\n<p><span style=\"text-decoration: underline\"><span style=\"font-size: 14pt\">Documents :<\/span><\/span><span style=\"font-size: 14pt\">\u00a0\u00a0\u00a0 <em><strong>Cliquez sur les images pour voir les documents<\/strong><\/em><\/span><span style=\"text-decoration: underline\"><span style=\"font-size: 14pt\"><br \/>\n <\/span><\/span><\/p>\n<p style=\"text-align: justify\"><a href=\"\/lyc-paulettenardal\/wp-content\/uploads\/sites\/38\/2018\/09\/BAC-2021Questions_reponses.pdf\" target=\"_blank\" rel=\"noopener\"><img decoding=\"async\" class=\"alignnone wp-image-1857\" src=\"\/lyc-paulettenardal\/wp-content\/uploads\/sites\/38\/2018\/09\/Bac-2021-Questions-R\u00e9ponses-Image-e1537324241592-219x300.png\" alt=\"\" width=\"163\" height=\"223\" srcset=\"https:\/\/site.ac-martinique.fr\/lyc-paulettenardal\/wp-content\/uploads\/sites\/38\/2018\/09\/Bac-2021-Questions-R\u00e9ponses-Image-e1537324241592-219x300.png 219w, https:\/\/site.ac-martinique.fr\/lyc-paulettenardal\/wp-content\/uploads\/sites\/38\/2018\/09\/Bac-2021-Questions-R\u00e9ponses-Image-e1537324241592.png 471w\" sizes=\"(max-width: 163px) 100vw, 163px\" \/><\/a>\u00a0\u00a0\u00a0\u00a0 <a href=\"\/lyc-paulettenardal\/wp-content\/uploads\/sites\/38\/2018\/09\/BAC-2021Guide_orientation_lycee.pdf\" target=\"_blank\" rel=\"noopener\"><img fetchpriority=\"high\" decoding=\"async\" class=\"alignnone wp-image-1863\" src=\"\/lyc-paulettenardal\/wp-content\/uploads\/sites\/38\/2018\/09\/quandjepasselebac-2021-300x158.png\" alt=\"Guide Orientation Bac 2021\" width=\"319\" height=\"168\" srcset=\"https:\/\/site.ac-martinique.fr\/lyc-paulettenardal\/wp-content\/uploads\/sites\/38\/2018\/09\/quandjepasselebac-2021-300x158.png 300w, https:\/\/site.ac-martinique.fr\/lyc-paulettenardal\/wp-content\/uploads\/sites\/38\/2018\/09\/quandjepasselebac-2021-730x385.png 730w, https:\/\/site.ac-martinique.fr\/lyc-paulettenardal\/wp-content\/uploads\/sites\/38\/2018\/09\/quandjepasselebac-2021.png 740w\" sizes=\"(max-width: 319px) 100vw, 319px\" \/><\/a><\/p>\n<p style=\"text-align: justify\"><span style=\"font-size: 14pt\">\u00a0<a href=\"\/lyc-paulettenardal\/wp-content\/uploads\/sites\/38\/2018\/09\/BAC-2021Evaluation_2nd_infogA4_juillet_2018.pdf\" target=\"_blank\" rel=\"noopener\"><img decoding=\"async\" class=\"alignnone wp-image-1858\" src=\"\/lyc-paulettenardal\/wp-content\/uploads\/sites\/38\/2018\/09\/2018_evaluation_2nd_infog_984121-e1537320130500-291x300.jpg\" alt=\"evaluations en d\u00e9but de 2de\" width=\"202\" height=\"208\" srcset=\"https:\/\/site.ac-martinique.fr\/lyc-paulettenardal\/wp-content\/uploads\/sites\/38\/2018\/09\/2018_evaluation_2nd_infog_984121-e1537320130500-291x300.jpg 291w, https:\/\/site.ac-martinique.fr\/lyc-paulettenardal\/wp-content\/uploads\/sites\/38\/2018\/09\/2018_evaluation_2nd_infog_984121-e1537320130500.jpg 721w\" sizes=\"(max-width: 202px) 100vw, 202px\" \/><\/a>\u00a0\u00a0\u00a0 <a href=\"\/lyc-paulettenardal\/wp-content\/uploads\/sites\/38\/2018\/09\/BAC2021_enseignements_scientifiques.pdf\" target=\"_blank\" rel=\"noopener\"><img loading=\"lazy\" decoding=\"async\" class=\"alignnone wp-image-1866\" src=\"\/lyc-paulettenardal\/wp-content\/uploads\/sites\/38\/2018\/09\/Sciences-Bac-2021-300x211.png\" alt=\"Les sciences au bac 2021\" width=\"287\" height=\"202\" srcset=\"https:\/\/site.ac-martinique.fr\/lyc-paulettenardal\/wp-content\/uploads\/sites\/38\/2018\/09\/Sciences-Bac-2021-300x211.png 300w, https:\/\/site.ac-martinique.fr\/lyc-paulettenardal\/wp-content\/uploads\/sites\/38\/2018\/09\/Sciences-Bac-2021-768x541.png 768w, https:\/\/site.ac-martinique.fr\/lyc-paulettenardal\/wp-content\/uploads\/sites\/38\/2018\/09\/Sciences-Bac-2021-730x514.png 730w, https:\/\/site.ac-martinique.fr\/lyc-paulettenardal\/wp-content\/uploads\/sites\/38\/2018\/09\/Sciences-Bac-2021.png 990w\" sizes=\"(max-width: 287px) 100vw, 287px\" \/><\/a>\u00a0\u00a0\u00a0\u00a0 <\/span><\/p>\n<p><a href=\"http:\/\/cache.media.eduscol.education.fr\/file\/Bac2021\/42\/6\/Diaporama_information_eleves_et_leur_famille_rentree2018_989426.ppt\"><img loading=\"lazy\" decoding=\"async\" class=\"alignnone wp-image-1879\" src=\"\/lyc-paulettenardal\/wp-content\/uploads\/sites\/38\/2018\/09\/Image1-e1537385227300-300x226.png\" alt=\"\" width=\"232\" height=\"175\" srcset=\"https:\/\/site.ac-martinique.fr\/lyc-paulettenardal\/wp-content\/uploads\/sites\/38\/2018\/09\/Image1-e1537385227300-300x226.png 300w, https:\/\/site.ac-martinique.fr\/lyc-paulettenardal\/wp-content\/uploads\/sites\/38\/2018\/09\/Image1-e1537385227300-768x579.png 768w, https:\/\/site.ac-martinique.fr\/lyc-paulettenardal\/wp-content\/uploads\/sites\/38\/2018\/09\/Image1-e1537385227300-1024x772.png 1024w, https:\/\/site.ac-martinique.fr\/lyc-paulettenardal\/wp-content\/uploads\/sites\/38\/2018\/09\/Image1-e1537385227300-730x550.png 730w, https:\/\/site.ac-martinique.fr\/lyc-paulettenardal\/wp-content\/uploads\/sites\/38\/2018\/09\/Image1-e1537385227300.png 1161w\" sizes=\"(max-width: 232px) 100vw, 232px\" \/><\/a><\/p>\n","protected":false},"excerpt":{"rendered":"<p>&nbsp; Le baccalaur\u00e9at 2021 redonne au baccalaur\u00e9at son sens et son utilit\u00e9 avec un examen remuscl\u00e9 et un lyc\u00e9e plus &hellip; <\/p>\n<p class=\"link-more\"><a href=\"https:\/\/site.ac-martinique.fr\/lyc-paulettenardal\/?page_id=1849\" class=\"more-link\">Lire la suite&#8230;<span class=\"screen-reader-text\"> \u00ab\u00a0Baccalaur\u00e9at 2021\u00a0\u00bb<\/span><\/a><\/p>\n","protected":false},"author":187,"featured_media":1873,"parent":0,"menu_order":0,"comment_status":"closed","ping_status":"closed","template":"","meta":{"footnotes":""},"class_list":["post-1849","page","type-page","status-publish","has-post-thumbnail","hentry"],"_links":{"self":[{"href":"https:\/\/site.ac-martinique.fr\/lyc-paulettenardal\/index.php?rest_route=\/wp\/v2\/pages\/1849","targetHints":{"allow":["GET"]}}],"collection":[{"href":"https:\/\/site.ac-martinique.fr\/lyc-paulettenardal\/index.php?rest_route=\/wp\/v2\/pages"}],"about":[{"href":"https:\/\/site.ac-martinique.fr\/lyc-paulettenardal\/index.php?rest_route=\/wp\/v2\/types\/page"}],"author":[{"embeddable":true,"href":"https:\/\/site.ac-martinique.fr\/lyc-paulettenardal\/index.php?rest_route=\/wp\/v2\/users\/187"}],"replies":[{"embeddable":true,"href":"https:\/\/site.ac-martinique.fr\/lyc-paulettenardal\/index.php?rest_route=%2Fwp%2Fv2%2Fcomments&post=1849"}],"version-history":[{"count":21,"href":"https:\/\/site.ac-martinique.fr\/lyc-paulettenardal\/index.php?rest_route=\/wp\/v2\/pages\/1849\/revisions"}],"predecessor-version":[{"id":4215,"href":"https:\/\/site.ac-martinique.fr\/lyc-paulettenardal\/index.php?rest_route=\/wp\/v2\/pages\/1849\/revisions\/4215"}],"wp:featuredmedia":[{"embeddable":true,"href":"https:\/\/site.ac-martinique.fr\/lyc-paulettenardal\/index.php?rest_route=\/wp\/v2\/media\/1873"}],"wp:attachment":[{"href":"https:\/\/site.ac-martinique.fr\/lyc-paulettenardal\/index.php?rest_route=%2Fwp%2Fv2%2Fmedia&parent=1849"}],"curies":[{"name":"wp","href":"https:\/\/api.w.org\/{rel}","templated":true}]}}