{"id":2241,"date":"2019-06-29T17:45:55","date_gmt":"2019-06-29T21:45:55","guid":{"rendered":"\/lyc-paulettenardal\/?page_id=2241"},"modified":"2021-03-24T15:37:49","modified_gmt":"2021-03-24T19:37:49","slug":"les-logiciels-utilises-au-lycee","status":"publish","type":"page","link":"https:\/\/site.ac-martinique.fr\/lyc-paulettenardal\/?page_id=2241","title":{"rendered":"Les logiciels utilis\u00e9s au lyc\u00e9e"},"content":{"rendered":"<p>Le lyc\u00e9e privil\u00e9gie l&rsquo;utilisation des logiciels libres et gratuits. Un logiciel libre est un logiciel dont l\u2019utilisation, l\u2019\u00e9tude, la modification et la duplication en vue de sa diffusion sont permises, techniquement et l\u00e9galement.<br \/>\n Si vous le souhaitez, vous pouvez t\u00e9l\u00e9charger ces logiciels libres et gratuits pour les installer chez vous.<br \/>\n Voici la liste non exhaustive des logiciels utilis\u00e9s au lyc\u00e9e. Vous pouvez aller vous renseigner sur d&rsquo;autres logiciels libres et gratuits sur le site de\u00a0<a href=\"http:\/\/framasoft.net\/\" target=\"_blank\" rel=\"noopener\">Framasoft\u00a0<\/a>qui est un r\u00e9seau d\u00e9di\u00e9 \u00e0 la promotion du \u00ab\u00a0libre\u00a0\u00bb en g\u00e9n\u00e9ral et du logiciel libre en particulier.<\/p>\n<p><span style=\"color: #808080\"><strong>&#8211; SUITE BUREAUTIQUE : LibreOffice<\/strong><\/span><\/p>\n<p><a href=\"http:\/\/site.ac-martinique.fr\/clgpetitmanoir\/wp-content\/uploads\/sites\/38\/2015\/12\/libreoffice.png\"><img decoding=\"async\" class=\" wp-image-2067 alignleft\" src=\"http:\/\/site.ac-martinique.fr\/clgpetitmanoir\/wp-content\/uploads\/sites\/38\/2015\/12\/libreoffice.png\" alt=\"libreoffice\" width=\"271\" height=\"139\" \/><\/a>LibreOffice est une suite bureautique Open Source (libre).\u00a0\u00c0 l&rsquo;instar des suites bureautiques payantes, il prend en charge les travaux professionnels ou personnels li\u00e9s \u00e0 la bureautique (traitement de texte, tableur, pr\u00e9sentation, etc.). Ce logiciel dispose de toutes les applications ad\u00e9quates comme le module de traitement de texte, le dessin vectoriel ou l&rsquo;\u00e9dition de formules math\u00e9matiques.<\/p>\n<p><a href=\"https:\/\/fr.libreoffice.org\/\" target=\"_blank\" rel=\"noopener\">T\u00e9l\u00e9charger libreoffice<\/a><\/p>\n<div class=\"layout_ct__1\">\u00a0<\/div>\n<p><span style=\"color: #808080\"><strong>&#8211; NAVIGATEUR INTERNET :<\/strong>\u00a0<strong>Firefox et Google chrome (non libre)<\/strong><\/span><\/p>\n<p><a href=\"http:\/\/site.ac-martinique.fr\/clgpetitmanoir\/wp-content\/uploads\/sites\/38\/2015\/12\/image-firefox.jpg\"><img decoding=\"async\" class=\" wp-image-2068 alignleft\" src=\"http:\/\/site.ac-martinique.fr\/clgpetitmanoir\/wp-content\/uploads\/sites\/38\/2015\/12\/image-firefox.jpg\" alt=\"image firefox\" width=\"135\" height=\"135\" \/><\/a>Moderne, libre et performant, Mozilla Firefox est un tr\u00e8s bon navigateur. Sans cesse en progr\u00e8s, ce navigateur est toujours aussi respectueux des standards du web, dispose d&rsquo;une interface bien pens\u00e9e et de nombreuses fonctionnalit\u00e9s pratiques.<\/p>\n<p><a href=\"https:\/\/www.mozilla.org\/fr\/firefox\/new\/\" target=\"_blank\" rel=\"noopener\">T\u00e9l\u00e9charger Firefox<\/a><\/p>\n<p>&nbsp;<\/p>\n<p><span style=\"color: #808080\"><strong>&#8211; LECTEUR MULTIMEDIA :<\/strong>\u00a0<strong>VLC<\/strong><\/span><\/p>\n<p><a href=\"http:\/\/site.ac-martinique.fr\/clgpetitmanoir\/wp-content\/uploads\/sites\/38\/2015\/12\/image-VLC.jpg\"><img decoding=\"async\" class=\" wp-image-2069 alignleft\" src=\"http:\/\/site.ac-martinique.fr\/clgpetitmanoir\/wp-content\/uploads\/sites\/38\/2015\/12\/image-VLC.jpg\" alt=\"image VLC\" width=\"259\" height=\"108\" \/><\/a>VLC Media Player est un lecteur multim\u00e9dia complet, l\u00e9ger, simple et performant, capable de lire la quasi totalit\u00e9 des formats de fichiers vid\u00e9o et audio. De plus, il est fourni avec tous les codecs n\u00e9cessaires pr\u00e9-install\u00e9s .<\/p>\n<p><a href=\"http:\/\/www.videolan.org\/vlc\/\" target=\"_blank\" rel=\"noopener\">T\u00e9l\u00e9charger VLC<\/a><\/p>\n<p>&nbsp;<\/p>\n<p><span style=\"color: #808080\"><strong>&#8211; GRAPHISME : the Gimp et Inskape<\/strong><\/span><\/p>\n<p><a href=\"http:\/\/site.ac-martinique.fr\/clgpetitmanoir\/wp-content\/uploads\/sites\/38\/2015\/12\/image-the-gimp.jpg\"><img loading=\"lazy\" decoding=\"async\" class=\" wp-image-2070 alignleft\" src=\"http:\/\/site.ac-martinique.fr\/clgpetitmanoir\/wp-content\/uploads\/sites\/38\/2015\/12\/image-the-gimp.jpg\" alt=\"image the gimp\" width=\"169\" height=\"130\" \/><\/a>GIMP est un programme de cr\u00e9ation graphique et de retouche photo tr\u00e8s puissant. Il comporte l&rsquo;ensemble des outils n\u00e9cessaires \u00e0 la cr\u00e9ation de dessins ainsi que tous les filtres pour corriger et am\u00e9liorer un clich\u00e9. GIMP peut \u00eatre utilis\u00e9 par des utilisateurs de niveaux vari\u00e9s comme un programme de peinture, un programme de retouche photo avanc\u00e9, un syst\u00e8me de traitement par lots, un convertisseur de formats, etc.<\/p>\n<p><a href=\"https:\/\/www.gimp.org\/\" target=\"_blank\" rel=\"noopener\">T\u00e9l\u00e9charger The Gimp<\/a><\/p>\n<p>&nbsp;<\/p>\n<p>\n <span style=\"color: #808080\"><strong>&#8211; PR\u00c9SENTATION ASSIST\u00c9E PAR ORDINATEUR :<\/strong>\u00a0<strong>Scribus<\/strong><\/span><br \/>\n <strong><a href=\"http:\/\/site.ac-martinique.fr\/clgpetitmanoir\/wp-content\/uploads\/sites\/38\/2015\/12\/image-scribus.jpg\"><img loading=\"lazy\" decoding=\"async\" class=\" wp-image-2071 alignleft\" src=\"http:\/\/site.ac-martinique.fr\/clgpetitmanoir\/wp-content\/uploads\/sites\/38\/2015\/12\/image-scribus.jpg\" alt=\"image scribus\" width=\"128\" height=\"128\" \/><\/a><\/strong><\/p>\n<p>Scribus est un logiciel de mise en page professionnelle et de PAO (Publication Assist\u00e9e par Ordinateur). Scribus peut vous servir \u00e0 r\u00e9aliser des d\u00e9pliants, des plaquettes, des livres et des magazines, et tout type de document destin\u00e9 \u00e0 \u00eatre imprim\u00e9 ou \u00e0 \u00eatre visualis\u00e9 sous forme num\u00e9rique.<\/p>\n<p><a href=\"http:\/\/www.scribus.net\/\" target=\"_blank\" rel=\"noopener\">T\u00e9l\u00e9charger Scribus<\/a><\/p>\n<p>&nbsp;<\/p>\n<p><span style=\"color: #808080\"><strong>&#8211; ENREGISTREMENT ET MONTAGE AUDIO : Audacity<\/strong><\/span><\/p>\n<p><a href=\"http:\/\/site.ac-martinique.fr\/clgpetitmanoir\/wp-content\/uploads\/sites\/38\/2015\/12\/image-audacity.jpg\"><img loading=\"lazy\" decoding=\"async\" class=\" wp-image-2072 alignleft\" src=\"http:\/\/site.ac-martinique.fr\/clgpetitmanoir\/wp-content\/uploads\/sites\/38\/2015\/12\/image-audacity.jpg\" alt=\"image audacity\" width=\"134\" height=\"114\" \/><\/a>Audacity est un logiciel de traitement et d&rsquo;\u00e9dition audio gratuit. Il permet notamment de modifier des fichiers audio pour leur appliquer des effets, d&rsquo;en changer les param\u00e8tres ou encore de les raccourcir. Il permet en outre de couper les fichiers audio, de supprimer ou d&rsquo;ajouter des silences.<\/p>\n<p><a href=\"http:\/\/audacity.fr\/\" target=\"_blank\" rel=\"noopener\">T\u00e9l\u00e9charger Audacity<\/a><\/p>\n<p>&nbsp;<\/p>\n<p><span style=\"color: #808080\"><strong>&#8211; MONTAGE VIDEO :\u00a0OpenShot<\/strong><\/span><\/p>\n<p><a href=\"http:\/\/site.ac-martinique.fr\/clgpetitmanoir\/wp-content\/uploads\/sites\/38\/2015\/12\/openshot.jpg\"><img loading=\"lazy\" decoding=\"async\" class=\"alignleft  wp-image-2927\" src=\"http:\/\/site.ac-martinique.fr\/clgpetitmanoir\/wp-content\/uploads\/sites\/38\/2015\/12\/openshot.jpg\" alt=\"\" width=\"135\" height=\"135\" \/><\/a><\/p>\n<p>OpenShot Video Editor\u00a0est un logiciel de montage vid\u00e9o open source proposant une interface simple \u00e0 prendre en main pour monter un film \u00e0 partir de photos, vid\u00e9os et musiques stock\u00e9s sur votre disque dur.<\/p>\n<p><a href=\"https:\/\/www.openshot.org\/fr\/download\/\">T\u00e9l\u00e9charger Openshot<\/a><\/p>\n","protected":false},"excerpt":{"rendered":"<p>Le lyc\u00e9e privil\u00e9gie l&rsquo;utilisation des logiciels libres et gratuits. Un logiciel libre est un logiciel dont l\u2019utilisation, l\u2019\u00e9tude, la modification &hellip; <\/p>\n<p class=\"link-more\"><a href=\"https:\/\/site.ac-martinique.fr\/lyc-paulettenardal\/?page_id=2241\" class=\"more-link\">Lire la suite&#8230;<span class=\"screen-reader-text\"> \u00ab\u00a0Les logiciels utilis\u00e9s au lyc\u00e9e\u00a0\u00bb<\/span><\/a><\/p>\n","protected":false},"author":187,"featured_media":0,"parent":0,"menu_order":0,"comment_status":"closed","ping_status":"closed","template":"","meta":{"footnotes":""},"class_list":["post-2241","page","type-page","status-publish","hentry"],"_links":{"self":[{"href":"https:\/\/site.ac-martinique.fr\/lyc-paulettenardal\/index.php?rest_route=\/wp\/v2\/pages\/2241","targetHints":{"allow":["GET"]}}],"collection":[{"href":"https:\/\/site.ac-martinique.fr\/lyc-paulettenardal\/index.php?rest_route=\/wp\/v2\/pages"}],"about":[{"href":"https:\/\/site.ac-martinique.fr\/lyc-paulettenardal\/index.php?rest_route=\/wp\/v2\/types\/page"}],"author":[{"embeddable":true,"href":"https:\/\/site.ac-martinique.fr\/lyc-paulettenardal\/index.php?rest_route=\/wp\/v2\/users\/187"}],"replies":[{"embeddable":true,"href":"https:\/\/site.ac-martinique.fr\/lyc-paulettenardal\/index.php?rest_route=%2Fwp%2Fv2%2Fcomments&post=2241"}],"version-history":[{"count":4,"href":"https:\/\/site.ac-martinique.fr\/lyc-paulettenardal\/index.php?rest_route=\/wp\/v2\/pages\/2241\/revisions"}],"predecessor-version":[{"id":3241,"href":"https:\/\/site.ac-martinique.fr\/lyc-paulettenardal\/index.php?rest_route=\/wp\/v2\/pages\/2241\/revisions\/3241"}],"wp:attachment":[{"href":"https:\/\/site.ac-martinique.fr\/lyc-paulettenardal\/index.php?rest_route=%2Fwp%2Fv2%2Fmedia&parent=2241"}],"curies":[{"name":"wp","href":"https:\/\/api.w.org\/{rel}","templated":true}]}}