{"id":2294,"date":"2019-07-27T23:13:18","date_gmt":"2019-07-28T03:13:18","guid":{"rendered":"\/lyc-paulettenardal\/?page_id=2294"},"modified":"2023-12-31T16:02:29","modified_gmt":"2023-12-31T20:02:29","slug":"mentions-legales","status":"publish","type":"page","link":"https:\/\/site.ac-martinique.fr\/lyc-paulettenardal\/?page_id=2294","title":{"rendered":"Mentions l\u00e9gales"},"content":{"rendered":"<p>En vertu de la loi pour la confiance dans l\u2019\u00e9conomie num\u00e9rique (LCEN) du 21 juin 2004, voici les coordonn\u00e9es de l\u2019\u00e9diteur et du prestataire qui accueille le site\u00a0:<br class=\"autobr\" \/><br \/>\nDirection des Syst\u00e8mes d\u2019Information (D.S.I.) de l\u2019acad\u00e9mie de Martinique<\/p>\n<p><strong>Site Internet de\u00a0:<\/strong> Lyc\u00e9e Paulette Nardal<\/p>\n<p><strong>Directeur de la publication\u00a0:<\/strong>\u00a0M. Richard Campos, Proviseur<\/p>\n<p><strong>Webmestre\u00a0:<\/strong> M. Jamin, enseignant<\/p>\n<p><strong>Droits d\u2019auteurs<\/strong><\/p>\n<p>Ce site rel\u00e8ve de la l\u00e9gislation fran\u00e7aise et internationale sur le droit d\u2019auteur et la propri\u00e9t\u00e9 intellectuelle.<\/p>\n<p>Tous les droits de reproduction sont r\u00e9serv\u00e9s.<\/p>\n<p><strong>Liens hypertextes<\/strong><\/p>\n<p>Ce site contient des liens hypertextes permettant l\u2019acc\u00e8s \u00e0 des sites qui ne sont pas \u00e9dit\u00e9s par le responsable de ce site.<\/p>\n<p>En cons\u00e9quence le directeur de publication ne saurait \u00eatre tenu pour responsable du contenu des sites auxquels l\u2019internaute aurait ainsi acc\u00e8s.<\/p>\n<p>Il est formellement interdit de collecter et d\u2019utiliser les informations disponibles sur le site \u00e0 des fins commerciales.<\/p>\n<p>Cette interdiction s\u2019\u00e9tend notamment, sans que cette liste ne soit limitative, \u00e0 tout \u00e9l\u00e9ment r\u00e9dactionnel figurant sur le site, \u00e0 la pr\u00e9sentation des \u00e9crans, aux logiciels n\u00e9cessaires \u00e0 l\u2019exploitation, aux logos, images, photos, graphiques, de quelque nature qu\u2019ils soient.<\/p>\n<p><strong>Liens hypertextes vers ce site<\/strong><\/p>\n<p>A l\u2019exception de sites diffusant des informations et\/ou contenus ayant un caract\u00e8re ill\u00e9gal et\/ou \u00e0 caract\u00e8re politique, religieux, pornographique, x\u00e9nophobe, vous pouvez cr\u00e9er un lien hypertexte vers notre Site sur votre site.<\/p>\n<p>La mise en place de lien hypertexte n\u2019autorise en aucune fa\u00e7on la reproduction d\u2019\u00e9l\u00e9ments du site ou la pr\u00e9sentation sur des sites tiers d\u2019\u00e9l\u00e9ments du Site sous forme de Frame ou syst\u00e8me apparent\u00e9.<\/p>\n<p>Enfin, la mise en place de lien hypertexte n\u2019autorise en aucune fa\u00e7on de proposer l\u2019envoi d\u2019un message pr\u00e9-r\u00e9dig\u00e9 \u00e0 une adresse mail li\u00e9e au Site ou la mise en place d\u2019un syst\u00e8me permettant l\u2019envoi massif de messages quelle qu\u2019en soit la nature.<\/p>\n<p>Tous les droits de reproduction sont r\u00e9serv\u00e9s.<\/p>\n","protected":false},"excerpt":{"rendered":"<p>En vertu de la loi pour la confiance dans l\u2019\u00e9conomie num\u00e9rique (LCEN) du 21 juin 2004, voici les coordonn\u00e9es de &hellip; <\/p>\n<p class=\"link-more\"><a href=\"https:\/\/site.ac-martinique.fr\/lyc-paulettenardal\/?page_id=2294\" class=\"more-link\">Lire la suite&#8230;<span class=\"screen-reader-text\"> \u00ab\u00a0Mentions l\u00e9gales\u00a0\u00bb<\/span><\/a><\/p>\n","protected":false},"author":187,"featured_media":0,"parent":0,"menu_order":0,"comment_status":"closed","ping_status":"closed","template":"","meta":{"footnotes":""},"class_list":["post-2294","page","type-page","status-publish","hentry"],"_links":{"self":[{"href":"https:\/\/site.ac-martinique.fr\/lyc-paulettenardal\/index.php?rest_route=\/wp\/v2\/pages\/2294","targetHints":{"allow":["GET"]}}],"collection":[{"href":"https:\/\/site.ac-martinique.fr\/lyc-paulettenardal\/index.php?rest_route=\/wp\/v2\/pages"}],"about":[{"href":"https:\/\/site.ac-martinique.fr\/lyc-paulettenardal\/index.php?rest_route=\/wp\/v2\/types\/page"}],"author":[{"embeddable":true,"href":"https:\/\/site.ac-martinique.fr\/lyc-paulettenardal\/index.php?rest_route=\/wp\/v2\/users\/187"}],"replies":[{"embeddable":true,"href":"https:\/\/site.ac-martinique.fr\/lyc-paulettenardal\/index.php?rest_route=%2Fwp%2Fv2%2Fcomments&post=2294"}],"version-history":[{"count":4,"href":"https:\/\/site.ac-martinique.fr\/lyc-paulettenardal\/index.php?rest_route=\/wp\/v2\/pages\/2294\/revisions"}],"predecessor-version":[{"id":4693,"href":"https:\/\/site.ac-martinique.fr\/lyc-paulettenardal\/index.php?rest_route=\/wp\/v2\/pages\/2294\/revisions\/4693"}],"wp:attachment":[{"href":"https:\/\/site.ac-martinique.fr\/lyc-paulettenardal\/index.php?rest_route=%2Fwp%2Fv2%2Fmedia&parent=2294"}],"curies":[{"name":"wp","href":"https:\/\/api.w.org\/{rel}","templated":true}]}}