{"id":2321,"date":"2019-07-28T19:28:51","date_gmt":"2019-07-28T23:28:51","guid":{"rendered":"\/lyc-paulettenardal\/?page_id=2321"},"modified":"2021-08-30T11:39:20","modified_gmt":"2021-08-30T15:39:20","slug":"education-musicale","status":"publish","type":"page","link":"https:\/\/site.ac-martinique.fr\/lyc-paulettenardal\/?page_id=2321","title":{"rendered":"\u00c9DUCATION MUSICALE"},"content":{"rendered":"\n<div class=\"\"><strong>Pr\u00e9sentation de l\u2019option facultative Musique au lyc\u00e9e Paulette Nardal\u00a0<\/strong><\/div>\n<div class=\"\">\u00a0<\/div>\n<div class=\"\">L\u2019option facultative Musique se d\u00e9roule de 12h30 \u00e0 14h le mardi et le vendredi en salle de musique. <br \/>Elle est ouverte \u00e0 tous les niveaux et \u00e0 tous les amoureux de la musique, curieux de d\u00e9couvrir des genres et styles musicaux vari\u00e9s. \u00a0<\/div>\n<div class=\"\">\u00a0<\/div>\n<div class=\"\">Elle permet aux \u00e9l\u00e8ves de rencontrer les \u0153uvres par l\u2019\u00e9coute et par la pratique. Ainsi, nos \u00e9l\u00e8ves ont \u00e9tudi\u00e9 et pratiqu\u00e9 (entre autres) le Bol\u00e9ro de Ravel cette ann\u00e9e. Les \u00e9l\u00e8ves de l\u2019orchestre jouaient la partie instrumentale et la chorale chantait le th\u00e8me sur lequel nous avions mis des paroles. La <a href=\"https:\/\/tube-outremer.beta.education.fr\/videos\/watch\/f8455e17-8ef3-433e-8159-0accc34b28dc\" target=\"_blank\" rel=\"noopener\">vid\u00e9o est accessible ici<\/a>.<\/div>\n<div class=\"\">\u00a0<\/div>\n<div class=\"\">En pratique vocale et instrumentale, les \u00e9l\u00e8ves ont aussi travaill\u00e9 des musiques du patrimoine comme \u00ab Apr\u00e8s la pli\u00a0\u00bb en cr\u00e9ole, de la vari\u00e9t\u00e9 comme \u00ab Il en faut peu pour \u00eatre heureux \u00bb, du <em>negro spiritual<\/em> comme \u00ab Go down Moses \u00bb, des \u0153uvres africaines comme Asimbonanga (en zoulou et en anglais)\u2026 Les \u00e9l\u00e8ves de l\u2019orchestre sont dirig\u00e9s par Jean-Fran\u00e7ois MONGIS, et la chorale a comme coach vocal David PLACIDE, pour la partie technique vocale.\u00a0<\/div>\n<div class=\"\">\u00a0<\/div>\n<div class=\"\">Ci-dessous : Les \u00e9l\u00e8ves de l\u2019option facultative musique (orchestre et chorale r\u00e9unis) en p\u00e9riode COVID, le jour du concert de d\u00e9nomination du lyc\u00e9e Paulette NARDAL, le 24 mars 2021.<\/div>\n\n\n\n<div class=\"wp-block-image\"><figure class=\"aligncenter size-large\"><a href=\"https:\/\/site.ac-martinique.fr\/lyc-paulettenardal\/wp-content\/uploads\/sites\/38\/2021\/06\/Musique_0_LPN_240321.jpeg\"><img fetchpriority=\"high\" decoding=\"async\" width=\"640\" height=\"360\" src=\"https:\/\/site.ac-martinique.fr\/lyc-paulettenardal\/wp-content\/uploads\/sites\/38\/2021\/06\/Musique_0_LPN_240321.jpeg\" alt=\"\" class=\"wp-image-3859\" srcset=\"https:\/\/site.ac-martinique.fr\/lyc-paulettenardal\/wp-content\/uploads\/sites\/38\/2021\/06\/Musique_0_LPN_240321.jpeg 640w, https:\/\/site.ac-martinique.fr\/lyc-paulettenardal\/wp-content\/uploads\/sites\/38\/2021\/06\/Musique_0_LPN_240321-300x169.jpeg 300w\" sizes=\"(max-width: 640px) 100vw, 640px\" \/><\/a><\/figure><\/div>\n\n\n\n<p>&nbsp;<\/p>\n<p>Au cours de l&rsquo;ann\u00e9e scolaire 2020-2021, malgr\u00e9 le contexte sanitaire, les \u00e9l\u00e8ves de l&rsquo;option Musique du Lyc\u00e9e Paulette Nardal ont donc pu mener certaines activit\u00e9s.<\/p>\n<p>Cette <strong><a href=\"https:\/\/tube-outremer.beta.education.fr\/videos\/watch\/4fa92f07-fced-4cf3-8f4b-a0c381ab2e27\" target=\"_blank\" rel=\"noopener\">vid\u00e9o<\/a><\/strong> (Peertube de l&rsquo;acad\u00e9mie) en retrace l&rsquo;essentiel ; une pr\u00e9sentation d\u00e9taill\u00e9e est accessible <strong><a href=\"https:\/\/site.ac-martinique.fr\/lyc-paulettenardal\/?page_id=3836\" target=\"_blank\" rel=\"noopener\">dans cette page<\/a><\/strong>.<\/p>\n<div id=\"metaslider-id-3845\" style=\"width: 100%; margin: 0 auto;\" class=\"ml-slider-3-107-0 metaslider metaslider-flex metaslider-3845 ml-slider has-dots-nav has-carousel-mode ms-theme-default\" role=\"region\" aria-label=\"Nouveau diaporama\" data-height=\"240\" data-width=\"560\">\n    <div id=\"metaslider_container_3845\">\n        <div id=\"metaslider_3845\">\n            <ul class='slides'>\n                <li style=\"display: none; width: 100%;\" class=\"slide-3854 ms-image \" aria-roledescription=\"slide\" data-date=\"2021-06-26 11:24:47\" data-filename=\"Musique_1_LPN_240321-1-560x240.jpeg\" data-slide-type=\"image\"><img decoding=\"async\" src=\"https:\/\/site.ac-martinique.fr\/lyc-paulettenardal\/wp-content\/uploads\/sites\/38\/2021\/06\/Musique_1_LPN_240321-1-560x240.jpeg\" height=\"240\" width=\"560\" alt=\"\" class=\"slider-3845 slide-3854 msDefaultImage\" title=\"Musique_1_LPN_240321-1\" \/><\/li>\n                <li style=\"display: none; width: 100%;\" class=\"slide-3855 ms-image \" aria-roledescription=\"slide\" data-date=\"2021-06-26 11:24:47\" data-filename=\"Musique_2_LPN_240321-1-560x240.jpeg\" data-slide-type=\"image\"><img decoding=\"async\" src=\"https:\/\/site.ac-martinique.fr\/lyc-paulettenardal\/wp-content\/uploads\/sites\/38\/2021\/06\/Musique_2_LPN_240321-1-560x240.jpeg\" height=\"240\" width=\"560\" alt=\"\" class=\"slider-3845 slide-3855 msDefaultImage\" title=\"Musique_2_LPN_240321-1\" \/><\/li>\n                <li style=\"display: none; width: 100%;\" class=\"slide-3856 ms-image \" aria-roledescription=\"slide\" data-date=\"2021-06-26 11:24:47\" data-filename=\"Musique_3_LPN_240321-1-560x240.jpeg\" data-slide-type=\"image\"><img loading=\"lazy\" decoding=\"async\" src=\"https:\/\/site.ac-martinique.fr\/lyc-paulettenardal\/wp-content\/uploads\/sites\/38\/2021\/06\/Musique_3_LPN_240321-1-560x240.jpeg\" height=\"240\" width=\"560\" alt=\"\" class=\"slider-3845 slide-3856 msDefaultImage\" title=\"Musique_3_LPN_240321-1\" \/><\/li>\n                <li style=\"display: none; width: 100%;\" class=\"slide-3857 ms-image \" aria-roledescription=\"slide\" data-date=\"2021-06-26 11:24:47\" data-filename=\"Musique_4_LPN_240321-1-560x240.jpeg\" data-slide-type=\"image\"><img loading=\"lazy\" decoding=\"async\" src=\"https:\/\/site.ac-martinique.fr\/lyc-paulettenardal\/wp-content\/uploads\/sites\/38\/2021\/06\/Musique_4_LPN_240321-1-560x240.jpeg\" height=\"240\" width=\"560\" alt=\"\" class=\"slider-3845 slide-3857 msDefaultImage\" title=\"Musique_4_LPN_240321-1\" \/><\/li>\n            <\/ul>\n        <\/div>\n        \n    <\/div>\n<\/div>\n\n\n\n\n","protected":false},"excerpt":{"rendered":"","protected":false},"author":187,"featured_media":0,"parent":0,"menu_order":0,"comment_status":"closed","ping_status":"closed","template":"","meta":{"footnotes":""},"class_list":["post-2321","page","type-page","status-publish","hentry"],"_links":{"self":[{"href":"https:\/\/site.ac-martinique.fr\/lyc-paulettenardal\/index.php?rest_route=\/wp\/v2\/pages\/2321","targetHints":{"allow":["GET"]}}],"collection":[{"href":"https:\/\/site.ac-martinique.fr\/lyc-paulettenardal\/index.php?rest_route=\/wp\/v2\/pages"}],"about":[{"href":"https:\/\/site.ac-martinique.fr\/lyc-paulettenardal\/index.php?rest_route=\/wp\/v2\/types\/page"}],"author":[{"embeddable":true,"href":"https:\/\/site.ac-martinique.fr\/lyc-paulettenardal\/index.php?rest_route=\/wp\/v2\/users\/187"}],"replies":[{"embeddable":true,"href":"https:\/\/site.ac-martinique.fr\/lyc-paulettenardal\/index.php?rest_route=%2Fwp%2Fv2%2Fcomments&post=2321"}],"version-history":[{"count":16,"href":"https:\/\/site.ac-martinique.fr\/lyc-paulettenardal\/index.php?rest_route=\/wp\/v2\/pages\/2321\/revisions"}],"predecessor-version":[{"id":3943,"href":"https:\/\/site.ac-martinique.fr\/lyc-paulettenardal\/index.php?rest_route=\/wp\/v2\/pages\/2321\/revisions\/3943"}],"wp:attachment":[{"href":"https:\/\/site.ac-martinique.fr\/lyc-paulettenardal\/index.php?rest_route=%2Fwp%2Fv2%2Fmedia&parent=2321"}],"curies":[{"name":"wp","href":"https:\/\/api.w.org\/{rel}","templated":true}]}}