{"id":2407,"date":"2019-11-02T14:46:14","date_gmt":"2019-11-02T18:46:14","guid":{"rendered":"\/lyc-paulettenardal\/?page_id=2407"},"modified":"2019-11-02T14:46:49","modified_gmt":"2019-11-02T18:46:49","slug":"stage-de-technique-vocale","status":"publish","type":"page","link":"https:\/\/site.ac-martinique.fr\/lyc-paulettenardal\/?page_id=2407","title":{"rendered":"Stage de technique vocale"},"content":{"rendered":"<p>Le mercredi 2 octobre 2019, le coach vocal David Placide, r\u00e9f\u00e9rent aupr\u00e8s de l&rsquo;IPR d&rsquo;\u00e9ducation musicale a assur\u00e9 un stage de technique vocale, bas\u00e9 sur la respiration diaphragmatique au lyc\u00e9e Centre Sud.<\/p>\n<p><a href=\"\/lyc-paulettenardal\/wp-content\/uploads\/sites\/38\/2019\/11\/unnamed.jpg\"><img fetchpriority=\"high\" decoding=\"async\" class=\"aligncenter size-medium wp-image-2404\" src=\"\/lyc-paulettenardal\/wp-content\/uploads\/sites\/38\/2019\/11\/unnamed-300x225.jpg\" alt=\"\" width=\"300\" height=\"225\" srcset=\"https:\/\/site.ac-martinique.fr\/lyc-paulettenardal\/wp-content\/uploads\/sites\/38\/2019\/11\/unnamed-300x225.jpg 300w, https:\/\/site.ac-martinique.fr\/lyc-paulettenardal\/wp-content\/uploads\/sites\/38\/2019\/11\/unnamed-768x576.jpg 768w, https:\/\/site.ac-martinique.fr\/lyc-paulettenardal\/wp-content\/uploads\/sites\/38\/2019\/11\/unnamed-1024x768.jpg 1024w, https:\/\/site.ac-martinique.fr\/lyc-paulettenardal\/wp-content\/uploads\/sites\/38\/2019\/11\/unnamed-730x548.jpg 730w\" sizes=\"(max-width: 300px) 100vw, 300px\" \/><\/a><\/p>\n<p>Les \u00e9l\u00e8ves travaillent en bin\u00f4mes pour s&rsquo;assurer de la respiration convenable du partenaire, r\u00e9alisent des exercices de conscience de la respiration diaphragmatique.<\/p>\n<p><a href=\"\/lyc-paulettenardal\/wp-content\/uploads\/sites\/38\/2019\/11\/unnamed-1.jpg\"><img decoding=\"async\" class=\"aligncenter size-medium wp-image-2408\" src=\"\/lyc-paulettenardal\/wp-content\/uploads\/sites\/38\/2019\/11\/unnamed-1-300x225.jpg\" alt=\"\" width=\"300\" height=\"225\" srcset=\"https:\/\/site.ac-martinique.fr\/lyc-paulettenardal\/wp-content\/uploads\/sites\/38\/2019\/11\/unnamed-1-300x225.jpg 300w, https:\/\/site.ac-martinique.fr\/lyc-paulettenardal\/wp-content\/uploads\/sites\/38\/2019\/11\/unnamed-1-768x576.jpg 768w, https:\/\/site.ac-martinique.fr\/lyc-paulettenardal\/wp-content\/uploads\/sites\/38\/2019\/11\/unnamed-1-1024x768.jpg 1024w, https:\/\/site.ac-martinique.fr\/lyc-paulettenardal\/wp-content\/uploads\/sites\/38\/2019\/11\/unnamed-1-730x548.jpg 730w\" sizes=\"(max-width: 300px) 100vw, 300px\" \/><\/a><\/p>\n<p>Les 18 \u00e9l\u00e8ves pr\u00e9sents ont \u00e9t\u00e9 ravis de la prestation de David et la majorit\u00e9 des \u00e9l\u00e8ves a d\u00e9cid\u00e9 de revenir pour la 2\u00e8me session en salle de musique.<\/p>\n","protected":false},"excerpt":{"rendered":"<p>Le mercredi 2 octobre 2019, le coach vocal David Placide, r\u00e9f\u00e9rent aupr\u00e8s de l&rsquo;IPR d&rsquo;\u00e9ducation musicale a assur\u00e9 un stage &hellip; <\/p>\n<p class=\"link-more\"><a href=\"https:\/\/site.ac-martinique.fr\/lyc-paulettenardal\/?page_id=2407\" class=\"more-link\">Lire la suite&#8230;<span class=\"screen-reader-text\"> \u00ab\u00a0Stage de technique vocale\u00a0\u00bb<\/span><\/a><\/p>\n","protected":false},"author":187,"featured_media":0,"parent":0,"menu_order":0,"comment_status":"closed","ping_status":"closed","template":"","meta":{"footnotes":""},"class_list":["post-2407","page","type-page","status-publish","hentry"],"_links":{"self":[{"href":"https:\/\/site.ac-martinique.fr\/lyc-paulettenardal\/index.php?rest_route=\/wp\/v2\/pages\/2407","targetHints":{"allow":["GET"]}}],"collection":[{"href":"https:\/\/site.ac-martinique.fr\/lyc-paulettenardal\/index.php?rest_route=\/wp\/v2\/pages"}],"about":[{"href":"https:\/\/site.ac-martinique.fr\/lyc-paulettenardal\/index.php?rest_route=\/wp\/v2\/types\/page"}],"author":[{"embeddable":true,"href":"https:\/\/site.ac-martinique.fr\/lyc-paulettenardal\/index.php?rest_route=\/wp\/v2\/users\/187"}],"replies":[{"embeddable":true,"href":"https:\/\/site.ac-martinique.fr\/lyc-paulettenardal\/index.php?rest_route=%2Fwp%2Fv2%2Fcomments&post=2407"}],"version-history":[{"count":2,"href":"https:\/\/site.ac-martinique.fr\/lyc-paulettenardal\/index.php?rest_route=\/wp\/v2\/pages\/2407\/revisions"}],"predecessor-version":[{"id":2410,"href":"https:\/\/site.ac-martinique.fr\/lyc-paulettenardal\/index.php?rest_route=\/wp\/v2\/pages\/2407\/revisions\/2410"}],"wp:attachment":[{"href":"https:\/\/site.ac-martinique.fr\/lyc-paulettenardal\/index.php?rest_route=%2Fwp%2Fv2%2Fmedia&parent=2407"}],"curies":[{"name":"wp","href":"https:\/\/api.w.org\/{rel}","templated":true}]}}