{"id":2417,"date":"2020-01-14T15:38:41","date_gmt":"2020-01-14T19:38:41","guid":{"rendered":"\/lyc-paulettenardal\/?page_id=2417"},"modified":"2020-09-27T10:30:02","modified_gmt":"2020-09-27T14:30:02","slug":"les-competitions-sportives-du-lycee-centre-sud","status":"publish","type":"page","link":"https:\/\/site.ac-martinique.fr\/lyc-paulettenardal\/?page_id=2417","title":{"rendered":"Les comp\u00e9titions sportives du lyc\u00e9e"},"content":{"rendered":"<p align=\"center\"><span style=\"color: #ed7d31\"><span style=\"font-family: 'Times New Roman', serif\"><span style=\"font-size: large\"><u><b>MADININA BASKET TOUR LYCEE\u00a0: UNE REPRISE AVEC SUCCES<\/b><\/u><\/span><\/span><\/span>\u00a0<\/p>\n<p align=\"center\">\u00a0<\/p>\n<p><a href=\"\/lyc-paulettenardal\/wp-content\/uploads\/sites\/38\/2020\/01\/BASKET.jpg\"><img decoding=\"async\" class=\"aligncenter wp-image-2418\" src=\"\/lyc-paulettenardal\/wp-content\/uploads\/sites\/38\/2020\/01\/BASKET.jpg\" alt=\"\" width=\"215\" height=\"144\" \/><\/a><\/p>\n<p align=\"justify\"><span style=\"font-family: Arial, serif\">Le mercredi 13 n<\/span><span style=\"font-family: Arial, serif\">ovembre 2019, cinq \u00e9tablissements de Martinique se sont rencontr\u00e9s au Lyc\u00e9e Centre Sud de Ducos \u00e0 l\u2019occasion du Madinina Basket Tour Ly<\/span><span style=\"font-family: Arial, serif\">c\u00e9e. Une rencontre qui n\u2019avait pas eu lieu depuis deux ans mais qui a su se faire appr\u00e9cier par les \u00e9l\u00e8ves. Pour cette premi\u00e8re \u00e9dition de l\u2019ann\u00e9e, les lyc\u00e9es Centre Sud, Joseph Zobel, Bellevue, Trinit\u00e9 et l\u2019AMEP \u00e9taient pr\u00e9sents soit dix \u00e9quipes sur deux niveaux <\/span><\/p>\n<p align=\"justify\"><span style=\"font-family: Arial, serif\">diff\u00e9ren<\/span><span style=\"font-family: Arial, serif\">ts. Une grande participation et investissement des \u00e9l\u00e8ves qui r\u00e9jouit les professeurs d\u2019EPS. De plus les joueurs ont su se montrer autonomes et fair-play\u00a0; l\u2019arbitrage \u00e9tait fait par les \u00e9l\u00e8ves avec le soutien des professeurs.<\/span><\/p>\n<p align=\"justify\"><span style=\"font-family: Arial, serif\">Le jeu \u00e9tait organis\u00e9 en 3 x 3 (3joueurs par \u00e9quipe) sur demi terrain. Les deux cat\u00e9gories de niveaux \u00e9taient les Rookies (d\u00e9butant) et les Elites (confirm\u00e9). Un match se termine lorsqu\u2019une \u00e9quipe atteint 12 points ou lorsque le temps de jeu est termin\u00e9 soit 10min. <\/span><\/p>\n<p align=\"center\"><a href=\"\/lyc-paulettenardal\/wp-content\/uploads\/sites\/38\/2020\/01\/BASKET.jpg\"><span style=\"font-family: Arial, serif\">Pour cette premi\u00e8re journ\u00e9e de rencontre, l\u2019\u00e9quipe Trinit\u00e9 2 a su mettre en avant son audace qui lui a permis de d\u00e9crocher la premi\u00e8re place du podium en niveau \u00e9lite. Suivi de Ducos 1 en seconde place et Bellevue 1 en troisi\u00e8me place. Pour ce qui est des rookies, l\u2019\u00e9quipe Bellevue 2 est premi\u00e8re sur le podium. Suivi de l\u2019AMEP et de Zobel 2. Nous comptons sur les autres \u00e9quipes du classement pour se perfectionner et atteindre le podium \u00e0 la prochaine rencontre.<\/span><\/a><\/p>\n<p align=\"center\"><span style=\"color: #000000\"><span style=\"font-size: small\">POLYTE-SCHOLTUS Noah \/ LOZIRON Ludivine<\/span><\/span><\/p>\n<p align=\"center\">\u00a0<\/p>\n<p align=\"center\"><span style=\"color: #ed7d31\"><span style=\"font-family: 'Times New Roman', serif\"><span style=\"font-size: large\"><u><b>FUTSAL<\/b><\/u><\/span><\/span><\/span><\/p>\n<p align=\"center\"><a href=\"\/lyc-paulettenardal\/wp-content\/uploads\/sites\/38\/2020\/01\/foot.jpg\"><img fetchpriority=\"high\" decoding=\"async\" class=\"aligncenter size-medium wp-image-2419\" src=\"\/lyc-paulettenardal\/wp-content\/uploads\/sites\/38\/2020\/01\/foot-300x200.jpg\" alt=\"\" width=\"300\" height=\"200\" srcset=\"https:\/\/site.ac-martinique.fr\/lyc-paulettenardal\/wp-content\/uploads\/sites\/38\/2020\/01\/foot-300x200.jpg 300w, https:\/\/site.ac-martinique.fr\/lyc-paulettenardal\/wp-content\/uploads\/sites\/38\/2020\/01\/foot.jpg 716w\" sizes=\"(max-width: 300px) 100vw, 300px\" \/><\/a><\/p>\n<p align=\"justify\"><span style=\"font-family: Arial, serif\">Le mercredi 13 novembre 2019, a eu lieu au lyc\u00e9e Joseph Zobel la premi\u00e8re journ\u00e9e de comp\u00e9tition de futsal lyc\u00e9e. Pour cette premi\u00e8re rencontre de l\u2019ann\u00e9e, les lyc\u00e9es Centre Sud, Joseph Zobel et lyc\u00e9e professionnel Raymond Neris \u00e9taient pr\u00e9sent avec leur \u00e9quipe. <\/span><\/p>\n<p align=\"justify\"><span style=\"font-family: Arial, serif\">A l\u2019issue des matchs, le lyc\u00e9e Joseph Zobel a d\u00e9croch\u00e9 la premi\u00e8re place sur le podium, suivi du lyc\u00e9e du Marin et du lyc\u00e9e de Ducos en derni\u00e8re. N\u00e9anmoins, les \u00e9quipes vont pouvoir se perfectionner pour pouvoir d\u00e9crocher la premi\u00e8re place \u00e0 la deuxi\u00e8me journ\u00e9e de comp\u00e9tition de futsal lyc\u00e9e.<\/span><\/p>\n<p align=\"justify\"><span style=\"color: #000000\"><span style=\"font-size: small\">POLYTE-SCHOLTUS Noah \/ LOZIRON Ludivine<\/span><\/span><\/p>\n<p align=\"justify\">\u00a0<\/p>\n<p align=\"center\"><span style=\"color: #ed7d31\"><span style=\"font-family: 'Times New Roman', serif\"><span style=\"font-size: large\"><u><b>BADMINTON<\/b><\/u><\/span><\/span><\/span><\/p>\n<p align=\"center\"><a href=\"\/lyc-paulettenardal\/wp-content\/uploads\/sites\/38\/2020\/01\/badmington.jpg\"><img decoding=\"async\" class=\"aligncenter size-medium wp-image-2420\" src=\"\/lyc-paulettenardal\/wp-content\/uploads\/sites\/38\/2020\/01\/badmington-300x200.jpg\" alt=\"\" width=\"300\" height=\"200\" srcset=\"https:\/\/site.ac-martinique.fr\/lyc-paulettenardal\/wp-content\/uploads\/sites\/38\/2020\/01\/badmington-300x200.jpg 300w, https:\/\/site.ac-martinique.fr\/lyc-paulettenardal\/wp-content\/uploads\/sites\/38\/2020\/01\/badmington.jpg 716w\" sizes=\"(max-width: 300px) 100vw, 300px\" \/><\/a><\/p>\n<p align=\"justify\"><span style=\"font-family: Arial, serif\">Le mercredi 20 novembre 2019, la premi\u00e8re journ\u00e9e de championnat individuel de badminton a eu lieu au lyc\u00e9e de Bellevue. Les lyc\u00e9es Joseph Zobel, Centre Sud, Bellevue, LP Trinit\u00e9 et l\u2019AMEP ont tenu \u00e0 \u00eatre pr\u00e9sent pour cette nouvelle ann\u00e9e de comp\u00e9tition. Comme chaque ann\u00e9e un grand nombre de personnes ont particip\u00e9 \u00e0 cette rencontre et c\u2019est un engagement qui a \u00e9t\u00e9 pris au s\u00e9rieux par les \u00e9l\u00e8ves. De plus ceux-ci ont su ce montr\u00e9 pluridisciplinaire afin d\u2019\u00eatre \u00e0 la fois joueur et arbitre.<\/span><\/p>\n<p align=\"justify\"><span style=\"font-family: Arial, serif\">Les professeurs ont form\u00e9 des groupes de trois ou quatre joueurs afin d\u2019\u00e9tablir un premier classement\u00a0; ces groupes vont \u00eatre chang\u00e9 pour faire d\u2019autre classement\u00a0; enfin un classement g\u00e9n\u00e9ral sera fait. Durant cette ann\u00e9e scolaire aura lieu quatre journ\u00e9es de championnat de badminton. A la fin, les trois meilleures performances de chaque \u00e9l\u00e8ve seront retenues afin d\u2019\u00e9tablir un classement g\u00e9n\u00e9ral.<\/span><\/p>\n<p align=\"justify\">\u00a0 \u00a0 \u00a0 \u00a0 \u00a0 \u00a0 \u00a0 \u00a0 \u00a0 \u00a0 \u00a0 \u00a0 \u00a0 \u00a0 \u00a0 \u00a0 \u00a0 \u00a0 \u00a0 \u00a0 \u00a0 \u00a0 \u00a0 \u00a0 \u00a0 \u00a0 \u00a0 \u00a0 \u00a0 \u00a0 \u00a0 \u00a0 \u00a0 \u00a0 \u00a0 \u00a0 \u00a0 \u00a0<span style=\"color: #000000\"><span style=\"font-size: small\">POLYTE-SCHOLTUS Noah \/ LOZIRON Ludivine<\/span><\/span><\/p>\n<p align=\"justify\">\u00a0<\/p>\n<p align=\"center\"><span style=\"color: #ed7d31\"><span style=\"font-family: 'Times New Roman', serif\"><span style=\"font-size: large\"><u><b>TENNIS DE TABLE<\/b><\/u><\/span><\/span><\/span><\/p>\n<p align=\"center\"><a href=\"\/lyc-paulettenardal\/wp-content\/uploads\/sites\/38\/2020\/01\/tennis-de-table.jpg\"><img loading=\"lazy\" decoding=\"async\" class=\"aligncenter size-medium wp-image-2421\" src=\"\/lyc-paulettenardal\/wp-content\/uploads\/sites\/38\/2020\/01\/tennis-de-table-300x169.jpg\" alt=\"\" width=\"300\" height=\"169\" srcset=\"https:\/\/site.ac-martinique.fr\/lyc-paulettenardal\/wp-content\/uploads\/sites\/38\/2020\/01\/tennis-de-table-300x169.jpg 300w, https:\/\/site.ac-martinique.fr\/lyc-paulettenardal\/wp-content\/uploads\/sites\/38\/2020\/01\/tennis-de-table-768x432.jpg 768w, https:\/\/site.ac-martinique.fr\/lyc-paulettenardal\/wp-content\/uploads\/sites\/38\/2020\/01\/tennis-de-table-730x411.jpg 730w, https:\/\/site.ac-martinique.fr\/lyc-paulettenardal\/wp-content\/uploads\/sites\/38\/2020\/01\/tennis-de-table.jpg 848w\" sizes=\"(max-width: 300px) 100vw, 300px\" \/><\/a><\/p>\n<p align=\"justify\"><span style=\"font-family: Arial, serif\">Le mercredi 04 novembre 2019, la premi\u00e8re journ\u00e9e de championnat individuel de tennis de table a eu lieu au lyc\u00e9e Centre Sud. Les lyc\u00e9es de Rivi\u00e8re Sal\u00e9e, du Marin, Trinit\u00e9 et le lyc\u00e9e de Ducos ont tenu a particip\u00e9 \u00e0 cet \u00e9v\u00e8nement. L\u2019ambiance est tr\u00e8s agr\u00e9able et dynamique\u00a0: les professeurs organisent les poules et les \u00e9l\u00e8ves g\u00e8rent et <\/span><span style=\"font-family: Arial, serif\">encha\u00eenent<\/span><span style=\"font-family: Arial, serif\"> leurs matchs par table.<\/span><\/p>\n<p align=\"justify\"><span style=\"font-family: Arial, serif\">Toutes les cat\u00e9gories sont repr\u00e9sent\u00e9es \u00e0 savoir\u00a0: cadettes filles, cadets gar\u00e7ons, juniors filles, juniors gar\u00e7ons. Le lyc\u00e9e de Trinit\u00e9 qui a une option tennis de table se pr\u00e9sente toujours avec un nombre important d\u2019\u00e9l\u00e8ves ce qui donne une dynamique suppl\u00e9mentaire aux rencontres<\/span><\/p>\n<p align=\"justify\"><span style=\"font-family: Arial, serif\">Le tennis de table est un sport de raquette comme le badminton\u00a0; l\u2019organisation et le d\u00e9roulement des rencontres sont similaires a ceux du badminton.<\/span><\/p>\n<p align=\"justify\">\u00a0 \u00a0 \u00a0 \u00a0 \u00a0 \u00a0 \u00a0 \u00a0 \u00a0 \u00a0 \u00a0 \u00a0 \u00a0 \u00a0 \u00a0 \u00a0 \u00a0 \u00a0 \u00a0 \u00a0 \u00a0 \u00a0 \u00a0 \u00a0 \u00a0 \u00a0 \u00a0 \u00a0 \u00a0 \u00a0 \u00a0 \u00a0 \u00a0 \u00a0 \u00a0 \u00a0 \u00a0 \u00a0 \u00a0 \u00a0 \u00a0 \u00a0\u00a0<span style=\"color: #000000\"><span style=\"font-size: small\">POLYTE-SCHOLTUS Noah \/ LOZIRON Ludivine<\/span><\/span><\/p>\n<p align=\"justify\">\u00a0<\/p>\n<p align=\"center\"><span style=\"color: #ed7d31\"><span style=\"font-family: 'Times New Roman', serif\"><span style=\"font-size: large\"><u><b>CROSS TRAINING<\/b><\/u><\/span><\/span><\/span><\/p>\n<p align=\"center\"><a href=\"\/lyc-paulettenardal\/wp-content\/uploads\/sites\/38\/2020\/01\/cross.jpg\"><img loading=\"lazy\" decoding=\"async\" class=\"aligncenter size-medium wp-image-2422\" src=\"\/lyc-paulettenardal\/wp-content\/uploads\/sites\/38\/2020\/01\/cross-300x169.jpg\" alt=\"\" width=\"300\" height=\"169\" srcset=\"https:\/\/site.ac-martinique.fr\/lyc-paulettenardal\/wp-content\/uploads\/sites\/38\/2020\/01\/cross-300x169.jpg 300w, https:\/\/site.ac-martinique.fr\/lyc-paulettenardal\/wp-content\/uploads\/sites\/38\/2020\/01\/cross-768x432.jpg 768w, https:\/\/site.ac-martinique.fr\/lyc-paulettenardal\/wp-content\/uploads\/sites\/38\/2020\/01\/cross-730x411.jpg 730w, https:\/\/site.ac-martinique.fr\/lyc-paulettenardal\/wp-content\/uploads\/sites\/38\/2020\/01\/cross.jpg 848w\" sizes=\"(max-width: 300px) 100vw, 300px\" \/><\/a><\/p>\n<p align=\"justify\"><span style=\"font-family: Arial, serif\">Le 20 Novembre 2019, des \u00e9tablissements de Martinique ont particip\u00e9 \u00e0 une rencontre UNSS de cross training (Musculation) qui s\u2019est d\u00e9roul\u00e9 au lyc\u00e9e professionnel L\u00e9opold Bissol. Les lyc\u00e9es en comp\u00e9tition sont venus nombreux, on y compte le lyc\u00e9e Centre Sud (repr\u00e9sent\u00e9 par 8 lyc\u00e9ens), le lyc\u00e9e Professionnel L\u00e9opold Bissol (repr\u00e9sent\u00e9 par 4 lyc\u00e9ens), le lyc\u00e9e Montg\u00e9rald (repr\u00e9sent\u00e9 par 8 lyc\u00e9ens), le lyc\u00e9e Acajou II (repr\u00e9sent\u00e9 par 22 lyc\u00e9ens), le lyc\u00e9e Professionnel de Place d\u2019Arme (repr\u00e9sent\u00e9 par 1 lyc\u00e9en) ainsi que le lyc\u00e9e Lumina Sophie de Schoelcher (repr\u00e9sent\u00e9 par 1 lyc\u00e9en). <\/span><\/p>\n<p align=\"justify\"><span style=\"font-family: Arial, serif\">Apr\u00e8s l\u2019accueil et la pr\u00e9sentation du d\u00e9roulement de la rencontre par les professeurs, des groupes de 3 \u00e9leves ont \u00e9t\u00e9 form\u00e9es avec des lyc\u00e9ens de divers \u00e9tablissements. Les \u00e9quipes \u00e9taient s\u00e9par\u00e9es en trois niveaux\u00a0: expert, interm\u00e9diaire et d\u00e9butant. Les \u00e9quipes s\u2019affrontaient sur un circuit compos\u00e9 de diff\u00e9rents exercices\u00a0: pompes, corde \u00e0 saute, renforcement musculaire en suspension (TRX), burpee, et course. <\/span><\/p>\n<p align=\"justify\"><span style=\"font-family: Arial, serif\">Apr\u00e8s l\u2019effort le r\u00e9confort\u00a0! apr\u00e8s avoir \u00e9tablie un classement, les lyc\u00e9ens se sont donn\u00e9e rendez-vous le 18 d\u00e9cembre 2019 au lyc\u00e9e Acajou ll.<\/span><\/p>\n<p align=\"justify\">\u00a0 \u00a0 \u00a0 \u00a0 \u00a0 \u00a0 \u00a0 \u00a0 \u00a0 \u00a0 \u00a0 \u00a0 \u00a0 \u00a0 \u00a0 \u00a0 \u00a0 \u00a0 \u00a0 \u00a0 \u00a0 \u00a0 \u00a0 \u00a0 \u00a0 \u00a0 \u00a0 \u00a0 \u00a0 \u00a0 \u00a0 \u00a0 \u00a0 \u00a0 \u00a0 \u00a0 \u00a0 \u00a0\u00a0<span style=\"color: #000000\"><span style=\"font-size: small\">POLYTE-SCHOLTUS Noah \/ LOZIRON Ludivine<\/span><\/span><\/p>\n<p align=\"justify\">\u00a0<\/p>\n<p align=\"center\"><span style=\"color: #ed7d31\"><span style=\"font-family: 'Times New Roman', serif\"><span style=\"font-size: large\"><u><b>TRAIL DES LYCEENS<\/b><\/u><\/span><\/span><\/span><\/p>\n<p align=\"center\"><a href=\"\/lyc-paulettenardal\/wp-content\/uploads\/sites\/38\/2020\/01\/trail.jpg\"><img loading=\"lazy\" decoding=\"async\" class=\"aligncenter size-medium wp-image-2423\" src=\"\/lyc-paulettenardal\/wp-content\/uploads\/sites\/38\/2020\/01\/trail-300x169.jpg\" alt=\"\" width=\"300\" height=\"169\" srcset=\"https:\/\/site.ac-martinique.fr\/lyc-paulettenardal\/wp-content\/uploads\/sites\/38\/2020\/01\/trail-300x169.jpg 300w, https:\/\/site.ac-martinique.fr\/lyc-paulettenardal\/wp-content\/uploads\/sites\/38\/2020\/01\/trail-768x432.jpg 768w, https:\/\/site.ac-martinique.fr\/lyc-paulettenardal\/wp-content\/uploads\/sites\/38\/2020\/01\/trail-730x411.jpg 730w, https:\/\/site.ac-martinique.fr\/lyc-paulettenardal\/wp-content\/uploads\/sites\/38\/2020\/01\/trail.jpg 848w\" sizes=\"(max-width: 300px) 100vw, 300px\" \/><\/a><\/p>\n<p align=\"justify\"><span style=\"font-family: Arial, serif\">Une comp\u00e9tition de trail des lyc\u00e9es, qui avait lieu le 27 Novembre 2019 \u00e0 Rivi\u00e8re Sal\u00e9e. Les lyc\u00e9es pr\u00e9sents pour cette nouvelle ann\u00e9e \u00e9taient le lyc\u00e9e Joseph Zobel (compos\u00e9 de 5 \u00e9quipes), le lyc\u00e9e Bellevue (compos\u00e9e de 3 \u00e9quipes), le lyc\u00e9e Frantz Fanon (compos\u00e9 de 2 \u00e9quipes), le lyc\u00e9e Lumina Sophie (compos\u00e9 de 1 \u00e9quipe), le lyc\u00e9e professionnel Frantz Fanon (compos\u00e9 de 1 \u00e9quipe), le S\u00e9minaire coll\u00e8ge de Sainte Maire (compos\u00e9 de 1 \u00e9quipe), le lyc\u00e9e du Nord Atlantique (compos\u00e9e de 3 \u00e9quipes) ainsi que le lyc\u00e9e Polyvalent Joseph Pernock (compos\u00e9 de 3 \u00e9quipes). <\/span><\/p>\n<p align=\"justify\"><span style=\"font-family: Arial, serif\">Une bonne entente entre les \u00e9l\u00e8ves a favoris\u00e9 le bon d\u00e9roulement du trail, bien que certain lyc\u00e9en se soit tromp\u00e9 de parcours. Chaque \u00e9quipe se composaient de trois \u00e9l\u00e8ves. Chaque membre d\u2019une \u00e9quipe parcourait une distance de km puis passait le relais \u00e0 la personne suivante. La premi\u00e8re \u00e9quipe \u00e0 parcourir les 3x5km remporte la coupe du trail des lyc\u00e9es. Cette rencontre \u00e9tait organis\u00e9e par le club Manikou et l\u2019UNSS. <\/span><\/p>\n<p align=\"justify\"><span style=\"font-family: Arial, serif\">La premi\u00e8re place de ce relais a \u00e9t\u00e9 d\u00e9cern\u00e9 au lyc\u00e9e Joseph Zobel, qui est reparti avec le troph\u00e9e Manikou. La deuxi\u00e8me et la troisi\u00e8me place ont \u00e9t\u00e9 prise par le lyc\u00e9e Bellevue.<\/span><\/p>\n<p align=\"justify\">\u00a0<\/p>\n<p align=\"justify\">\u00a0 \u00a0 \u00a0 \u00a0 \u00a0 \u00a0 \u00a0 \u00a0 \u00a0 \u00a0 \u00a0 \u00a0 \u00a0 \u00a0 \u00a0 \u00a0 \u00a0 \u00a0 \u00a0 \u00a0 \u00a0 \u00a0 \u00a0 \u00a0 \u00a0 \u00a0 \u00a0 \u00a0 \u00a0 \u00a0 \u00a0 \u00a0 \u00a0 \u00a0 \u00a0 \u00a0 \u00a0\u00a0<span style=\"color: #000000\"><span style=\"font-size: small\">POLYTE-SCHOLTUS Noah \/ LOZIRON Ludivine<\/span><\/span><\/p>\n","protected":false},"excerpt":{"rendered":"<p>MADININA BASKET TOUR LYCEE\u00a0: UNE REPRISE AVEC SUCCES\u00a0 \u00a0 Le mercredi 13 novembre 2019, cinq \u00e9tablissements de Martinique se sont &hellip; <\/p>\n<p class=\"link-more\"><a href=\"https:\/\/site.ac-martinique.fr\/lyc-paulettenardal\/?page_id=2417\" class=\"more-link\">Lire la suite&#8230;<span class=\"screen-reader-text\"> \u00ab\u00a0Les comp\u00e9titions sportives du lyc\u00e9e\u00a0\u00bb<\/span><\/a><\/p>\n","protected":false},"author":187,"featured_media":0,"parent":0,"menu_order":0,"comment_status":"closed","ping_status":"closed","template":"","meta":{"footnotes":""},"class_list":["post-2417","page","type-page","status-publish","hentry"],"_links":{"self":[{"href":"https:\/\/site.ac-martinique.fr\/lyc-paulettenardal\/index.php?rest_route=\/wp\/v2\/pages\/2417","targetHints":{"allow":["GET"]}}],"collection":[{"href":"https:\/\/site.ac-martinique.fr\/lyc-paulettenardal\/index.php?rest_route=\/wp\/v2\/pages"}],"about":[{"href":"https:\/\/site.ac-martinique.fr\/lyc-paulettenardal\/index.php?rest_route=\/wp\/v2\/types\/page"}],"author":[{"embeddable":true,"href":"https:\/\/site.ac-martinique.fr\/lyc-paulettenardal\/index.php?rest_route=\/wp\/v2\/users\/187"}],"replies":[{"embeddable":true,"href":"https:\/\/site.ac-martinique.fr\/lyc-paulettenardal\/index.php?rest_route=%2Fwp%2Fv2%2Fcomments&post=2417"}],"version-history":[{"count":2,"href":"https:\/\/site.ac-martinique.fr\/lyc-paulettenardal\/index.php?rest_route=\/wp\/v2\/pages\/2417\/revisions"}],"predecessor-version":[{"id":2707,"href":"https:\/\/site.ac-martinique.fr\/lyc-paulettenardal\/index.php?rest_route=\/wp\/v2\/pages\/2417\/revisions\/2707"}],"wp:attachment":[{"href":"https:\/\/site.ac-martinique.fr\/lyc-paulettenardal\/index.php?rest_route=%2Fwp%2Fv2%2Fmedia&parent=2417"}],"curies":[{"name":"wp","href":"https:\/\/api.w.org\/{rel}","templated":true}]}}