{"id":3067,"date":"2021-03-08T10:17:09","date_gmt":"2021-03-08T14:17:09","guid":{"rendered":"\/lyc-paulettenardal\/?page_id=3067"},"modified":"2021-03-24T15:37:51","modified_gmt":"2021-03-24T19:37:51","slug":"arts-plastiques-fenetre-sur-la-culture-caribeenne-janvier-2021suite","status":"publish","type":"page","link":"https:\/\/site.ac-martinique.fr\/lyc-paulettenardal\/?page_id=3067","title":{"rendered":"Arts plastiques : Fen\u00eatre sur la culture carib\u00e9enne &#8211; Janvier 2021 (suite)"},"content":{"rendered":"<div><b>Fen\u00eatre sur la culture carib\u00e9enne : <\/b><\/div>\n<div dir=\"\"><b>un souffle de transmission, une respiration par temps de confinements (suite)<\/p>\n<p> <\/b><\/div>\n<div dir=\"\">\n<p>L&rsquo;ensemble des \u00e9l\u00e8ves et les enseignants de la fili\u00e8re Arts Plastiques du Lyc\u00e9e Paulette NARDAL remercient de l&rsquo;immense honneur qui leur a \u00e9t\u00e9 fait par Victor ANICET d\u2019\u00eatre venu \u00e0 leur rencontre, \u00e0 l&rsquo;occasion de leur visite des expositions <a href=\"https:\/\/youtu.be\/e_u8CHiYtIE\" target=\"_blank\" rel=\"nofollow noopener\">\u201cS\u00e8ve\u201d<\/a> et \u201cAu nom du p\u00e8re, de la fille et des Saint Soleil\u201d (Fen\u00eatre sur Ha\u00efti), le legs-collection \u00c9meraude MICHEL \u00e0 tropiques Atrium le vendredi 22 Janvier 2021\u00a0 <a href=\"https:\/\/tropiques-atrium.fr\/wp-content\/uploads\/sites\/38\/2020\/12\/VERSION-WEB-CATALOGIE-EXPO-victor-anicet-OCT2019.pdf\" target=\"_blank\" rel=\"nofollow noopener\">(lien vers le catalogue d&rsquo;exposition).<\/a><\/p>\n<p><img fetchpriority=\"high\" decoding=\"async\" class=\"aligncenter\" src=\"\/lyc-paulettenardal\/wp-content\/uploads\/sites\/38\/2021\/03\/Vitrines.jpeg\" width=\"603\" height=\"452\" \/><\/p>\n<\/div>\n<p>Pour cette sortie, l&rsquo;\u00e9quipe p\u00e9dagogique d&rsquo;Arts Plastiques avait choisi de mettre l&rsquo;accent sur l&rsquo;usage du carnet de travail, ceci d\u00e8s la classe de seconde et dans la perspective des \u00e9preuves de sp\u00e9cialit\u00e9 d&rsquo;Arts Plastiques de terminale.<\/p>\n<p><img decoding=\"async\" class=\"alignleft\" src=\"\/lyc-paulettenardal\/wp-content\/uploads\/sites\/38\/2021\/03\/ElevesEnAction.jpeg\" alt=\"\" width=\"223\" height=\"297\" \/><img decoding=\"async\" class=\"alignright\" src=\"\/lyc-paulettenardal\/wp-content\/uploads\/sites\/38\/2021\/03\/Au-travail.jpeg\" alt=\"\" width=\"223\" height=\"297\" \/><\/p>\n<p>\u00a0<br \/>\n Traces graphiques, photographiques, plans d&rsquo;\u00e9tude des sc\u00e9nographies d&rsquo;expositions furent autant d&rsquo;occasions pour les \u00e9l\u00e8ves d&rsquo;investir cet \u201cobjet visuel\u201d et personnel, qui les accompagnera durant leur scolarit\u00e9 et, au-del\u00e0, en interrogeant leurs projets d&rsquo;orientation pour s&rsquo;inscrire dans la perspective d&rsquo;\u00e9tudes sup\u00e9rieures.<\/p>\n<p><img loading=\"lazy\" decoding=\"async\" class=\"aligncenter\" src=\"\/lyc-paulettenardal\/wp-content\/uploads\/sites\/38\/2021\/03\/CarnetDeTravail.jpeg\" alt=\"\" width=\"457\" height=\"343\" \/><\/p>\n<p><a href=\"\/lyc-paulettenardal\/wp-content\/uploads\/sites\/38\/2021\/03\/Tropique_Atrium.jpeg\"><img loading=\"lazy\" decoding=\"async\" class=\"wp-image-3035 alignleft\" src=\"\/lyc-paulettenardal\/wp-content\/uploads\/sites\/38\/2021\/03\/Tropique_Atrium-150x150.jpeg\" alt=\"\" width=\"126\" height=\"126\" \/><\/a>La rencontre avec l&rsquo;artiste Victor ANICET fut aussi l\u2019occasion pour nos \u00e9l\u00e8ves, apr\u00e8s le temps du regard sur les \u0153uvres, de faire l\u2019exp\u00e9rience d&rsquo;une oralit\u00e9 <a href=\"\/lyc-paulettenardal\/wp-content\/uploads\/sites\/38\/2021\/03\/V.Anicet2B.jpg\"><img loading=\"lazy\" decoding=\"async\" class=\"wp-image-3061 alignright\" src=\"\/lyc-paulettenardal\/wp-content\/uploads\/sites\/38\/2021\/03\/V.Anicet2B.jpg\" alt=\"\" width=\"131\" height=\"194\" \/><\/a>inscrite dans une dur\u00e9e, de go\u00fbter la parole d&rsquo;un artiste qui puise sa m\u00e9moire dans la culture de l&rsquo;Habitation, sa s\u00e8ve dans un territoire entre Terre et Oc\u00e9an, et \u00e0 l&rsquo;instar de ses \u0153uvres, ses rhizomes dans une conscience du temps long de l&rsquo;Histoire de la Cara\u00efbe.<\/p>\n<p>\n Telle a \u00e9t\u00e9 la le\u00e7on magistrale transmise par Victor ANICET \u00e0 nos \u00e9l\u00e8ves, avec simplicit\u00e9 et humanisme.<\/p>\n<p><a href=\"\/lyc-paulettenardal\/wp-content\/uploads\/sites\/38\/2021\/03\/Oeuvres-V.-Anicet.jpeg\"><img loading=\"lazy\" decoding=\"async\" class=\"aligncenter  wp-image-3034\" src=\"\/lyc-paulettenardal\/wp-content\/uploads\/sites\/38\/2021\/03\/Oeuvres-V.-Anicet-1024x768.jpeg\" alt=\"\" width=\"736\" height=\"552\" \/><\/a><\/p>\n<p><strong>Le mouvement Saint Soleil<\/strong><\/p>\n<p>Ouverte sur un monde \u00e0 la fois proche et lointain, l&rsquo;exposition \u201cAu nom du p\u00e8re de la fille et des Saint Soleil\u201d n&rsquo;en a pas moins surpris les \u00e9l\u00e8ves.<\/p>\n<p> Quoi de mieux que les mots de sa commissaire d&rsquo;exposition \u00c9meraude MICHEL pour en faire la pr\u00e9sentation : \u00ab\u00a0Initi\u00e9 par Tiga et Maud Robart, le mouvement artistique <i>Saint Soleil<\/i> a pris de l&rsquo;ampleur dans une communaut\u00e9 d\u00e9favoris\u00e9e de Kenscoff, en Ha\u00efti, en 1972 et a permis de donner un regard nouveau sur l&rsquo;art ha\u00eftien.<br \/>\n La manifestation artistique \u00e9tait <img loading=\"lazy\" decoding=\"async\" class=\"alignright\" src=\"\/lyc-paulettenardal\/wp-content\/uploads\/sites\/38\/2021\/03\/LegsStSoleil1.jpeg\" alt=\"\" width=\"426\" height=\"319\" \/>surtout accessible aux gens de classe ais\u00e9e ; mais le mouvement <i>Saint Soleil<\/i> a eu pour mandat d&rsquo;initier des personnes socio-\u00e9conomiquement d\u00e9favoris\u00e9es, ces derni\u00e8res n&rsquo;ayant jamais eu la chance d&rsquo;\u00eatre expos\u00e9es \u00e0 l&rsquo;art, pour exp\u00e9rimenter diff\u00e9rentes activit\u00e9s cr\u00e9atrices. La vision de ce laboratoire en rotation artistique de Saint Soleil d&rsquo;Ha\u00efti \u00e9tait de pratiquer les arts pour exp\u00e9rimenter son aspect th\u00e9rapeutique, didactique, esth\u00e9tique et ce, sans vis\u00e9es commerciales. Ce mouvement a cr\u00e9\u00e9 un effet de transformation des plus marquants et enrichissants dans le paysage artistique ha\u00eftien.\u00a0\u00bb<\/p>\n<p>&nbsp;<\/p>\n<p>Pour l&rsquo;\u00e9quipe d&rsquo;Arts Plastiques,<br \/>\n le coordonnateur,<\/p>\n<p>M. Yann SIMONNET<\/p>\n<p>Cr\u00e9dits photographiques :<br \/>\n Mme P. LUDOSKY.<\/p>\n","protected":false},"excerpt":{"rendered":"<p>Fen\u00eatre sur la culture carib\u00e9enne : un souffle de transmission, une respiration par temps de confinements (suite) L&rsquo;ensemble des \u00e9l\u00e8ves &hellip; <\/p>\n<p class=\"link-more\"><a href=\"https:\/\/site.ac-martinique.fr\/lyc-paulettenardal\/?page_id=3067\" class=\"more-link\">Lire la suite&#8230;<span class=\"screen-reader-text\"> \u00ab\u00a0Arts plastiques : Fen\u00eatre sur la culture carib\u00e9enne &#8211; Janvier 2021 (suite)\u00a0\u00bb<\/span><\/a><\/p>\n","protected":false},"author":187,"featured_media":0,"parent":0,"menu_order":0,"comment_status":"closed","ping_status":"closed","template":"","meta":{"footnotes":""},"class_list":["post-3067","page","type-page","status-publish","hentry"],"_links":{"self":[{"href":"https:\/\/site.ac-martinique.fr\/lyc-paulettenardal\/index.php?rest_route=\/wp\/v2\/pages\/3067","targetHints":{"allow":["GET"]}}],"collection":[{"href":"https:\/\/site.ac-martinique.fr\/lyc-paulettenardal\/index.php?rest_route=\/wp\/v2\/pages"}],"about":[{"href":"https:\/\/site.ac-martinique.fr\/lyc-paulettenardal\/index.php?rest_route=\/wp\/v2\/types\/page"}],"author":[{"embeddable":true,"href":"https:\/\/site.ac-martinique.fr\/lyc-paulettenardal\/index.php?rest_route=\/wp\/v2\/users\/187"}],"replies":[{"embeddable":true,"href":"https:\/\/site.ac-martinique.fr\/lyc-paulettenardal\/index.php?rest_route=%2Fwp%2Fv2%2Fcomments&post=3067"}],"version-history":[{"count":1,"href":"https:\/\/site.ac-martinique.fr\/lyc-paulettenardal\/index.php?rest_route=\/wp\/v2\/pages\/3067\/revisions"}],"predecessor-version":[{"id":3251,"href":"https:\/\/site.ac-martinique.fr\/lyc-paulettenardal\/index.php?rest_route=\/wp\/v2\/pages\/3067\/revisions\/3251"}],"wp:attachment":[{"href":"https:\/\/site.ac-martinique.fr\/lyc-paulettenardal\/index.php?rest_route=%2Fwp%2Fv2%2Fmedia&parent=3067"}],"curies":[{"name":"wp","href":"https:\/\/api.w.org\/{rel}","templated":true}]}}