{"id":3100,"date":"2021-03-09T18:10:08","date_gmt":"2021-03-09T22:10:08","guid":{"rendered":"\/lyc-paulettenardal\/?page_id=3100"},"modified":"2021-03-24T15:37:51","modified_gmt":"2021-03-24T19:37:51","slug":"un-jour-une-artiste-le-mois-des-femmes","status":"publish","type":"page","link":"https:\/\/site.ac-martinique.fr\/lyc-paulettenardal\/?page_id=3100","title":{"rendered":"Arts plastiques &#8211; Un jour, une artiste : le mois des femmes (mars 2021)"},"content":{"rendered":"<div dir=\"ltr\">\n<p>En \u00e9cho au 8 mars, Journ\u00e9e internationale des droits des femmes, l&rsquo;\u00e9quipe d&rsquo;Arts Plastiques met \u00e0 l&rsquo;honneur, pendant ce mois, la cr\u00e9ation au f\u00e9minin ! Forc\u00e9ment partielle et partiale, une s\u00e9lection d&rsquo;articles, de vid\u00e9os, de\u00a0portraits, d&rsquo;analyses d\u2019\u0153uvres, vous sera r\u00e9guli\u00e8rement propos\u00e9e.\u00a0<\/p>\n<\/div>\n<div dir=\"ltr\">L&rsquo;initiative est destin\u00e9e autant aux \u00e9l\u00e8ves d&rsquo;Arts Plastiques pour renforcer et \u00e9largir\u00a0leurs connaissances, qu&rsquo;aux \u00e9l\u00e8ves soucieux d&rsquo;exercer\u00a0leur compr\u00e9hension\u00a0en langue anglaise (pour certains des articles), et \u00e0 l&rsquo;ensemble de la communaut\u00e9\u00a0\u00e9ducative pour le plaisir de la (re)d\u00e9couverte\u00a0de ces talents uniques en leur genre.\u00a0<\/div>\n<p>Retrouvez <strong>l&rsquo;ensemble des artistes cit\u00e9es dans cette page<\/strong>.<\/p>\n<table style=\"width: 688.567px\">\n<tbody>\n<tr style=\"height: 48px\">\n<td style=\"width: 641.567px;text-align: center;height: 48px\" colspan=\"2\">LUNDI 8 mars : <strong>KARA WALKER <br \/>\n <\/strong>(articulation au programme limitatif : du projet \u00e0 l&rsquo;\u0153uvre monumentale)<\/td>\n<\/tr>\n<tr style=\"height: 176px\">\n<td style=\"width: 315px;height: 176px\">\n<p><img decoding=\"async\" class=\"alignleft\" src=\"\/lyc-paulettenardal\/wp-content\/uploads\/sites\/38\/2021\/03\/Walker.jpg\" alt=\"\" width=\"135\" height=\"85\" \/><\/p>\n<p>Article (Le Devoir) :<br \/>\n <a href=\"https:\/\/www.ledevoir.com\/culture\/arts-visuels\/408859\/un-sucre-au-gout-amer#\" target=\"_blank\" rel=\"noopener\">Un sucre au go\u00fbt amer<\/a>\u00a0 <br \/>\n Kara Walker expose une \u0153uvre qui fait r\u00e9fl\u00e9chir au co\u00fbt humain du mode de vie occidental.<\/p>\n<p>Kara Walker: <a href=\"https:\/\/art21.org\/watch\/extended-play\/kara-walker-a-subtlety-or-the-marvelous-sugar-baby-short\/%20\" target=\"_blank\" rel=\"noopener\">\u00ab\u00a0A Subtlety, or the Marvelous Sugar Baby\u00a0\u00bb<\/a> | Video, Art21<\/p>\n<\/td>\n<td style=\"width: 326.567px;text-align: left;vertical-align: middle;height: 176px\">\n<p style=\"text-align: center\">Vid\u00e9o (Tate) :\u00a0<a href=\"https:\/\/www.tate.org.uk\/art\/artists\/kara-walker-2674\/kara-walkers-fons-americanus\" target=\"_blank\" rel=\"noopener\">Kara Walker&rsquo;s Fons Americanus \u2013 Look Closer | Tate<\/a> <em><img decoding=\"async\" class=\"alignright\" src=\"\/lyc-paulettenardal\/wp-content\/uploads\/sites\/38\/2021\/03\/Walker2.jpg\" alt=\"\" width=\"134\" height=\"73\" \/><br \/>\n <span style=\"font-size: 12pt\">Delve deeper into 2019&rsquo;s Hyundai Commission by Kara Walker<\/span><\/em><\/p>\n<\/td>\n<\/tr>\n<tr style=\"height: 48px\">\n<td style=\"width: 641.567px;height: 48px;text-align: center\" colspan=\"2\">MARDI 9 mars : <strong>BARBARA KRUGER<\/strong><br \/>\n (au programme limitatif d&rsquo;Arts Plastiques)<\/td>\n<\/tr>\n<tr style=\"height: 111px\">\n<td style=\"width: 315px;vertical-align: top;height: 111px\">\n<p>\u00a0 <a href=\"\/lyc-paulettenardal\/wp-content\/uploads\/sites\/38\/2021\/03\/Kruger1.jpg\"><img decoding=\"async\" class=\"alignleft\" src=\"\/lyc-paulettenardal\/wp-content\/uploads\/sites\/38\/2021\/03\/Kruger1.jpg\" alt=\"\" width=\"135\" height=\"78\" \/><\/a>\u00a0\u00a0\u00a0\u00a0 Vid\u00e9o :\u00a0<br \/>\n <a href=\"https:\/\/www.youtube.com\/watch?v=_U3hyPEb2OU\" target=\"_blank\" rel=\"nofollow noopener\">Barbara Kruger: <br \/>\n Part of the Discourse | Art21 \u00ab\u00a0Extended Play\u00a0\u00bb<\/a>\u00a0\u00a0 \u00a0<\/p>\n<\/td>\n<td style=\"width: 326.567px;vertical-align: top;height: 111px\"><a href=\"http:\/\/www.clg-mare-coignieres.ac-versailles.fr\/wp-content\/uploads\/sites\/237\/2012\/05\/BARBARA-KRUGER-Your-body-is-a-battleground.pdf\" target=\"_blank\" rel=\"noopener\"><img loading=\"lazy\" decoding=\"async\" class=\"alignright\" src=\"\/lyc-paulettenardal\/wp-content\/uploads\/sites\/38\/2021\/03\/Kruger2-e1615308420881.jpg\" width=\"97\" height=\"98\" \/><br \/>\n \u00a0Article<\/a> <br \/>\n \u00a0\u00a0\u00a0\u00a0\u00a0\u00a0 (Clg Mare Coigni\u00e8res <br \/>\n \u00a0\u00a0\u00a0\u00a0\u00a0\u00a0\u00a0 &#8211; Ac. Versailles)\u00a0\u00a0<\/td>\n<\/tr>\n<tr style=\"height: 4px\">\n<td style=\"width: 641.567px;height: 4px;text-align: center\" colspan=\"2\">MERCREDI 10 mars : <strong>ZANELE MUHOLI<\/strong> <br \/>\n (articulation au programme limitatif : William Kentridge)<\/td>\n<\/tr>\n<tr style=\"height: 24px\">\n<td style=\"width: 315px;height: 24px;text-align: center\"><img loading=\"lazy\" decoding=\"async\" class=\"alignleft\" src=\"\/lyc-paulettenardal\/wp-content\/uploads\/sites\/38\/2021\/03\/Muholi1.jpg\" width=\"134\" height=\"134\" \/>\u00a0 Vid\u00e9o :\u00a0<br \/>\n \u00a0 <a href=\"https:\/\/youtu.be\/9aiufq04dp0\" target=\"_blank\" rel=\"nofollow noopener\">Zanele Muholi, <br \/>\n Visual Activist<\/a><\/td>\n<td style=\"width: 326.567px;height: 24px\">\n<p style=\"text-align: center\">\u00a0Article : <img loading=\"lazy\" decoding=\"async\" class=\"alignright\" src=\"\/lyc-paulettenardal\/wp-content\/uploads\/sites\/38\/2021\/03\/Muholi2.jpg\" width=\"102\" height=\"141\" \/><br \/>\n \u00a0<a href=\"https:\/\/www.beauxarts.com\/vu\/salut-a-toi-zanele-muholi\/\" target=\"_blank\" rel=\"nofollow noopener\">Salut \u00e0 toi, Zanele Muholi<\/a>\u00a0\u00a0<\/p>\n<p>&nbsp;<\/p>\n<\/td>\n<\/tr>\n<tr style=\"height: 24px\">\n<td style=\"width: 641.567px;height: 24px;text-align: center\" colspan=\"2\">JEUDI 11 mars :\u00a0<strong>SOPHIE TAEUBER ARP<\/strong> <br \/>\n (au programme limitatif d&rsquo;Arts Plastiques)<\/td>\n<\/tr>\n<tr style=\"height: 24px\">\n<td style=\"width: 315px;height: 24px\">\n<div dir=\"ltr\" style=\"text-align: center\">Vid\u00e9o :\u00a0\u00a0<a href=\"https:\/\/www.rts.ch\/play\/tv\/le-doc-ch\/video\/sophie-taeuber-arp-une-inconnue-celebre?urn=urn:rts:video:5360037\" target=\"_blank\" rel=\"nofollow noopener\">Le doc ch &#8211; Sophie Taeuber Arp : <br \/>\n une inconnue c\u00e9l\u00e8bre &#8211; Play RTS<\/a><\/div>\n<\/td>\n<td style=\"width: 326.567px;height: 24px;text-align: center\"><img loading=\"lazy\" decoding=\"async\" class=\"alignright\" src=\"\/lyc-paulettenardal\/wp-content\/uploads\/sites\/38\/2021\/03\/TaeuberArp.png\" alt=\"\" width=\"98\" height=\"132\" \/> <br \/>\n L&rsquo;artiste suisse, qui figure sur les billets de 50 francs, a eu une carri\u00e8re exceptionnelle.<\/td>\n<\/tr>\n<tr style=\"height: 24px\">\n<td style=\"width: 641.567px;height: 24px;text-align: center\" colspan=\"2\">VENDREDI 12 mars : <strong>MARI KATAYAMA<\/strong> <br \/>\n (Biennale de Venise 2019 dans le cadre du programme Erasmus +)<\/td>\n<\/tr>\n<tr style=\"height: 24px\">\n<td style=\"width: 315px;height: 24px\">\n<div dir=\"ltr\" style=\"text-align: center\"><img loading=\"lazy\" decoding=\"async\" class=\"alignleft\" src=\"\/lyc-paulettenardal\/wp-content\/uploads\/sites\/38\/2021\/03\/MariKatamaya1.jpg\" alt=\"\" width=\"135\" height=\"80\" \/>Vid\u00e9o :\u00a0<\/div>\n<div dir=\"ltr\" style=\"text-align: center\"><a href=\"https:\/\/www.youtube.com\/watch?v=uCFhSFj_oQA\" target=\"_blank\" rel=\"nofollow noopener\">L&rsquo;Exp\u00e9rience japonaise<br \/>\n &#8211; Mari Katayama<\/a><\/div>\n<\/td>\n<td style=\"width: 326.567px;height: 24px\">\u00a0<\/p>\n<div dir=\"ltr\" style=\"text-align: center\">Portrait vid\u00e9o : <img loading=\"lazy\" decoding=\"async\" class=\"alignright\" src=\"\/lyc-paulettenardal\/wp-content\/uploads\/sites\/38\/2021\/03\/MariKatamaya2.jpg\" width=\"139\" height=\"80\" \/><\/div>\n<div dir=\"ltr\" style=\"text-align: center\"><a href=\"https:\/\/vimeo.com\/444068006\" target=\"_blank\" rel=\"nofollow noopener\">Alone with Materials <br \/>\n Vol. 6\u00a0 Mari Katamaya<\/a><\/div>\n<\/td>\n<\/tr>\n<tr style=\"height: 24px\">\n<td style=\"width: 641.567px;height: 24px;text-align: center\" colspan=\"2\">SAMEDI 13 mars : <strong>SYLVIE FLEURY<\/strong><\/td>\n<\/tr>\n<tr style=\"height: 24px\">\n<td style=\"width: 315px;height: 24px;text-align: center\">\n<div dir=\"ltr\"><img loading=\"lazy\" decoding=\"async\" class=\"alignleft\" src=\"\/lyc-paulettenardal\/wp-content\/uploads\/sites\/38\/2021\/03\/SylvieFleury1.jpg\" alt=\"\" width=\"136\" height=\"83\" \/>Vid\u00e9o :<\/div>\n<div dir=\"ltr\"><a href=\"https:\/\/www.youtube.com\/watch?v=Pt6NfgswyvY\" target=\"_blank\" rel=\"nofollow noopener\">SYLVIE FLEURY I <br \/>\n PALETTES OF SHADOWS I 2018<\/a><\/div>\n<p>\u00a0<\/td>\n<td style=\"width: 326.567px;height: 24px;text-align: center\">\n<div dir=\"ltr\">Portrait :\u00a0<img loading=\"lazy\" decoding=\"async\" class=\"alignright\" src=\"\/lyc-paulettenardal\/wp-content\/uploads\/sites\/38\/2021\/03\/SylvieFleury2.jpg\" width=\"139\" height=\"73\" \/><\/div>\n<div dir=\"ltr\"><a href=\"https:\/\/www.youtube.com\/watch?v=_uKFu-72kQw\" target=\"_blank\" rel=\"nofollow noopener\">SYLVIE FLEURY <br \/>\n Prix Meret Oppenheim 2018<\/a><\/div>\n<p>\u00a0<\/td>\n<\/tr>\n<tr style=\"height: 24px\">\n<td style=\"width: 315px;height: 24px;text-align: center\" colspan=\"2\">DIMANCHE 14 mars : <strong>LORNA SIMPSON<\/strong><\/td>\n<\/tr>\n<tr style=\"height: 24px\">\n<td style=\"width: 315px;height: 24px;text-align: center\">\n<div dir=\"ltr\"><img loading=\"lazy\" decoding=\"async\" class=\"alignleft\" src=\"\/lyc-paulettenardal\/wp-content\/uploads\/sites\/38\/2021\/03\/LornaSimpson1-e1615517583993.jpg\" alt=\"\" width=\"138\" height=\"98\" \/><br \/>\n \u00a0Vid\u00e9o :\u00a0<\/div>\n<div dir=\"ltr\"><a href=\"https:\/\/www.youtube.com\/watch?v=9mf1qS2pI9c\" target=\"_blank\" rel=\"nofollow noopener\">Lorna Simpson au Jeu de Paume<\/a><\/div>\n<\/td>\n<td style=\"width: 326.567px;height: 24px;text-align: center\">\n<div dir=\"ltr\">Article : <img loading=\"lazy\" decoding=\"async\" class=\"alignright\" src=\"\/lyc-paulettenardal\/wp-content\/uploads\/sites\/38\/2021\/03\/LornaSimpson2.jpg\" alt=\"\" width=\"139\" height=\"106\" \/><br \/>\n <a href=\"http:\/\/www.jeudepaume.org\/index.php?page=article&amp;idArt=1773\" target=\"_blank\" rel=\"noopener\">Trente ann\u00e9e de travaux <\/a><br \/>\n <a href=\"http:\/\/www.jeudepaume.org\/index.php?page=article&amp;idArt=1773\" target=\"_blank\" rel=\"noopener\">au Jeu de paume<\/a><\/div>\n<\/td>\n<\/tr>\n<tr style=\"height: 24px\">\n<td style=\"width: 315px;height: 24px;text-align: center\" colspan=\"2\">\n<div dir=\"ltr\">LUNDI\u00a0 15 mars : <strong>MARIAM KAMARA<\/strong><\/div>\n<\/td>\n<\/tr>\n<tr style=\"height: 24px\">\n<td style=\"width: 315px;height: 24px;text-align: center\"><img loading=\"lazy\" decoding=\"async\" class=\"alignleft\" src=\"\/lyc-paulettenardal\/wp-content\/uploads\/sites\/38\/2021\/03\/KAMARA1.jpg\" alt=\"\" width=\"137\" height=\"57\" \/>\u00a0 Vid\u00e9o :\u00a0\u00a0<a href=\"https:\/\/www.youtube.com\/watch?v=6-kylj_-o2g\" target=\"_blank\" rel=\"nofollow noopener\">Mariam Kamara , 2019 Prince Claus Laureate<\/a>\u00a0\u00a0\u00a0<\/td>\n<td style=\"width: 326.567px;height: 24px;text-align: center\">\n<p><a href=\"https:\/\/www.larchitecturedaujourdhui.fr\/3-questions-aux-architectes-mariam-kamara-et-yasaman-esmaili\/\" target=\"_blank\" rel=\"nofollow noopener\">L&rsquo;Architecture d&rsquo;Aujourd&rsquo;hui | Rencontre avec Mariam Kamara et Yasaman Esmaili<\/a><\/p>\n<p><img loading=\"lazy\" decoding=\"async\" class=\"aligncenter\" src=\"\/lyc-paulettenardal\/wp-content\/uploads\/sites\/38\/2021\/03\/KAMARA2.jpg\" width=\"158\" height=\"78\" \/><\/p>\n<\/td>\n<\/tr>\n<tr style=\"height: 24px\">\n<td style=\"width: 315px;height: 24px;text-align: center\">\n<p>Article (Jeune Afrique)\u00a0Urbanisme : <a href=\"https:\/\/www.jeuneafrique.com\/mag\/632797\/culture\/urbanisme-mariam-kamara-larchitecte-made-in-africa\/\" target=\"_blank\" rel=\"nofollow noopener\"><br \/>\n Mariam Kamara, l\u2019architecte \u00ab\u00a0made in Africa\u00a0\u00bb<\/a><\/p>\n<p>&nbsp;<\/p>\n<\/td>\n<td style=\"width: 326.567px;height: 24px;text-align: center\">\n<p><img loading=\"lazy\" decoding=\"async\" class=\"\" src=\"\/lyc-paulettenardal\/wp-content\/uploads\/sites\/38\/2021\/03\/KAMARA3.jpg\" alt=\"\" width=\"160\" height=\"80\" \/><\/p>\n<\/td>\n<\/tr>\n<tr style=\"height: 24px\">\n<td style=\"width: 315px;height: 24px;text-align: center\" colspan=\"2\">MARDI 16 mars : <strong>NAN GOLDIN<\/strong><\/td>\n<\/tr>\n<tr style=\"height: 24px\">\n<td style=\"width: 315px;height: 24px;text-align: center\"><img loading=\"lazy\" decoding=\"async\" class=\"alignleft\" src=\"\/lyc-paulettenardal\/wp-content\/uploads\/sites\/38\/2021\/03\/GOLDIN1.jpg\" alt=\"\" width=\"139\" height=\"90\" \/>Pr\u00e9sentation d\u2019\u0153uvre (Tate)\u00a0:<b>\u00a0<\/b><a href=\"https:\/\/www.tate.org.uk\/art\/artworks\/goldin-nan-one-month-after-being-battered-p78045\" target=\"_blank\" rel=\"nofollow noopener\">\u2018Nan one month after being battered\u2019, Nan Goldin, 1984<\/a><\/td>\n<td style=\"width: 326.567px;height: 24px;text-align: center\">\n<div dir=\"ltr\">\n<div dir=\"ltr\">Interview vid\u00e9o :\u00a0<a href=\"https:\/\/www.youtube.com\/watch?v=m1H6OJfDGWA\" target=\"_blank\" rel=\"nofollow noopener\">&lsquo;I\u2019m not Really Interested in Photography &#8211; I\u2019m Interested in Art\u2019<\/a>\u00a0\u00a0<img loading=\"lazy\" decoding=\"async\" class=\"\" src=\"\/lyc-paulettenardal\/wp-content\/uploads\/sites\/38\/2021\/03\/GOLDIN2.jpg\" alt=\"\" width=\"163\" height=\"85\" \/><\/div>\n<\/div>\n<\/td>\n<\/tr>\n<tr style=\"height: 24px\">\n<td style=\"width: 315px;height: 24px;text-align: center\" colspan=\"2\">MERCREDI 17 mars : <strong>EVA HESSE<\/strong><\/td>\n<\/tr>\n<tr style=\"height: 1.53345px\">\n<td style=\"width: 315px;height: 1.53345px;text-align: center\"><img loading=\"lazy\" decoding=\"async\" class=\"alignleft\" src=\"\/lyc-paulettenardal\/wp-content\/uploads\/sites\/38\/2021\/03\/HESSE1.jpg\" alt=\"\" width=\"138\" height=\"92\" \/><br \/>\n Article :\u00a0<b>\u00a0<\/b><a href=\"https:\/\/awarewomenartists.com\/artiste\/eva-hesse\/\" target=\"_blank\" rel=\"nofollow noopener\">Eva Hesse \u2014 AWARE Women artists \/ Femmes artistes<\/a>\u00a0\u00a0<\/td>\n<td style=\"width: 326.567px;height: 1.53345px;text-align: center\">\n<div dir=\"ltr\">\u00a0<\/div>\n<div dir=\"ltr\">\u00a0 \u00a0 Pr\u00e9sentation d&rsquo;\u0153uvre, vid\u00e9o<br \/>\n (Whitney Museum of <img loading=\"lazy\" decoding=\"async\" class=\"alignright\" src=\"\/lyc-paulettenardal\/wp-content\/uploads\/sites\/38\/2021\/03\/HESSE2.jpg\" alt=\"\" width=\"139\" height=\"104\" \/>American Art)<b>\u00a0:\u00a0 <\/b><\/div>\n<div dir=\"ltr\">\n<div dir=\"ltr\">\n<div dir=\"ltr\"><b>\u00a0<\/b><a href=\"https:\/\/youtu.be\/LklUuaUxX4k\" target=\"_blank\" rel=\"nofollow noopener\">Singular Visions: <br \/>\n Eva Hesse, No Title, 1970<\/a><\/div>\n<\/div>\n<\/div>\n<\/td>\n<\/tr>\n<tr style=\"height: 24px\">\n<td style=\"width: 315px;height: 24px;text-align: center\" colspan=\"2\">JEUDI 18 mars : <strong>ANA MENDIETA<\/strong><\/td>\n<\/tr>\n<tr style=\"height: 24px\">\n<td style=\"width: 315px;height: 24px;text-align: center\">\n<div dir=\"ltr\">\n<div dir=\"ltr\"><img loading=\"lazy\" decoding=\"async\" class=\"alignleft\" src=\"\/lyc-paulettenardal\/wp-content\/uploads\/sites\/38\/2021\/03\/MENDIETA1.jpg\" alt=\"\" width=\"139\" height=\"95\" \/>Pr\u00e9sentation d&rsquo;\u0153uvre, vid\u00e9o<\/div>\n<div dir=\"ltr\">(Museum Ludwig)<br \/>\n <a href=\"https:\/\/vimeo.com\/418895850\" target=\"_blank\" rel=\"nofollow noopener\">Mapping the Collection \/\/ Ana Mendieta<\/a><\/div>\n<\/div>\n<div dir=\"ltr\">\u00a0<\/div>\n<\/td>\n<td style=\"width: 326.567px;height: 24px;text-align: center\">Article :\u00a0<a href=\"https:\/\/awarewomenartists.com\/artiste\/ana-mendieta\/?from=search\" target=\"_blank\" rel=\"nofollow noopener\">Ana Mendieta\u00a0 &#8211;\u00a0 <img loading=\"lazy\" decoding=\"async\" class=\"alignright\" src=\"\/lyc-paulettenardal\/wp-content\/uploads\/sites\/38\/2021\/03\/MENDIETA2.jpg\" alt=\"\" width=\"138\" height=\"85\" \/><br \/>\n AWARE Women artists \/<br \/>\n Femmes artistes<\/a><\/td>\n<\/tr>\n<tr style=\"height: 24px\">\n<td style=\"width: 315px;height: 24px;text-align: center\" colspan=\"2\">VENDREDI 19 mars : <strong>SUE WILLIAMSON<\/strong><\/td>\n<\/tr>\n<tr style=\"height: 24px\">\n<td style=\"width: 315px;height: 24px;text-align: center\">\n<div dir=\"ltr\">\n<div dir=\"ltr\">\n<div>\n<div dir=\"ltr\" style=\"text-align: right\">Vid\u00e9o (Le Monde) :<\/div>\n<div dir=\"ltr\"><a href=\"https:\/\/www.dailymotion.com\/video\/x5i89ob\" target=\"_blank\" rel=\"nofollow noopener\">Sue Williamson : l&rsquo;artiste et militante sud-africaine \u00e0 la Fondation Louis Vuitton<\/a><\/div>\n<div dir=\"ltr\">\u00a0<\/div>\n<\/div>\n<\/div>\n<\/div>\n<\/td>\n<td style=\"width: 326.567px;height: 24px;text-align: center\"><img loading=\"lazy\" decoding=\"async\" class=\"\" src=\"\/lyc-paulettenardal\/wp-content\/uploads\/sites\/38\/2021\/03\/WILLIAMSON1.jpg\" alt=\"\" width=\"155\" height=\"88\" \/><\/td>\n<\/tr>\n<tr style=\"height: 24px\">\n<td style=\"width: 315px;height: 24px;text-align: center\" colspan=\"2\">SAMEDI 20 mars : <strong>ULRIKE MILLER<\/strong><\/td>\n<\/tr>\n<tr style=\"height: 24px\">\n<td style=\"width: 315px;height: 24px;text-align: center\"><a href=\"https:\/\/www.youtube.com\/watch?v=TSr9e0vVS1s\" target=\"_blank\" rel=\"nofollow noopener\">Biennale Arte 2019 &#8211; Ulrike M\u00fcller<\/a><\/td>\n<td style=\"width: 326.567px;height: 24px;text-align: center\"><img loading=\"lazy\" decoding=\"async\" class=\"alignnone\" src=\"\/lyc-paulettenardal\/wp-content\/uploads\/sites\/38\/2021\/03\/MULLER1.jpg\" alt=\"\" width=\"158\" height=\"85\" \/><span style=\"font-size: 10pt\">\u00a0\u00a0 <\/span><\/td>\n<\/tr>\n<tr style=\"height: 24px\">\n<td style=\"width: 315px;height: 24px;text-align: center\" colspan=\"2\">DIMANCHE 21 mars :<strong> AGNES DENES<\/strong><\/td>\n<\/tr>\n<tr style=\"height: 24px\">\n<td style=\"width: 315px;height: 24px;text-align: center\">\n<p><img loading=\"lazy\" decoding=\"async\" class=\"alignleft\" src=\"\/lyc-paulettenardal\/wp-content\/uploads\/sites\/38\/2021\/03\/DENES1.jpg\" alt=\"\" width=\"138\" height=\"100\" \/>Vid\u00e9o (THE SHED) :\u00a0\u00a0<\/p>\n<p><a href=\"https:\/\/www.youtube.com\/watch?v=7hfQjkuM3t8\" target=\"_blank\" rel=\"nofollow noopener\">Who Is Agnes Denes?<\/a><\/p>\n<\/td>\n<td style=\"width: 326.567px;height: 24px;text-align: center\">Trailer d&rsquo;exposition (THE SHED) :\u00a0 <img loading=\"lazy\" decoding=\"async\" class=\"\" src=\"\/lyc-paulettenardal\/wp-content\/uploads\/sites\/38\/2021\/03\/DENES2.jpg\" width=\"162\" height=\"166\" \/><br \/>\n <a href=\"https:\/\/theshed.org\/program\/6-agnes-denes-absolutes-and-intermediates?feed_item=176\" target=\"_blank\" rel=\"noopener\">https:\/\/theshed.org\/program\/6-agnes-denes-absolutes-and-intermediates<\/a><\/td>\n<\/tr>\n<\/tbody>\n<\/table>\n<div dir=\"ltr\">\u00a0<\/div>\n<div dir=\"ltr\">Cette lettre hebdomadaire ne serait pas, sans le travail\u00a0 de Mme Ludosky, professeure d&rsquo;Arts Plastiques.<\/div>\n<div>\u00a0<\/div>\n<div dir=\"ltr\">Le coordonnateur pour l&rsquo;enseignement des Arts Plastiques,\u00a0<\/div>\n<div dir=\"ltr\">M. Yann SIMONNET<\/div>\n<p style=\"text-align: left\">Suite la semaine prochaine :\u00a0 \u00ab\u00a0Stay tuned!\u00a0\u00bb<\/p>\n","protected":false},"excerpt":{"rendered":"<p>En \u00e9cho au 8 mars, Journ\u00e9e internationale des droits des femmes, l&rsquo;\u00e9quipe d&rsquo;Arts Plastiques met \u00e0 l&rsquo;honneur, pendant ce mois, &hellip; <\/p>\n<p class=\"link-more\"><a href=\"https:\/\/site.ac-martinique.fr\/lyc-paulettenardal\/?page_id=3100\" class=\"more-link\">Lire la suite&#8230;<span class=\"screen-reader-text\"> \u00ab\u00a0Arts plastiques &#8211; Un jour, une artiste : le mois des femmes (mars 2021)\u00a0\u00bb<\/span><\/a><\/p>\n","protected":false},"author":187,"featured_media":0,"parent":0,"menu_order":0,"comment_status":"closed","ping_status":"closed","template":"","meta":{"footnotes":""},"class_list":["post-3100","page","type-page","status-publish","hentry"],"_links":{"self":[{"href":"https:\/\/site.ac-martinique.fr\/lyc-paulettenardal\/index.php?rest_route=\/wp\/v2\/pages\/3100","targetHints":{"allow":["GET"]}}],"collection":[{"href":"https:\/\/site.ac-martinique.fr\/lyc-paulettenardal\/index.php?rest_route=\/wp\/v2\/pages"}],"about":[{"href":"https:\/\/site.ac-martinique.fr\/lyc-paulettenardal\/index.php?rest_route=\/wp\/v2\/types\/page"}],"author":[{"embeddable":true,"href":"https:\/\/site.ac-martinique.fr\/lyc-paulettenardal\/index.php?rest_route=\/wp\/v2\/users\/187"}],"replies":[{"embeddable":true,"href":"https:\/\/site.ac-martinique.fr\/lyc-paulettenardal\/index.php?rest_route=%2Fwp%2Fv2%2Fcomments&post=3100"}],"version-history":[{"count":2,"href":"https:\/\/site.ac-martinique.fr\/lyc-paulettenardal\/index.php?rest_route=\/wp\/v2\/pages\/3100\/revisions"}],"predecessor-version":[{"id":3502,"href":"https:\/\/site.ac-martinique.fr\/lyc-paulettenardal\/index.php?rest_route=\/wp\/v2\/pages\/3100\/revisions\/3502"}],"wp:attachment":[{"href":"https:\/\/site.ac-martinique.fr\/lyc-paulettenardal\/index.php?rest_route=%2Fwp%2Fv2%2Fmedia&parent=3100"}],"curies":[{"name":"wp","href":"https:\/\/api.w.org\/{rel}","templated":true}]}}