{"id":3884,"date":"2021-07-01T11:25:08","date_gmt":"2021-07-01T15:25:08","guid":{"rendered":"https:\/\/site.ac-martinique.fr\/lyc-paulettenardal\/?page_id=3884"},"modified":"2023-08-03T07:42:58","modified_gmt":"2023-08-03T11:42:58","slug":"nos-formations","status":"publish","type":"page","link":"https:\/\/site.ac-martinique.fr\/lyc-paulettenardal\/?page_id=3884","title":{"rendered":"NOS FORMATIONS"},"content":{"rendered":"\n<p>Le lyc\u00e9e Paulette Nardal est un \u00e9tablissement d&rsquo;enseignement g\u00e9n\u00e9ral et technologique.<\/p>\n<p>Les structures p\u00e9dagogiques sont constitu\u00e9es de:<\/p>\n<ul>\n<li>classes de seconde g\u00e9n\u00e9rale et technologique<\/li>\n<li>de classes de premi\u00e8re et terminale g\u00e9n\u00e9rale<\/li>\n<li>classes de premiere et terminale STMG<\/li>\n<li>d&rsquo;une section de BTS Comptabilit\u00e9-Gestion<\/li>\n<li>d&rsquo;une classe pr\u00e9paratoire BCPST<\/li>\n<\/ul>\n\n\n\n<p><\/p>\n\n\n\n<figure class=\"wp-block-image size-full\"><a href=\"https:\/\/site.ac-martinique.fr\/lyc-paulettenardal\/wp-content\/uploads\/sites\/38\/2023\/08\/Schema-des-parcours-de-formation-GT-1-1.jpg\"><img fetchpriority=\"high\" decoding=\"async\" width=\"800\" height=\"594\" src=\"https:\/\/site.ac-martinique.fr\/lyc-paulettenardal\/wp-content\/uploads\/sites\/38\/2023\/08\/Schema-des-parcours-de-formation-GT-1-1.jpg\" alt=\"\" class=\"wp-image-4453\" srcset=\"https:\/\/site.ac-martinique.fr\/lyc-paulettenardal\/wp-content\/uploads\/sites\/38\/2023\/08\/Schema-des-parcours-de-formation-GT-1-1.jpg 800w, https:\/\/site.ac-martinique.fr\/lyc-paulettenardal\/wp-content\/uploads\/sites\/38\/2023\/08\/Schema-des-parcours-de-formation-GT-1-1-300x223.jpg 300w, https:\/\/site.ac-martinique.fr\/lyc-paulettenardal\/wp-content\/uploads\/sites\/38\/2023\/08\/Schema-des-parcours-de-formation-GT-1-1-768x570.jpg 768w\" sizes=\"(max-width: 767px) 89vw, (max-width: 1000px) 54vw, (max-width: 1071px) 543px, 580px\" \/><\/a><\/figure>\n","protected":false},"excerpt":{"rendered":"","protected":false},"author":187,"featured_media":0,"parent":0,"menu_order":0,"comment_status":"closed","ping_status":"closed","template":"","meta":{"footnotes":""},"class_list":["post-3884","page","type-page","status-publish","hentry"],"_links":{"self":[{"href":"https:\/\/site.ac-martinique.fr\/lyc-paulettenardal\/index.php?rest_route=\/wp\/v2\/pages\/3884","targetHints":{"allow":["GET"]}}],"collection":[{"href":"https:\/\/site.ac-martinique.fr\/lyc-paulettenardal\/index.php?rest_route=\/wp\/v2\/pages"}],"about":[{"href":"https:\/\/site.ac-martinique.fr\/lyc-paulettenardal\/index.php?rest_route=\/wp\/v2\/types\/page"}],"author":[{"embeddable":true,"href":"https:\/\/site.ac-martinique.fr\/lyc-paulettenardal\/index.php?rest_route=\/wp\/v2\/users\/187"}],"replies":[{"embeddable":true,"href":"https:\/\/site.ac-martinique.fr\/lyc-paulettenardal\/index.php?rest_route=%2Fwp%2Fv2%2Fcomments&post=3884"}],"version-history":[{"count":11,"href":"https:\/\/site.ac-martinique.fr\/lyc-paulettenardal\/index.php?rest_route=\/wp\/v2\/pages\/3884\/revisions"}],"predecessor-version":[{"id":4472,"href":"https:\/\/site.ac-martinique.fr\/lyc-paulettenardal\/index.php?rest_route=\/wp\/v2\/pages\/3884\/revisions\/4472"}],"wp:attachment":[{"href":"https:\/\/site.ac-martinique.fr\/lyc-paulettenardal\/index.php?rest_route=%2Fwp%2Fv2%2Fmedia&parent=3884"}],"curies":[{"name":"wp","href":"https:\/\/api.w.org\/{rel}","templated":true}]}}