{"id":3905,"date":"2021-07-06T09:50:54","date_gmt":"2021-07-06T13:50:54","guid":{"rendered":"https:\/\/site.ac-martinique.fr\/lyc-paulettenardal\/?page_id=3905"},"modified":"2023-08-04T08:14:54","modified_gmt":"2023-08-04T12:14:54","slug":"presentation-des-parcours-proposes-au-lycee-paulette-nardal","status":"publish","type":"page","link":"https:\/\/site.ac-martinique.fr\/lyc-paulettenardal\/?page_id=3905","title":{"rendered":"LES PARCOURS"},"content":{"rendered":"\n<p><strong data-rich-text-format-boundary=\"true\">Pr\u00e9sentations des parcours : options, accompagnement personnalis\u00e9 et projets<\/strong><\/p>\n<p><em data-rich-text-format-boundary=\"true\">Consulter la<\/em>\u00a0<a href=\"https:\/\/view.genial.ly\/64bd8abd333d9700195cff28\/guide-parcours-dexcellence-du-lycee-paulette-nardal\">Vue d\u2019ensemble des parcours personnalis\u00e9s au lyc\u00e9e Paulette NARDAL<\/a><\/p>\n\n\n\n<p>ATTENTION : il s\u2019agit ici des options (obligatoires et\/ou facultatives) li\u00e9es aux parcours d\u2019accompagnement personnalis\u00e9, d\u2019approfondissement ou d\u2019excellence.<\/p>\n\n\n\n<table style=\"width: 100%;height: 693px\">\n<tbody>\n<tr style=\"height: 44px\">\n<td style=\"height: 44px;text-align: center\"><strong>Option<\/strong><\/td>\n<td class=\"has-text-align-center\" style=\"height: 44px\" data-align=\"center\"><strong>Support *<\/strong><\/td>\n<td class=\"has-text-align-center\" style=\"height: 44px\" data-align=\"center\"><strong>Formulaire d\u2019inscription<\/strong><\/td>\n<td style=\"height: 44px;text-align: center\"><strong>Niveau \/ Remarques<\/strong><\/td>\n<\/tr>\n<tr style=\"height: 26px\">\n<td style=\"height: 26px\">Anglais +<\/td>\n<td class=\"has-text-align-center\" style=\"height: 26px\" data-align=\"center\">AP<\/td>\n<td class=\"has-text-align-center\" style=\"height: 26px\" data-align=\"center\"><em><a href=\"https:\/\/site.ac-martinique.fr\/lyc-paulettenardal\/wp-content\/uploads\/sites\/38\/2021\/06\/Dossier-candidature-Recrutement-AnglaisPlus-Rentree-2021-1.doc\" target=\"_blank\" rel=\"noreferrer noopener\" data-type=\"URL\" data-id=\"https:\/\/site.ac-martinique.fr\/lyc-paulettenardal\/wp-content\/uploads\/sites\/38\/2021\/06\/Dossier-candidature-Recrutement-AnglaisPlus-Rentree-2021-1.doc\">t\u00e9l\u00e9charger<\/a><\/em><\/td>\n<td style=\"height: 26px\">2<sup>de<\/sup>, 1<sup>\u00e8re<\/sup> et T<sup>ale <\/sup>g\u00e9n\u00e9rale<\/td>\n<\/tr>\n<tr style=\"height: 23px\">\n<td style=\"height: 23px\">Section Euro Espagnol<\/td>\n<td class=\"has-text-align-center\" style=\"height: 23px\" data-align=\"center\">&nbsp;<\/td>\n<td class=\"has-text-align-center\" style=\"height: 23px\" data-align=\"center\"><em><a href=\"https:\/\/site.ac-martinique.fr\/lyc-paulettenardal\/wp-content\/uploads\/sites\/38\/2021\/06\/Dossier-candidature-Recrutement-Section-europeenne-Espagnole-2021-1.doc\" data-type=\"URL\" data-id=\"https:\/\/site.ac-martinique.fr\/lyc-paulettenardal\/wp-content\/uploads\/sites\/38\/2021\/06\/Dossier-candidature-Recrutement-Section-europeenne-Espagnole-2021-1.doc\">t\u00e9l\u00e9charger<\/a><\/em><\/td>\n<td style=\"height: 23px\"><em>Hors parcours<\/em><\/td>\n<\/tr>\n<tr style=\"height: 26px\">\n<td style=\"height: 26px\">Latin<\/td>\n<td class=\"has-text-align-center\" style=\"height: 26px\" data-align=\"center\">OPTION<\/td>\n<td class=\"has-text-align-center\" style=\"height: 26px\" data-align=\"center\">&nbsp;<\/td>\n<td style=\"height: 26px\">T<sup>ale <\/sup>g\u00e9n\u00e9rale uniquement<\/td>\n<\/tr>\n<tr style=\"height: 26px\">\n<td style=\"height: 26px\">IEP Sc. Po (<a href=\"https:\/\/youtu.be\/jGU_9VmMqko\" target=\"_blank\" rel=\"noreferrer noopener\"><em>vid\u00e9o<\/em><\/a>)<\/td>\n<td class=\"has-text-align-center\" style=\"height: 26px\" data-align=\"center\">AP<\/td>\n<td class=\"has-text-align-center\" style=\"height: 26px\" data-align=\"center\"><em><a href=\"https:\/\/site.ac-martinique.fr\/lyc-paulettenardal\/wp-content\/uploads\/sites\/38\/2021\/06\/Dossier-candidature-Recrutement-du-cursus-IEP-2021-1.docx\" target=\"_blank\" rel=\"noreferrer noopener\" data-type=\"URL\" data-id=\"https:\/\/site.ac-martinique.fr\/lyc-paulettenardal\/wp-content\/uploads\/sites\/38\/2021\/06\/Dossier-candidature-Recrutement-du-cursus-IEP-2021-1.docx\">t\u00e9l\u00e9charger<\/a><\/em><\/td>\n<td style=\"height: 26px\">2<sup>de<\/sup>, 1<sup>\u00e8re<\/sup> et T<sup>ale <\/sup>g\u00e9n\u00e9rale<\/td>\n<\/tr>\n<tr style=\"height: 26px\">\n<td style=\"height: 26px\">Droit \u2013 journalisme<\/td>\n<td class=\"has-text-align-center\" style=\"height: 26px\" data-align=\"center\">AP<\/td>\n<td class=\"has-text-align-center\" style=\"height: 26px\" data-align=\"center\">&nbsp;<\/td>\n<td style=\"height: 26px\">2<sup>de<\/sup>, 1<sup>\u00e8re<\/sup> et T<sup>ale <\/sup>g\u00e9n\u00e9rale<\/td>\n<\/tr>\n<tr style=\"height: 26px\">\n<td style=\"height: 26px\">DGEMC (<a href=\"https:\/\/www.youtube.com\/watch?v=nOeKEGolcGw\" target=\"_blank\" rel=\"noreferrer noopener\" data-type=\"URL\" data-id=\"https:\/\/www.youtube.com\/watch?v=nOeKEGolcGw\"><em>vid\u00e9o<\/em><\/a>)<\/td>\n<td class=\"has-text-align-center\" style=\"height: 26px\" data-align=\"center\">OPTION<\/td>\n<td class=\"has-text-align-center\" style=\"height: 26px\" data-align=\"center\">&nbsp;<\/td>\n<td style=\"height: 26px\">T<sup>ale <\/sup>g\u00e9n\u00e9rale uniquement<\/td>\n<\/tr>\n<tr style=\"height: 26px\">\n<td style=\"height: 26px\">Classe s\u00e9curit\u00e9 et d\u00e9fense<\/td>\n<td class=\"has-text-align-center\" style=\"height: 26px\" data-align=\"center\">AP<\/td>\n<td class=\"has-text-align-center\" style=\"height: 26px\" data-align=\"center\">&nbsp;<\/td>\n<td style=\"height: 26px\">T<sup>ale <\/sup>g\u00e9n\u00e9rale uniquement<\/td>\n<\/tr>\n<tr style=\"height: 26px\">\n<td style=\"height: 26px\">Th\u00e9\u00e2tre<\/td>\n<td class=\"has-text-align-center\" style=\"height: 26px\" data-align=\"center\">AP<\/td>\n<td class=\"has-text-align-center\" style=\"height: 26px\" data-align=\"center\">&nbsp;<\/td>\n<td style=\"height: 26px\">1<sup>\u00e8re<\/sup> G et T<sup>ale <\/sup>G<\/td>\n<\/tr>\n<tr style=\"height: 26px\">\n<td style=\"height: 26px\">Cin\u00e9ma<\/td>\n<td class=\"has-text-align-center\" style=\"height: 26px\" data-align=\"center\">AP<\/td>\n<td class=\"has-text-align-center\" style=\"height: 26px\" data-align=\"center\">&nbsp;<\/td>\n<td style=\"height: 26px\">1<sup>\u00e8re<\/sup> G et T<sup>ale <\/sup>G<\/td>\n<\/tr>\n<tr style=\"height: 44px\">\n<td style=\"height: 44px\">Arts plastiques (<a href=\"https:\/\/site.ac-martinique.fr\/lyc-paulettenardal\/wp-content\/uploads\/sites\/38\/2021\/05\/ArtsPlastiques_InformationsOption_Specialite_2021.pdf\"><em>document<\/em><\/a>)<\/td>\n<td class=\"has-text-align-center\" style=\"height: 44px\" data-align=\"center\">OPTION<br>et AP<\/td>\n<td class=\"has-text-align-center\" style=\"height: 44px\" data-align=\"center\">&nbsp;<\/td>\n<td style=\"height: 44px\">2<sup>de<\/sup>, 1<sup>\u00e8re<\/sup> et T<sup>ale<\/sup><\/td>\n<\/tr>\n<tr style=\"height: 44px\">\n<td style=\"height: 44px\">Musique (<em><a href=\"https:\/\/site.ac-martinique.fr\/lyc-paulettenardal\/?page_id=2321\" target=\"_blank\" rel=\"noreferrer noopener\" data-type=\"URL\" data-id=\"https:\/\/site.ac-martinique.fr\/lyc-paulettenardal\/?page_id=2321\">pr\u00e9sentation<\/a> et <a href=\"https:\/\/tube-outremer.beta.education.fr\/videos\/watch\/4fa92f07-fced-4cf3-8f4b-a0c381ab2e27\" target=\"_blank\" rel=\"noreferrer noopener\" data-type=\"URL\" data-id=\"https:\/\/tube-outremer.beta.education.fr\/videos\/watch\/4fa92f07-fced-4cf3-8f4b-a0c381ab2e27\">vid\u00e9o<\/a>) <\/em><\/td>\n<td class=\"has-text-align-center\" style=\"height: 44px\" data-align=\"center\">OPTION&nbsp;<\/td>\n<td class=\"has-text-align-center\" style=\"height: 44px\" data-align=\"center\">&nbsp;<\/td>\n<td style=\"height: 44px\"><em>Choix possible toute fili\u00e8re et tout niveau<\/em><\/td>\n<\/tr>\n<tr style=\"height: 26px\">\n<td style=\"height: 26px\">EPS<\/td>\n<td class=\"has-text-align-center\" style=\"height: 26px\" data-align=\"center\">AP&nbsp;<\/td>\n<td class=\"has-text-align-center\" style=\"height: 26px\" data-align=\"center\"><em><a href=\"https:\/\/site.ac-martinique.fr\/lyc-paulettenardal\/wp-content\/uploads\/sites\/38\/2021\/06\/Dossier-de-Recrutement-Option-EPS-en-2nde-R-2021-1.doc\" data-type=\"URL\" data-id=\"https:\/\/site.ac-martinique.fr\/lyc-paulettenardal\/wp-content\/uploads\/sites\/38\/2021\/06\/Dossier-de-Recrutement-Option-EPS-en-2nde-R-2021-1.doc\">t\u00e9l\u00e9charger<\/a><\/em><\/td>\n<td style=\"height: 26px\">2<sup>de <\/sup><\/td>\n<\/tr>\n<tr style=\"height: 26px\">\n<td style=\"height: 26px\">EPS <em>(<a href=\"https:\/\/site.ac-martinique.fr\/lyc-paulettenardal\/wp-content\/uploads\/sites\/38\/2021\/06\/Presentation_Enseignement_Option_EPS_2nde_1ere_Tale.pdf\" target=\"_blank\" rel=\"noreferrer noopener\" data-type=\"URL\" data-id=\"https:\/\/site.ac-martinique.fr\/lyc-paulettenardal\/wp-content\/uploads\/sites\/38\/2021\/06\/Presentation_Enseignement_Option_EPS_2nde_1ere_Tale.pdf\">pr\u00e9sentation<\/a>)<\/em><\/td>\n<td class=\"has-text-align-center\" style=\"height: 26px\" data-align=\"center\">OPTION<\/td>\n<td class=\"has-text-align-center\" style=\"height: 26px\" data-align=\"center\">&nbsp;<\/td>\n<td style=\"height: 26px\"><sup>&nbsp;<\/sup>1<sup>\u00e8re<\/sup> et T<sup>ale<\/sup><\/td>\n<\/tr>\n<tr style=\"height: 26px\">\n<td style=\"height: 26px\">EPS Rugby<\/td>\n<td class=\"has-text-align-center\" style=\"height: 26px\" data-align=\"center\">AP<\/td>\n<td class=\"has-text-align-center\" style=\"height: 26px\" data-align=\"center\">&nbsp;<\/td>\n<td style=\"height: 26px\">2<sup>de<\/sup>, 1<sup>\u00e8re<\/sup> et T<sup>ale<\/sup><\/td>\n<\/tr>\n<tr style=\"height: 26px\">\n<td style=\"height: 26px\">EDD<em> (<a href=\"https:\/\/site.ac-martinique.fr\/lyc-paulettenardal\/wp-content\/uploads\/sites\/38\/2021\/06\/Presentation_AP_Green_EDD.pdf\" target=\"_blank\" rel=\"noreferrer noopener\" data-type=\"URL\" data-id=\"https:\/\/site.ac-martinique.fr\/lyc-paulettenardal\/wp-content\/uploads\/sites\/38\/2021\/06\/Presentation_AP_Green_EDD.pdf\">diaporama<\/a>)<\/em><\/td>\n<td class=\"has-text-align-center\" style=\"height: 26px\" data-align=\"center\">AP<\/td>\n<td class=\"has-text-align-center\" style=\"height: 26px\" data-align=\"center\">&nbsp;<\/td>\n<td style=\"height: 26px\">2<sup>de<\/sup>, 1<sup>\u00e8re<\/sup> et T<sup>ale. <\/sup>g\u00e9n\u00e9rale<\/td>\n<\/tr>\n<tr style=\"height: 26px\">\n<td style=\"height: 26px\">Sciences+&nbsp;: Sciences des laboratoires<\/td>\n<td class=\"has-text-align-center\" style=\"height: 26px\" data-align=\"center\">OPTION<\/td>\n<td class=\"has-text-align-center\" style=\"height: 26px\" data-align=\"center\">&nbsp;<\/td>\n<td style=\"height: 26px\">En 2<sup>de<\/sup> uniquement<\/td>\n<\/tr>\n<tr style=\"height: 26px\">\n<td style=\"height: 26px\">Sciences +&nbsp;: Physique-Chimie<\/td>\n<td class=\"has-text-align-center\" style=\"height: 26px\" data-align=\"center\">AP<\/td>\n<td class=\"has-text-align-center\" style=\"height: 26px\" data-align=\"center\">&nbsp;<\/td>\n<td style=\"height: 26px\">1<sup>\u00e8re<\/sup> \u2013 T<sup>ale <\/sup>g\u00e9n\u00e9rale<\/td>\n<\/tr>\n<tr style=\"height: 26px\">\n<td style=\"height: 26px\">Sciences +&nbsp;: Math\u00e9matiques<\/td>\n<td class=\"has-text-align-center\" style=\"height: 26px\" data-align=\"center\">AP<\/td>\n<td class=\"has-text-align-center\" style=\"height: 26px\" data-align=\"center\">&nbsp;<\/td>\n<td style=\"height: 26px\">T<sup>ale <\/sup>g\u00e9n\u00e9rale<\/td>\n<\/tr>\n<tr style=\"height: 26px\">\n<td style=\"height: 26px\">Sciences Ciel et Espace <em>(<a href=\"https:\/\/site.ac-martinique.fr\/lyc-paulettenardal\/wp-content\/uploads\/sites\/38\/2021\/06\/Presentation_AP_Ciel_Et_Espace.pdf\" target=\"_blank\" rel=\"noreferrer noopener\" data-type=\"URL\" data-id=\"https:\/\/site.ac-martinique.fr\/lyc-paulettenardal\/wp-content\/uploads\/sites\/38\/2021\/06\/Presentation_AP_Ciel_Et_Espace.pdf\">diaporama<\/a><\/em>)<\/td>\n<td class=\"has-text-align-center\" style=\"height: 26px\" data-align=\"center\">AP<\/td>\n<td class=\"has-text-align-center\" style=\"height: 26px\" data-align=\"center\"><em><a href=\"https:\/\/site.ac-martinique.fr\/lyc-paulettenardal\/wp-content\/uploads\/sites\/38\/2021\/06\/Dossier-candidature-Recrutement-AP-BIA-Rentree-2021-1.doc\" data-type=\"URL\" data-id=\"https:\/\/site.ac-martinique.fr\/lyc-paulettenardal\/wp-content\/uploads\/sites\/38\/2021\/06\/Dossier-candidature-Recrutement-AP-BIA-Rentree-2021-1.doc\">t\u00e9l\u00e9charger<\/a><\/em>&nbsp;<\/td>\n<td style=\"height: 26px\">2<sup>de<\/sup>, 1<sup>\u00e8re<\/sup> et T<sup>ale <\/sup>g\u00e9n\u00e9rale<\/td>\n<\/tr>\n<tr style=\"height: 26px\">\n<td style=\"height: 26px\">STMG+<\/td>\n<td class=\"has-text-align-center\" style=\"height: 26px\" data-align=\"center\">AP<\/td>\n<td class=\"has-text-align-center\" style=\"height: 26px\" data-align=\"center\">&nbsp;<\/td>\n<td style=\"height: 26px\">1<sup>\u00e8re<\/sup> et T<sup>ale <\/sup>STMG uniquement<\/td>\n<\/tr>\n<tr style=\"height: 44px\">\n<td style=\"height: 44px\">ECE Management-gestion \/ Mini-entreprise<\/td>\n<td class=\"has-text-align-center\" style=\"height: 44px\" data-align=\"center\">AP<\/td>\n<td class=\"has-text-align-center\" style=\"height: 44px\" data-align=\"center\">&nbsp;<\/td>\n<td style=\"height: 44px\">En 2<sup>de<\/sup><\/td>\n<\/tr>\n<tr style=\"height: 26px\">\n<td style=\"height: 26px\">ECE AP Mini-entreprise \/ Finance<\/td>\n<td class=\"has-text-align-center\" style=\"height: 26px\" data-align=\"center\">AP<\/td>\n<td class=\"has-text-align-center\" style=\"height: 26px\" data-align=\"center\">&nbsp;<\/td>\n<td style=\"height: 26px\">1<sup>\u00e8re<\/sup> et T<sup>ale <\/sup>STMG uniquement<\/td>\n<\/tr>\n<tr style=\"height: 26px\">\n<td style=\"height: 26px\">Finance<\/td>\n<td class=\"has-text-align-center\" style=\"height: 26px\" data-align=\"center\">AP<\/td>\n<td class=\"has-text-align-center\" style=\"height: 26px\" data-align=\"center\">&nbsp;<\/td>\n<td style=\"height: 26px\">T<sup>ale<\/sup> g\u00e9n\u00e9rale<\/td>\n<\/tr>\n<\/tbody>\n<\/table>\n\n\n\n<p>* <em>Option ou AP<\/em><\/p>\n\n\n\n\n","protected":false},"excerpt":{"rendered":"<p>ATTENTION : il s\u2019agit ici des options (obligatoires et\/ou facultatives) li\u00e9es aux parcours d\u2019accompagnement personnalis\u00e9, d\u2019approfondissement ou d\u2019excellence.<\/p>\n","protected":false},"author":187,"featured_media":0,"parent":0,"menu_order":0,"comment_status":"closed","ping_status":"closed","template":"","meta":{"footnotes":""},"class_list":["post-3905","page","type-page","status-publish","hentry"],"_links":{"self":[{"href":"https:\/\/site.ac-martinique.fr\/lyc-paulettenardal\/index.php?rest_route=\/wp\/v2\/pages\/3905","targetHints":{"allow":["GET"]}}],"collection":[{"href":"https:\/\/site.ac-martinique.fr\/lyc-paulettenardal\/index.php?rest_route=\/wp\/v2\/pages"}],"about":[{"href":"https:\/\/site.ac-martinique.fr\/lyc-paulettenardal\/index.php?rest_route=\/wp\/v2\/types\/page"}],"author":[{"embeddable":true,"href":"https:\/\/site.ac-martinique.fr\/lyc-paulettenardal\/index.php?rest_route=\/wp\/v2\/users\/187"}],"replies":[{"embeddable":true,"href":"https:\/\/site.ac-martinique.fr\/lyc-paulettenardal\/index.php?rest_route=%2Fwp%2Fv2%2Fcomments&post=3905"}],"version-history":[{"count":7,"href":"https:\/\/site.ac-martinique.fr\/lyc-paulettenardal\/index.php?rest_route=\/wp\/v2\/pages\/3905\/revisions"}],"predecessor-version":[{"id":4872,"href":"https:\/\/site.ac-martinique.fr\/lyc-paulettenardal\/index.php?rest_route=\/wp\/v2\/pages\/3905\/revisions\/4872"}],"wp:attachment":[{"href":"https:\/\/site.ac-martinique.fr\/lyc-paulettenardal\/index.php?rest_route=%2Fwp%2Fv2%2Fmedia&parent=3905"}],"curies":[{"name":"wp","href":"https:\/\/api.w.org\/{rel}","templated":true}]}}