{"id":4069,"date":"2022-03-05T22:38:19","date_gmt":"2022-03-06T02:38:19","guid":{"rendered":"https:\/\/site.ac-martinique.fr\/lyc-paulettenardal\/?page_id=4069"},"modified":"2022-03-05T22:38:19","modified_gmt":"2022-03-06T02:38:19","slug":"non-au-harcelement","status":"publish","type":"page","link":"https:\/\/site.ac-martinique.fr\/lyc-paulettenardal\/?page_id=4069","title":{"rendered":"Non au harc\u00e8lement"},"content":{"rendered":"\n<p>Le 18 Novembre 2021 dans le cadre de la journ\u00e9e nationale contre le HARCELEMENT, les \u00e9l\u00e8ves des 8 classes de 2ndes et une classe de Tle ont \u00e9t\u00e9 sensibilis\u00e9s.\u00a0 Cette action avait pour objectifs\u00a0:<\/p>\n<ul>\n<li>D\u2019identifier les diff\u00e9rentes formes de harc\u00e8lement\/cyberharc\u00e8lement<\/li>\n<li>De connaitre les cons\u00e9quences<\/li>\n<li>D\u2019informer sur la l\u00e9gislation relative au harc\u00e8lement<\/li>\n<li>De rep\u00e9rer les personnes ressources et les num\u00e9ros utiles<\/li>\n<\/ul>\n<p>Apr\u00e8s avoir visionn\u00e9 deux courtes vid\u00e9os<\/p>\n<p>\u00a0\u00a0\u00a0\u00a0\u00a0\u00a0\u00a0\u00a0\u00a0\u00a0\u00a0\u00a0\u00a0\u00a0\u00a0\u00a0\u00a0\u00a0\u00a0\u00a0\u00a0\u00a0\u00a0\u00a0\u00a0\u00a0\u00a0\u00a0\u00a0\u00a0\u00a0\u00a0\u00a0\u00a0\u00a0 &#8211;\u00a0 sur la violence des mots insultants<\/p>\n<p>\u00a0\u00a0\u00a0\u00a0\u00a0\u00a0\u00a0\u00a0\u00a0\u00a0\u00a0\u00a0\u00a0\u00a0\u00a0\u00a0\u00a0\u00a0\u00a0\u00a0\u00a0\u00a0\u00a0\u00a0\u00a0\u00a0\u00a0\u00a0\u00a0\u00a0\u00a0\u00a0\u00a0\u00a0 &#8211;\u00a0\u00a0\u00a0 une Photo c\u2019est perso, la partager, \u00a0c\u2019est harceler<\/p>\n<p>Les \u00e9l\u00e8ves ont pu d\u00e9battre avec l\u2019assistante de service social et l\u2019infirmi\u00e8re du lyc\u00e9e.<\/p>\n<ul>\n<li>Des posters sur le th\u00e8me ont \u00e9t\u00e9 affich\u00e9s dans le hall pr\u00e8s de la vie scolaire<\/li>\n<li>Trois tableaux d\u2019expressions ont \u00e9t\u00e9 mis \u00e0 la disposition des \u00e9l\u00e8ves, 2 dans\u00a0 le hall pr\u00e8s de la vie scolaire et un au CDI<\/li>\n<li>La documentaliste a aussi mis \u00e0 disposition des \u00e9l\u00e8ves des revues et des ouvrages.\n<p>LES TABLEAUX D\u2019EXPRESSIONS\u00a0:<\/p>\n<p>Dans le hall face \u00e0 la vie scolaire\u00a0:<img decoding=\"async\" src=\"https:\/\/site.ac-martinique.fr\/lyc-paulettenardal\/wp-content\/uploads\/sites\/38\/2022\/02\/tableau-1-e1645282560912.jpg\" alt=\"\" \/><img decoding=\"async\" src=\"https:\/\/site.ac-martinique.fr\/lyc-paulettenardal\/wp-content\/uploads\/sites\/38\/2022\/02\/Tableau-2-e1645284088646.jpg\" alt=\"\" \/><\/p>\n<p><strong>AU CDI<\/strong><\/p>\n<\/li>\n<li>\u00a0<\/li>\n<\/ul>\n\n\n\n<figure class=\"wp-block-image size-large\"><a href=\"https:\/\/site.ac-martinique.fr\/lyc-paulettenardal\/wp-content\/uploads\/sites\/38\/2022\/03\/Tableau-3.jpg\"><img fetchpriority=\"high\" decoding=\"async\" width=\"1024\" height=\"768\" src=\"https:\/\/site.ac-martinique.fr\/lyc-paulettenardal\/wp-content\/uploads\/sites\/38\/2022\/03\/Tableau-3-1024x768.jpg\" alt=\"\" class=\"wp-image-4070\" srcset=\"https:\/\/site.ac-martinique.fr\/lyc-paulettenardal\/wp-content\/uploads\/sites\/38\/2022\/03\/Tableau-3-1024x768.jpg 1024w, https:\/\/site.ac-martinique.fr\/lyc-paulettenardal\/wp-content\/uploads\/sites\/38\/2022\/03\/Tableau-3-300x225.jpg 300w, https:\/\/site.ac-martinique.fr\/lyc-paulettenardal\/wp-content\/uploads\/sites\/38\/2022\/03\/Tableau-3-768x576.jpg 768w, https:\/\/site.ac-martinique.fr\/lyc-paulettenardal\/wp-content\/uploads\/sites\/38\/2022\/03\/Tableau-3-730x547.jpg 730w, https:\/\/site.ac-martinique.fr\/lyc-paulettenardal\/wp-content\/uploads\/sites\/38\/2022\/03\/Tableau-3.jpg 1386w\" sizes=\"(max-width: 767px) 89vw, (max-width: 1000px) 54vw, (max-width: 1071px) 543px, 580px\" \/><\/a><\/figure>\n","protected":false},"excerpt":{"rendered":"","protected":false},"author":187,"featured_media":0,"parent":0,"menu_order":0,"comment_status":"closed","ping_status":"closed","template":"","meta":{"footnotes":""},"class_list":["post-4069","page","type-page","status-publish","hentry"],"_links":{"self":[{"href":"https:\/\/site.ac-martinique.fr\/lyc-paulettenardal\/index.php?rest_route=\/wp\/v2\/pages\/4069","targetHints":{"allow":["GET"]}}],"collection":[{"href":"https:\/\/site.ac-martinique.fr\/lyc-paulettenardal\/index.php?rest_route=\/wp\/v2\/pages"}],"about":[{"href":"https:\/\/site.ac-martinique.fr\/lyc-paulettenardal\/index.php?rest_route=\/wp\/v2\/types\/page"}],"author":[{"embeddable":true,"href":"https:\/\/site.ac-martinique.fr\/lyc-paulettenardal\/index.php?rest_route=\/wp\/v2\/users\/187"}],"replies":[{"embeddable":true,"href":"https:\/\/site.ac-martinique.fr\/lyc-paulettenardal\/index.php?rest_route=%2Fwp%2Fv2%2Fcomments&post=4069"}],"version-history":[{"count":2,"href":"https:\/\/site.ac-martinique.fr\/lyc-paulettenardal\/index.php?rest_route=\/wp\/v2\/pages\/4069\/revisions"}],"predecessor-version":[{"id":4073,"href":"https:\/\/site.ac-martinique.fr\/lyc-paulettenardal\/index.php?rest_route=\/wp\/v2\/pages\/4069\/revisions\/4073"}],"wp:attachment":[{"href":"https:\/\/site.ac-martinique.fr\/lyc-paulettenardal\/index.php?rest_route=%2Fwp%2Fv2%2Fmedia&parent=4069"}],"curies":[{"name":"wp","href":"https:\/\/api.w.org\/{rel}","templated":true}]}}