{"id":4701,"date":"2024-08-26T17:02:46","date_gmt":"2024-08-26T21:02:46","guid":{"rendered":"https:\/\/site.ac-martinique.fr\/lyc-paulettenardal\/?page_id=4701"},"modified":"2024-08-26T17:03:53","modified_gmt":"2024-08-26T21:03:53","slug":"developpement-durable","status":"publish","type":"page","link":"https:\/\/site.ac-martinique.fr\/lyc-paulettenardal\/?page_id=4701","title":{"rendered":"D\u00e9veloppement durable"},"content":{"rendered":"\n<figure class=\"wp-block-image size-full\"><a href=\"https:\/\/site.ac-martinique.fr\/lyc-paulettenardal\/wp-content\/uploads\/sites\/38\/2024\/08\/E3D-deploiement.jpg\"><img fetchpriority=\"high\" decoding=\"async\" width=\"640\" height=\"363\" src=\"https:\/\/site.ac-martinique.fr\/lyc-paulettenardal\/wp-content\/uploads\/sites\/38\/2024\/08\/E3D-deploiement.jpg\" alt=\"\" class=\"wp-image-4703\" srcset=\"https:\/\/site.ac-martinique.fr\/lyc-paulettenardal\/wp-content\/uploads\/sites\/38\/2024\/08\/E3D-deploiement.jpg 640w, https:\/\/site.ac-martinique.fr\/lyc-paulettenardal\/wp-content\/uploads\/sites\/38\/2024\/08\/E3D-deploiement-300x170.jpg 300w\" sizes=\"(max-width: 640px) 100vw, 640px\" \/><\/a><\/figure>\n\n\n\n<p>Les\u00a0\u00e9tablissements en\u00a0<a href=\"http:\/\/xn--sengagent%20dans%20une%20dmarche%20globale%20de%20dveloppement%20durable-0jgz26890d.\/\" target=\"_blank\" rel=\"noreferrer noopener\">d\u00e9marche de d\u00e9veloppement durable (label E3D<\/a>) associent l\u2019ensemble de la communaut\u00e9 \u00e9ducative,\u00a0en relation \u00e9troite avec les collectivit\u00e9s territoriales, dans une dynamique collective induite par le projet d\u2019\u00e9cole ou d\u2019\u00e9tablissement.<\/p>\n<p>La\u00a0<strong>labellisation \u00ab\u00a0E3D\u00a0\u00bb (\u00c9tablissement en D\u00e9marche globale de D\u00e9veloppement Durable)<\/strong>\u00a0a \u00e9t\u00e9 d\u00e9velopp\u00e9e par le minist\u00e8re charg\u00e9 de l\u2019\u00e9ducation nationale pour reconna\u00eetre et encourager les \u00e9coles et \u00e9tablissements scolaires qui s\u2019engagent dans une d\u00e9marche globale de d\u00e9veloppement durable.<br \/>Cette d\u00e9marche participe \u00e0 l\u2019\u00e9ducation au d\u00e9veloppement durable, en faisant de l\u2019\u00e9tablissement un lieu d\u2019apprentissage global du d\u00e9veloppement durable.<\/p>\n<p>Le lyc\u00e9e Paulette Nardal est labellis\u00e9 E3D Niveau 3 \u2013 D\u00e9ploiement. Ce label vient concr\u00e9tiser toutes les actions entreprises par l\u2019ensemble des acteurs de notre lyc\u00e9e dans ce domaine.<\/p>\n","protected":false},"excerpt":{"rendered":"","protected":false},"author":187,"featured_media":0,"parent":0,"menu_order":0,"comment_status":"closed","ping_status":"closed","template":"","meta":{"footnotes":""},"class_list":["post-4701","page","type-page","status-publish","hentry"],"_links":{"self":[{"href":"https:\/\/site.ac-martinique.fr\/lyc-paulettenardal\/index.php?rest_route=\/wp\/v2\/pages\/4701","targetHints":{"allow":["GET"]}}],"collection":[{"href":"https:\/\/site.ac-martinique.fr\/lyc-paulettenardal\/index.php?rest_route=\/wp\/v2\/pages"}],"about":[{"href":"https:\/\/site.ac-martinique.fr\/lyc-paulettenardal\/index.php?rest_route=\/wp\/v2\/types\/page"}],"author":[{"embeddable":true,"href":"https:\/\/site.ac-martinique.fr\/lyc-paulettenardal\/index.php?rest_route=\/wp\/v2\/users\/187"}],"replies":[{"embeddable":true,"href":"https:\/\/site.ac-martinique.fr\/lyc-paulettenardal\/index.php?rest_route=%2Fwp%2Fv2%2Fcomments&post=4701"}],"version-history":[{"count":2,"href":"https:\/\/site.ac-martinique.fr\/lyc-paulettenardal\/index.php?rest_route=\/wp\/v2\/pages\/4701\/revisions"}],"predecessor-version":[{"id":4706,"href":"https:\/\/site.ac-martinique.fr\/lyc-paulettenardal\/index.php?rest_route=\/wp\/v2\/pages\/4701\/revisions\/4706"}],"wp:attachment":[{"href":"https:\/\/site.ac-martinique.fr\/lyc-paulettenardal\/index.php?rest_route=%2Fwp%2Fv2%2Fmedia&parent=4701"}],"curies":[{"name":"wp","href":"https:\/\/api.w.org\/{rel}","templated":true}]}}