{"id":4720,"date":"2024-08-31T10:39:07","date_gmt":"2024-08-31T14:39:07","guid":{"rendered":"https:\/\/site.ac-martinique.fr\/lyc-paulettenardal\/?page_id=4720"},"modified":"2024-08-31T10:39:29","modified_gmt":"2024-08-31T14:39:29","slug":"edusante","status":"publish","type":"page","link":"https:\/\/site.ac-martinique.fr\/lyc-paulettenardal\/?page_id=4720","title":{"rendered":"EDUSANTE"},"content":{"rendered":"<div class=\"wp-block-image\">\n<figure class=\"aligncenter size-full\"><a href=\"https:\/\/site.ac-martinique.fr\/lyc-paulettenardal\/wp-content\/uploads\/sites\/38\/2024\/08\/logo_edusante-3-019c5.png\"><img decoding=\"async\" width=\"240\" height=\"107\" src=\"https:\/\/site.ac-martinique.fr\/lyc-paulettenardal\/wp-content\/uploads\/sites\/38\/2024\/08\/logo_edusante-3-019c5.png\" alt=\"\" class=\"wp-image-4721\"\/><\/a><\/figure>\n<\/div>\n\n\n<p>Le Jury acad\u00e9mique a attribu\u00e9 le Label EduSant\u00e9 de niveau 2 au lyc\u00e9e Paulette Nardal.<\/p>\n<p>\u00a0Le label \u00c9dusant\u00e9 a pour objectifs de :<\/p>\n<p>\u2013 mettre en valeur les actions et projets existants en les adossant au projet d\u2019\u00e9cole ou d\u2019\u00e9tablissement ;<\/p>\n<p>\u2013 valoriser l\u2019engagement des \u00e9coles et des \u00e9tablissements scolaires dans la d\u00e9marche \u00c9cole promotrice de sant\u00e9 ;<\/p>\n<p>\u2013 certifier un certain niveau d\u2019expertise des \u00e9coles ou \u00e9tablissements engag\u00e9s ;<\/p>\n<p>\u2013 faciliter le d\u00e9veloppement d\u2019une culture commune autour de la promotion de la sant\u00e9 et favoriser \u00e0 terme les \u00e9changes inter-\u00e9tablissements.<\/p>\n<p>Pour en savoir plus\u00a0:\u00a0\u00a0<a href=\"mailto:https:\/\/eduscol.education.fr\/2063\/je-souhaite-m-engager-dans-la-demarche-ecole-promotrice-de-sante\">le label \u00e9dusant\u00e9\u00a0<\/a><\/p>\n<p>Adresse\u00a0:\u00a0<a href=\"https:\/\/eduscol.education.fr\/2063\/je-souhaite-m-engager-dans-la-demarche-ecole-promotrice-de-sante\" target=\"_blank\" rel=\"noopener\">https:\/\/eduscol.education.fr\/2063\/je-souhaite-m-engager-dans-la-demarche-ecole-promotrice-de-sante<\/a><\/p>\n","protected":false},"excerpt":{"rendered":"","protected":false},"author":187,"featured_media":0,"parent":0,"menu_order":0,"comment_status":"closed","ping_status":"closed","template":"","meta":{"footnotes":""},"class_list":["post-4720","page","type-page","status-publish","hentry"],"_links":{"self":[{"href":"https:\/\/site.ac-martinique.fr\/lyc-paulettenardal\/index.php?rest_route=\/wp\/v2\/pages\/4720","targetHints":{"allow":["GET"]}}],"collection":[{"href":"https:\/\/site.ac-martinique.fr\/lyc-paulettenardal\/index.php?rest_route=\/wp\/v2\/pages"}],"about":[{"href":"https:\/\/site.ac-martinique.fr\/lyc-paulettenardal\/index.php?rest_route=\/wp\/v2\/types\/page"}],"author":[{"embeddable":true,"href":"https:\/\/site.ac-martinique.fr\/lyc-paulettenardal\/index.php?rest_route=\/wp\/v2\/users\/187"}],"replies":[{"embeddable":true,"href":"https:\/\/site.ac-martinique.fr\/lyc-paulettenardal\/index.php?rest_route=%2Fwp%2Fv2%2Fcomments&post=4720"}],"version-history":[{"count":2,"href":"https:\/\/site.ac-martinique.fr\/lyc-paulettenardal\/index.php?rest_route=\/wp\/v2\/pages\/4720\/revisions"}],"predecessor-version":[{"id":4723,"href":"https:\/\/site.ac-martinique.fr\/lyc-paulettenardal\/index.php?rest_route=\/wp\/v2\/pages\/4720\/revisions\/4723"}],"wp:attachment":[{"href":"https:\/\/site.ac-martinique.fr\/lyc-paulettenardal\/index.php?rest_route=%2Fwp%2Fv2%2Fmedia&parent=4720"}],"curies":[{"name":"wp","href":"https:\/\/api.w.org\/{rel}","templated":true}]}}