{"id":4730,"date":"2024-08-31T10:54:14","date_gmt":"2024-08-31T14:54:14","guid":{"rendered":"https:\/\/site.ac-martinique.fr\/lyc-paulettenardal\/?page_id=4730"},"modified":"2025-08-30T22:22:43","modified_gmt":"2025-08-31T02:22:43","slug":"option-croix-rouge","status":"publish","type":"page","link":"https:\/\/site.ac-martinique.fr\/lyc-paulettenardal\/?page_id=4730","title":{"rendered":"Option croix rouge"},"content":{"rendered":"<div class=\"wp-block-image\">\n<figure class=\"aligncenter size-full\"><a href=\"https:\/\/site.ac-martinique.fr\/lyc-paulettenardal\/wp-content\/uploads\/sites\/38\/2024\/08\/croix2-9ef06.png\"><img fetchpriority=\"high\" decoding=\"async\" width=\"488\" height=\"487\" src=\"https:\/\/site.ac-martinique.fr\/lyc-paulettenardal\/wp-content\/uploads\/sites\/38\/2024\/08\/croix2-9ef06.png\" alt=\"\" class=\"wp-image-4731\" srcset=\"https:\/\/site.ac-martinique.fr\/lyc-paulettenardal\/wp-content\/uploads\/sites\/38\/2024\/08\/croix2-9ef06.png 488w, https:\/\/site.ac-martinique.fr\/lyc-paulettenardal\/wp-content\/uploads\/sites\/38\/2024\/08\/croix2-9ef06-300x300.png 300w, https:\/\/site.ac-martinique.fr\/lyc-paulettenardal\/wp-content\/uploads\/sites\/38\/2024\/08\/croix2-9ef06-150x150.png 150w, https:\/\/site.ac-martinique.fr\/lyc-paulettenardal\/wp-content\/uploads\/sites\/38\/2024\/08\/croix2-9ef06-75x75.png 75w\" sizes=\"(max-width: 488px) 100vw, 488px\" \/><\/a><\/figure>\n<\/div>\n\n\n<p>D\u00e9couvrir l\u2019option croix rouge<\/p>\n\n\n\n<p>Dispositif \u00e9ducatif de la Croix-Rouge fran\u00e7aise, l\u2019option Croix-Rouge permettra aux \u00e9l\u00e8ves du Lyc\u00e9e Paulette NARDAL de d\u00e9velopper des comp\u00e9tences sociales et civiques, une conscience solidaire, le devoir de m\u00e9moire et l\u2019exercice de la solidarit\u00e9 gr\u00e2ce \u00e0 des temps \u00e9ducatifs de formation et de sensibilisation.<\/p>\n\n\n\n<p>Cette option peut s\u2019int\u00e9grer dans le cadre du \u00ab parcours citoyen \u00bb et du \u00ab parcours d\u2019\u00e9ducation \u00e0 la sant\u00e9 \u00bb et au croisement de celles propos\u00e9es dans les classes d\u00e9fenses, Blue \u00e9cology, IEP, EPS, EMC, ouverture sur l\u2019international.<\/p>\n\n\n\n<p>Celle-ci proposera aux \u00e9l\u00e8ves des programmes de sensibilisation et d\u2019initiation aux valeurs humanitaires, \u00e0 la promotion de la sant\u00e9, aux premiers secours, au droit international humanitaire et aux droits de l\u2019enfant, \u00e0 la lutte contre les discriminations et les pr\u00e9jug\u00e9s.<\/p>\n\n\n\n<p>Des rencontres interg\u00e9n\u00e9rationnelles avec des acteurs citoyens engag\u00e9s dans le b\u00e9n\u00e9volat, la relation d\u2019aide tout en favorisant la d\u00e9couverte des m\u00e9tiers.<\/p>\n\n\n\n<p>La participation des c\u00e9r\u00e9monies m\u00e9morielles organis\u00e9es \u00e0 l\u2019\u00e9chelle locale mais aussi nationale.<\/p>\n\n\n\n<p>Plus d&rsquo;informations \u00e0 la page suivante: <\/p>\n\n\n\n<p>&lt;<a href=\"https:\/\/9720825p.esidoc.fr\/site\/d-eacute-couvrir-l-option-croix-rouge\">https:\/\/9720825p.esidoc.fr\/site\/d-eacute-couvrir-l-option-croix-rouge<\/a><\/p>\n\n\n\n<p><\/p>\n","protected":false},"excerpt":{"rendered":"<p>D\u00e9couvrir l\u2019option croix rouge Dispositif \u00e9ducatif de la Croix-Rouge fran\u00e7aise, l\u2019option Croix-Rouge permettra aux \u00e9l\u00e8ves du Lyc\u00e9e Paulette NARDAL de &hellip; <\/p>\n<p class=\"link-more\"><a href=\"https:\/\/site.ac-martinique.fr\/lyc-paulettenardal\/?page_id=4730\" class=\"more-link\">Lire la suite&#8230;<span class=\"screen-reader-text\"> \u00ab\u00a0Option croix rouge\u00a0\u00bb<\/span><\/a><\/p>\n","protected":false},"author":187,"featured_media":0,"parent":0,"menu_order":0,"comment_status":"closed","ping_status":"closed","template":"","meta":{"footnotes":""},"class_list":["post-4730","page","type-page","status-publish","hentry"],"_links":{"self":[{"href":"https:\/\/site.ac-martinique.fr\/lyc-paulettenardal\/index.php?rest_route=\/wp\/v2\/pages\/4730","targetHints":{"allow":["GET"]}}],"collection":[{"href":"https:\/\/site.ac-martinique.fr\/lyc-paulettenardal\/index.php?rest_route=\/wp\/v2\/pages"}],"about":[{"href":"https:\/\/site.ac-martinique.fr\/lyc-paulettenardal\/index.php?rest_route=\/wp\/v2\/types\/page"}],"author":[{"embeddable":true,"href":"https:\/\/site.ac-martinique.fr\/lyc-paulettenardal\/index.php?rest_route=\/wp\/v2\/users\/187"}],"replies":[{"embeddable":true,"href":"https:\/\/site.ac-martinique.fr\/lyc-paulettenardal\/index.php?rest_route=%2Fwp%2Fv2%2Fcomments&post=4730"}],"version-history":[{"count":5,"href":"https:\/\/site.ac-martinique.fr\/lyc-paulettenardal\/index.php?rest_route=\/wp\/v2\/pages\/4730\/revisions"}],"predecessor-version":[{"id":5014,"href":"https:\/\/site.ac-martinique.fr\/lyc-paulettenardal\/index.php?rest_route=\/wp\/v2\/pages\/4730\/revisions\/5014"}],"wp:attachment":[{"href":"https:\/\/site.ac-martinique.fr\/lyc-paulettenardal\/index.php?rest_route=%2Fwp%2Fv2%2Fmedia&parent=4730"}],"curies":[{"name":"wp","href":"https:\/\/api.w.org\/{rel}","templated":true}]}}