{"id":4897,"date":"2025-06-19T10:44:26","date_gmt":"2025-06-19T14:44:26","guid":{"rendered":"https:\/\/site.ac-martinique.fr\/lyc-paulettenardal\/?page_id=4897"},"modified":"2025-06-19T12:42:43","modified_gmt":"2025-06-19T16:42:43","slug":"listes-des-manuels-scolaires-et-du-materiel-scolaire-pour-la-rentree-2025","status":"publish","type":"page","link":"https:\/\/site.ac-martinique.fr\/lyc-paulettenardal\/?page_id=4897","title":{"rendered":"LISTES DES MANUELS SCOLAIRES ET DU MAT\u00c9RIEL SCOLAIRE POUR LA RENTR\u00c9E 2025"},"content":{"rendered":"\n<p><img decoding=\"async\" class=\"aligncenter\" src=\"https:\/\/site.ac-martinique.fr\/lyc-paulettenardal\/wp-content\/uploads\/sites\/38\/2025\/06\/6094910a022c5e5647b5757c6b846d9b_314.jpg\" alt=\"\"><\/p>\n\n\n\n\n\n<div class=\"ng-scope\">Mesdames, Messieurs, les parents et \u00e9l\u00e8ves,<\/div>\n<div>\u200b<\/div>\n<div>Nous vous prions de trouver en ci-dessous les liens pour acc\u00e9der aux listes des manuels scolaires paper (pas de livres num\u00e9riques en classe) et du mat\u00e9riel scolaire \u00e0 acheter en vue de la rentr\u00e9e 2025-2026.<\/div>\n<div>\u200b<\/div>\n<div>Les \u00e9l\u00e8ves devront se munir imp\u00e9rativement et obligatoirement des manuels scolaires et du mat\u00e9riel indiqu\u00e9s sur la liste \u00e0 la rentr\u00e9e 2025.<\/div>\n<div>\u00a0<\/div>\n<div>Nous attirons votre attention sur le choix du lien qui doit correspondre au niveau d&rsquo;entr\u00e9e de votre enfant \u00e0 la rentr\u00e9e 2025.\u00a0<\/div>\n<div>\u200b<\/div>\n<div>\u200bBien cordialement,<\/div>\n<div>\u200b<\/div>\n<div>\u200bLe Proviseur<\/div>\n<div>\u00a0<\/div>\n<div><strong>\u00c9l\u00e8ves de 3\u00e8me entrant en 2nde :<\/strong><\/div>\n<div>\u00a0<\/div>\n<div><a title=\"NIVEAU 2NDE : LISTE DES MANUELS SCOLAIRES ET DU MATERIEL SCOLAIRE\" href=\"https:\/\/site.ac-martinique.fr\/lyc-paulettenardal\/wp-content\/uploads\/sites\/38\/2025\/06\/Liste-des-manuels-scolaires-de-seconde-2025-2026.pdf\">https:\/\/site.ac-martinique.fr\/lyc-paulettenardal\/wp-content\/uploads\/sites\/38\/2025\/06\/Liste-des-manuels-scolaires-de-seconde-2025-2026.pdf<\/a><\/div>\n<div>\u00a0<\/div>\n<div>\u00a0<\/div>\n<div><strong>\u00c9l\u00e8ves de 2nde entrant en 1\u00e8re STMG :<\/strong><\/div>\n<div>\u00a0<\/div>\n<div><a title=\"NIVEAU 1\u00e8re STMG : LISTE DES MANUELS ET DU MATERIEL SCOLAIRES A ACHETER POUR LA RENTREE\" href=\"https:\/\/site.ac-martinique.fr\/lyc-paulettenardal\/wp-content\/uploads\/sites\/38\/2025\/06\/Liste-des-manuels-scolaires-premiere-STMG-2025-2026.pdf\">https:\/\/site.ac-martinique.fr\/lyc-paulettenardal\/wp-content\/uploads\/sites\/38\/2025\/06\/Liste-des-manuels-scolaires-premiere-STMG-2025-2026.pdf<\/a><\/div>\n<div>\u00a0<\/div>\n<div><strong>\u00c9l\u00e8ves de 2nde entrant en 1\u00e8re G\u00e9n\u00e9rale :<\/strong><\/div>\n<div>\u00a0<\/div>\n<div><a title=\"NIVEAU 1\u00e8re GENERALE: LISTE DES MANUELS ET MATERIEL SCOLAIRES A ACHETER EN VUE DE LA RENTREE\" href=\"https:\/\/site.ac-martinique.fr\/lyc-paulettenardal\/wp-content\/uploads\/sites\/38\/2025\/06\/LISTE-DES-MANUELS-SCOLAIRES-2025-2026-PREMIERE-GENERALEM.pdf\">https:\/\/site.ac-martinique.fr\/lyc-paulettenardal\/wp-content\/uploads\/sites\/38\/2025\/06\/LISTE-DES-MANUELS-SCOLAIRES-2025-2026-PREMIERE-GENERALEM.pdf<\/a><\/div>\n<div><strong>\u00c9l\u00e8ves de 1\u00e8re STMG entrant en Terminale STMG :<\/strong><\/div>\n<div>\u00a0<\/div>\n<div><a title=\"NIVEAU TERMINALE STMG : LISTE DES MANUELS ET DU MATERIEL SCOLAIRES A ACHETER EN VUE DE LA RENTREE\" href=\"https:\/\/site.ac-martinique.fr\/lyc-paulettenardal\/wp-content\/uploads\/sites\/38\/2025\/06\/Liste-des-manuels-scolaires-classes-de-terminales-STMG.pdf\">https:\/\/site.ac-martinique.fr\/lyc-paulettenardal\/wp-content\/uploads\/sites\/38\/2025\/06\/Liste-des-manuels-scolaires-classes-de-terminales-STMG.pdf<\/a><\/div>\n<div>\u00a0<\/div>\n<div><strong>\u00c9l\u00e8ves de 1\u00e8re G\u00e9n\u00e9rale entrant en Terminale G\u00e9n\u00e9rale :<\/strong><\/div>\n<div>\u00a0<\/div>\n<div><a title=\"NIVEAU TERMINALE GENERALE : LISTE DES MANUELS SCOLAIRES ET DU MATERIEL SCOLAIRE A ACHETER EN VUE DE LA RENTREE\" href=\"https:\/\/site.ac-martinique.fr\/lyc-paulettenardal\/wp-content\/uploads\/sites\/38\/2025\/06\/Liste-des-manuels-scolaires-classes-terminale-generale-2025-2026.pdf\">https:\/\/site.ac-martinique.fr\/lyc-paulettenardal\/wp-content\/uploads\/sites\/38\/2025\/06\/Liste-des-manuels-scolaires-classes-terminale-generale-2025-2026.pdf<\/a><\/div>\n<div>\u00a0<\/div>\n<div><strong>\u00c9l\u00e8ves de Terminale entrant en BTS 1\u00e8re Ann\u00e9e :<\/strong><\/div>\n<div>\u00a0<\/div>\n<div><a title=\"NIVEAU BTS 1 : LISTES DES MANUELS ET DU MATERIEL SCOLAIRES EN VUE DE LA RENTREE\" href=\"https:\/\/site.ac-martinique.fr\/lyc-paulettenardal\/wp-content\/uploads\/sites\/38\/2025\/06\/Liste-des-manuels-scolaires-de-BTS-1ere-annee-2025-2026.pdf\">https:\/\/site.ac-martinique.fr\/lyc-paulettenardal\/wp-content\/uploads\/sites\/38\/2025\/06\/Liste-des-manuels-scolaires-de-BTS-1ere-annee-2025-2026.pdf<\/a><\/div>\n<div>\u00a0<\/div>\n<div><strong>\u00c9l\u00e8ves de BTS 1\u00e8re Ann\u00e9e entrant en BTS 2\u00e8me Ann\u00e9e :<\/strong><\/div>\n<div>\u00a0<\/div>\n<div><a title=\"NIVEAU BTS 2 : LISTES DES MANUELS ET DU MATERIEL SCOLAIRES EN VUE DE LA RENTREE\" href=\"https:\/\/site.ac-martinique.fr\/lyc-paulettenardal\/wp-content\/uploads\/sites\/38\/2025\/06\/Liste-des-manuels-scolaires-de-BTS-2eme-annee-2025-2026.pdf\">https:\/\/site.ac-martinique.fr\/lyc-paulettenardal\/wp-content\/uploads\/sites\/38\/2025\/06\/Liste-des-manuels-scolaires-de-BTS-2eme-annee-2025-2026.pdf<\/a><\/div>\n<div>\u00a0<\/div>\n<div><strong>\u00a0<\/strong><\/div>\n<div>\u00a0<\/div>\n","protected":false},"excerpt":{"rendered":"","protected":false},"author":119,"featured_media":4892,"parent":0,"menu_order":0,"comment_status":"closed","ping_status":"closed","template":"","meta":{"footnotes":""},"class_list":["post-4897","page","type-page","status-publish","has-post-thumbnail","hentry"],"_links":{"self":[{"href":"https:\/\/site.ac-martinique.fr\/lyc-paulettenardal\/index.php?rest_route=\/wp\/v2\/pages\/4897","targetHints":{"allow":["GET"]}}],"collection":[{"href":"https:\/\/site.ac-martinique.fr\/lyc-paulettenardal\/index.php?rest_route=\/wp\/v2\/pages"}],"about":[{"href":"https:\/\/site.ac-martinique.fr\/lyc-paulettenardal\/index.php?rest_route=\/wp\/v2\/types\/page"}],"author":[{"embeddable":true,"href":"https:\/\/site.ac-martinique.fr\/lyc-paulettenardal\/index.php?rest_route=\/wp\/v2\/users\/119"}],"replies":[{"embeddable":true,"href":"https:\/\/site.ac-martinique.fr\/lyc-paulettenardal\/index.php?rest_route=%2Fwp%2Fv2%2Fcomments&post=4897"}],"version-history":[{"count":3,"href":"https:\/\/site.ac-martinique.fr\/lyc-paulettenardal\/index.php?rest_route=\/wp\/v2\/pages\/4897\/revisions"}],"predecessor-version":[{"id":4929,"href":"https:\/\/site.ac-martinique.fr\/lyc-paulettenardal\/index.php?rest_route=\/wp\/v2\/pages\/4897\/revisions\/4929"}],"wp:featuredmedia":[{"embeddable":true,"href":"https:\/\/site.ac-martinique.fr\/lyc-paulettenardal\/index.php?rest_route=\/wp\/v2\/media\/4892"}],"wp:attachment":[{"href":"https:\/\/site.ac-martinique.fr\/lyc-paulettenardal\/index.php?rest_route=%2Fwp%2Fv2%2Fmedia&parent=4897"}],"curies":[{"name":"wp","href":"https:\/\/api.w.org\/{rel}","templated":true}]}}