{"id":5029,"date":"2025-11-12T21:40:54","date_gmt":"2025-11-13T01:40:54","guid":{"rendered":"https:\/\/site.ac-martinique.fr\/lyc-paulettenardal\/?page_id=5029"},"modified":"2025-11-12T21:40:54","modified_gmt":"2025-11-13T01:40:54","slug":"phare","status":"publish","type":"page","link":"https:\/\/site.ac-martinique.fr\/lyc-paulettenardal\/?page_id=5029","title":{"rendered":"PHARE"},"content":{"rendered":"\n<figure class=\"wp-block-image size-large\"><a href=\"https:\/\/site.ac-martinique.fr\/lyc-paulettenardal\/wp-content\/uploads\/sites\/38\/2025\/11\/label-phare.png\"><img fetchpriority=\"high\" decoding=\"async\" width=\"1024\" height=\"677\" src=\"https:\/\/site.ac-martinique.fr\/lyc-paulettenardal\/wp-content\/uploads\/sites\/38\/2025\/11\/label-phare-1024x677.png\" alt=\"\" class=\"wp-image-5030\" srcset=\"https:\/\/site.ac-martinique.fr\/lyc-paulettenardal\/wp-content\/uploads\/sites\/38\/2025\/11\/label-phare-1024x677.png 1024w, https:\/\/site.ac-martinique.fr\/lyc-paulettenardal\/wp-content\/uploads\/sites\/38\/2025\/11\/label-phare-300x198.png 300w, https:\/\/site.ac-martinique.fr\/lyc-paulettenardal\/wp-content\/uploads\/sites\/38\/2025\/11\/label-phare-768x508.png 768w, https:\/\/site.ac-martinique.fr\/lyc-paulettenardal\/wp-content\/uploads\/sites\/38\/2025\/11\/label-phare.png 1261w\" sizes=\"(max-width: 767px) 89vw, (max-width: 1000px) 54vw, (max-width: 1071px) 543px, 580px\" \/><\/a><\/figure>\n\n\n\n<h3 class=\"wp-block-heading\"><\/h3>\n\n\n\n<p>Le programme Phare vise \u00e0 doter les \u00e9tablissements scolaires dans la mise en place des 5 objectifs fondamentaux du plan de pr\u00e9vention du harc\u00e8lement\u00a0:<\/p>\n\n\n\n<ol class=\"wp-block-list\">\n<li><strong>\u00c9duquer\u00a0<\/strong>pour pr\u00e9venir les ph\u00e9nom\u00e8nes de harc\u00e8lement\u00a0;<\/li>\n\n\n\n<li><strong>Former<\/strong>\u00a0une communaut\u00e9 protectrice autour des \u00e9l\u00e8ves\u00a0;<\/li>\n\n\n\n<li><strong>Intervenir\u00a0<\/strong>efficacement sur les situations de harc\u00e8lement\u00a0;<\/li>\n\n\n\n<li><strong>Associer<\/strong>\u00a0les parents et les partenaires de l\u2019\u00e9cole au d\u00e9ploiement du programme<\/li>\n\n\n\n<li><strong>Mobiliser<\/strong>\u00a0les instances de d\u00e9mocratie scolaire (CVC, CVL) et le comit\u00e9 d\u2019\u00e9ducation \u00e0 la sant\u00e9, \u00e0 la citoyennet\u00e9 et \u00e0 l\u2019environnement\u00a0<\/li>\n<\/ol>\n\n\n\n<p>Ce dispositif s\u2019inscrit dans un plan interminist\u00e9riel de lutte contre le harc\u00e8lement \u00e0 l\u2019Ecole et s\u2019accompagne d\u2019un plan de formation de tous les personnels et des \u00e9quipes ressource sur trois ans.<\/p>\n","protected":false},"excerpt":{"rendered":"<p>Le programme Phare vise \u00e0 doter les \u00e9tablissements scolaires dans la mise en place des 5 objectifs fondamentaux du plan &hellip; <\/p>\n<p class=\"link-more\"><a href=\"https:\/\/site.ac-martinique.fr\/lyc-paulettenardal\/?page_id=5029\" class=\"more-link\">Lire la suite&#8230;<span class=\"screen-reader-text\"> \u00ab\u00a0PHARE\u00a0\u00bb<\/span><\/a><\/p>\n","protected":false},"author":187,"featured_media":0,"parent":0,"menu_order":0,"comment_status":"closed","ping_status":"closed","template":"","meta":{"footnotes":""},"class_list":["post-5029","page","type-page","status-publish","hentry"],"_links":{"self":[{"href":"https:\/\/site.ac-martinique.fr\/lyc-paulettenardal\/index.php?rest_route=\/wp\/v2\/pages\/5029","targetHints":{"allow":["GET"]}}],"collection":[{"href":"https:\/\/site.ac-martinique.fr\/lyc-paulettenardal\/index.php?rest_route=\/wp\/v2\/pages"}],"about":[{"href":"https:\/\/site.ac-martinique.fr\/lyc-paulettenardal\/index.php?rest_route=\/wp\/v2\/types\/page"}],"author":[{"embeddable":true,"href":"https:\/\/site.ac-martinique.fr\/lyc-paulettenardal\/index.php?rest_route=\/wp\/v2\/users\/187"}],"replies":[{"embeddable":true,"href":"https:\/\/site.ac-martinique.fr\/lyc-paulettenardal\/index.php?rest_route=%2Fwp%2Fv2%2Fcomments&post=5029"}],"version-history":[{"count":1,"href":"https:\/\/site.ac-martinique.fr\/lyc-paulettenardal\/index.php?rest_route=\/wp\/v2\/pages\/5029\/revisions"}],"predecessor-version":[{"id":5031,"href":"https:\/\/site.ac-martinique.fr\/lyc-paulettenardal\/index.php?rest_route=\/wp\/v2\/pages\/5029\/revisions\/5031"}],"wp:attachment":[{"href":"https:\/\/site.ac-martinique.fr\/lyc-paulettenardal\/index.php?rest_route=%2Fwp%2Fv2%2Fmedia&parent=5029"}],"curies":[{"name":"wp","href":"https:\/\/api.w.org\/{rel}","templated":true}]}}