{"id":28,"date":"2019-09-01T02:38:28","date_gmt":"2019-09-01T00:38:28","guid":{"rendered":"https:\/\/site.ac-martinique.fr\/lyc-placedarmes\/?page_id=28"},"modified":"2024-06-14T12:13:35","modified_gmt":"2024-06-14T16:13:35","slug":"actualites","status":"publish","type":"page","link":"https:\/\/site.ac-martinique.fr\/lyc-placedarmes\/actualites\/","title":{"rendered":"Actualit\u00e9s"},"content":{"rendered":"\n<h2 class=\"wp-block-heading\">FORM\u00c9O<\/h2>\n\n\n\n<p> A L&rsquo;ATTENTION DES ELEVES ET DES PARENTS D&rsquo;ELEVES DES CLASSES DE PREMIERE ET DE TERMINALE PROFESSIONNELLES\u00a0\u00bb : <br> \u00ab\u00a0Le Salon de la <strong><em>FORmation des MEtiers et de l&rsquo;Orientation<\/em><\/strong> (ancien salon du lyc\u00e9en) se tiendra les mercredi 5 jeudi 6 vendredi 7 f\u00e9vrier 2020 \u00e0 l&rsquo;hippodrome de Carr\u00e8re au Lamentin.<br> En raison du mouvement social le lyc\u00e9e est dans l&rsquo;impossibilit\u00e9 d&rsquo;encadrer les \u00e9l\u00e8ves qui sont attendus le 5 f\u00e9vrier 2020.<br> C&rsquo;est la raison pour laquelle Madame la Provisuer incite les parents \u00e0 <strong><em>accompagner et&nbsp; encadrer leurs enfants \u00e0 ce Salon tr\u00e8s important pour leur avenir<\/em><\/strong>\u00a0\u00bb&nbsp;&nbsp; Respectueusement&nbsp;&nbsp;&nbsp; Madame Le Proviseure<br><br> Marie-France MERLINI<br> Proviseure<br> L.P. de Place d&rsquo;Armes &#8211; LAMENTIN<br><br><\/p>\n\n\n\n<h2 class=\"wp-block-heading\">PFMP<\/h2>\n\n\n\n<p> <em>Il est rappel\u00e9 aux familles et aux \u00e9l\u00e8ves de la 1\u00e8re ann\u00e9e de CAP E.C.M.S. que leur <strong>stage<\/strong> (P\u00e9riode de Formation en Milieu Professionnel) d\u00e9bute bien <strong>Lundi 3 F\u00e9vrier 2020<\/strong> <br> Je vous remercie de votre compr\u00e9hension<br><\/em><br> Marie-France MERLINI<br> Proviseure<br> L.P. de Place d&rsquo;Armes <\/p>\n\n\n\n<h2 class=\"wp-block-heading\">CONSEILS DE CLASSES<\/h2>\n\n\n\n<p> En raison du mouvement de protestation des professeurs et de l&rsquo;absence de notes ou d&rsquo;appr\u00e9ciations dans les bulletins, l<strong><em>es conseils semestriels sont report\u00e9s \u00e0 la semaine du 10 f\u00e9vrier 2020<\/em><\/strong>. <br><br> Un nouveau planning vous parviendra ult\u00e9rieurement.<br><br> Je vous remercie de votre compr\u00e9hension<br><br> Marie-France MERLINI<br> Proviseure<br> L.P. de Place d&rsquo;Armes &#8211; LAMENTIN <\/p>\n","protected":false},"excerpt":{"rendered":"<p>FORM\u00c9O A L&rsquo;ATTENTION DES ELEVES ET DES PARENTS D&rsquo;ELEVES DES CLASSES DE PREMIERE ET DE TERMINALE PROFESSIONNELLES\u00a0\u00bb : \u00ab\u00a0Le Salon de la FORmation des MEtiers et de l&rsquo;Orientation (ancien salon du lyc\u00e9en) se tiendra les mercredi 5 jeudi 6 vendredi 7 f\u00e9vrier 2020 \u00e0 l&rsquo;hippodrome de Carr\u00e8re au Lamentin. En raison du mouvement social le &hellip; <a href=\"https:\/\/site.ac-martinique.fr\/lyc-placedarmes\/actualites\/\" class=\"more-link\">Continuer la lecture de <span class=\"screen-reader-text\">Actualit\u00e9s<\/span>  <span class=\"meta-nav\">&rarr;<\/span><\/a><\/p>\n","protected":false},"author":80,"featured_media":0,"parent":0,"menu_order":0,"comment_status":"closed","ping_status":"closed","template":"","meta":{"footnotes":""},"class_list":["post-28","page","type-page","status-publish","hentry"],"_links":{"self":[{"href":"https:\/\/site.ac-martinique.fr\/lyc-placedarmes\/wp-json\/wp\/v2\/pages\/28","targetHints":{"allow":["GET"]}}],"collection":[{"href":"https:\/\/site.ac-martinique.fr\/lyc-placedarmes\/wp-json\/wp\/v2\/pages"}],"about":[{"href":"https:\/\/site.ac-martinique.fr\/lyc-placedarmes\/wp-json\/wp\/v2\/types\/page"}],"author":[{"embeddable":true,"href":"https:\/\/site.ac-martinique.fr\/lyc-placedarmes\/wp-json\/wp\/v2\/users\/80"}],"replies":[{"embeddable":true,"href":"https:\/\/site.ac-martinique.fr\/lyc-placedarmes\/wp-json\/wp\/v2\/comments?post=28"}],"version-history":[{"count":15,"href":"https:\/\/site.ac-martinique.fr\/lyc-placedarmes\/wp-json\/wp\/v2\/pages\/28\/revisions"}],"predecessor-version":[{"id":915,"href":"https:\/\/site.ac-martinique.fr\/lyc-placedarmes\/wp-json\/wp\/v2\/pages\/28\/revisions\/915"}],"wp:attachment":[{"href":"https:\/\/site.ac-martinique.fr\/lyc-placedarmes\/wp-json\/wp\/v2\/media?parent=28"}],"curies":[{"name":"wp","href":"https:\/\/api.w.org\/{rel}","templated":true}]}}