{"id":61,"date":"2019-12-05T20:29:46","date_gmt":"2019-12-06T00:29:46","guid":{"rendered":"https:\/\/site.ac-martinique.fr\/lyc-placedarmes\/?page_id=61"},"modified":"2019-12-05T20:52:56","modified_gmt":"2019-12-06T00:52:56","slug":"denomination-du-lycee","status":"publish","type":"page","link":"https:\/\/site.ac-martinique.fr\/lyc-placedarmes\/actualites\/denomination-du-lycee\/","title":{"rendered":"D\u00c9NOMINATION DU LYC\u00c9E"},"content":{"rendered":"\n<p>Parents, professeurs et \u00e9l\u00e8ves :<\/p>\n\n\n\n<p><a href=\"\/lyc-placedarmes\/wp-content\/uploads\/sites\/39\/2019\/12\/Biographies22088-1.pdf\" target=\"_blank\" rel=\"noreferrer noopener\" aria-label=\" (s\u2019ouvre dans un nouvel onglet)\">D\u00e9couvrez dans le lien suivant, les biographies succinctes des trois personnalit\u00e9s retenues pour la d\u00e9nomination de notre \u00e9tablissement. <\/a><\/p>\n","protected":false},"excerpt":{"rendered":"<p>Parents, professeurs et \u00e9l\u00e8ves : D\u00e9couvrez dans le lien suivant, les biographies succinctes des trois personnalit\u00e9s retenues pour la d\u00e9nomination de notre \u00e9tablissement.<\/p>\n","protected":false},"author":80,"featured_media":0,"parent":28,"menu_order":0,"comment_status":"closed","ping_status":"closed","template":"","meta":{"footnotes":""},"class_list":["post-61","page","type-page","status-publish","hentry"],"_links":{"self":[{"href":"https:\/\/site.ac-martinique.fr\/lyc-placedarmes\/wp-json\/wp\/v2\/pages\/61","targetHints":{"allow":["GET"]}}],"collection":[{"href":"https:\/\/site.ac-martinique.fr\/lyc-placedarmes\/wp-json\/wp\/v2\/pages"}],"about":[{"href":"https:\/\/site.ac-martinique.fr\/lyc-placedarmes\/wp-json\/wp\/v2\/types\/page"}],"author":[{"embeddable":true,"href":"https:\/\/site.ac-martinique.fr\/lyc-placedarmes\/wp-json\/wp\/v2\/users\/80"}],"replies":[{"embeddable":true,"href":"https:\/\/site.ac-martinique.fr\/lyc-placedarmes\/wp-json\/wp\/v2\/comments?post=61"}],"version-history":[{"count":3,"href":"https:\/\/site.ac-martinique.fr\/lyc-placedarmes\/wp-json\/wp\/v2\/pages\/61\/revisions"}],"predecessor-version":[{"id":66,"href":"https:\/\/site.ac-martinique.fr\/lyc-placedarmes\/wp-json\/wp\/v2\/pages\/61\/revisions\/66"}],"up":[{"embeddable":true,"href":"https:\/\/site.ac-martinique.fr\/lyc-placedarmes\/wp-json\/wp\/v2\/pages\/28"}],"wp:attachment":[{"href":"https:\/\/site.ac-martinique.fr\/lyc-placedarmes\/wp-json\/wp\/v2\/media?parent=61"}],"curies":[{"name":"wp","href":"https:\/\/api.w.org\/{rel}","templated":true}]}}