{"id":1065,"date":"2017-09-25T14:53:35","date_gmt":"2017-09-25T13:53:35","guid":{"rendered":"\/lyc-raymondneris\/?page_id=1065"},"modified":"2019-09-12T03:39:40","modified_gmt":"2019-09-12T02:39:40","slug":"ddfpt","status":"publish","type":"page","link":"https:\/\/site.ac-martinique.fr\/lyc-raymondneris\/?page_id=1065","title":{"rendered":"D D F P T"},"content":{"rendered":"<h3><a href=\"\/lyc-raymondneris\/?attachment_id=2345\" rel=\"attachment wp-att-2345\"><img loading=\"lazy\" decoding=\"async\" class=\"alignnone  wp-image-2345\" src=\"\/lyc-raymondneris\/wp-content\/uploads\/sites\/40\/2019\/09\/ddfpt-.png\" alt=\"\" width=\"444\" height=\"288\" srcset=\"https:\/\/site.ac-martinique.fr\/lyc-raymondneris\/wp-content\/uploads\/sites\/40\/2019\/09\/ddfpt-.png 537w, https:\/\/site.ac-martinique.fr\/lyc-raymondneris\/wp-content\/uploads\/sites\/40\/2019\/09\/ddfpt--300x194.png 300w\" sizes=\"auto, (max-width: 444px) 100vw, 444px\" \/><\/a><\/h3>\n<h3><span style=\"color: #000000;\"><strong>Les missions du directeur d\u00e9l\u00e9gu\u00e9 aux formations<br \/>\nprofessionnelles et technologiques<\/strong><\/span><\/h3>\n<div>\n<p class=\"gmail-Stitre\">1\/ Organisation des enseignements professionnels et technologiques<\/p>\n<p class=\"gmail-Stitre\">2\/ Coordination et animation des \u00e9quipes d&rsquo;enseignants<\/p>\n<p class=\"gmail-Stitre\">3\/ Conseil au chef d&rsquo;\u00e9tablissement (en mati\u00e8re d&rsquo;offre de formation, d&rsquo;investissements mat\u00e9riels et logiciels,\u00a0budg\u00e9taire, d&rsquo;hygi\u00e8ne et s\u00e9curit\u00e9 &#8230;)<\/p>\n<p class=\"gmail-Stitre\">4\/ Relations avec les partenaires ext\u00e9rieurs (PFMP, partenariat avec les entreprises,\u00a0\u00e9changes internationaux,\u00a0collectivit\u00e9s territoriales, communication et\u00a0 promotion externe,\u00a0collecte de la taxe d&rsquo;apprentissage)<\/p>\n<\/div>\n","protected":false},"excerpt":{"rendered":"<p>Les missions du directeur d\u00e9l\u00e9gu\u00e9 aux formations professionnelles et technologiques 1\/ Organisation des enseignements professionnels et technologiques 2\/ Coordination et animation des \u00e9quipes d&rsquo;enseignants 3\/ Conseil au chef d&rsquo;\u00e9tablissement (en mati\u00e8re d&rsquo;offre de formation, d&rsquo;investissements mat\u00e9riels et logiciels,\u00a0budg\u00e9taire, d&rsquo;hygi\u00e8ne et &hellip; <a href=\"https:\/\/site.ac-martinique.fr\/lyc-raymondneris\/?page_id=1065\">Continuer la lecture <span class=\"meta-nav\">&rarr;<\/span><\/a><\/p>\n","protected":false},"author":101,"featured_media":0,"parent":0,"menu_order":0,"comment_status":"closed","ping_status":"closed","template":"","meta":{"footnotes":""},"class_list":["post-1065","page","type-page","status-publish","hentry"],"_links":{"self":[{"href":"https:\/\/site.ac-martinique.fr\/lyc-raymondneris\/index.php?rest_route=\/wp\/v2\/pages\/1065","targetHints":{"allow":["GET"]}}],"collection":[{"href":"https:\/\/site.ac-martinique.fr\/lyc-raymondneris\/index.php?rest_route=\/wp\/v2\/pages"}],"about":[{"href":"https:\/\/site.ac-martinique.fr\/lyc-raymondneris\/index.php?rest_route=\/wp\/v2\/types\/page"}],"author":[{"embeddable":true,"href":"https:\/\/site.ac-martinique.fr\/lyc-raymondneris\/index.php?rest_route=\/wp\/v2\/users\/101"}],"replies":[{"embeddable":true,"href":"https:\/\/site.ac-martinique.fr\/lyc-raymondneris\/index.php?rest_route=%2Fwp%2Fv2%2Fcomments&post=1065"}],"version-history":[{"count":7,"href":"https:\/\/site.ac-martinique.fr\/lyc-raymondneris\/index.php?rest_route=\/wp\/v2\/pages\/1065\/revisions"}],"predecessor-version":[{"id":2326,"href":"https:\/\/site.ac-martinique.fr\/lyc-raymondneris\/index.php?rest_route=\/wp\/v2\/pages\/1065\/revisions\/2326"}],"wp:attachment":[{"href":"https:\/\/site.ac-martinique.fr\/lyc-raymondneris\/index.php?rest_route=%2Fwp%2Fv2%2Fmedia&parent=1065"}],"curies":[{"name":"wp","href":"https:\/\/api.w.org\/{rel}","templated":true}]}}