{"id":1107,"date":"2017-09-25T15:18:51","date_gmt":"2017-09-25T14:18:51","guid":{"rendered":"\/lyc-raymondneris\/?page_id=1107"},"modified":"2022-06-17T15:08:51","modified_gmt":"2022-06-17T14:08:51","slug":"c-i-o","status":"publish","type":"page","link":"https:\/\/site.ac-martinique.fr\/lyc-raymondneris\/?page_id=1107","title":{"rendered":"C I O"},"content":{"rendered":"\n<p>Centre d&rsquo;information et d&rsquo;orientation du Marin (CIO du Marin)<\/p>\n\n\n\n<p>Immeuble DEMAR<\/p>\n\n\n\n<p>Quartier La Agn\u00e8s<\/p>\n\n\n\n<p>97290 Le Marin<\/p>\n\n\n\n<p>05 96 52 28 95<\/p>\n\n\n\n<p><a href=\"mailto:ciomarin@ac-martinique.fr\">ciomarin@ac-martinique.fr<\/a><\/p>\n\n\n\n<p>Les CIO offre un service public du minist\u00e8re de l&rsquo;\u00e9ducation nationale, les consultations y sont gratuites et ouvertes \u00e0 tous.<\/p>\n\n\n\n<p>Vous pouvez y rencontrer des psychologues de l&rsquo;\u00e9ducation nationale, sp\u00e9cialit\u00e9 \u00e9ducation d\u00e9veloppement et conseil en orientation scolaire et professionnelle (PsyEN EDCO) et y consulter une abondante documentation sur les \u00e9tudes et les professions.<\/p>\n\n\n\n<p>Le CIO du Marin peut vous proposer&nbsp;:<\/p>\n\n\n\n<ul class=\"wp-block-list\"><li>Un entretien personnalis\u00e9 concernant un projet d\u2019orientation scolaire, un projet de formation<\/li><li>Des questionnaires permettant d\u2019explorer les int\u00e9r\u00eats professionnels<\/li><li>Une documentation (papier et num\u00e9rique) sur les \u00e9tudes, les formations et les \u00e9tablissements<\/li><\/ul>\n\n\n\n<p>Le CIO du Marin est ouvert<\/p>\n\n\n\n<ul class=\"wp-block-list\"><li>le lundi de 8h \u00e0 12h30<\/li><li>le mardi de 8h \u00e0 12h30 et de 13h30 \u00e0 16h30<\/li><li>le mercredi de 8h \u00e0 12h30 et de 13h30 \u00e0 16h30<\/li><li>le jeudi de 8h \u00e0 12h30 et de 13h30 \u00e0 16h30<\/li><li>le vendredi de 8 h \u00e0 12h30<\/li><\/ul>\n\n\n\n<p><a href=\"https:\/\/site.ac-martinique.fr\/lyc-raymondneris\/?page_id=3441\" data-type=\"page\" data-id=\"3441\">ORIENTATION<\/a><\/p>\n","protected":false},"excerpt":{"rendered":"<p>Centre d&rsquo;information et d&rsquo;orientation du Marin (CIO du Marin) Immeuble DEMAR Quartier La Agn\u00e8s 97290 Le Marin 05 96 52 28 95 ciomarin@ac-martinique.fr Les CIO offre un service public du minist\u00e8re de l&rsquo;\u00e9ducation nationale, les consultations y sont gratuites et &hellip; <a href=\"https:\/\/site.ac-martinique.fr\/lyc-raymondneris\/?page_id=1107\">Continuer la lecture <span class=\"meta-nav\">&rarr;<\/span><\/a><\/p>\n","protected":false},"author":101,"featured_media":0,"parent":0,"menu_order":0,"comment_status":"closed","ping_status":"closed","template":"","meta":{"footnotes":""},"class_list":["post-1107","page","type-page","status-publish","hentry"],"_links":{"self":[{"href":"https:\/\/site.ac-martinique.fr\/lyc-raymondneris\/index.php?rest_route=\/wp\/v2\/pages\/1107","targetHints":{"allow":["GET"]}}],"collection":[{"href":"https:\/\/site.ac-martinique.fr\/lyc-raymondneris\/index.php?rest_route=\/wp\/v2\/pages"}],"about":[{"href":"https:\/\/site.ac-martinique.fr\/lyc-raymondneris\/index.php?rest_route=\/wp\/v2\/types\/page"}],"author":[{"embeddable":true,"href":"https:\/\/site.ac-martinique.fr\/lyc-raymondneris\/index.php?rest_route=\/wp\/v2\/users\/101"}],"replies":[{"embeddable":true,"href":"https:\/\/site.ac-martinique.fr\/lyc-raymondneris\/index.php?rest_route=%2Fwp%2Fv2%2Fcomments&post=1107"}],"version-history":[{"count":3,"href":"https:\/\/site.ac-martinique.fr\/lyc-raymondneris\/index.php?rest_route=\/wp\/v2\/pages\/1107\/revisions"}],"predecessor-version":[{"id":4036,"href":"https:\/\/site.ac-martinique.fr\/lyc-raymondneris\/index.php?rest_route=\/wp\/v2\/pages\/1107\/revisions\/4036"}],"wp:attachment":[{"href":"https:\/\/site.ac-martinique.fr\/lyc-raymondneris\/index.php?rest_route=%2Fwp%2Fv2%2Fmedia&parent=1107"}],"curies":[{"name":"wp","href":"https:\/\/api.w.org\/{rel}","templated":true}]}}