{"id":1220,"date":"2017-11-25T01:50:59","date_gmt":"2017-11-25T00:50:59","guid":{"rendered":"\/lyc-raymondneris\/?page_id=1220"},"modified":"2018-12-15T23:40:03","modified_gmt":"2018-12-15T22:40:03","slug":"actions-et-projets-20172018","status":"publish","type":"page","link":"https:\/\/site.ac-martinique.fr\/lyc-raymondneris\/?page_id=1220","title":{"rendered":"Actions et Projets 2017\/2018"},"content":{"rendered":"<ul>\n<li><strong>Un Instant Corail : d\u00e9fil\u00e9 de Mode \u00e0 la Marina Du Marin (MMV\/COIF)<\/strong><br \/>\n<a href=\"\/lyc-raymondneris\/?page_id=1964\" target=\"_blank\">Voir le diaporama et l&rsquo;article du France Antilles\u00a0<\/a>\u00a0<span style=\"color: #ff9900;\">30 juin 2018<\/span><\/li>\n<li><strong>La nuit de la Mode \u00e0 SAINTE-LUCE (FCIL MODE\/COIF)<br \/>\n<\/strong><a href=\"\/lyc-raymondneris\/wp-content\/uploads\/sites\/40\/2018\/06\/fcil-et-nuit-de-la-mode-2018.pdf\" target=\"_blank\">Voir le diaporama<\/a> <span style=\"color: #ff9900;\">26 mai 2018<\/span><\/li>\n<li><strong>Projet Manman D&rsquo;lo et les Premi\u00e8res de la Mode (MMV\/FCIL MODE\/COIF)<br \/>\n<\/strong><a href=\"\/lyc-raymondneris\/?page_id=1804\" target=\"_blank\">Voir le d\u00e9roulement du projet<\/a>\u00a0<span style=\"color: #ff9900;\">\u00a07 et 10 mai 2018<\/span><\/li>\n<li><strong>Championnat inter lyc\u00e9e\/CFA des m\u00e9tiers du b\u00e2timent (1 MELEC)<\/strong><br \/>\n<a href=\"\/lyc-raymondneris\/?p=1753\" target=\"_blank\">Voir l&rsquo;action<\/a> <span style=\"color: #ff9900;\">19 et 20 avril 2018<\/span><\/li>\n<li><strong>Projet EURASMUS<br \/>\n<\/strong><a href=\"\/lyc-raymondneris\/wp-content\/uploads\/sites\/40\/2018\/03\/Projet-ERASMUS.pdf\" target=\"_blank\">Voir la fiche de pr\u00e9paration du projet<br \/>\n<\/a><a href=\"\/lyc-raymondneris\/wp-content\/uploads\/sites\/40\/2018\/06\/PROJET-Erasmus.KA1-2017docx.pdf\" target=\"_blank\">Objectifs du Projet<\/a><\/li>\n<li><strong>Journ\u00e9e de la Pers\u00e9v\u00e9rance (2 ACOIF)<br \/>\n<\/strong><a href=\"\/lyc-raymondneris\/wp-content\/uploads\/sites\/40\/2018\/04\/journ\u00e9e-perseverance.pdf\" target=\"_blank\">Voir l&rsquo;action<\/a> <span style=\"color: #ff9900;\">23 mars 2018<\/span><\/li>\n<li><strong>Le v\u00eatement connect\u00e9\u00a0 dans le cadre de la semaine de l&rsquo;industrie (FCIL Mode et FCIL MELEC)<br \/>\n<\/strong><a href=\"\/lyc-raymondneris\/wp-content\/uploads\/sites\/40\/2018\/04\/FCIL-Connect.pdf\" target=\"_blank\">Voir l&rsquo;action<\/a>\u00a0\u00a0<span style=\"color: #ff9900;\">20 et 21 mars 2018<\/span><\/li>\n<li><strong>Accueil de la Transquadra par la 2AREEP<br \/>\n<\/strong><a href=\"\/lyc-raymondneris\/wp-content\/uploads\/sites\/40\/2018\/03\/transquadra-2.pdf\" target=\"_blank\">Voir l&rsquo;action<\/a>\u00a0 <span style=\"color: #ff9900;\">09 mars 2018<\/span><\/li>\n<li><strong>Visite au Fort Saint Louis dans le cadre du parcours citoyen\u00a0(3PP et 2AREEP)<br \/>\n<\/strong><a href=\"\/lyc-raymondneris\/?p=1588\" target=\"_blank\">Voir l&rsquo;action<\/a>\u00a0\u00a0<span style=\"color: #ff9900;\">01 mars 2018<\/span><\/li>\n<li><strong>La section coiffure \u00e0 la journ\u00e9e portes ouvertes<\/strong><br \/>\n<a href=\"\/lyc-raymondneris\/wp-content\/uploads\/sites\/40\/2018\/03\/Porte-ouvertes-coif.pdf\" target=\"_blank\">Voir la pr\u00e9sentation<\/a>\u00a0 <span style=\"color: #ff9900;\">28 f\u00e9vrier 2018<\/span><\/li>\n<li><strong>Form\u00e9o 2018 avec les sections Coiffures<br \/>\n<\/strong><a href=\"\/lyc-raymondneris\/?p=1565\" target=\"_blank\">Voir l&rsquo;action<\/a>\u00a0 <span style=\"color: #ff9900;\">23 f\u00e9vrier 2018<\/span><\/li>\n<li><strong>Animation de veille de carnaval orchestr\u00e9e par la MLD<br \/>\n<\/strong><a href=\"\/lyc-raymondneris\/?p=1516\" target=\"_blank\">Voir l&rsquo;action<\/a>\u00a0 \u00a0<span style=\"color: #ff9900;\">07 f\u00e9vrier 2018<br \/>\n<\/span><\/li>\n<li><strong>Sortie p\u00e9dagogique \u00e0 la rencontre du Cata Raid (2MN et 1AREEP)<br \/>\n<\/strong><a href=\"\/lyc-raymondneris\/?p=1485\" target=\"_blank\">Voir l&rsquo;action<\/a>\u00a0 <span style=\"color: #ff9900;\">26 janvier 2018<\/span><\/li>\n<li><strong>Fabrication de Meubles avec des palettes avec la 1AREEP (12\/2017)<\/strong><br \/>\n<a href=\"\/lyc-raymondneris\/wp-content\/uploads\/sites\/40\/2018\/02\/cpte-rendu-projet1aREEP-Pwpt.pdf\" target=\"_blank\">Voir l&rsquo;action\u00a0<\/a>\u00a0 \u00a0<span style=\"color: #ff9900;\">d\u00e9cembre 2017<\/span><\/li>\n<li><strong>Animation de veille de No\u00ebl\u00a0 par le CVL et la MLD<br \/>\n<\/strong><a href=\"\/lyc-raymondneris\/?p=1414\" target=\"_blank\">Voir les actions<\/a>\u00a0\u00a0<span style=\"color: #ff9900;\">18 d\u00e9cembre 2017<\/span><\/li>\n<li><strong>T\u00e9l\u00e9thon 2017 (TBP)<br \/>\n<\/strong><a href=\"\/lyc-raymondneris\/?p=1337\" target=\"_blank\">Voir l&rsquo;article\u00a0 <\/a>\u00a0\u00a0 <span style=\"color: #ff9900;\">9 d\u00e9cembre 2017<\/span><\/li>\n<li><strong>Projet th\u00e9\u00e2tre\u00a0Le harc\u00e8lement en milieu scolaire\u00a0(2MELEC, 2GA2C et 2MV)<\/strong><br \/>\n<a href=\"\/lyc-raymondneris\/?page_id=1297\" target=\"_blank\">Voir L&rsquo;action\u00a0<\/a>\u00a0 <span style=\"color: #ff9900;\">17 novembre 2017\u00a0<\/span><\/li>\n<li><strong>La semaine bleue rencontre de la Tle COIF avec les personnes \u00e2g\u00e9es<\/strong><br \/>\n<a href=\"\/lyc-raymondneris\/?page_id=1293\" target=\"_blank\">Voir l&rsquo;action\u00a0<\/a>\u00a0 <span style=\"color: #ff9900;\">16 novembre 2017<\/span><\/li>\n<\/ul>\n","protected":false},"excerpt":{"rendered":"<p>Un Instant Corail : d\u00e9fil\u00e9 de Mode \u00e0 la Marina Du Marin (MMV\/COIF) Voir le diaporama et l&rsquo;article du France Antilles\u00a0\u00a030 juin 2018 La nuit de la Mode \u00e0 SAINTE-LUCE (FCIL MODE\/COIF) Voir le diaporama 26 mai 2018 Projet Manman &hellip; <a href=\"https:\/\/site.ac-martinique.fr\/lyc-raymondneris\/?page_id=1220\">Continuer la lecture <span class=\"meta-nav\">&rarr;<\/span><\/a><\/p>\n","protected":false},"author":101,"featured_media":0,"parent":0,"menu_order":0,"comment_status":"closed","ping_status":"closed","template":"","meta":{"footnotes":""},"class_list":["post-1220","page","type-page","status-publish","hentry"],"_links":{"self":[{"href":"https:\/\/site.ac-martinique.fr\/lyc-raymondneris\/index.php?rest_route=\/wp\/v2\/pages\/1220","targetHints":{"allow":["GET"]}}],"collection":[{"href":"https:\/\/site.ac-martinique.fr\/lyc-raymondneris\/index.php?rest_route=\/wp\/v2\/pages"}],"about":[{"href":"https:\/\/site.ac-martinique.fr\/lyc-raymondneris\/index.php?rest_route=\/wp\/v2\/types\/page"}],"author":[{"embeddable":true,"href":"https:\/\/site.ac-martinique.fr\/lyc-raymondneris\/index.php?rest_route=\/wp\/v2\/users\/101"}],"replies":[{"embeddable":true,"href":"https:\/\/site.ac-martinique.fr\/lyc-raymondneris\/index.php?rest_route=%2Fwp%2Fv2%2Fcomments&post=1220"}],"version-history":[{"count":53,"href":"https:\/\/site.ac-martinique.fr\/lyc-raymondneris\/index.php?rest_route=\/wp\/v2\/pages\/1220\/revisions"}],"predecessor-version":[{"id":3721,"href":"https:\/\/site.ac-martinique.fr\/lyc-raymondneris\/index.php?rest_route=\/wp\/v2\/pages\/1220\/revisions\/3721"}],"wp:attachment":[{"href":"https:\/\/site.ac-martinique.fr\/lyc-raymondneris\/index.php?rest_route=%2Fwp%2Fv2%2Fmedia&parent=1220"}],"curies":[{"name":"wp","href":"https:\/\/api.w.org\/{rel}","templated":true}]}}