{"id":134,"date":"2014-02-12T12:38:26","date_gmt":"2014-02-12T11:38:26","guid":{"rendered":"\/lyc-raymondneris\/?page_id=134"},"modified":"2024-05-21T20:16:30","modified_gmt":"2024-05-21T19:16:30","slug":"parents","status":"publish","type":"page","link":"https:\/\/site.ac-martinique.fr\/lyc-raymondneris\/?page_id=134","title":{"rendered":"Infos Parents"},"content":{"rendered":"<ul>\n<li><a href=\"https:\/\/site.ac-martinique.fr\/lyc-raymondneris\/?p=4579\">REUNION PARETS-PROFESSEURS 24\/09\/22<\/a><\/li>\n<\/ul>\n<p><b>\u00a0EDUCONNECT\u00a0<\/b><\/p>\n<p><strong>EduConnec<\/strong>t fournit un compte unique pour les parents et les \u00e9l\u00e8ves pour tous les services num\u00e9riques de l\u2019\u00e9cole ou de l\u2019\u00e9tablissement, m\u00eame en cas de changement d\u2019\u00e9cole, d\u2019\u00e9tablissement, de degr\u00e9 ou m\u00eame d\u2019acad\u00e9mie. <a href=\"https:\/\/site.ac-martinique.fr\/lyc-raymondneris\/?p=4529\" target=\"_blank\" rel=\"noopener\"><strong>En savoir plus<\/strong><\/a><\/p>\n<p><b>INFOS RENTREE SCOLAIRE 2022\/23<\/b><\/p>\n<ul>\n<li><a href=\"https:\/\/site.ac-martinique.fr\/lyc-raymondneris\/?p=3997\" target=\"_blank\" rel=\"noopener\">INSCRIPTIONS ET REINSCRIPTIONS<\/a><\/li>\n<li><a href=\"https:\/\/site.ac-martinique.fr\/lyc-raymondneris\/wp-admin\/post.php?post=3958&amp;action=edit\" target=\"_blank\" rel=\"noopener\">BOURSE SCOLAIRE<\/a><\/li>\n<li><a href=\"https:\/\/site.ac-martinique.fr\/lyc-raymondneris\/wp-content\/uploads\/sites\/40\/2022\/07\/RI_RAYMOND-NERIS-maj-apres-CA-du-27-06-22-1.pdf\" target=\"_blank\" rel=\"noopener\">REGLEMENT INTERIEUR<\/a><\/li>\n<li><a href=\"https:\/\/site.ac-martinique.fr\/lyc-raymondneris\/?page_id=137\" target=\"_blank\" rel=\"noopener\">RESTAURATION<\/a><\/li>\n<\/ul>\n<p><strong>LISTE DES PARENTS AU CONSEIL D&rsquo;ADMINISTRATION<\/strong><\/p>\n<ul>\n<li><a href=\"https:\/\/site.ac-martinique.fr\/lyc-raymondneris\/wp-content\/uploads\/sites\/40\/2024\/05\/Liste-parents-membres-du-CA.pdf\" target=\"_blank\" rel=\"noopener\">Liste 2023-2024<\/a><\/li>\n<\/ul>\n","protected":false},"excerpt":{"rendered":"<p>REUNION PARETS-PROFESSEURS 24\/09\/22 \u00a0EDUCONNECT\u00a0 EduConnect fournit un compte unique pour les parents et les \u00e9l\u00e8ves pour tous les services num\u00e9riques de l\u2019\u00e9cole ou de l\u2019\u00e9tablissement, m\u00eame en cas de changement d\u2019\u00e9cole, d\u2019\u00e9tablissement, de degr\u00e9 ou m\u00eame d\u2019acad\u00e9mie. En savoir plus &hellip; <a href=\"https:\/\/site.ac-martinique.fr\/lyc-raymondneris\/?page_id=134\">Continuer la lecture <span class=\"meta-nav\">&rarr;<\/span><\/a><\/p>\n","protected":false},"author":101,"featured_media":0,"parent":0,"menu_order":0,"comment_status":"closed","ping_status":"closed","template":"","meta":{"footnotes":""},"class_list":["post-134","page","type-page","status-publish","hentry"],"_links":{"self":[{"href":"https:\/\/site.ac-martinique.fr\/lyc-raymondneris\/index.php?rest_route=\/wp\/v2\/pages\/134","targetHints":{"allow":["GET"]}}],"collection":[{"href":"https:\/\/site.ac-martinique.fr\/lyc-raymondneris\/index.php?rest_route=\/wp\/v2\/pages"}],"about":[{"href":"https:\/\/site.ac-martinique.fr\/lyc-raymondneris\/index.php?rest_route=\/wp\/v2\/types\/page"}],"author":[{"embeddable":true,"href":"https:\/\/site.ac-martinique.fr\/lyc-raymondneris\/index.php?rest_route=\/wp\/v2\/users\/101"}],"replies":[{"embeddable":true,"href":"https:\/\/site.ac-martinique.fr\/lyc-raymondneris\/index.php?rest_route=%2Fwp%2Fv2%2Fcomments&post=134"}],"version-history":[{"count":17,"href":"https:\/\/site.ac-martinique.fr\/lyc-raymondneris\/index.php?rest_route=\/wp\/v2\/pages\/134\/revisions"}],"predecessor-version":[{"id":5816,"href":"https:\/\/site.ac-martinique.fr\/lyc-raymondneris\/index.php?rest_route=\/wp\/v2\/pages\/134\/revisions\/5816"}],"wp:attachment":[{"href":"https:\/\/site.ac-martinique.fr\/lyc-raymondneris\/index.php?rest_route=%2Fwp%2Fv2%2Fmedia&parent=134"}],"curies":[{"name":"wp","href":"https:\/\/api.w.org\/{rel}","templated":true}]}}