{"id":137,"date":"2014-02-12T12:45:18","date_gmt":"2014-02-12T11:45:18","guid":{"rendered":"\/lyc-raymondneris\/?page_id=137"},"modified":"2026-04-30T21:04:56","modified_gmt":"2026-04-30T20:04:56","slug":"sites-academiques","status":"publish","type":"page","link":"https:\/\/site.ac-martinique.fr\/lyc-raymondneris\/?page_id=137","title":{"rendered":"RESTAURATION"},"content":{"rendered":"\n<figure class=\"wp-block-image size-full\"><a href=\"https:\/\/site.ac-martinique.fr\/lyc-raymondneris\/wp-content\/uploads\/sites\/40\/2022\/03\/images-1.jpg\"><img loading=\"lazy\" decoding=\"async\" width=\"247\" height=\"190\" src=\"https:\/\/site.ac-martinique.fr\/lyc-raymondneris\/wp-content\/uploads\/sites\/40\/2022\/03\/images-1.jpg\" alt=\"\" class=\"wp-image-3685\"\/><\/a><\/figure>\n\n\n\n<p><a href=\"https:\/\/site.ac-martinique.fr\/lyc-raymondneris\/wp-content\/uploads\/sites\/40\/2026\/04\/Menus-du-04-au-08-mai-2026.pdf\">VOIR LE MENU DU 04  AU 08 Mai 2026<\/a><\/p>\n\n\n\n<p><a href=\"https:\/\/site.ac-martinique.fr\/lyc-raymondneris\/wp-content\/uploads\/sites\/40\/2026\/04\/MENUS-DU-27.04.-AU-01.05.26.pdf\">VOIR LE MENU DU 27 AU 30 Avril 2026<\/a><\/p>\n\n\n\n<p><a href=\"https:\/\/site.ac-martinique.fr\/lyc-raymondneris\/wp-content\/uploads\/sites\/40\/2026\/04\/Menus-du-20-au-24-avril-2026.pdf\">VOIR LE MENU DU 20 AU 24 Avril 2026<\/a><\/p>\n\n\n\n<p><a href=\"https:\/\/site.ac-martinique.fr\/lyc-raymondneris\/wp-content\/uploads\/sites\/40\/2026\/03\/menus-du-30-03-au-02-04-26.pdf\">VOIR LE MENU DU 30 Mars AU 02 Avril 2026<\/a><\/p>\n\n\n\n<p><a href=\"https:\/\/site.ac-martinique.fr\/lyc-raymondneris\/wp-content\/uploads\/sites\/40\/2026\/03\/menus-du-23-au-27.03.2026.pdf\">VOIR LE MENU DU 23 AU 27 Mars 2026<\/a><\/p>\n\n\n\n<p><a href=\"https:\/\/site.ac-martinique.fr\/lyc-raymondneris\/wp-content\/uploads\/sites\/40\/2026\/03\/menus-du-16-au-20-mars-2026.pdf\">VOIR LE MENU DU 16 AU 20 Mars 2026<\/a><\/p>\n\n\n\n<p><a href=\"https:\/\/site.ac-martinique.fr\/lyc-raymondneris\/wp-content\/uploads\/sites\/40\/2026\/03\/MENUS-du-09-au-13.03.26.pdf\">VOIR LE MENU DU 09 AU 13 Mars 2026<\/a><\/p>\n\n\n\n<p><a href=\"https:\/\/site.ac-martinique.fr\/lyc-raymondneris\/wp-content\/uploads\/sites\/40\/2026\/02\/menus-du-02-au-06-mars-2026.pdf\">VOIR LE MENU DU 02 AU 06 Mars 2026<\/a><\/p>\n\n\n\n<p><a href=\"https:\/\/site.ac-martinique.fr\/lyc-raymondneris\/wp-content\/uploads\/sites\/40\/2026\/02\/MENUS-du-23-au-26.02.2026.pdf\">VOIR LE MENU DU 23 AU 27 F\u00e9vrier 2026<\/a><\/p>\n\n\n\n<p><a href=\"https:\/\/site.ac-martinique.fr\/lyc-raymondneris\/wp-content\/uploads\/sites\/40\/2026\/01\/MENUS-du-02.-au-06.02.26.pdf\">VOIR LE MENU DU 02 AU 06 F\u00e9vrier 2026<\/a><\/p>\n\n\n\n<p><a href=\"https:\/\/site.ac-martinique.fr\/lyc-raymondneris\/wp-content\/uploads\/sites\/40\/2026\/01\/menus-semaine-5.pdf\">VOIR LE MENU DU 26 AU 30 Janvier 2026<\/a><\/p>\n\n\n\n<p><a href=\"https:\/\/site.ac-martinique.fr\/lyc-raymondneris\/wp-content\/uploads\/sites\/40\/2026\/01\/menus-du-19-au-23-01.26.pdf\">VOIR LE MENU DU 19 AU 23 Janvier 2026<\/a><\/p>\n\n\n\n<p><a href=\"https:\/\/site.ac-martinique.fr\/lyc-raymondneris\/wp-content\/uploads\/sites\/40\/2026\/01\/menus-du-12-au-16-01-26.pdf\">VOIR LE MENU DU 12 AU 16 Janvier 2026<\/a><\/p>\n\n\n\n<p><a href=\"https:\/\/site.ac-martinique.fr\/lyc-raymondneris\/wp-content\/uploads\/sites\/40\/2026\/01\/menus-du-05-au-09-janvier-2026.pdf\">VOIR LE MENU DU 05 AU 09 Janvier 2026<\/a><\/p>\n\n\n\n<p><a href=\"https:\/\/site.ac-martinique.fr\/lyc-raymondneris\/wp-content\/uploads\/sites\/40\/2025\/12\/menu-du-15-au-19.12.25.pdf\">VOIR LE MENU DU 05 AU 19 D\u00e9cembre 2025<\/a><\/p>\n\n\n\n<p><a href=\"https:\/\/site.ac-martinique.fr\/lyc-raymondneris\/wp-content\/uploads\/sites\/40\/2025\/12\/menus-du-8-au-12.12.25.pdf\">VOIR LE MENU DU 08 AU 12 D\u00e9cembre 2025<\/a><\/p>\n\n\n\n<p><a href=\"https:\/\/site.ac-martinique.fr\/lyc-raymondneris\/wp-content\/uploads\/sites\/40\/2025\/12\/menus-semaine-du-01-au-5-12-25.pdf\">VOIR LE MENU DU 01 AU 05 D\u00e9cembre 2025<\/a><\/p>\n\n\n\n<p><a href=\"https:\/\/site.ac-martinique.fr\/lyc-raymondneris\/wp-content\/uploads\/sites\/40\/2025\/11\/menus-du-24-au-28-11-2025.pdf\">VOIR LE MENU DU 24  AU 28 Novembre 2025<\/a><\/p>\n\n\n\n<p><a href=\"https:\/\/site.ac-martinique.fr\/lyc-raymondneris\/wp-content\/uploads\/sites\/40\/2025\/11\/menus-semaine-47.pdf\">VOIR LE MENU DU 17  AU 21 Novembre 2025<\/a><\/p>\n\n\n\n<p><a href=\"https:\/\/site.ac-martinique.fr\/lyc-raymondneris\/wp-content\/uploads\/sites\/40\/2025\/11\/MENUS-SEMAINE-46.pdf\">VOIR LE MENU DU 10  AU 14 Novembre 2025<\/a><\/p>\n\n\n\n<p><a href=\"https:\/\/site.ac-martinique.fr\/lyc-raymondneris\/wp-content\/uploads\/sites\/40\/2025\/10\/Menus-du-03-au-07-11-25.pdf\">VOIR LE MENU DU 03  AU 07 Novembre 2025<\/a><\/p>\n\n\n\n<p><a href=\"https:\/\/site.ac-martinique.fr\/lyc-raymondneris\/wp-content\/uploads\/sites\/40\/2025\/10\/MENUS-DU-13-au-17.10.25.pdf\">VOIR LE MENU DU 13  AU 17 Octobre 2025<\/a><\/p>\n\n\n\n<p><a href=\"https:\/\/site.ac-martinique.fr\/lyc-raymondneris\/wp-content\/uploads\/sites\/40\/2025\/10\/menus-du-06-au-10-10-25.pdf\">VOIR LE MENU DU 06  AU 10 Octobre 2025<\/a><\/p>\n\n\n\n<p><a href=\"https:\/\/site.ac-martinique.fr\/lyc-raymondneris\/wp-content\/uploads\/sites\/40\/2025\/09\/menus-du-29-09-au-03-10-25.pdf\">VOIR LE MENU DU 29 Septembre  AU 03 Octobre 2025<\/a><\/p>\n\n\n\n<p><a href=\"https:\/\/site.ac-martinique.fr\/lyc-raymondneris\/wp-content\/uploads\/sites\/40\/2025\/09\/menus-semaine-39-1.pdf\">VOIR LE MENU DU 22  AU 26 Septembre 2025<\/a><\/p>\n\n\n\n<p><a href=\"https:\/\/site.ac-martinique.fr\/lyc-raymondneris\/wp-content\/uploads\/sites\/40\/2025\/09\/MENUS-DU-15-AU-19-09-25.pdf\">VOIR LE MENU DU 15  AU 19 Septembre 2025<\/a><\/p>\n\n\n\n<p><a href=\"https:\/\/site.ac-martinique.fr\/lyc-raymondneris\/wp-content\/uploads\/sites\/40\/2025\/09\/menus-du-08-au-12-09-2025.pdf\">VOIR LE MENU DU 08  AU 12 Septembre 2025<\/a><\/p>\n\n\n\n<p><a href=\"https:\/\/site.ac-martinique.fr\/lyc-raymondneris\/wp-content\/uploads\/sites\/40\/2025\/09\/MENUS-DU-01-AU-05-0-9-2025.pdf\">VOIR LE MENU DU 01  AU 05 Septembre 2025<\/a><\/p>\n\n\n\n<p><br><strong>A l&rsquo;attention des parents et des \u00e9l\u00e8ves<\/strong><br><br>Nous vous informons que vous pouvez faire vos r\u00e9servations de cantine et payer en ligne. <br>Vous devez pr\u00e9alablement cr\u00e9er un compte :<br>* soit depuis le lien suivant <strong><a href=\"http:\/\/espacenumerique.turbo-self.com\/Connexion.aspx?id=2449\" target=\"_blank\" rel=\"noreferrer noopener\">RESERVER ET PAYER EN LIGNE<\/a><\/strong><br><a href=\"https:\/\/site.ac-martinique.fr\/lyc-raymondneris\/wp-content\/uploads\/sites\/40\/2022\/03\/Creer-son-compte-MYTURBOSELF-via-le-site-internet.pdf\" target=\"_blank\" rel=\"noreferrer noopener\">Tutoriel pour cr\u00e9er son compte MYTURBOSELF Via le site internet<\/a><br>* soit en t\u00e9l\u00e9chargeant l&rsquo;application <a href=\"https:\/\/site.ac-martinique.fr\/lyc-raymondneris\/?page_id=3661\" target=\"_blank\" rel=\"noreferrer noopener\"><strong>MYTURBOSELF<\/strong><\/a><br><a href=\"https:\/\/site.ac-martinique.fr\/lyc-raymondneris\/wp-content\/uploads\/sites\/40\/2022\/03\/Creer-son-compte-via-lapplication.pdf\" target=\"_blank\" rel=\"noreferrer noopener\">Tutoriel pour cr\u00e9er son compte MYTURBOSELPH via l&rsquo;application mobile<\/a><br><br><br><strong>A savoir :<\/strong><br>&#8211; Vous avez la possibilit\u00e9 de r\u00e9server jusqu&rsquo;\u00e0 8 semaines.<\/p>\n\n\n\n<p><strong>QUELQUES INFORMATIONS<\/strong> <br>&#8211; <a href=\"https:\/\/site.ac-martinique.fr\/lyc-raymondneris\/wp-content\/uploads\/sites\/40\/2022\/03\/eleves-demi-pensionnaires.pdf\" target=\"_blank\" rel=\"noreferrer noopener\">Conditions pour s&rsquo;inscrire \u00e0 la demi pension<\/a><br>&#8211; <a rel=\"noreferrer noopener\" href=\"https:\/\/site.ac-martinique.fr\/lyc-raymondneris\/wp-content\/uploads\/sites\/40\/2022\/03\/horaires-et-tarifs.pdf\" target=\"_blank\">Horaires de r\u00e9ception et tarifs de la cantine<\/a><br><\/p>\n\n\n\n<p><\/p>\n","protected":false},"excerpt":{"rendered":"<p>VOIR LE MENU DU 04 AU 08 Mai 2026 VOIR LE MENU DU 27 AU 30 Avril 2026 VOIR LE MENU DU 20 AU 24 Avril 2026 VOIR LE MENU DU 30 Mars AU 02 Avril 2026 VOIR LE MENU &hellip; <a href=\"https:\/\/site.ac-martinique.fr\/lyc-raymondneris\/?page_id=137\">Continuer la lecture <span class=\"meta-nav\">&rarr;<\/span><\/a><\/p>\n","protected":false},"author":101,"featured_media":0,"parent":0,"menu_order":0,"comment_status":"closed","ping_status":"closed","template":"","meta":{"footnotes":""},"class_list":["post-137","page","type-page","status-publish","hentry"],"_links":{"self":[{"href":"https:\/\/site.ac-martinique.fr\/lyc-raymondneris\/index.php?rest_route=\/wp\/v2\/pages\/137","targetHints":{"allow":["GET"]}}],"collection":[{"href":"https:\/\/site.ac-martinique.fr\/lyc-raymondneris\/index.php?rest_route=\/wp\/v2\/pages"}],"about":[{"href":"https:\/\/site.ac-martinique.fr\/lyc-raymondneris\/index.php?rest_route=\/wp\/v2\/types\/page"}],"author":[{"embeddable":true,"href":"https:\/\/site.ac-martinique.fr\/lyc-raymondneris\/index.php?rest_route=\/wp\/v2\/users\/101"}],"replies":[{"embeddable":true,"href":"https:\/\/site.ac-martinique.fr\/lyc-raymondneris\/index.php?rest_route=%2Fwp%2Fv2%2Fcomments&post=137"}],"version-history":[{"count":192,"href":"https:\/\/site.ac-martinique.fr\/lyc-raymondneris\/index.php?rest_route=\/wp\/v2\/pages\/137\/revisions"}],"predecessor-version":[{"id":6395,"href":"https:\/\/site.ac-martinique.fr\/lyc-raymondneris\/index.php?rest_route=\/wp\/v2\/pages\/137\/revisions\/6395"}],"wp:attachment":[{"href":"https:\/\/site.ac-martinique.fr\/lyc-raymondneris\/index.php?rest_route=%2Fwp%2Fv2%2Fmedia&parent=137"}],"curies":[{"name":"wp","href":"https:\/\/api.w.org\/{rel}","templated":true}]}}