{"id":1638,"date":"2018-03-21T18:15:27","date_gmt":"2018-03-21T17:15:27","guid":{"rendered":"\/lyc-raymondneris\/?page_id=1638"},"modified":"2022-06-15T19:25:03","modified_gmt":"2022-06-15T18:25:03","slug":"ateliers-pedagogique-et-educatif","status":"publish","type":"page","link":"https:\/\/site.ac-martinique.fr\/lyc-raymondneris\/?page_id=1638","title":{"rendered":"CESCE"},"content":{"rendered":"\n<p>Le CESC devient le CESCE (<strong>Comit\u00e9 d&rsquo;Education \u00e0 la Sant\u00e9 \u00e0 la Citoyennet\u00e9<\/strong> <strong>et \u00e0 l&rsquo;environnement<\/strong><\/p>\n\n\n\n<p>En savoir plus <\/p>\n\n\n<p><strong>Comit\u00e9 d&rsquo;Education Sant\u00e9 et Citoyennet\u00e9 ( CESC)<\/strong><\/p>\n<p><a href=\"\/lyc-raymondneris\/?attachment_id=1668\" rel=\"attachment wp-att-1668\"><img loading=\"lazy\" decoding=\"async\" class=\"alignnone  wp-image-1668\" src=\"\/lyc-raymondneris\/wp-content\/uploads\/sites\/40\/2018\/03\/CESC.png\" alt=\"\" width=\"177\" height=\"134\" \/><br \/><\/a><\/p>\n<ul>\n<li><a href=\"\/lyc-raymondneris\/wp-content\/uploads\/sites\/40\/2018\/03\/Projet-connaissance-de-soi.pdf\" target=\"_blank\" rel=\"noopener\">Projet connaissance de soi<\/a><\/li>\n<\/ul>\n<p><a href=\"\/lyc-raymondneris\/?attachment_id=1641\" rel=\"attachment wp-att-1641\"><img loading=\"lazy\" decoding=\"async\" class=\"alignnone wp-image-1641\" src=\"\/lyc-raymondneris\/wp-content\/uploads\/sites\/40\/2018\/03\/cropped-connaissance-de-soi.png\" alt=\"\" width=\"179\" height=\"126\" \/><br \/><\/a><\/p>","protected":false},"excerpt":{"rendered":"<p>Le CESC devient le CESCE (Comit\u00e9 d&rsquo;Education \u00e0 la Sant\u00e9 \u00e0 la Citoyennet\u00e9 et \u00e0 l&rsquo;environnement En savoir plus Comit\u00e9 d&rsquo;Education Sant\u00e9 et Citoyennet\u00e9 ( CESC) Projet connaissance de soi<\/p>\n","protected":false},"author":101,"featured_media":0,"parent":0,"menu_order":0,"comment_status":"closed","ping_status":"closed","template":"","meta":{"footnotes":""},"class_list":["post-1638","page","type-page","status-publish","hentry"],"_links":{"self":[{"href":"https:\/\/site.ac-martinique.fr\/lyc-raymondneris\/index.php?rest_route=\/wp\/v2\/pages\/1638","targetHints":{"allow":["GET"]}}],"collection":[{"href":"https:\/\/site.ac-martinique.fr\/lyc-raymondneris\/index.php?rest_route=\/wp\/v2\/pages"}],"about":[{"href":"https:\/\/site.ac-martinique.fr\/lyc-raymondneris\/index.php?rest_route=\/wp\/v2\/types\/page"}],"author":[{"embeddable":true,"href":"https:\/\/site.ac-martinique.fr\/lyc-raymondneris\/index.php?rest_route=\/wp\/v2\/users\/101"}],"replies":[{"embeddable":true,"href":"https:\/\/site.ac-martinique.fr\/lyc-raymondneris\/index.php?rest_route=%2Fwp%2Fv2%2Fcomments&post=1638"}],"version-history":[{"count":8,"href":"https:\/\/site.ac-martinique.fr\/lyc-raymondneris\/index.php?rest_route=\/wp\/v2\/pages\/1638\/revisions"}],"predecessor-version":[{"id":3966,"href":"https:\/\/site.ac-martinique.fr\/lyc-raymondneris\/index.php?rest_route=\/wp\/v2\/pages\/1638\/revisions\/3966"}],"wp:attachment":[{"href":"https:\/\/site.ac-martinique.fr\/lyc-raymondneris\/index.php?rest_route=%2Fwp%2Fv2%2Fmedia&parent=1638"}],"curies":[{"name":"wp","href":"https:\/\/api.w.org\/{rel}","templated":true}]}}