{"id":1964,"date":"2018-06-24T17:36:49","date_gmt":"2018-06-24T16:36:49","guid":{"rendered":"\/lyc-raymondneris\/?page_id=1964"},"modified":"2020-05-18T23:10:33","modified_gmt":"2020-05-18T22:10:33","slug":"un-instant-corail","status":"publish","type":"page","link":"https:\/\/site.ac-martinique.fr\/lyc-raymondneris\/?page_id=1964","title":{"rendered":"UN INSTANT CORAIL"},"content":{"rendered":"<p><a href=\"\/lyc-raymondneris\/wp-content\/uploads\/sites\/40\/2018\/06\/afiche-marina.png\" target=\"_blank\" rel=\"attachment wp-att-1959\"><img loading=\"lazy\" decoding=\"async\" class=\"alignnone wp-image-1959\" src=\"\/lyc-raymondneris\/wp-content\/uploads\/sites\/40\/2018\/06\/miniature-afiche-marina.png\" alt=\"\" width=\"291\" height=\"411\" srcset=\"https:\/\/site.ac-martinique.fr\/lyc-raymondneris\/wp-content\/uploads\/sites\/40\/2018\/06\/miniature-afiche-marina.png 227w, https:\/\/site.ac-martinique.fr\/lyc-raymondneris\/wp-content\/uploads\/sites\/40\/2018\/06\/miniature-afiche-marina-212x300.png 212w\" sizes=\"auto, (max-width: 291px) 100vw, 291px\" \/><\/a><\/p>\n<p>Les \u00e9l\u00e8ves de sections Mode et Coiffure\u00a0 ont travaill\u00e9 sur le th\u00e8me de la mer et ont imagin\u00e9 une collection originale inspir\u00e9e de l&rsquo;univers sous marin.<\/p>\n<h3><strong>Pr\u00e9sentation des productions 2018 des sections Mode et Coiffure \u00e0 la Marina du Marin<br \/>\n<a href=\"\/lyc-raymondneris\/wp-content\/uploads\/sites\/40\/2018\/07\/d\u00e9fil\u00e9-un-instant-corail-2.pdf\" target=\"_blank\">Voir le diaporama<\/a><\/strong><\/h3>\n<p><a href=\"\/lyc-raymondneris\/wp-content\/uploads\/sites\/40\/2018\/07\/instant-FA-Full.png\" target=\"_blank\" rel=\"attachment wp-att-1978\"><img loading=\"lazy\" decoding=\"async\" class=\"alignnone wp-image-1978\" src=\"\/lyc-raymondneris\/wp-content\/uploads\/sites\/40\/2018\/07\/instant-FA-minia.jpg\" alt=\"\" width=\"285\" height=\"388\" srcset=\"https:\/\/site.ac-martinique.fr\/lyc-raymondneris\/wp-content\/uploads\/sites\/40\/2018\/07\/instant-FA-minia.jpg 350w, https:\/\/site.ac-martinique.fr\/lyc-raymondneris\/wp-content\/uploads\/sites\/40\/2018\/07\/instant-FA-minia-220x300.jpg 220w\" sizes=\"auto, (max-width: 285px) 100vw, 285px\" \/><\/a><a href=\"\/lyc-raymondneris\/wp-content\/uploads\/sites\/40\/2018\/07\/d\u00e9fil\u00e9-un-instant-corail-2.pdf\" target=\"_blank\"><br \/>\n<\/a>\u00a0<a href=\"\/lyc-raymondneris\/wp-content\/uploads\/sites\/40\/2018\/07\/instant-FA-Full.png\" target=\"_blank\">Article du France Antilles du 03\/07\/2018<\/a><\/p>\n","protected":false},"excerpt":{"rendered":"<p>Les \u00e9l\u00e8ves de sections Mode et Coiffure\u00a0 ont travaill\u00e9 sur le th\u00e8me de la mer et ont imagin\u00e9 une collection originale inspir\u00e9e de l&rsquo;univers sous marin. Pr\u00e9sentation des productions 2018 des sections Mode et Coiffure \u00e0 la Marina du Marin &hellip; <a href=\"https:\/\/site.ac-martinique.fr\/lyc-raymondneris\/?page_id=1964\">Continuer la lecture <span class=\"meta-nav\">&rarr;<\/span><\/a><\/p>\n","protected":false},"author":101,"featured_media":0,"parent":0,"menu_order":0,"comment_status":"closed","ping_status":"closed","template":"","meta":{"footnotes":""},"class_list":["post-1964","page","type-page","status-publish","hentry"],"_links":{"self":[{"href":"https:\/\/site.ac-martinique.fr\/lyc-raymondneris\/index.php?rest_route=\/wp\/v2\/pages\/1964","targetHints":{"allow":["GET"]}}],"collection":[{"href":"https:\/\/site.ac-martinique.fr\/lyc-raymondneris\/index.php?rest_route=\/wp\/v2\/pages"}],"about":[{"href":"https:\/\/site.ac-martinique.fr\/lyc-raymondneris\/index.php?rest_route=\/wp\/v2\/types\/page"}],"author":[{"embeddable":true,"href":"https:\/\/site.ac-martinique.fr\/lyc-raymondneris\/index.php?rest_route=\/wp\/v2\/users\/101"}],"replies":[{"embeddable":true,"href":"https:\/\/site.ac-martinique.fr\/lyc-raymondneris\/index.php?rest_route=%2Fwp%2Fv2%2Fcomments&post=1964"}],"version-history":[{"count":11,"href":"https:\/\/site.ac-martinique.fr\/lyc-raymondneris\/index.php?rest_route=\/wp\/v2\/pages\/1964\/revisions"}],"predecessor-version":[{"id":2650,"href":"https:\/\/site.ac-martinique.fr\/lyc-raymondneris\/index.php?rest_route=\/wp\/v2\/pages\/1964\/revisions\/2650"}],"wp:attachment":[{"href":"https:\/\/site.ac-martinique.fr\/lyc-raymondneris\/index.php?rest_route=%2Fwp%2Fv2%2Fmedia&parent=1964"}],"curies":[{"name":"wp","href":"https:\/\/api.w.org\/{rel}","templated":true}]}}