{"id":1994,"date":"2018-07-18T17:01:49","date_gmt":"2018-07-18T16:01:49","guid":{"rendered":"\/lyc-raymondneris\/?page_id=1994"},"modified":"2019-09-24T17:23:49","modified_gmt":"2019-09-24T16:23:49","slug":"actions-et-projets-2018-2019","status":"publish","type":"page","link":"https:\/\/site.ac-martinique.fr\/lyc-raymondneris\/?page_id=1994","title":{"rendered":"Actions et Projets 2018-2019"},"content":{"rendered":"<ul>\n<li><strong>Vernissage de l&rsquo;exposition Habdapha\u00ef \u00e0 la fondation Cl\u00e9ment<br \/>\n<\/strong><a href=\"\/lyc-raymondneris\/?p=2328\" target=\"_blank\">Voir l&rsquo;action<\/a> <strong>FCIL\/1MMV\/2MMV<\/strong> <span style=\"color: #ff6600;\"><span style=\"color: #ff6600;\">29\/08\/19<\/span><\/span><\/li>\n<\/ul>\n<ul>\n<li><strong>Madinina Mode Art <\/strong><br \/>\n<a href=\"\/lyc-raymondneris\/?page_id=2239\" target=\"_blank\">Voir le projet<\/a>\u00a0<strong>2MMV\/1MMV<\/strong>\u00a0<span style=\"color: #ff6600;\">15\/09\/18 au 21\/06\/19<\/span><\/li>\n<\/ul>\n<ul>\n<li><strong>Les Coiffeurs se d\u00e9voilent<br \/>\n<\/strong><a href=\"\/lyc-raymondneris\/?p=2256\" target=\"_blank\">Voir l&rsquo;action<\/a> <strong>1COIF\/2COIF\/MC3C<\/strong> <span style=\"color: #ff6600;\"><span style=\"color: #ff6600;\">23\/02\/19 au 24\/05\/19<\/span><\/span><\/li>\n<\/ul>\n<ul>\n<li><strong>La cata Raid<\/strong><br \/>\n<a href=\"\/lyc-raymondneris\/?p=2234\" target=\"_blank\">voir l&rsquo;action<\/a> <strong>BP MN\u00a0<\/strong><span style=\"color: #ff6600;\">27\/01\/19 au 02\/02\/19<\/span><\/li>\n<\/ul>\n<ul>\n<li><strong>Lutte contre le gaspillage alimentaire<br \/>\n<\/strong><a href=\"\/lyc-raymondneris\/?p=2222\" target=\"_blank\">Voir l&rsquo;action<\/a>\u00a0 <span style=\"color: #ff6600;\"><strong><span style=\"color: #000000;\">1 MELEC <\/span><\/strong><span style=\"color: #000000;\"><span style=\"color: #ff6600;\">1<\/span><\/span>3\/02\/19<\/span><\/li>\n<\/ul>\n<ul>\n<li><strong>Les sections nautiques et la Cata Raid 2019<br \/>\n<\/strong><a href=\"\/lyc-raymondneris\/?p=2211\" target=\"_blank\">Voir l&rsquo;action<\/a>\u00a0 <span style=\"color: #ff6600;\">27\/11\/19<\/span><\/li>\n<\/ul>\n<ul>\n<li><strong>La matin\u00e9e de l&rsquo;orientation<br \/>\n<\/strong><a href=\"\/lyc-raymondneris\/?p=2192\" target=\"_blank\">Voir l&rsquo;action<\/a> <strong>Tle BP<\/strong> <span style=\"color: #ff6600;\">30\/11\/18<\/span><\/li>\n<\/ul>\n<ul>\n<li><strong>Anti gaspillage \u00e0 la restauration scolaire<br \/>\n<\/strong><a href=\"\/lyc-raymondneris\/?p=2157\" target=\"_blank\">Voir l&rsquo;action<\/a>\u00a0 <strong>1 MELEC<\/strong> <span style=\"color: #ff6600;\">23\/11\/18<\/span><\/li>\n<\/ul>\n<ul>\n<li><strong>Echange Inter G\u00e9n\u00e9rationnel\u00a0<\/strong><br \/>\n<a href=\"\/lyc-raymondneris\/?p=2138\" target=\"_blank\">Voir l&rsquo;action\u00a0<\/a> <strong>sections Coiffure<\/strong> <span style=\"color: #ff6600;\">19\/11\/18<\/span><\/li>\n<\/ul>\n<ul>\n<li><strong>Projet Route du Rhum<br \/>\n<\/strong><a href=\"\/lyc-raymondneris\/?p=2096\" target=\"_blank\">Voir le projet<\/a>\u00a0 \u00a0<strong>sections Maintenance Nautique<\/strong>\u00a0<span style=\"color: #ff6600;\">13\/11\/18 au 16\/11\/18<\/span><\/li>\n<\/ul>\n<ul>\n<li><strong>Comm\u00e9moration du 11 novembre<br \/>\n<\/strong><a href=\"\/lyc-raymondneris\/?p=2109\" target=\"_blank\">voir l&rsquo;action<\/a> <strong>classe de 3\u00e8me Pr\u00e9pa Pro<\/strong> <span style=\"color: #ff6600;\">11\/11\/2018<\/span><\/li>\n<\/ul>\n<ul>\n<li><strong>Projet EURASMUS+ KA1<br \/>\n<\/strong><a href=\"\/lyc-raymondneris\/?p=2040\" target=\"_blank\">Voir le projet<\/a>\u00a0 <span style=\"color: #ff6600;\">22\/09\/18 au 15\/10\/18<\/span><\/li>\n<\/ul>\n","protected":false},"excerpt":{"rendered":"<p>Vernissage de l&rsquo;exposition Habdapha\u00ef \u00e0 la fondation Cl\u00e9ment Voir l&rsquo;action FCIL\/1MMV\/2MMV 29\/08\/19 Madinina Mode Art Voir le projet\u00a02MMV\/1MMV\u00a015\/09\/18 au 21\/06\/19 Les Coiffeurs se d\u00e9voilent Voir l&rsquo;action 1COIF\/2COIF\/MC3C 23\/02\/19 au 24\/05\/19 La cata Raid voir l&rsquo;action BP MN\u00a027\/01\/19 au 02\/02\/19 Lutte &hellip; <a href=\"https:\/\/site.ac-martinique.fr\/lyc-raymondneris\/?page_id=1994\">Continuer la lecture <span class=\"meta-nav\">&rarr;<\/span><\/a><\/p>\n","protected":false},"author":101,"featured_media":0,"parent":0,"menu_order":0,"comment_status":"closed","ping_status":"closed","template":"","meta":{"footnotes":""},"class_list":["post-1994","page","type-page","status-publish","hentry"],"_links":{"self":[{"href":"https:\/\/site.ac-martinique.fr\/lyc-raymondneris\/index.php?rest_route=\/wp\/v2\/pages\/1994","targetHints":{"allow":["GET"]}}],"collection":[{"href":"https:\/\/site.ac-martinique.fr\/lyc-raymondneris\/index.php?rest_route=\/wp\/v2\/pages"}],"about":[{"href":"https:\/\/site.ac-martinique.fr\/lyc-raymondneris\/index.php?rest_route=\/wp\/v2\/types\/page"}],"author":[{"embeddable":true,"href":"https:\/\/site.ac-martinique.fr\/lyc-raymondneris\/index.php?rest_route=\/wp\/v2\/users\/101"}],"replies":[{"embeddable":true,"href":"https:\/\/site.ac-martinique.fr\/lyc-raymondneris\/index.php?rest_route=%2Fwp%2Fv2%2Fcomments&post=1994"}],"version-history":[{"count":25,"href":"https:\/\/site.ac-martinique.fr\/lyc-raymondneris\/index.php?rest_route=\/wp\/v2\/pages\/1994\/revisions"}],"predecessor-version":[{"id":2371,"href":"https:\/\/site.ac-martinique.fr\/lyc-raymondneris\/index.php?rest_route=\/wp\/v2\/pages\/1994\/revisions\/2371"}],"wp:attachment":[{"href":"https:\/\/site.ac-martinique.fr\/lyc-raymondneris\/index.php?rest_route=%2Fwp%2Fv2%2Fmedia&parent=1994"}],"curies":[{"name":"wp","href":"https:\/\/api.w.org\/{rel}","templated":true}]}}