{"id":2081,"date":"2018-10-22T22:28:13","date_gmt":"2018-10-22T21:28:13","guid":{"rendered":"\/lyc-raymondneris\/?page_id=2081"},"modified":"2018-10-22T22:30:26","modified_gmt":"2018-10-22T21:30:26","slug":"portail-cerise-pro","status":"publish","type":"page","link":"https:\/\/site.ac-martinique.fr\/lyc-raymondneris\/?page_id=2081","title":{"rendered":"PORTAIL CERISE PRO"},"content":{"rendered":"<p><strong>logiciel d&rsquo;\u00e9valuation continue en gestion administration et \u00e9lectrotechnique<\/strong><\/p>\n<p>Pour acc\u00e9der \u00e0 votre espace num\u00e9rique de suivi et d&rsquo;\u00e9valuation<\/p>\n<ul>\n<li><a href=\"https:\/\/www.cerise-pro.fr\/9720468B\/\" target=\"_blank\">GA toutes divisions<\/a><\/li>\n<li><a href=\"https:\/\/www.cpro-sti.fr\/9720468B\/\" target=\"_blank\">MELEC toutes divisions<\/a><\/li>\n<\/ul>\n","protected":false},"excerpt":{"rendered":"<p>logiciel d&rsquo;\u00e9valuation continue en gestion administration et \u00e9lectrotechnique Pour acc\u00e9der \u00e0 votre espace num\u00e9rique de suivi et d&rsquo;\u00e9valuation GA toutes divisions MELEC toutes divisions<\/p>\n","protected":false},"author":101,"featured_media":0,"parent":0,"menu_order":0,"comment_status":"closed","ping_status":"closed","template":"","meta":{"footnotes":""},"class_list":["post-2081","page","type-page","status-publish","hentry"],"_links":{"self":[{"href":"https:\/\/site.ac-martinique.fr\/lyc-raymondneris\/index.php?rest_route=\/wp\/v2\/pages\/2081","targetHints":{"allow":["GET"]}}],"collection":[{"href":"https:\/\/site.ac-martinique.fr\/lyc-raymondneris\/index.php?rest_route=\/wp\/v2\/pages"}],"about":[{"href":"https:\/\/site.ac-martinique.fr\/lyc-raymondneris\/index.php?rest_route=\/wp\/v2\/types\/page"}],"author":[{"embeddable":true,"href":"https:\/\/site.ac-martinique.fr\/lyc-raymondneris\/index.php?rest_route=\/wp\/v2\/users\/101"}],"replies":[{"embeddable":true,"href":"https:\/\/site.ac-martinique.fr\/lyc-raymondneris\/index.php?rest_route=%2Fwp%2Fv2%2Fcomments&post=2081"}],"version-history":[{"count":3,"href":"https:\/\/site.ac-martinique.fr\/lyc-raymondneris\/index.php?rest_route=\/wp\/v2\/pages\/2081\/revisions"}],"predecessor-version":[{"id":2083,"href":"https:\/\/site.ac-martinique.fr\/lyc-raymondneris\/index.php?rest_route=\/wp\/v2\/pages\/2081\/revisions\/2083"}],"wp:attachment":[{"href":"https:\/\/site.ac-martinique.fr\/lyc-raymondneris\/index.php?rest_route=%2Fwp%2Fv2%2Fmedia&parent=2081"}],"curies":[{"name":"wp","href":"https:\/\/api.w.org\/{rel}","templated":true}]}}