{"id":2436,"date":"2019-11-27T15:13:34","date_gmt":"2019-11-27T14:13:34","guid":{"rendered":"\/lyc-raymondneris\/?page_id=2436"},"modified":"2021-03-23T20:30:17","modified_gmt":"2021-03-23T19:30:17","slug":"actions-et-projets-20192020","status":"publish","type":"page","link":"https:\/\/site.ac-martinique.fr\/lyc-raymondneris\/?page_id=2436","title":{"rendered":"Actions et Projets 2019\/2020"},"content":{"rendered":"<ul>\n<li><a href=\"\/lyc-raymondneris\/?page_id=2993\" target=\"_blank\" rel=\"noopener\"><strong>Projet environnement<\/strong><\/a><\/li>\n<li><\/li>\n<li><a href=\"\/lyc-raymondneris\/?page_id=2955\" target=\"_blank\" rel=\"noopener\"><strong>Concourt vid\u00e9o INRS 2020 s\u00e9curit\u00e9 au Travail 08\/10\/19 au 03\/04\/20<\/strong><\/a><\/li>\n<li><\/li>\n<li><a href=\"\/lyc-raymondneris\/?p=2513\" target=\"_blank\" rel=\"noopener\"><strong>Le cheveu cr\u00e9pu au fil du temps<\/strong><\/a><\/li>\n<li><\/li>\n<li><strong>S\u00e9minaire Steve Gadet<\/strong><\/li>\n<li><\/li>\n<li><a href=\"\/lyc-raymondneris\/?p=2459\" target=\"_blank\" rel=\"noopener\"><strong>Forum insertion professionnelle<\/strong><\/a> 06 au 09\/12\/19<\/li>\n<li><\/li>\n<li><a href=\"\/lyc-raymondneris\/?p=2431\" target=\"_blank\" rel=\"noopener\"><strong>Projet Tabarly<\/strong><\/a> 22\/11\/19<\/li>\n<li><\/li>\n<li><a href=\"\/lyc-raymondneris\/?p=2423\" target=\"_blank\" rel=\"noopener\"><strong>Mini Transat La Boulang\u00e8re<\/strong><\/a>\u00a0 18\/11\/19<\/li>\n<li><\/li>\n<li><a href=\"\/lyc-raymondneris\/?p=2421\" target=\"_blank\" rel=\"noopener\"><strong>Forum \u00c9mergence<\/strong><\/a> 07\/11\/19<\/li>\n<li><\/li>\n<li><a href=\"\/lyc-raymondneris\/?p=2401\" target=\"_blank\" rel=\"noopener\"><strong>Octobre Rose\u00a0\/ D\u00e9fi Rose Kayak Cit\u00e9 Scolaire<\/strong><\/a> 27\/10\/19<\/li>\n<li><\/li>\n<li><a href=\"\/lyc-raymondneris\/?p=2399\" target=\"_blank\" rel=\"noopener\"><strong>Sortie des classes de seconde<\/strong><\/a>s\u00a0 10 et 11\/10\/19<\/li>\n<li><\/li>\n<li><a href=\"\/lyc-raymondneris\/?p=2409\" target=\"_blank\" rel=\"noopener\"><strong>Rencontre de la s\u00e9curit\u00e9<\/strong><\/a> 07\/10\/19<\/li>\n<li><\/li>\n<li><strong><a href=\"\/lyc-raymondneris\/?p=2352\" target=\"_blank\" rel=\"noopener\">Sortie d&rsquo;int\u00e9gration de la 3 PREPA PRO <\/a>\u00a0<\/strong>\u00a010\/09\/19<\/li>\n<li><\/li>\n<li><strong><a href=\"\/lyc-raymondneris\/?p=2378\" target=\"_blank\" rel=\"noopener\">Le journal du lyc\u00e9e en ligne \u00ab\u00a0Ti Nouvel N\u00e9ris\u00a0\u00bb<\/a><\/strong>\u00a0 \u00a006\/09\/19<\/li>\n<\/ul>\n","protected":false},"excerpt":{"rendered":"<p>Projet environnement Concourt vid\u00e9o INRS 2020 s\u00e9curit\u00e9 au Travail 08\/10\/19 au 03\/04\/20 Le cheveu cr\u00e9pu au fil du temps S\u00e9minaire Steve Gadet Forum insertion professionnelle 06 au 09\/12\/19 Projet Tabarly 22\/11\/19 Mini Transat La Boulang\u00e8re\u00a0 18\/11\/19 Forum \u00c9mergence 07\/11\/19 Octobre &hellip; <a href=\"https:\/\/site.ac-martinique.fr\/lyc-raymondneris\/?page_id=2436\">Continuer la lecture <span class=\"meta-nav\">&rarr;<\/span><\/a><\/p>\n","protected":false},"author":101,"featured_media":0,"parent":0,"menu_order":0,"comment_status":"closed","ping_status":"closed","template":"","meta":{"footnotes":""},"class_list":["post-2436","page","type-page","status-publish","hentry"],"_links":{"self":[{"href":"https:\/\/site.ac-martinique.fr\/lyc-raymondneris\/index.php?rest_route=\/wp\/v2\/pages\/2436","targetHints":{"allow":["GET"]}}],"collection":[{"href":"https:\/\/site.ac-martinique.fr\/lyc-raymondneris\/index.php?rest_route=\/wp\/v2\/pages"}],"about":[{"href":"https:\/\/site.ac-martinique.fr\/lyc-raymondneris\/index.php?rest_route=\/wp\/v2\/types\/page"}],"author":[{"embeddable":true,"href":"https:\/\/site.ac-martinique.fr\/lyc-raymondneris\/index.php?rest_route=\/wp\/v2\/users\/101"}],"replies":[{"embeddable":true,"href":"https:\/\/site.ac-martinique.fr\/lyc-raymondneris\/index.php?rest_route=%2Fwp%2Fv2%2Fcomments&post=2436"}],"version-history":[{"count":9,"href":"https:\/\/site.ac-martinique.fr\/lyc-raymondneris\/index.php?rest_route=\/wp\/v2\/pages\/2436\/revisions"}],"predecessor-version":[{"id":3079,"href":"https:\/\/site.ac-martinique.fr\/lyc-raymondneris\/index.php?rest_route=\/wp\/v2\/pages\/2436\/revisions\/3079"}],"wp:attachment":[{"href":"https:\/\/site.ac-martinique.fr\/lyc-raymondneris\/index.php?rest_route=%2Fwp%2Fv2%2Fmedia&parent=2436"}],"curies":[{"name":"wp","href":"https:\/\/api.w.org\/{rel}","templated":true}]}}