{"id":2614,"date":"2020-05-15T18:46:43","date_gmt":"2020-05-15T17:46:43","guid":{"rendered":"\/lyc-raymondneris\/?page_id=2614"},"modified":"2020-09-02T23:52:01","modified_gmt":"2020-09-02T22:52:01","slug":"info-covid","status":"publish","type":"page","link":"https:\/\/site.ac-martinique.fr\/lyc-raymondneris\/?page_id=2614","title":{"rendered":"INFOS COVID"},"content":{"rendered":"<p>&nbsp;<\/p>\n<div style=\"width: 400px;\" class=\"wp-video\"><video class=\"wp-video-shortcode\" id=\"video-2614-1\" width=\"400\" height=\"226\" preload=\"metadata\" controls=\"controls\"><source type=\"video\/mp4\" src=\"\/lyc-raymondneris\/wp-content\/uploads\/sites\/40\/2020\/08\/15d13848-c009-4645-9b51-97ce4d4de07f.mp4?_=1\" \/><a href=\"\/lyc-raymondneris\/wp-content\/uploads\/sites\/40\/2020\/08\/15d13848-c009-4645-9b51-97ce4d4de07f.mp4\">\/lyc-raymondneris\/wp-content\/uploads\/sites\/40\/2020\/08\/15d13848-c009-4645-9b51-97ce4d4de07f.mp4<\/a><\/video><\/div>\n<p>&nbsp;<\/p>\n<p>&nbsp;<\/p>\n<p>https:\/\/youtu.be\/wdXeGcxAxWo<\/p>\n<ul>\n<li><a href=\"\/lyc-raymondneris\/?p=2849\" target=\"_blank\"><strong>Les \u00e9l\u00e8ves de mode confectionnent des masques pour le lyc\u00e9e<\/strong><\/a><\/li>\n<li><a href=\"\/lyc-raymondneris\/?p=2587\" target=\"_blank\"><strong>Les professeurs du Lyc\u00e9e Raymond N\u00e9ris fabriquent des masques pour le CHUM<\/strong><\/a><\/li>\n<li><a href=\"\/lyc-raymondneris\/?p=2519\" target=\"_blank\"><strong>Informations coronavirus<\/strong><\/a><\/li>\n<\/ul>\n","protected":false},"excerpt":{"rendered":"<p>&nbsp; &nbsp; &nbsp; https:\/\/youtu.be\/wdXeGcxAxWo Les \u00e9l\u00e8ves de mode confectionnent des masques pour le lyc\u00e9e Les professeurs du Lyc\u00e9e Raymond N\u00e9ris fabriquent des masques pour le CHUM Informations coronavirus<\/p>\n","protected":false},"author":101,"featured_media":0,"parent":0,"menu_order":0,"comment_status":"closed","ping_status":"closed","template":"","meta":{"footnotes":""},"class_list":["post-2614","page","type-page","status-publish","hentry"],"_links":{"self":[{"href":"https:\/\/site.ac-martinique.fr\/lyc-raymondneris\/index.php?rest_route=\/wp\/v2\/pages\/2614","targetHints":{"allow":["GET"]}}],"collection":[{"href":"https:\/\/site.ac-martinique.fr\/lyc-raymondneris\/index.php?rest_route=\/wp\/v2\/pages"}],"about":[{"href":"https:\/\/site.ac-martinique.fr\/lyc-raymondneris\/index.php?rest_route=\/wp\/v2\/types\/page"}],"author":[{"embeddable":true,"href":"https:\/\/site.ac-martinique.fr\/lyc-raymondneris\/index.php?rest_route=\/wp\/v2\/users\/101"}],"replies":[{"embeddable":true,"href":"https:\/\/site.ac-martinique.fr\/lyc-raymondneris\/index.php?rest_route=%2Fwp%2Fv2%2Fcomments&post=2614"}],"version-history":[{"count":6,"href":"https:\/\/site.ac-martinique.fr\/lyc-raymondneris\/index.php?rest_route=\/wp\/v2\/pages\/2614\/revisions"}],"predecessor-version":[{"id":2933,"href":"https:\/\/site.ac-martinique.fr\/lyc-raymondneris\/index.php?rest_route=\/wp\/v2\/pages\/2614\/revisions\/2933"}],"wp:attachment":[{"href":"https:\/\/site.ac-martinique.fr\/lyc-raymondneris\/index.php?rest_route=%2Fwp%2Fv2%2Fmedia&parent=2614"}],"curies":[{"name":"wp","href":"https:\/\/api.w.org\/{rel}","templated":true}]}}